{"id":1216,"date":"2025-06-12T09:43:14","date_gmt":"2025-06-12T09:43:14","guid":{"rendered":"https:\/\/www.lechaocandy.com\/?post_type=product&#038;p=1216"},"modified":"2025-06-12T09:59:38","modified_gmt":"2025-06-12T09:59:38","slug":"white-marshmallows-bulk","status":"publish","type":"product","link":"https:\/\/www.lechaocandy.com\/fr\/produit\/white-marshmallows-bulk\/","title":{"rendered":"LeChao Rabbit Shape White Marshmallows Bulk &amp; Wholesale"},"content":{"rendered":"<div class=\"wp-block-columns is-layout-flex wp-container-core-columns-is-layout-9d6595d7 wp-block-columns-is-layout-flex\"><div class=\"wp-block-column is-layout-flow wp-block-column-is-layout-flow\"><h2 class=\"wp-block-heading\">Points forts du produit Rabbit White Marshmallows Bulk (guimauves blanches en vrac)<\/h2>\n\n<ul class=\"wp-block-list\"><li><strong>Design en forme de lapin mignon : <\/strong>Nos guimauves blanches en vrac ont une jolie forme de lapin avec tous les d\u00e9tails, ce qui renforce l'aspect ludique et visuel du produit, particuli\u00e8rement appr\u00e9ci\u00e9 des enfants.<\/li>\n\n<li><strong>Go\u00fbt doux et moelleux : <\/strong>Ces guimauves de gros ont une texture d\u00e9licate et douce, fondent dans la bouche et apportent une exp\u00e9rience gustative l\u00e9g\u00e8re et sucr\u00e9e.<\/li>\n\n<li><strong>Aspect blanc pur, polyvalent et multi-sc\u00e8ne : <\/strong>Ces guimauves blanches en vrac conviennent \u00e0 divers th\u00e8mes de festivals, \u00e0 la d\u00e9coration de tables de desserts et \u00e0 la p\u00e2tisserie.<\/li>\n\n<li><strong>Prise en charge de plusieurs options de personnalisation : <\/strong>Nos guimauves en gros peuvent \u00eatre adapt\u00e9es \u00e0 la saveur, \u00e0 la couleur, \u00e0 la taille, \u00e0 la formule (telle que v\u00e9g\u00e9talienne, halal, sans gluten) et au style d'emballage en fonction des besoins du client.<\/li>\n\n<li><strong>Un approvisionnement en gros efficace et stable :<\/strong> LeChao dispose d'un syst\u00e8me de production mature et d'une exp\u00e9rience en mati\u00e8re d'exportation, ce qui lui permet d'assurer une livraison rapide, une garantie de qualit\u00e9 \u00e9lev\u00e9e et une coop\u00e9ration \u00e0 long terme pour les guimauves blanches en vrac.<\/li><\/ul><\/div>\n\n<div class=\"wp-block-column is-layout-flow wp-block-column-is-layout-flow\"><figure class=\"wp-block-image size-full\"><img decoding=\"async\" width=\"686\" height=\"631\" src=\"https:\/\/www.lechaocandy.com\/wp-content\/uploads\/2025\/06\/LeChao-Rabbit-Shape-White-Marshmallows-Bulk-Wholesale-5.webp\" alt=\"LeChao Rabbit Shape White Marshmallows Bulk &amp; Wholesale-5\" class=\"wp-image-1221\" srcset=\"https:\/\/www.lechaocandy.com\/wp-content\/uploads\/2025\/06\/LeChao-Rabbit-Shape-White-Marshmallows-Bulk-Wholesale-5.webp 686w, https:\/\/www.lechaocandy.com\/wp-content\/uploads\/2025\/06\/LeChao-Rabbit-Shape-White-Marshmallows-Bulk-Wholesale-5-300x276.webp 300w, https:\/\/www.lechaocandy.com\/wp-content\/uploads\/2025\/06\/LeChao-Rabbit-Shape-White-Marshmallows-Bulk-Wholesale-5-13x12.webp 13w, https:\/\/www.lechaocandy.com\/wp-content\/uploads\/2025\/06\/LeChao-Rabbit-Shape-White-Marshmallows-Bulk-Wholesale-5-600x552.webp 600w\" sizes=\"(max-width: 686px) 100vw, 686px\" \/><\/figure><\/div><\/div>","protected":false},"excerpt":{"rendered":"<p>Nous vous invitons \u00e0 acheter des guimauves en vrac. Nos guimauves en gros en forme de craie ont une forme unique, avec une longue bande et un go\u00fbt doux. Elles sont int\u00e9ressantes et reconnaissables. Nous proposons des formules de vente en gros et des formules personnalis\u00e9es.<\/p>\n<table style=\"border-collapse: collapse; width: 329.02pt;\" border=\"0\" width=\"329\" cellspacing=\"0\" cellpadding=\"0\">\n<tbody>\n<tr style=\"height: 17.60pt;\">\n<td class=\"et2\" style=\"height: 17.60pt; width: 110.80pt;\" width=\"110\" height=\"17\">Fabricant<\/td>\n<td class=\"et2\" style=\"width: 219.15pt;\" width=\"219\">LeChao Candy<\/td>\n<\/tr>\n<tr style=\"height: 18.00pt;\">\n<td class=\"et2\" style=\"height: 18.00pt;\" height=\"18\">Type de produit<\/td>\n<td class=\"et3\" style=\"width: 219.15pt;\" width=\"219\">Lapin Guimauve<\/td>\n<\/tr>\n<tr style=\"height: 18.00pt;\">\n<td class=\"et2\" style=\"height: 18.00pt;\" height=\"18\">Le go\u00fbt<\/td>\n<td class=\"et3\" style=\"width: 219.15pt;\" width=\"219\">Doux et sucr\u00e9<\/td>\n<\/tr>\n<tr style=\"height: 17.60pt;\">\n<td class=\"et2\" style=\"height: 17.60pt;\" height=\"17\">Sp\u00e9cifications<\/td>\n<td class=\"et2\">20gX24pcsX12bo\u00eetes<\/td>\n<\/tr>\n<tr style=\"height: 17.60pt;\">\n<td class=\"et2\" style=\"height: 17.60pt;\" height=\"17\">Taille du carton<\/td>\n<td class=\"et2\">58.5X29.5X40.5cm<\/td>\n<\/tr>\n<tr style=\"height: 17.60pt;\">\n<td class=\"et2\" style=\"height: 17.60pt;\" height=\"17\">N.W.\/Carton<\/td>\n<td class=\"et2\">8,0 kg<\/td>\n<\/tr>\n<tr style=\"height: 17.60pt;\">\n<td class=\"et2\" style=\"height: 17.60pt;\" height=\"17\">Prix<\/td>\n<td class=\"et2\">22-23.5USD<\/td>\n<\/tr>\n<tr style=\"height: 17.60pt;\">\n<td class=\"et2\" style=\"height: 17.60pt;\" height=\"17\">MOQ<\/td>\n<td class=\"et2\">400CTNS<\/td>\n<\/tr>\n<tr style=\"height: 17.60pt;\">\n<td class=\"et2\" style=\"height: 17.60pt;\" height=\"17\">\u00c9chantillon<\/td>\n<td class=\"et2\">Disponible<\/td>\n<\/tr>\n<\/tbody>\n<\/table>","protected":false},"featured_media":1219,"comment_status":"open","ping_status":"closed","template":"","meta":{"_acf_changed":false},"product_brand":[],"product_cat":[22],"product_tag":[],"class_list":{"0":"post-1216","1":"product","2":"type-product","3":"status-publish","4":"has-post-thumbnail","6":"product_cat-wholesale-marshmallows","8":"first","9":"instock","10":"shipping-taxable","11":"product-type-simple"},"acf":[],"_links":{"self":[{"href":"https:\/\/www.lechaocandy.com\/fr\/wp-json\/wp\/v2\/product\/1216","targetHints":{"allow":["GET"]}}],"collection":[{"href":"https:\/\/www.lechaocandy.com\/fr\/wp-json\/wp\/v2\/product"}],"about":[{"href":"https:\/\/www.lechaocandy.com\/fr\/wp-json\/wp\/v2\/types\/product"}],"replies":[{"embeddable":true,"href":"https:\/\/www.lechaocandy.com\/fr\/wp-json\/wp\/v2\/comments?post=1216"}],"wp:featuredmedia":[{"embeddable":true,"href":"https:\/\/www.lechaocandy.com\/fr\/wp-json\/wp\/v2\/media\/1219"}],"wp:attachment":[{"href":"https:\/\/www.lechaocandy.com\/fr\/wp-json\/wp\/v2\/media?parent=1216"}],"wp:term":[{"taxonomy":"product_brand","embeddable":true,"href":"https:\/\/www.lechaocandy.com\/fr\/wp-json\/wp\/v2\/product_brand?post=1216"},{"taxonomy":"product_cat","embeddable":true,"href":"https:\/\/www.lechaocandy.com\/fr\/wp-json\/wp\/v2\/product_cat?post=1216"},{"taxonomy":"product_tag","embeddable":true,"href":"https:\/\/www.lechaocandy.com\/fr\/wp-json\/wp\/v2\/product_tag?post=1216"}],"curies":[{"name":"wp","href":"https:\/\/api.w.org\/{rel}","templated":true}]}}