{"id":1223,"date":"2025-06-16T02:31:39","date_gmt":"2025-06-16T02:31:39","guid":{"rendered":"https:\/\/www.lechaocandy.com\/?post_type=product&#038;p=1223"},"modified":"2025-06-16T02:46:07","modified_gmt":"2025-06-16T02:46:07","slug":"marshmallow-sweets-wholesale","status":"publish","type":"product","link":"https:\/\/www.lechaocandy.com\/fr\/produit\/marshmallow-sweets-wholesale\/","title":{"rendered":"LeChao Pink Swirl Marshmallow Sweets Wholesale Supply"},"content":{"rendered":"<div class=\"wp-block-columns is-layout-flex wp-container-core-columns-is-layout-9d6595d7 wp-block-columns-is-layout-flex\"><div class=\"wp-block-column is-layout-flow wp-block-column-is-layout-flow\"><h2 class=\"wp-block-heading\">Caract\u00e9ristiques du produit Pink Swirl Marshmallow Sweets Wholesale<\/h2>\n\n<ul class=\"wp-block-list\"><li><strong>Mignonne forme de spirale, fort attrait visuel : <\/strong>Ces bonbons \u00e0 la guimauve en gros pr\u00e9sentent un motif en spirale rose et blanc unique, tr\u00e8s reconnaissable, qui renforce l'effet de pr\u00e9sentation du produit et attire facilement les enfants et les jeunes consommateurs.<\/li>\n\n<li><strong>Go\u00fbt doux et moelleux, fondant dans la bouche :<\/strong> Nos guimauves en vrac adoptent une formule de haute qualit\u00e9, avec un go\u00fbt moelleux et d\u00e9licat, sucr\u00e9 mais non gras, et constituent un en-cas populaire convenant \u00e0 tous les \u00e2ges.<\/li>\n\n<li><strong>Application multi-sc\u00e8ne, utilisation flexible : <\/strong>Nos bonbons \u00e0 la guimauve rose en gros conviennent pour les en-cas, l'embellissement des desserts, la d\u00e9coration des p\u00e2tisseries et peuvent \u00e9galement \u00eatre utilis\u00e9s dans les f\u00eates telles que les mariages, les festivals et les c\u00e9l\u00e9brations.<\/li>\n\n<li><strong>Fourniture en gros, soutien \u00e0 l'emballage personnalis\u00e9 : <\/strong>Nous proposons des services de vente en gros de guimauves en vrac et pouvons personnaliser les styles d'emballage et les \u00e9tiquettes de marque en fonction des besoins des clients, ce qui convient aux ventes dans le commerce \u00e9lectronique, les supermarch\u00e9s et les canaux de distribution de cadeaux.<\/li>\n\n<li><strong>Contr\u00f4le de qualit\u00e9 strict, s\u00e9curit\u00e9 et s\u00fbret\u00e9 : <\/strong>Notre usine de bonbons a pass\u00e9 plusieurs certifications de s\u00e9curit\u00e9 alimentaire, et le processus de production est strictement contr\u00f4l\u00e9 pour garantir l'hygi\u00e8ne et la qualit\u00e9 de nos bonbons \u00e0 la guimauve en gros.<\/li><\/ul><\/div>\n\n<div class=\"wp-block-column is-layout-flow wp-block-column-is-layout-flow\"><figure class=\"wp-block-image size-full\"><img decoding=\"async\" width=\"686\" height=\"661\" src=\"https:\/\/www.lechaocandy.com\/wp-content\/uploads\/2025\/06\/LeChao-Pink-Swirl-Marshmallow-Sweets-Wholesale-Supply-7.webp\" alt=\"LeChao Pink Swirl Marshmallow Sweets Wholesale Supply-7\" class=\"wp-image-1230\" srcset=\"https:\/\/www.lechaocandy.com\/wp-content\/uploads\/2025\/06\/LeChao-Pink-Swirl-Marshmallow-Sweets-Wholesale-Supply-7.webp 686w, https:\/\/www.lechaocandy.com\/wp-content\/uploads\/2025\/06\/LeChao-Pink-Swirl-Marshmallow-Sweets-Wholesale-Supply-7-300x289.webp 300w, https:\/\/www.lechaocandy.com\/wp-content\/uploads\/2025\/06\/LeChao-Pink-Swirl-Marshmallow-Sweets-Wholesale-Supply-7-12x12.webp 12w, https:\/\/www.lechaocandy.com\/wp-content\/uploads\/2025\/06\/LeChao-Pink-Swirl-Marshmallow-Sweets-Wholesale-Supply-7-600x578.webp 600w\" sizes=\"(max-width: 686px) 100vw, 686px\" \/><\/figure><\/div><\/div>","protected":false},"excerpt":{"rendered":"<p>Bienvenue \u00e0 l'achat de guimauves en vrac. Nos guimauves roses en gros sont d\u00e9licieuses et attrayantes, id\u00e9ales pour les f\u00eates de fin d'ann\u00e9e, les go\u00fbters d'enfants et les d\u00e9corations de desserts. Ils conviennent \u00e0 l'approvisionnement en gros et \u00e0 l'emballage personnalis\u00e9.<\/p>\n<table style=\"border-collapse: collapse; width: 329.02pt;\" border=\"0\" width=\"329\" cellspacing=\"0\" cellpadding=\"0\">\n<tbody>\n<tr style=\"height: 17.60pt;\">\n<td class=\"et2\" style=\"height: 17.60pt; width: 110.80pt;\" width=\"110\" height=\"17\">Fabricant<\/td>\n<td class=\"et2\" style=\"width: 219.15pt;\" width=\"219\">LeChao Candy<\/td>\n<\/tr>\n<tr style=\"height: 18.00pt;\">\n<td class=\"et2\" style=\"height: 18.00pt;\" height=\"18\">Type de produit<\/td>\n<td class=\"et3\" style=\"width: 219.15pt;\" width=\"219\">Guimauve rose<\/td>\n<\/tr>\n<tr style=\"height: 18.00pt;\">\n<td class=\"et2\" style=\"height: 18.00pt;\" height=\"18\">Le go\u00fbt<\/td>\n<td class=\"et3\" style=\"width: 219.15pt;\" width=\"219\">Doux et sucr\u00e9<\/td>\n<\/tr>\n<tr style=\"height: 17.60pt;\">\n<td class=\"et2\" style=\"height: 17.60pt;\" height=\"17\">Sp\u00e9cifications<\/td>\n<td class=\"et2\">10gX60pcsX12sacs<\/td>\n<\/tr>\n<tr style=\"height: 17.60pt;\">\n<td class=\"et2\" style=\"height: 17.60pt;\" height=\"17\">Taille du carton<\/td>\n<td class=\"et2\">69X48X292cm<\/td>\n<\/tr>\n<tr style=\"height: 17.60pt;\">\n<td class=\"et2\" style=\"height: 17.60pt;\" height=\"17\">N.W.\/Carton<\/td>\n<td class=\"et2\">10,0 kg<\/td>\n<\/tr>\n<tr style=\"height: 17.60pt;\">\n<td class=\"et2\" style=\"height: 17.60pt;\" height=\"17\">Prix<\/td>\n<td class=\"et2\">26.5-28USD<\/td>\n<\/tr>\n<tr style=\"height: 17.60pt;\">\n<td class=\"et2\" style=\"height: 17.60pt;\" height=\"17\">MOQ<\/td>\n<td class=\"et2\">400CTNS<\/td>\n<\/tr>\n<tr style=\"height: 17.60pt;\">\n<td class=\"et2\" style=\"height: 17.60pt;\" height=\"17\">\u00c9chantillon<\/td>\n<td class=\"et2\">Disponible<\/td>\n<\/tr>\n<\/tbody>\n<\/table>","protected":false},"featured_media":1226,"comment_status":"open","ping_status":"closed","template":"","meta":{"_acf_changed":false},"product_brand":[],"product_cat":[22],"product_tag":[],"class_list":{"0":"post-1223","1":"product","2":"type-product","3":"status-publish","4":"has-post-thumbnail","6":"product_cat-wholesale-marshmallows","8":"first","9":"instock","10":"shipping-taxable","11":"product-type-simple"},"acf":[],"_links":{"self":[{"href":"https:\/\/www.lechaocandy.com\/fr\/wp-json\/wp\/v2\/product\/1223","targetHints":{"allow":["GET"]}}],"collection":[{"href":"https:\/\/www.lechaocandy.com\/fr\/wp-json\/wp\/v2\/product"}],"about":[{"href":"https:\/\/www.lechaocandy.com\/fr\/wp-json\/wp\/v2\/types\/product"}],"replies":[{"embeddable":true,"href":"https:\/\/www.lechaocandy.com\/fr\/wp-json\/wp\/v2\/comments?post=1223"}],"wp:featuredmedia":[{"embeddable":true,"href":"https:\/\/www.lechaocandy.com\/fr\/wp-json\/wp\/v2\/media\/1226"}],"wp:attachment":[{"href":"https:\/\/www.lechaocandy.com\/fr\/wp-json\/wp\/v2\/media?parent=1223"}],"wp:term":[{"taxonomy":"product_brand","embeddable":true,"href":"https:\/\/www.lechaocandy.com\/fr\/wp-json\/wp\/v2\/product_brand?post=1223"},{"taxonomy":"product_cat","embeddable":true,"href":"https:\/\/www.lechaocandy.com\/fr\/wp-json\/wp\/v2\/product_cat?post=1223"},{"taxonomy":"product_tag","embeddable":true,"href":"https:\/\/www.lechaocandy.com\/fr\/wp-json\/wp\/v2\/product_tag?post=1223"}],"curies":[{"name":"wp","href":"https:\/\/api.w.org\/{rel}","templated":true}]}}