{"id":1238,"date":"2025-06-16T03:00:24","date_gmt":"2025-06-16T03:00:24","guid":{"rendered":"https:\/\/www.lechaocandy.com\/?post_type=product&#038;p=1238"},"modified":"2025-06-16T03:31:04","modified_gmt":"2025-06-16T03:31:04","slug":"marshmallows-bulk-buy","status":"publish","type":"product","link":"https:\/\/www.lechaocandy.com\/fr\/produit\/marshmallows-bulk-buy\/","title":{"rendered":"LeChao Marshmallows Bulk Buy, Wholesale Marshmallow Twists (guimauve en torsade)"},"content":{"rendered":"<div class=\"wp-block-columns is-layout-flex wp-container-core-columns-is-layout-9d6595d7 wp-block-columns-is-layout-flex\"><div class=\"wp-block-column is-layout-flow wp-block-column-is-layout-flow\"><h2 class=\"wp-block-heading\">Produits phares de Marshmallows Bulk Buy<\/h2>\n\n<ul class=\"wp-block-list\"><li><strong>La forme en spirale color\u00e9e attire l'attention :<\/strong> Nos guimauves achet\u00e9es en vrac sont naturellement entrelac\u00e9es de couleurs rouge, jaune et blanche, avec des effets visuels exceptionnels, convenant \u00e0 toutes sortes de festivals, de go\u00fbters pour enfants ou de desserts exquis.<\/li>\n\n<li><strong>Couleurs et saveurs personnalisables pour cr\u00e9er des go\u00fbts exclusifs : <\/strong>Nos torsades de guimauve en gros permettent d'ajuster les combinaisons de couleurs, les types de saveurs et le degr\u00e9 de sucrosit\u00e9 en fonction des besoins des clients, afin de r\u00e9pondre aux habitudes de consommation dans diff\u00e9rentes r\u00e9gions.<\/li>\n\n<li><strong>Diverses options d'emballage : <\/strong>Qu'il s'agisse de produits en vrac, de petits sacs ind\u00e9pendants ou d'emballages cadeaux pour la vente au d\u00e9tail, nos achats de guimauves en vrac peuvent \u00eatre personnalis\u00e9s pour s'adapter aux supermarch\u00e9s, au commerce \u00e9lectronique, aux canaux de distribution de cadeaux et \u00e0 d'autres sc\u00e9narios de vente.<\/li>\n\n<li><strong>Production automatis\u00e9e pour assurer un approvisionnement stable \u00e0 grande \u00e9chelle :<\/strong> LeChao dispose d'une capacit\u00e9 de production efficace et d'un syst\u00e8me de contr\u00f4le de la qualit\u00e9 strict, et peut prendre en charge les commandes OEM\/ODM pour garantir la livraison dans les d\u00e9lais et la qualit\u00e9 stable des torsades de guimauve en gros.<\/li>\n\n<li><strong>Un service de personnalisation unique pour lancer rapidement des projets de marque : <\/strong>Nous fournissons des services complets pour l'achat de guimauves en vrac, de la conception de la formule \u00e0 l'\u00e9tiquetage de la marque, en passant par le d\u00e9veloppement de l'emballage, afin d'aider les clients \u00e0 cr\u00e9er des produits de guimauve diff\u00e9renci\u00e9s et \u00e0 am\u00e9liorer leur comp\u00e9titivit\u00e9 sur le march\u00e9.<\/li><\/ul><\/div>\n\n<div class=\"wp-block-column is-layout-flow wp-block-column-is-layout-flow\"><figure class=\"wp-block-image size-full\"><img decoding=\"async\" width=\"800\" height=\"800\" src=\"https:\/\/www.lechaocandy.com\/wp-content\/uploads\/2025\/06\/LeChao-Marshmallows-Bulk-Buy-Wholesale-Marshmallow-Twists-5.webp\" alt=\"LeChao Marshmallows Bulk Buy, Wholesale Marshmallow Twists-5\" class=\"wp-image-1243\" srcset=\"https:\/\/www.lechaocandy.com\/wp-content\/uploads\/2025\/06\/LeChao-Marshmallows-Bulk-Buy-Wholesale-Marshmallow-Twists-5.webp 800w, https:\/\/www.lechaocandy.com\/wp-content\/uploads\/2025\/06\/LeChao-Marshmallows-Bulk-Buy-Wholesale-Marshmallow-Twists-5-300x300.webp 300w, https:\/\/www.lechaocandy.com\/wp-content\/uploads\/2025\/06\/LeChao-Marshmallows-Bulk-Buy-Wholesale-Marshmallow-Twists-5-150x150.webp 150w, https:\/\/www.lechaocandy.com\/wp-content\/uploads\/2025\/06\/LeChao-Marshmallows-Bulk-Buy-Wholesale-Marshmallow-Twists-5-768x768.webp 768w, https:\/\/www.lechaocandy.com\/wp-content\/uploads\/2025\/06\/LeChao-Marshmallows-Bulk-Buy-Wholesale-Marshmallow-Twists-5-12x12.webp 12w, https:\/\/www.lechaocandy.com\/wp-content\/uploads\/2025\/06\/LeChao-Marshmallows-Bulk-Buy-Wholesale-Marshmallow-Twists-5-600x600.webp 600w, https:\/\/www.lechaocandy.com\/wp-content\/uploads\/2025\/06\/LeChao-Marshmallows-Bulk-Buy-Wholesale-Marshmallow-Twists-5-100x100.webp 100w\" sizes=\"(max-width: 800px) 100vw, 800px\" \/><\/figure><\/div><\/div>","protected":false},"excerpt":{"rendered":"<p>Achat en gros de guimauves pour votre marque. Les torsades de guimauve en gros de LeChao sont color\u00e9es et douces, et conviennent aux bo\u00eetes de cadeaux de vacances, \u00e0 la distribution au d\u00e9tail, aux ingr\u00e9dients de desserts et \u00e0 d'autres sc\u00e9narios. Nous fournissons des produits en gros et un ensemble complet de services personnalis\u00e9s pour aider les marques \u00e0 cr\u00e9er des produits exclusifs et distinctifs.<\/p>\n<table style=\"border-collapse: collapse; width: 329.02pt;\" border=\"0\" width=\"329\" cellspacing=\"0\" cellpadding=\"0\">\n<tbody>\n<tr style=\"height: 17.60pt;\">\n<td class=\"et2\" style=\"height: 17.60pt; width: 110.80pt;\" width=\"110\" height=\"17\">Fabricant<\/td>\n<td class=\"et2\" style=\"width: 219.15pt;\" width=\"219\">LeChao Candy<\/td>\n<\/tr>\n<tr style=\"height: 18.00pt;\">\n<td class=\"et2\" style=\"height: 18.00pt;\" height=\"18\">Type de produit<\/td>\n<td class=\"et3\" style=\"width: 219.15pt;\" width=\"219\">Guimauve tordue<\/td>\n<\/tr>\n<tr style=\"height: 18.00pt;\">\n<td class=\"et2\" style=\"height: 18.00pt;\" height=\"18\">Le go\u00fbt<\/td>\n<td class=\"et3\" style=\"width: 219.15pt;\" width=\"219\">Doux et sucr\u00e9<\/td>\n<\/tr>\n<tr style=\"height: 17.60pt;\">\n<td class=\"et2\" style=\"height: 17.60pt;\" height=\"17\">Sp\u00e9cifications<\/td>\n<td class=\"et2\">20gX24pcsX12bo\u00eetes<\/td>\n<\/tr>\n<tr style=\"height: 17.60pt;\">\n<td class=\"et2\" style=\"height: 17.60pt;\" height=\"17\">Taille du carton<\/td>\n<td class=\"et2\">58.5X29.5X40.5cm<\/td>\n<\/tr>\n<tr style=\"height: 17.60pt;\">\n<td class=\"et2\" style=\"height: 17.60pt;\" height=\"17\">N.W.\/Carton<\/td>\n<td class=\"et2\">8,0 kg<\/td>\n<\/tr>\n<tr style=\"height: 17.60pt;\">\n<td class=\"et2\" style=\"height: 17.60pt;\" height=\"17\">Prix<\/td>\n<td class=\"et2\">22-23.5USD<\/td>\n<\/tr>\n<tr style=\"height: 17.60pt;\">\n<td class=\"et2\" style=\"height: 17.60pt;\" height=\"17\">MOQ<\/td>\n<td class=\"et2\">400CTNS<\/td>\n<\/tr>\n<tr style=\"height: 17.60pt;\">\n<td class=\"et2\" style=\"height: 17.60pt;\" height=\"17\">\u00c9chantillon<\/td>\n<td class=\"et2\">Disponible<\/td>\n<\/tr>\n<\/tbody>\n<\/table>","protected":false},"featured_media":1242,"comment_status":"open","ping_status":"closed","template":"","meta":{"_acf_changed":false},"product_brand":[],"product_cat":[22,33],"product_tag":[],"class_list":{"0":"post-1238","1":"product","2":"type-product","3":"status-publish","4":"has-post-thumbnail","6":"product_cat-wholesale-marshmallows","7":"product_cat-marshmallow-twists-bulk","9":"first","10":"instock","11":"shipping-taxable","12":"product-type-simple"},"acf":[],"_links":{"self":[{"href":"https:\/\/www.lechaocandy.com\/fr\/wp-json\/wp\/v2\/product\/1238","targetHints":{"allow":["GET"]}}],"collection":[{"href":"https:\/\/www.lechaocandy.com\/fr\/wp-json\/wp\/v2\/product"}],"about":[{"href":"https:\/\/www.lechaocandy.com\/fr\/wp-json\/wp\/v2\/types\/product"}],"replies":[{"embeddable":true,"href":"https:\/\/www.lechaocandy.com\/fr\/wp-json\/wp\/v2\/comments?post=1238"}],"wp:featuredmedia":[{"embeddable":true,"href":"https:\/\/www.lechaocandy.com\/fr\/wp-json\/wp\/v2\/media\/1242"}],"wp:attachment":[{"href":"https:\/\/www.lechaocandy.com\/fr\/wp-json\/wp\/v2\/media?parent=1238"}],"wp:term":[{"taxonomy":"product_brand","embeddable":true,"href":"https:\/\/www.lechaocandy.com\/fr\/wp-json\/wp\/v2\/product_brand?post=1238"},{"taxonomy":"product_cat","embeddable":true,"href":"https:\/\/www.lechaocandy.com\/fr\/wp-json\/wp\/v2\/product_cat?post=1238"},{"taxonomy":"product_tag","embeddable":true,"href":"https:\/\/www.lechaocandy.com\/fr\/wp-json\/wp\/v2\/product_tag?post=1238"}],"curies":[{"name":"wp","href":"https:\/\/api.w.org\/{rel}","templated":true}]}}