{"id":1252,"date":"2025-06-16T03:57:04","date_gmt":"2025-06-16T03:57:04","guid":{"rendered":"https:\/\/www.lechaocandy.com\/?post_type=product&#038;p=1252"},"modified":"2025-06-16T06:09:35","modified_gmt":"2025-06-16T06:09:35","slug":"marshmallow-twists-wholesale","status":"publish","type":"product","link":"https:\/\/www.lechaocandy.com\/fr\/produit\/marshmallow-twists-wholesale\/","title":{"rendered":"LeChao Marshmallow Twists Wholesale, Guimauves personnalis\u00e9es"},"content":{"rendered":"<div class=\"wp-block-columns is-layout-flex wp-container-core-columns-is-layout-9d6595d7 wp-block-columns-is-layout-flex\"><div class=\"wp-block-column is-layout-flow wp-block-column-is-layout-flow\"><h2 class=\"wp-block-heading\">Produits phares de la vente en gros de torsades de guimauve<\/h2>\n\n<ul class=\"wp-block-list\"><li><strong>Forme classique de spirale color\u00e9e, tr\u00e8s attrayante sur le plan visuel : <\/strong>Ces torsades de guimauve color\u00e9es ont un design en spirale, qui n'est pas seulement beau et mignon, mais qui peut aussi attirer rapidement l'attention des clients dans les rayons et am\u00e9liorer la reconnaissance du produit.<\/li>\n\n<li><strong>Formule de haute qualit\u00e9, go\u00fbt dense et sucr\u00e9 :<\/strong> Nos guimauves en vrac utilisent des mati\u00e8res premi\u00e8res s\u00e9lectionn\u00e9es et une technologie de pointe pour garantir que chaque guimauve est douce et d\u00e9licate, avec un go\u00fbt sucr\u00e9 mod\u00e9r\u00e9, et qu'elle est tr\u00e8s appr\u00e9ci\u00e9e des enfants et des familles.<\/li>\n\n<li><strong>Service de personnalisation complet pour cr\u00e9er des produits de marque exclusifs : <\/strong>Nos torsades de guimauve en gros peuvent personnaliser les combinaisons de couleurs, les types d'ar\u00f4mes, les formes d'emballage et le LOGO de la marque en fonction des besoins du client, ce qui permet de cr\u00e9er rapidement des lignes de produits diff\u00e9renci\u00e9es.<\/li>\n\n<li><strong>Approvisionnement stable en vrac, adapt\u00e9 \u00e0 une vari\u00e9t\u00e9 de sc\u00e9narios de vente : <\/strong>Nos guimauves en vrac permettent un approvisionnement en vrac et des exp\u00e9ditions flexibles, adapt\u00e9es aux supermarch\u00e9s, au commerce \u00e9lectronique, aux paquets-cadeaux de vacances, aux paquets de f\u00eate et \u00e0 d'autres canaux de distribution.<\/li>\n\n<li><strong>Qualifications compl\u00e8tes de la production, la s\u00e9curit\u00e9 alimentaire est garantie :<\/strong> L'usine LeChao a obtenu un certain nombre de certifications internationales en mati\u00e8re de s\u00e9curit\u00e9 alimentaire et ses produits sont conformes aux normes d'exportation, ce qui garantit la stabilit\u00e9 et la fiabilit\u00e9 de la qualit\u00e9 de nos torsades de guimauve vendues en gros.<\/li><\/ul><\/div>\n\n<div class=\"wp-block-column is-layout-flow wp-block-column-is-layout-flow\"><figure class=\"wp-block-image size-full\"><img decoding=\"async\" width=\"698\" height=\"615\" src=\"https:\/\/www.lechaocandy.com\/wp-content\/uploads\/2025\/06\/LeChao-Marshmallow-Twists-Wholesale-Custom-Marshmallows-5.webp\" alt=\"LeChao Marshmallow Twists Wholesale, Marshmallows-5 sur mesure\" class=\"wp-image-1257\" srcset=\"https:\/\/www.lechaocandy.com\/wp-content\/uploads\/2025\/06\/LeChao-Marshmallow-Twists-Wholesale-Custom-Marshmallows-5.webp 698w, https:\/\/www.lechaocandy.com\/wp-content\/uploads\/2025\/06\/LeChao-Marshmallow-Twists-Wholesale-Custom-Marshmallows-5-300x264.webp 300w, https:\/\/www.lechaocandy.com\/wp-content\/uploads\/2025\/06\/LeChao-Marshmallow-Twists-Wholesale-Custom-Marshmallows-5-14x12.webp 14w, https:\/\/www.lechaocandy.com\/wp-content\/uploads\/2025\/06\/LeChao-Marshmallow-Twists-Wholesale-Custom-Marshmallows-5-600x529.webp 600w\" sizes=\"(max-width: 698px) 100vw, 698px\" \/><\/figure><\/div><\/div>","protected":false},"excerpt":{"rendered":"<p>Bienvenue \u00e0 l'achat de guimauves en vrac. Nos torsades de guimauve en gros sont riches en couleur et douces au go\u00fbt, ce qui les rend id\u00e9ales pour la vente d'en-cas, l'association de desserts et les coffrets cadeaux pour les f\u00eates de fin d'ann\u00e9e. Nous proposons une personnalisation compl\u00e8te de la formule, de la couleur et de l'emballage.<\/p>\n<table style=\"border-collapse: collapse; width: 329.02pt;\" border=\"0\" width=\"329\" cellspacing=\"0\" cellpadding=\"0\">\n<tbody>\n<tr style=\"height: 17.60pt;\">\n<td class=\"et2\" style=\"height: 17.60pt; width: 110.80pt;\" width=\"110\" height=\"17\">Fabricant<\/td>\n<td class=\"et2\" style=\"width: 219.15pt;\" width=\"219\">LeChao Candy<\/td>\n<\/tr>\n<tr style=\"height: 18.00pt;\">\n<td class=\"et2\" style=\"height: 18.00pt;\" height=\"18\">Type de produit<\/td>\n<td class=\"et3\" style=\"width: 219.15pt;\" width=\"219\">Torsades de guimauve<\/td>\n<\/tr>\n<tr style=\"height: 18.00pt;\">\n<td class=\"et2\" style=\"height: 18.00pt;\" height=\"18\">Le go\u00fbt<\/td>\n<td class=\"et3\" style=\"width: 219.15pt;\" width=\"219\">Doux et sucr\u00e9<\/td>\n<\/tr>\n<tr style=\"height: 17.60pt;\">\n<td class=\"et2\" style=\"height: 17.60pt;\" height=\"17\">Sp\u00e9cifications<\/td>\n<td class=\"et2\">10gX60pcsX12sacs<\/td>\n<\/tr>\n<tr style=\"height: 17.60pt;\">\n<td class=\"et2\" style=\"height: 17.60pt;\" height=\"17\">Taille du carton<\/td>\n<td class=\"et2\">57X30X32cm<\/td>\n<\/tr>\n<tr style=\"height: 17.60pt;\">\n<td class=\"et2\" style=\"height: 17.60pt;\" height=\"17\">N.W.\/Carton<\/td>\n<td class=\"et2\">10,0 kg<\/td>\n<\/tr>\n<tr style=\"height: 17.60pt;\">\n<td class=\"et2\" style=\"height: 17.60pt;\" height=\"17\">Prix<\/td>\n<td class=\"et2\">34,5-36USD<\/td>\n<\/tr>\n<tr style=\"height: 17.60pt;\">\n<td class=\"et2\" style=\"height: 17.60pt;\" height=\"17\">MOQ<\/td>\n<td class=\"et2\">600CTNS<\/td>\n<\/tr>\n<tr style=\"height: 17.60pt;\">\n<td class=\"et2\" style=\"height: 17.60pt;\" height=\"17\">\u00c9chantillon<\/td>\n<td class=\"et2\">Disponible<\/td>\n<\/tr>\n<\/tbody>\n<\/table>","protected":false},"featured_media":1255,"comment_status":"open","ping_status":"closed","template":"","meta":{"_acf_changed":false},"product_brand":[],"product_cat":[22,33],"product_tag":[],"class_list":{"0":"post-1252","1":"product","2":"type-product","3":"status-publish","4":"has-post-thumbnail","6":"product_cat-wholesale-marshmallows","7":"product_cat-marshmallow-twists-bulk","9":"first","10":"instock","11":"shipping-taxable","12":"product-type-simple"},"acf":[],"_links":{"self":[{"href":"https:\/\/www.lechaocandy.com\/fr\/wp-json\/wp\/v2\/product\/1252","targetHints":{"allow":["GET"]}}],"collection":[{"href":"https:\/\/www.lechaocandy.com\/fr\/wp-json\/wp\/v2\/product"}],"about":[{"href":"https:\/\/www.lechaocandy.com\/fr\/wp-json\/wp\/v2\/types\/product"}],"replies":[{"embeddable":true,"href":"https:\/\/www.lechaocandy.com\/fr\/wp-json\/wp\/v2\/comments?post=1252"}],"wp:featuredmedia":[{"embeddable":true,"href":"https:\/\/www.lechaocandy.com\/fr\/wp-json\/wp\/v2\/media\/1255"}],"wp:attachment":[{"href":"https:\/\/www.lechaocandy.com\/fr\/wp-json\/wp\/v2\/media?parent=1252"}],"wp:term":[{"taxonomy":"product_brand","embeddable":true,"href":"https:\/\/www.lechaocandy.com\/fr\/wp-json\/wp\/v2\/product_brand?post=1252"},{"taxonomy":"product_cat","embeddable":true,"href":"https:\/\/www.lechaocandy.com\/fr\/wp-json\/wp\/v2\/product_cat?post=1252"},{"taxonomy":"product_tag","embeddable":true,"href":"https:\/\/www.lechaocandy.com\/fr\/wp-json\/wp\/v2\/product_tag?post=1252"}],"curies":[{"name":"wp","href":"https:\/\/api.w.org\/{rel}","templated":true}]}}