{"id":1258,"date":"2025-06-16T06:12:43","date_gmt":"2025-06-16T06:12:43","guid":{"rendered":"https:\/\/www.lechaocandy.com\/?post_type=product&#038;p=1258"},"modified":"2025-10-09T06:10:29","modified_gmt":"2025-10-09T06:10:29","slug":"bulk-assorted-gummy-candy","status":"publish","type":"product","link":"https:\/\/www.lechaocandy.com\/fr\/produit\/bulk-assorted-gummy-candy\/","title":{"rendered":"LeChao Bulk Assorted Gummy Candy With Added Vitamin C (bonbons g\u00e9lifi\u00e9s en vrac avec vitamine C ajout\u00e9e)"},"content":{"rendered":"<div class=\"wp-block-columns is-layout-flex wp-container-core-columns-is-layout-9d6595d7 wp-block-columns-is-layout-flex\"><div class=\"wp-block-column is-layout-flow wp-block-column-is-layout-flow\"><h2 class=\"wp-block-heading\">Points forts du produit Bonbons g\u00e9lifi\u00e9s assortis en vrac<\/h2>\n\n<ul class=\"wp-block-list\"><li><strong>Ajouter de la vitamine C pour une alimentation plus \u00e9quilibr\u00e9e : <\/strong>En plus d'\u00eatre d\u00e9licieux, les produits sont enrichis en \u00e9l\u00e9ments nutritifs afin de r\u00e9pondre \u00e0 la nouvelle demande des consommateurs pour des \"en-cas sains\", adapt\u00e9s aux enfants et aux familles.<\/li>\n\n<li><strong>Une vari\u00e9t\u00e9 de combinaisons d'ar\u00f4mes de fruits pour r\u00e9pondre aux diff\u00e9rentes pr\u00e9f\u00e9rences gustatives : <\/strong>Ce bonbon \u00e0 m\u00e2cher en gros contient une vari\u00e9t\u00e9 d'ar\u00f4mes de fruits classiques tels que la fraise, l'orange, la pomme, le raisin, etc., avec un go\u00fbt riche, mod\u00e9r\u00e9ment sucr\u00e9 et acide, et une sensation de m\u00e2che pleine.<\/li>\n\n<li><strong>Aspect diversifi\u00e9, couleurs vives, forte attractivit\u00e9 : <\/strong>Ces bonbons g\u00e9lifi\u00e9s assortis en vrac ont une forme simple et des couleurs vives. Ils conviennent pour les pr\u00e9sentoirs de vente, les paquets-cadeaux de vacances ou les f\u00eates d'enfants.<\/li>\n\n<li><strong>Emballage de gros flexible, adapt\u00e9 \u00e0 une vari\u00e9t\u00e9 de sc\u00e9narios de vente : <\/strong>Nous fournissons en gros des bonbons \u00e0 m\u00e2cher avec de multiples sp\u00e9cifications, y compris en vrac, en sous-emballage, en petits sacs ind\u00e9pendants, etc., adapt\u00e9s aux magasins hors ligne, aux plateformes de commerce \u00e9lectronique et aux clients OEM.<\/li>\n\n<li><strong>Soutenir des services personnalis\u00e9s pour aider \u00e0 cr\u00e9er des produits de marque sains : <\/strong>Nos bonbons g\u00e9lifi\u00e9s assortis en vrac peuvent \u00eatre personnalis\u00e9s en termes de teneur en vitamine C, de rapport de formule, de conception de l'emballage et de logo de marque en fonction des besoins du client, ce qui nous permet de lancer rapidement des lignes de produits diff\u00e9renci\u00e9es.<\/li><\/ul><\/div>\n\n<div class=\"wp-block-column is-layout-flow wp-block-column-is-layout-flow\"><figure class=\"wp-block-image size-full\"><img decoding=\"async\" width=\"800\" height=\"800\" src=\"https:\/\/www.lechaocandy.com\/wp-content\/uploads\/2025\/06\/LeChao-Bulk-Assorted-Gummy-Candy-With-Added-Vitamin-C-6.webp\" alt=\"LeChao Bulk Assorted Gummy Candy With Added Vitamin C-6 (bonbons g\u00e9lifi\u00e9s en vrac avec vitamine C-6 ajout\u00e9e)\" class=\"wp-image-1264\" srcset=\"https:\/\/www.lechaocandy.com\/wp-content\/uploads\/2025\/06\/LeChao-Bulk-Assorted-Gummy-Candy-With-Added-Vitamin-C-6.webp 800w, https:\/\/www.lechaocandy.com\/wp-content\/uploads\/2025\/06\/LeChao-Bulk-Assorted-Gummy-Candy-With-Added-Vitamin-C-6-300x300.webp 300w, https:\/\/www.lechaocandy.com\/wp-content\/uploads\/2025\/06\/LeChao-Bulk-Assorted-Gummy-Candy-With-Added-Vitamin-C-6-150x150.webp 150w, https:\/\/www.lechaocandy.com\/wp-content\/uploads\/2025\/06\/LeChao-Bulk-Assorted-Gummy-Candy-With-Added-Vitamin-C-6-768x768.webp 768w, https:\/\/www.lechaocandy.com\/wp-content\/uploads\/2025\/06\/LeChao-Bulk-Assorted-Gummy-Candy-With-Added-Vitamin-C-6-12x12.webp 12w, https:\/\/www.lechaocandy.com\/wp-content\/uploads\/2025\/06\/LeChao-Bulk-Assorted-Gummy-Candy-With-Added-Vitamin-C-6-600x600.webp 600w, https:\/\/www.lechaocandy.com\/wp-content\/uploads\/2025\/06\/LeChao-Bulk-Assorted-Gummy-Candy-With-Added-Vitamin-C-6-100x100.webp 100w\" sizes=\"(max-width: 800px) 100vw, 800px\" \/><\/figure><\/div><\/div>","protected":false},"excerpt":{"rendered":"<p>Bienvenue sur notre site d'achat en gros de bonbons \u00e0 m\u00e2cher. Nos bonbons g\u00e9lifi\u00e9s assortis en vrac sont des bonbons mous fruit\u00e9s d\u00e9licieux et nutritifs, auxquels on a ajout\u00e9 de la vitamine C pour offrir aux consommateurs un choix d'en-cas plus sain. Nous proposons des formules et des emballages personnalis\u00e9s pour r\u00e9pondre aux besoins des diff\u00e9rents march\u00e9s.<\/p>\n<table style=\"border-collapse: collapse; width: 329.02pt;\" border=\"0\" width=\"329\" cellspacing=\"0\" cellpadding=\"0\">\n<tbody>\n<tr style=\"height: 17.60pt;\">\n<td class=\"et2\" style=\"height: 17.60pt; width: 110.80pt;\" width=\"110\" height=\"17\">Fabricant<\/td>\n<td class=\"et2\" style=\"width: 219.15pt;\" width=\"219\">LeChao Candy<\/td>\n<\/tr>\n<tr style=\"height: 18.00pt;\">\n<td class=\"et2\" style=\"height: 18.00pt;\" height=\"18\">Type de produit<\/td>\n<td class=\"et3\" style=\"width: 219.15pt;\" width=\"219\">Bonbons g\u00e9lifi\u00e9s \u00e0 la vitamine C<\/td>\n<\/tr>\n<tr style=\"height: 18.00pt;\">\n<td class=\"et2\" style=\"height: 18.00pt;\" height=\"18\">Le go\u00fbt<\/td>\n<td class=\"et3\" style=\"width: 219.15pt;\" width=\"219\">Doux et sucr\u00e9<\/td>\n<\/tr>\n<tr style=\"height: 17.60pt;\">\n<td class=\"et2\" style=\"height: 17.60pt;\" height=\"17\">Sp\u00e9cifications<\/td>\n<td class=\"et2\">68gx8bouteillesx10bo\u00eetes<\/td>\n<\/tr>\n<tr style=\"height: 17.60pt;\">\n<td class=\"et2\" style=\"height: 17.60pt;\" height=\"17\">Taille du carton<\/td>\n<td class=\"et2\">49*19.8*20cm<\/td>\n<\/tr>\n<tr style=\"height: 17.60pt;\">\n<td class=\"et2\" style=\"height: 17.60pt;\" height=\"17\">N.W.\/Carton<\/td>\n<td class=\"et2\">7,0 kg<\/td>\n<\/tr>\n<tr style=\"height: 17.60pt;\">\n<td class=\"et2\" style=\"height: 17.60pt;\" height=\"17\">MOQ<\/td>\n<td class=\"et2\">500CTNS<\/td>\n<\/tr>\n<tr style=\"height: 17.60pt;\">\n<td class=\"et2\" style=\"height: 17.60pt;\" height=\"17\">\u00c9chantillon<\/td>\n<td class=\"et2\">Disponible<\/td>\n<\/tr>\n<\/tbody>\n<\/table>","protected":false},"featured_media":1265,"comment_status":"open","ping_status":"closed","template":"","meta":{"_acf_changed":false},"product_brand":[],"product_cat":[19],"product_tag":[],"class_list":{"0":"post-1258","1":"product","2":"type-product","3":"status-publish","4":"has-post-thumbnail","6":"product_cat-wholesale-gummy-manufacturer","8":"first","9":"instock","10":"shipping-taxable","11":"product-type-simple"},"acf":[],"_links":{"self":[{"href":"https:\/\/www.lechaocandy.com\/fr\/wp-json\/wp\/v2\/product\/1258","targetHints":{"allow":["GET"]}}],"collection":[{"href":"https:\/\/www.lechaocandy.com\/fr\/wp-json\/wp\/v2\/product"}],"about":[{"href":"https:\/\/www.lechaocandy.com\/fr\/wp-json\/wp\/v2\/types\/product"}],"replies":[{"embeddable":true,"href":"https:\/\/www.lechaocandy.com\/fr\/wp-json\/wp\/v2\/comments?post=1258"}],"wp:featuredmedia":[{"embeddable":true,"href":"https:\/\/www.lechaocandy.com\/fr\/wp-json\/wp\/v2\/media\/1265"}],"wp:attachment":[{"href":"https:\/\/www.lechaocandy.com\/fr\/wp-json\/wp\/v2\/media?parent=1258"}],"wp:term":[{"taxonomy":"product_brand","embeddable":true,"href":"https:\/\/www.lechaocandy.com\/fr\/wp-json\/wp\/v2\/product_brand?post=1258"},{"taxonomy":"product_cat","embeddable":true,"href":"https:\/\/www.lechaocandy.com\/fr\/wp-json\/wp\/v2\/product_cat?post=1258"},{"taxonomy":"product_tag","embeddable":true,"href":"https:\/\/www.lechaocandy.com\/fr\/wp-json\/wp\/v2\/product_tag?post=1258"}],"curies":[{"name":"wp","href":"https:\/\/api.w.org\/{rel}","templated":true}]}}