{"id":1283,"date":"2025-06-16T07:25:02","date_gmt":"2025-06-16T07:25:02","guid":{"rendered":"https:\/\/www.lechaocandy.com\/?post_type=product&#038;p=1283"},"modified":"2025-06-16T07:32:42","modified_gmt":"2025-06-16T07:32:42","slug":"gummy-rings-bulk","status":"publish","type":"product","link":"https:\/\/www.lechaocandy.com\/fr\/produit\/gummy-rings-bulk\/","title":{"rendered":"Anneaux de bonbons g\u00e9lifi\u00e9s aux fruits en vrac, Fabrique de bonbons g\u00e9lifi\u00e9s en gros"},"content":{"rendered":"<div class=\"wp-block-columns is-layout-flex wp-container-core-columns-is-layout-9d6595d7 wp-block-columns-is-layout-flex\"><div class=\"wp-block-column is-layout-flow wp-block-column-is-layout-flow\"><h2 class=\"wp-block-heading\">Points forts du produit Gummy Rings Bulk (anneaux de gomme en vrac)<\/h2>\n\n<ul class=\"wp-block-list\"><li><strong>Forme de cercle, facile \u00e0 manger et amusante :<\/strong> Ces anneaux de gomme en vrac embl\u00e9matiques sont faciles \u00e0 saisir et \u00e0 partager, \u00e0 la fois amusants et pratiques, et conviennent aux enfants et aux consommateurs familiaux.<\/li>\n\n<li><strong>Cinq combinaisons fruit\u00e9es populaires, des niveaux riches : <\/strong>Nos bonbons g\u00e9lifi\u00e9s en gros comprennent cinq ar\u00f4mes : fraise, orange, pomme verte, raisin, p\u00eache. Les couleurs naturelles sont assorties, l'ar\u00f4me fruit\u00e9 est riche, ce qui permet de r\u00e9pondre aux diff\u00e9rentes pr\u00e9f\u00e9rences.<\/li>\n\n<li><strong>Go\u00fbt \u00e9quilibr\u00e9 entre le sucr\u00e9 et l'acide, moelleux et flexible : <\/strong>Nos anneaux gommeux en vrac adoptent une technologie de dosage professionnelle, ils sont moelleux et rebondissent dans la bouche, ils sont sucr\u00e9s mais non gras, ils conviennent \u00e0 l'approvisionnement \u00e0 long terme ou aux achats r\u00e9p\u00e9t\u00e9s des clients.<\/li>\n\n<li><strong>Diverses options d'emballage sont disponibles, adapt\u00e9es \u00e0 une vari\u00e9t\u00e9 de canaux de vente : <\/strong>Ces bonbons g\u00e9lifi\u00e9s en gros peuvent \u00eatre emball\u00e9s en vrac, dans des petits sacs et dans des emballages cadeaux, ce qui convient aux supermarch\u00e9s, au commerce \u00e9lectronique, aux f\u00eates et aux sc\u00e9narios de cadeaux de vacances.<\/li>\n\n<li><strong>Fourniture directe par l'usine, services de soutien et de personnalisation : <\/strong>Nous proposons la personnalisation de la couleur, de l'ar\u00f4me, de l'emballage et du logo de la marque pour les anneaux de gomme en vrac, acceptons les commandes OEM\/ODM, r\u00e9pondons rapidement aux besoins de personnalisation des clients et am\u00e9liorons la comp\u00e9titivit\u00e9 du march\u00e9.<\/li><\/ul><\/div>\n\n<div class=\"wp-block-column is-layout-flow wp-block-column-is-layout-flow\"><figure class=\"wp-block-image size-full\"><img decoding=\"async\" width=\"800\" height=\"800\" src=\"https:\/\/www.lechaocandy.com\/wp-content\/uploads\/2025\/06\/Mix-Fruit-Gummy-Rings-Bulk-Factory-Wholesale-Gummy-Candies-4.webp\" alt=\"Anneaux de gomme aux fruits en vrac, Fabrique de bonbons g\u00e9lifi\u00e9s en gros-4\" class=\"wp-image-1287\" srcset=\"https:\/\/www.lechaocandy.com\/wp-content\/uploads\/2025\/06\/Mix-Fruit-Gummy-Rings-Bulk-Factory-Wholesale-Gummy-Candies-4.webp 800w, https:\/\/www.lechaocandy.com\/wp-content\/uploads\/2025\/06\/Mix-Fruit-Gummy-Rings-Bulk-Factory-Wholesale-Gummy-Candies-4-300x300.webp 300w, https:\/\/www.lechaocandy.com\/wp-content\/uploads\/2025\/06\/Mix-Fruit-Gummy-Rings-Bulk-Factory-Wholesale-Gummy-Candies-4-150x150.webp 150w, https:\/\/www.lechaocandy.com\/wp-content\/uploads\/2025\/06\/Mix-Fruit-Gummy-Rings-Bulk-Factory-Wholesale-Gummy-Candies-4-768x768.webp 768w, https:\/\/www.lechaocandy.com\/wp-content\/uploads\/2025\/06\/Mix-Fruit-Gummy-Rings-Bulk-Factory-Wholesale-Gummy-Candies-4-12x12.webp 12w, https:\/\/www.lechaocandy.com\/wp-content\/uploads\/2025\/06\/Mix-Fruit-Gummy-Rings-Bulk-Factory-Wholesale-Gummy-Candies-4-600x600.webp 600w, https:\/\/www.lechaocandy.com\/wp-content\/uploads\/2025\/06\/Mix-Fruit-Gummy-Rings-Bulk-Factory-Wholesale-Gummy-Candies-4-100x100.webp 100w\" sizes=\"(max-width: 800px) 100vw, 800px\" \/><\/figure><\/div><\/div>","protected":false},"excerpt":{"rendered":"<p>Nous vous invitons \u00e0 acheter des bonbons g\u00e9lifi\u00e9s en gros. Nos anneaux de gomme en vrac sont s\u00e9lectionn\u00e9s parmi 5 saveurs de fruits populaires, fraise, orange, pomme verte, raisin et p\u00eache, color\u00e9s, mod\u00e9r\u00e9ment sucr\u00e9s et acides. Nous acceptons la vente en gros et la personnalisation OEM\/ODM.<\/p>\n<table style=\"border-collapse: collapse; width: 329.02pt;\" border=\"0\" width=\"329\" cellspacing=\"0\" cellpadding=\"0\">\n<tbody>\n<tr style=\"height: 17.60pt;\">\n<td class=\"et2\" style=\"height: 17.60pt; width: 110.80pt;\" width=\"110\" height=\"17\">Fabricant<\/td>\n<td class=\"et2\" style=\"width: 219.15pt;\" width=\"219\">LeChao Candy<\/td>\n<\/tr>\n<tr style=\"height: 18.00pt;\">\n<td class=\"et2\" style=\"height: 18.00pt;\" height=\"18\">Type de produit<\/td>\n<td class=\"et3\" style=\"width: 219.15pt;\" width=\"219\">Anneaux de gomme<\/td>\n<\/tr>\n<tr style=\"height: 18.00pt;\">\n<td class=\"et2\" style=\"height: 18.00pt;\" height=\"18\">Le go\u00fbt<\/td>\n<td class=\"et3\" style=\"width: 219.15pt;\" width=\"219\">Aigre-doux et r\u00e9silient<\/td>\n<\/tr>\n<tr style=\"height: 17.60pt;\">\n<td class=\"et2\" style=\"height: 17.60pt;\" height=\"17\">Sp\u00e9cifications<\/td>\n<td class=\"et2\">118gx48bags<\/td>\n<\/tr>\n<tr style=\"height: 17.60pt;\">\n<td class=\"et2\" style=\"height: 17.60pt;\" height=\"17\">Taille du carton<\/td>\n<td class=\"et2\">39*26*24cm<\/td>\n<\/tr>\n<tr style=\"height: 17.60pt;\">\n<td class=\"et2\" style=\"height: 17.60pt;\" height=\"17\">N.W.\/Carton<\/td>\n<td class=\"et2\">7,5 kg<\/td>\n<\/tr>\n<tr style=\"height: 17.60pt;\">\n<td class=\"et2\" style=\"height: 17.60pt;\" height=\"17\">Prix<\/td>\n<td class=\"et2\">24USD<\/td>\n<\/tr>\n<tr style=\"height: 17.60pt;\">\n<td class=\"et2\" style=\"height: 17.60pt;\" height=\"17\">MOQ<\/td>\n<td class=\"et2\">500CTNS<\/td>\n<\/tr>\n<tr style=\"height: 17.60pt;\">\n<td class=\"et2\" style=\"height: 17.60pt;\" height=\"17\">\u00c9chantillon<\/td>\n<td class=\"et2\">Disponible<\/td>\n<\/tr>\n<\/tbody>\n<\/table>\n<p>&nbsp;<\/p>","protected":false},"featured_media":1286,"comment_status":"open","ping_status":"closed","template":"","meta":{"_acf_changed":false},"product_brand":[],"product_cat":[19],"product_tag":[],"class_list":{"0":"post-1283","1":"product","2":"type-product","3":"status-publish","4":"has-post-thumbnail","6":"product_cat-wholesale-gummy-manufacturer","8":"first","9":"instock","10":"shipping-taxable","11":"product-type-simple"},"acf":[],"_links":{"self":[{"href":"https:\/\/www.lechaocandy.com\/fr\/wp-json\/wp\/v2\/product\/1283","targetHints":{"allow":["GET"]}}],"collection":[{"href":"https:\/\/www.lechaocandy.com\/fr\/wp-json\/wp\/v2\/product"}],"about":[{"href":"https:\/\/www.lechaocandy.com\/fr\/wp-json\/wp\/v2\/types\/product"}],"replies":[{"embeddable":true,"href":"https:\/\/www.lechaocandy.com\/fr\/wp-json\/wp\/v2\/comments?post=1283"}],"wp:featuredmedia":[{"embeddable":true,"href":"https:\/\/www.lechaocandy.com\/fr\/wp-json\/wp\/v2\/media\/1286"}],"wp:attachment":[{"href":"https:\/\/www.lechaocandy.com\/fr\/wp-json\/wp\/v2\/media?parent=1283"}],"wp:term":[{"taxonomy":"product_brand","embeddable":true,"href":"https:\/\/www.lechaocandy.com\/fr\/wp-json\/wp\/v2\/product_brand?post=1283"},{"taxonomy":"product_cat","embeddable":true,"href":"https:\/\/www.lechaocandy.com\/fr\/wp-json\/wp\/v2\/product_cat?post=1283"},{"taxonomy":"product_tag","embeddable":true,"href":"https:\/\/www.lechaocandy.com\/fr\/wp-json\/wp\/v2\/product_tag?post=1283"}],"curies":[{"name":"wp","href":"https:\/\/api.w.org\/{rel}","templated":true}]}}