{"id":1306,"date":"2025-06-28T06:51:59","date_gmt":"2025-06-28T06:51:59","guid":{"rendered":"https:\/\/www.lechaocandy.com\/?post_type=product&#038;p=1306"},"modified":"2025-06-28T07:04:01","modified_gmt":"2025-06-28T07:04:01","slug":"buy-gummies-in-bulk","status":"publish","type":"product","link":"https:\/\/www.lechaocandy.com\/fr\/produit\/buy-gummies-in-bulk\/","title":{"rendered":"Acheter Gummies en vrac, Confiture d'oeufs en bonbons g\u00e9lifi\u00e9s en gros"},"content":{"rendered":"<div class=\"wp-block-columns is-layout-flex wp-container-core-columns-is-layout-9d6595d7 wp-block-columns-is-layout-flex\"><div class=\"wp-block-column is-layout-flow wp-block-column-is-layout-flow\"><h2 class=\"wp-block-heading\">Points forts du produit Acheter des gommes en vrac<\/h2>\n\n<ul class=\"wp-block-list\"><li><strong>Forme int\u00e9ressante, qui attire l'attention : <\/strong>Achetez des bonbons g\u00e9lifi\u00e9s en gros chez lechao, ces bonbons g\u00e9lifi\u00e9s en gros ont une forme unique d'\u0153uf frit et un design \u00e9clatant, l'apparence est vive et int\u00e9ressante, et ils sont profond\u00e9ment aim\u00e9s par les jeunes et les enfants.<\/li>\n\n<li><strong>Un go\u00fbt \u00e9clatant, des couches riches : <\/strong>Ce bonbon g\u00e9lifi\u00e9 en gros contient de la confiture riche, et vous pouvez ressentir l'\u00e9clat fruit\u00e9 riche avec une bouch\u00e9e, et le go\u00fbt est riche.<\/li>\n\n<li><strong>Ventes directes \u00e0 l'usine, avantage \u00e9vident en termes de prix : <\/strong>ach\u00e8te les gommes en vrac directement aupr\u00e8s de l'usine, \u00e9liminant ainsi le lien avec les interm\u00e9diaires, garantissant que le prix du produit est comp\u00e9titif et adapt\u00e9 \u00e0 l'approvisionnement en vrac.<\/li>\n\n<li><strong>Personnalisation flexible de l'emballage, en fonction des besoins de la marque : <\/strong>Nous proposons une vari\u00e9t\u00e9 d'options d'emballage pour ces bonbons g\u00e9lifi\u00e9s fourr\u00e9s \u00e0 la confiture en gros, et nous pouvons personnaliser l'emballage en fonction des besoins du client pour r\u00e9pondre aux diff\u00e9rentes images de marque et aux besoins du march\u00e9.<\/li>\n\n<li><strong>Convient pour le commerce de gros et de d\u00e9tail : <\/strong>Que vous soyez un d\u00e9taillant, une marque ou un fournisseur d'\u00e9v\u00e9nements, l'achat de gommes en vrac permet d'obtenir des remises, adapt\u00e9es aux supermarch\u00e9s, aux magasins de d\u00e9tail et aux boutiques en ligne.<\/li><\/ul><\/div>\n\n<div class=\"wp-block-column is-layout-flow wp-block-column-is-layout-flow\"><figure class=\"wp-block-image size-full\"><img decoding=\"async\" width=\"800\" height=\"800\" src=\"https:\/\/www.lechaocandy.com\/wp-content\/uploads\/2025\/06\/Buy-Gummies-In-Bulk-Jam-Filled-Egg-Gummy-Candy-Wholesale-3.webp\" alt=\"Acheter Gummies en vrac, Bonbons gommeux \u00e0 l&#039;\u0153uf fourr\u00e9s \u00e0 la confiture en gros-3\" class=\"wp-image-1309\" srcset=\"https:\/\/www.lechaocandy.com\/wp-content\/uploads\/2025\/06\/Buy-Gummies-In-Bulk-Jam-Filled-Egg-Gummy-Candy-Wholesale-3.webp 800w, https:\/\/www.lechaocandy.com\/wp-content\/uploads\/2025\/06\/Buy-Gummies-In-Bulk-Jam-Filled-Egg-Gummy-Candy-Wholesale-3-300x300.webp 300w, https:\/\/www.lechaocandy.com\/wp-content\/uploads\/2025\/06\/Buy-Gummies-In-Bulk-Jam-Filled-Egg-Gummy-Candy-Wholesale-3-150x150.webp 150w, https:\/\/www.lechaocandy.com\/wp-content\/uploads\/2025\/06\/Buy-Gummies-In-Bulk-Jam-Filled-Egg-Gummy-Candy-Wholesale-3-768x768.webp 768w, https:\/\/www.lechaocandy.com\/wp-content\/uploads\/2025\/06\/Buy-Gummies-In-Bulk-Jam-Filled-Egg-Gummy-Candy-Wholesale-3-12x12.webp 12w, https:\/\/www.lechaocandy.com\/wp-content\/uploads\/2025\/06\/Buy-Gummies-In-Bulk-Jam-Filled-Egg-Gummy-Candy-Wholesale-3-600x600.webp 600w, https:\/\/www.lechaocandy.com\/wp-content\/uploads\/2025\/06\/Buy-Gummies-In-Bulk-Jam-Filled-Egg-Gummy-Candy-Wholesale-3-100x100.webp 100w\" sizes=\"(max-width: 800px) 100vw, 800px\" \/><\/figure><\/div><\/div>","protected":false},"excerpt":{"rendered":"<p>Bienvenue sur le march\u00e9 des gommes en vrac. Ce bonbon gommeux fourr\u00e9 \u00e0 la confiture en gros en forme d'\u0153uf au plat a un go\u00fbt riche et une apparence int\u00e9ressante. Vente directe en usine, prix comp\u00e9titifs, emballage personnalis\u00e9, adapt\u00e9 \u00e0 l'achat en gros et \u00e0 la promotion de la marque.<\/p>\n<table style=\"border-collapse: collapse; width: 329.02pt;\" border=\"0\" width=\"329\" cellspacing=\"0\" cellpadding=\"0\">\n<tbody>\n<tr style=\"height: 17.60pt;\">\n<td class=\"et2\" style=\"height: 17.60pt; width: 110.80pt;\" width=\"110\" height=\"17\">Fabricant<\/td>\n<td class=\"et2\" style=\"width: 219.15pt;\" width=\"219\">LeChao Candy<\/td>\n<\/tr>\n<tr style=\"height: 18.00pt;\">\n<td class=\"et2\" style=\"height: 18.00pt;\" height=\"18\">Type de produit<\/td>\n<td class=\"et3\" style=\"width: 219.15pt;\" width=\"219\">Bonbons g\u00e9lifi\u00e9s \u00e0 l'\u0153uf fourr\u00e9s \u00e0 la confiture<\/td>\n<\/tr>\n<tr style=\"height: 18.00pt;\">\n<td class=\"et2\" style=\"height: 18.00pt;\" height=\"18\">Le go\u00fbt<\/td>\n<td class=\"et3\" style=\"width: 219.15pt;\" width=\"219\">Aigre-doux et r\u00e9silient<\/td>\n<\/tr>\n<tr style=\"height: 17.60pt;\">\n<td class=\"et2\" style=\"height: 17.60pt;\" height=\"17\">Sp\u00e9cifications<\/td>\n<td class=\"et2\">20gx20pcsx12boxes<\/td>\n<\/tr>\n<tr style=\"height: 17.60pt;\">\n<td class=\"et2\" style=\"height: 17.60pt;\" height=\"17\">Taille du carton<\/td>\n<td class=\"et2\">46*27*25cm<\/td>\n<\/tr>\n<tr style=\"height: 17.60pt;\">\n<td class=\"et2\" style=\"height: 17.60pt;\" height=\"17\">N.W.\/Carton<\/td>\n<td class=\"et2\">7,0 kg<\/td>\n<\/tr>\n<tr style=\"height: 17.60pt;\">\n<td class=\"et2\" style=\"height: 17.60pt;\" height=\"17\">Prix<\/td>\n<td class=\"et2\">28.8USD<\/td>\n<\/tr>\n<tr style=\"height: 17.60pt;\">\n<td class=\"et2\" style=\"height: 17.60pt;\" height=\"17\">MOQ<\/td>\n<td class=\"et2\">500CTNS<\/td>\n<\/tr>\n<tr style=\"height: 17.60pt;\">\n<td class=\"et2\" style=\"height: 17.60pt;\" height=\"17\">\u00c9chantillon<\/td>\n<td class=\"et2\">Disponible<\/td>\n<\/tr>\n<\/tbody>\n<\/table>","protected":false},"featured_media":1310,"comment_status":"open","ping_status":"closed","template":"","meta":{"_acf_changed":false},"product_brand":[],"product_cat":[27,19],"product_tag":[],"class_list":{"0":"post-1306","1":"product","2":"type-product","3":"status-publish","4":"has-post-thumbnail","6":"product_cat-filled-gummy-candies-supplier","7":"product_cat-wholesale-gummy-manufacturer","9":"first","10":"instock","11":"shipping-taxable","12":"product-type-simple"},"acf":[],"_links":{"self":[{"href":"https:\/\/www.lechaocandy.com\/fr\/wp-json\/wp\/v2\/product\/1306","targetHints":{"allow":["GET"]}}],"collection":[{"href":"https:\/\/www.lechaocandy.com\/fr\/wp-json\/wp\/v2\/product"}],"about":[{"href":"https:\/\/www.lechaocandy.com\/fr\/wp-json\/wp\/v2\/types\/product"}],"replies":[{"embeddable":true,"href":"https:\/\/www.lechaocandy.com\/fr\/wp-json\/wp\/v2\/comments?post=1306"}],"wp:featuredmedia":[{"embeddable":true,"href":"https:\/\/www.lechaocandy.com\/fr\/wp-json\/wp\/v2\/media\/1310"}],"wp:attachment":[{"href":"https:\/\/www.lechaocandy.com\/fr\/wp-json\/wp\/v2\/media?parent=1306"}],"wp:term":[{"taxonomy":"product_brand","embeddable":true,"href":"https:\/\/www.lechaocandy.com\/fr\/wp-json\/wp\/v2\/product_brand?post=1306"},{"taxonomy":"product_cat","embeddable":true,"href":"https:\/\/www.lechaocandy.com\/fr\/wp-json\/wp\/v2\/product_cat?post=1306"},{"taxonomy":"product_tag","embeddable":true,"href":"https:\/\/www.lechaocandy.com\/fr\/wp-json\/wp\/v2\/product_tag?post=1306"}],"curies":[{"name":"wp","href":"https:\/\/api.w.org\/{rel}","templated":true}]}}