{"id":1311,"date":"2025-06-28T07:06:35","date_gmt":"2025-06-28T07:06:35","guid":{"rendered":"https:\/\/www.lechaocandy.com\/?post_type=product&#038;p=1311"},"modified":"2025-06-28T07:15:25","modified_gmt":"2025-06-28T07:15:25","slug":"custom-made-gummies","status":"publish","type":"product","link":"https:\/\/www.lechaocandy.com\/fr\/produit\/custom-made-gummies\/","title":{"rendered":"Gummies \u00e0 la confiture en forme de crotte fabriqu\u00e9s sur mesure Wholesale"},"content":{"rendered":"<div class=\"wp-block-columns is-layout-flex wp-container-core-columns-is-layout-9d6595d7 wp-block-columns-is-layout-flex\"><div class=\"wp-block-column is-layout-flow wp-block-column-is-layout-flow\"><h2 class=\"wp-block-heading\">Points forts du produit Custom Made Gummies<\/h2>\n\n<ul class=\"wp-block-list\"><li><strong>Forme amusante, attirant l'attention :<\/strong> Ces gommes personnalis\u00e9es ont un design unique en forme de caca, une forme amusante et int\u00e9ressante, adapt\u00e9e aux festivals, aux f\u00eates ou aux activit\u00e9s cr\u00e9atives, attirant instantan\u00e9ment l'attention des consommateurs.<\/li>\n\n<li><strong>Confiture \u00e9clatante, go\u00fbt riche : <\/strong>Ces bonbons g\u00e9lifi\u00e9s en vrac sont remplis d'une riche confiture, d'un go\u00fbt \u00e9clatant, de riches couches, offrant aux consommateurs une nouvelle exp\u00e9rience gustative.<\/li>\n\n<li><strong>Saveurs et emballages personnalisables : <\/strong>Nos chewing-gums sur mesure permettent de personnaliser les ar\u00f4mes et l'emballage pour r\u00e9pondre aux besoins de la marque. Ils conviennent \u00e0 diverses activit\u00e9s, \u00e0 l'emballage des cadeaux et aux exigences des d\u00e9taillants.<\/li>\n\n<li><strong>Ventes directes \u00e0 l'usine, prix pr\u00e9f\u00e9rentiels : <\/strong>Nos bonbons g\u00e9lifi\u00e9s en vrac sont directement fournis par l'usine, ce qui \u00e9limine les interm\u00e9diaires et garantit des prix de gros comp\u00e9titifs, adapt\u00e9s aux achats en vrac.<\/li>\n\n<li><strong>Applicable \u00e0 de multiples sc\u00e9narios et dot\u00e9 d'un grand potentiel commercial : <\/strong>Ces gommes personnalis\u00e9es en forme de caca conviennent \u00e0 de multiples sc\u00e9narios tels que les d\u00e9taillants, le commerce \u00e9lectronique, les activit\u00e9s festives, les cadeaux cr\u00e9atifs, etc., avec une large demande du march\u00e9 et un grand potentiel de vente.<\/li><\/ul><\/div>\n\n<div class=\"wp-block-column is-layout-flow wp-block-column-is-layout-flow\"><figure class=\"wp-block-image size-full\"><img decoding=\"async\" width=\"750\" height=\"800\" src=\"https:\/\/www.lechaocandy.com\/wp-content\/uploads\/2025\/06\/Jam-Filled-Poop-Shaped-Custom-Made-Gummies-Wholesale-1.webp\" alt=\"Gummies \u00e0 la confiture en forme de caca faits sur mesure Wholesale-1\" class=\"wp-image-1312\" srcset=\"https:\/\/www.lechaocandy.com\/wp-content\/uploads\/2025\/06\/Jam-Filled-Poop-Shaped-Custom-Made-Gummies-Wholesale-1.webp 750w, https:\/\/www.lechaocandy.com\/wp-content\/uploads\/2025\/06\/Jam-Filled-Poop-Shaped-Custom-Made-Gummies-Wholesale-1-281x300.webp 281w, https:\/\/www.lechaocandy.com\/wp-content\/uploads\/2025\/06\/Jam-Filled-Poop-Shaped-Custom-Made-Gummies-Wholesale-1-11x12.webp 11w, https:\/\/www.lechaocandy.com\/wp-content\/uploads\/2025\/06\/Jam-Filled-Poop-Shaped-Custom-Made-Gummies-Wholesale-1-600x640.webp 600w\" sizes=\"(max-width: 750px) 100vw, 750px\" \/><\/figure><\/div><\/div>","protected":false},"excerpt":{"rendered":"<p>Bienvenue \u00e0 l'achat de bonbons g\u00e9lifi\u00e9s en vrac. Nos gommes \u00e0 m\u00e2cher personnalis\u00e9es en forme de crottes remplies de confiture ont un aspect amusant et contiennent une confiture riche qui \u00e9clate lorsque l'on mord dedans. Nous proposons des emballages personnalis\u00e9s, adapt\u00e9s aux achats en gros et \u00e0 la personnalisation de la marque.<\/p>\n<table style=\"border-collapse: collapse; width: 329.02pt;\" border=\"0\" width=\"329\" cellspacing=\"0\" cellpadding=\"0\">\n<tbody>\n<tr style=\"height: 17.60pt;\">\n<td class=\"et2\" style=\"height: 17.60pt; width: 110.80pt;\" width=\"110\" height=\"17\">Fabricant<\/td>\n<td class=\"et2\" style=\"width: 219.15pt;\" width=\"219\">LeChao Candy<\/td>\n<\/tr>\n<tr style=\"height: 18.00pt;\">\n<td class=\"et2\" style=\"height: 18.00pt;\" height=\"18\">Type de produit<\/td>\n<td class=\"et3\" style=\"width: 219.15pt;\" width=\"219\">Bonbons g\u00e9lifi\u00e9s en forme de caca<\/td>\n<\/tr>\n<tr style=\"height: 18.00pt;\">\n<td class=\"et2\" style=\"height: 18.00pt;\" height=\"18\">Le go\u00fbt<\/td>\n<td class=\"et3\" style=\"width: 219.15pt;\" width=\"219\">Aigre-doux et r\u00e9silient<\/td>\n<\/tr>\n<tr style=\"height: 17.60pt;\">\n<td class=\"et2\" style=\"height: 17.60pt;\" height=\"17\">Sp\u00e9cifications<\/td>\n<td class=\"et2\">118gx48bags<\/td>\n<\/tr>\n<tr style=\"height: 17.60pt;\">\n<td class=\"et2\" style=\"height: 17.60pt;\" height=\"17\">Taille du carton<\/td>\n<td class=\"et2\">39*26*24cm<\/td>\n<\/tr>\n<tr style=\"height: 17.60pt;\">\n<td class=\"et2\" style=\"height: 17.60pt;\" height=\"17\">N.W.\/Carton<\/td>\n<td class=\"et2\">7,5 kg<\/td>\n<\/tr>\n<tr style=\"height: 17.60pt;\">\n<td class=\"et2\" style=\"height: 17.60pt;\" height=\"17\">Prix<\/td>\n<td class=\"et2\">24USD<\/td>\n<\/tr>\n<tr style=\"height: 17.60pt;\">\n<td class=\"et2\" style=\"height: 17.60pt;\" height=\"17\">MOQ<\/td>\n<td class=\"et2\">500CTNS<\/td>\n<\/tr>\n<tr style=\"height: 17.60pt;\">\n<td class=\"et2\" style=\"height: 17.60pt;\" height=\"17\">\u00c9chantillon<\/td>\n<td class=\"et2\">Disponible<\/td>\n<\/tr>\n<\/tbody>\n<\/table>","protected":false},"featured_media":1313,"comment_status":"open","ping_status":"closed","template":"","meta":{"_acf_changed":false},"product_brand":[],"product_cat":[27,19],"product_tag":[],"class_list":{"0":"post-1311","1":"product","2":"type-product","3":"status-publish","4":"has-post-thumbnail","6":"product_cat-filled-gummy-candies-supplier","7":"product_cat-wholesale-gummy-manufacturer","9":"first","10":"instock","11":"shipping-taxable","12":"product-type-simple"},"acf":[],"_links":{"self":[{"href":"https:\/\/www.lechaocandy.com\/fr\/wp-json\/wp\/v2\/product\/1311","targetHints":{"allow":["GET"]}}],"collection":[{"href":"https:\/\/www.lechaocandy.com\/fr\/wp-json\/wp\/v2\/product"}],"about":[{"href":"https:\/\/www.lechaocandy.com\/fr\/wp-json\/wp\/v2\/types\/product"}],"replies":[{"embeddable":true,"href":"https:\/\/www.lechaocandy.com\/fr\/wp-json\/wp\/v2\/comments?post=1311"}],"wp:featuredmedia":[{"embeddable":true,"href":"https:\/\/www.lechaocandy.com\/fr\/wp-json\/wp\/v2\/media\/1313"}],"wp:attachment":[{"href":"https:\/\/www.lechaocandy.com\/fr\/wp-json\/wp\/v2\/media?parent=1311"}],"wp:term":[{"taxonomy":"product_brand","embeddable":true,"href":"https:\/\/www.lechaocandy.com\/fr\/wp-json\/wp\/v2\/product_brand?post=1311"},{"taxonomy":"product_cat","embeddable":true,"href":"https:\/\/www.lechaocandy.com\/fr\/wp-json\/wp\/v2\/product_cat?post=1311"},{"taxonomy":"product_tag","embeddable":true,"href":"https:\/\/www.lechaocandy.com\/fr\/wp-json\/wp\/v2\/product_tag?post=1311"}],"curies":[{"name":"wp","href":"https:\/\/api.w.org\/{rel}","templated":true}]}}