{"id":1330,"date":"2025-06-28T08:20:21","date_gmt":"2025-06-28T08:20:21","guid":{"rendered":"https:\/\/www.lechaocandy.com\/?post_type=product&#038;p=1330"},"modified":"2025-10-09T06:26:57","modified_gmt":"2025-10-09T06:26:57","slug":"gummy-worms-bulk","status":"publish","type":"product","link":"https:\/\/www.lechaocandy.com\/fr\/produit\/gummy-worms-bulk\/","title":{"rendered":"LeChao Gummy Worms Bulk, Tasty Sour Gummy Candies Wholesale"},"content":{"rendered":"<div class=\"wp-block-columns is-layout-flex wp-container-core-columns-is-layout-9d6595d7 wp-block-columns-is-layout-flex\"><div class=\"wp-block-column is-layout-flow wp-block-column-is-layout-flow\"><h2 class=\"wp-block-heading\">Points forts du produit Gummy Worms en vrac<\/h2>\n\n<ul class=\"wp-block-list\"><li><strong>Conception int\u00e9ressante en forme de ver pour attirer les consommateurs : <\/strong>Ces vers g\u00e9lifi\u00e9s en vrac sont int\u00e9ressants et conviennent \u00e0 divers festivals, f\u00eates ou r\u00e9unions de famille, ce qui peut rapidement attirer l'attention des consommateurs.<\/li>\n\n<li><strong>Sucre et go\u00fbt sucr\u00e9 : <\/strong>Nos bonbons g\u00e9lifi\u00e9s en gros sont enrob\u00e9s de sucre en poudre, ce qui leur conf\u00e8re une saveur sucr\u00e9e et un ar\u00f4me fruit\u00e9 intense \u00e0 chaque bouch\u00e9e.<\/li>\n\n<li><strong>Saveur fruit\u00e9e riche, go\u00fbt vari\u00e9 : <\/strong>Nos vers g\u00e9lifi\u00e9s en vrac contiennent une vari\u00e9t\u00e9 de saveurs fruit\u00e9es, apportant une exp\u00e9rience gustative riche et r\u00e9pondant aux besoins multiples des consommateurs en mati\u00e8re de bonbons fruit\u00e9s.<\/li>\n\n<li><strong>La vente en gros est int\u00e9ressante, elle convient aux achats en gros : <\/strong>Nos bonbons g\u00e9lifi\u00e9s en gros sont vendus directement par l'usine, avec des prix comp\u00e9titifs, adapt\u00e9s aux achats en gros, aidant les d\u00e9taillants et les marques \u00e0 r\u00e9duire leurs co\u00fbts.<\/li>\n\n<li><strong>Des services personnalis\u00e9s pour r\u00e9pondre aux besoins propres \u00e0 chaque marque :<\/strong> LeChao propose des services personnalis\u00e9s tels que l'emballage, les ar\u00f4mes, les couleurs, etc. pour les vers g\u00e9lifi\u00e9s en vrac, prend en charge les OEM\/ODM et peut \u00eatre personnalis\u00e9 en fonction des besoins du client afin de renforcer le caract\u00e8re unique de la marque.<\/li><\/ul><\/div>\n\n<div class=\"wp-block-column is-layout-flow wp-block-column-is-layout-flow\"><figure class=\"wp-block-image size-full\"><img decoding=\"async\" width=\"750\" height=\"800\" src=\"https:\/\/www.lechaocandy.com\/wp-content\/uploads\/2025\/06\/LeChao-Gummy-Worms-Bulk-Sugar-Coated-Fruit-Gummy-Candies-3.webp\" alt=\"LeChao Gummy Worms Bulk, bonbons g\u00e9lifi\u00e9s aux fruits enrob\u00e9s de sucre-3\" class=\"wp-image-1333\" srcset=\"https:\/\/www.lechaocandy.com\/wp-content\/uploads\/2025\/06\/LeChao-Gummy-Worms-Bulk-Sugar-Coated-Fruit-Gummy-Candies-3.webp 750w, https:\/\/www.lechaocandy.com\/wp-content\/uploads\/2025\/06\/LeChao-Gummy-Worms-Bulk-Sugar-Coated-Fruit-Gummy-Candies-3-281x300.webp 281w, https:\/\/www.lechaocandy.com\/wp-content\/uploads\/2025\/06\/LeChao-Gummy-Worms-Bulk-Sugar-Coated-Fruit-Gummy-Candies-3-11x12.webp 11w, https:\/\/www.lechaocandy.com\/wp-content\/uploads\/2025\/06\/LeChao-Gummy-Worms-Bulk-Sugar-Coated-Fruit-Gummy-Candies-3-600x640.webp 600w\" sizes=\"(max-width: 750px) 100vw, 750px\" \/><\/figure><\/div><\/div>","protected":false},"excerpt":{"rendered":"<p>Bienvenue pour acheter des bonbons g\u00e9lifi\u00e9s en gros. Les vers g\u00e9lifi\u00e9s en vrac de LeChao sont envelopp\u00e9s dans du sucre en poudre et contiennent une riche saveur fruit\u00e9e. Il s'agit d'un bonbon appr\u00e9ci\u00e9 par les personnes de tous \u00e2ges. Ils conviennent aux achats en gros, \u00e0 la vente au d\u00e9tail ou \u00e0 la personnalisation de la marque, et r\u00e9pondent aux diff\u00e9rents besoins du march\u00e9.<\/p>\n<table style=\"border-collapse: collapse; width: 329.02pt;\" border=\"0\" width=\"329\" cellspacing=\"0\" cellpadding=\"0\">\n<tbody>\n<tr style=\"height: 17.60pt;\">\n<td class=\"et2\" style=\"height: 17.60pt; width: 110.80pt;\" width=\"110\" height=\"17\">Fabricant<\/td>\n<td class=\"et2\" style=\"width: 219.15pt;\" width=\"219\">LeChao Candy<\/td>\n<\/tr>\n<tr style=\"height: 18.00pt;\">\n<td class=\"et2\" style=\"height: 18.00pt;\" height=\"18\">Type de produit<\/td>\n<td class=\"et3\" style=\"width: 219.15pt;\" width=\"219\">Vers gommeux enrob\u00e9s de sucre<\/td>\n<\/tr>\n<tr style=\"height: 18.00pt;\">\n<td class=\"et2\" style=\"height: 18.00pt;\" height=\"18\">Le go\u00fbt<\/td>\n<td class=\"et3\" style=\"width: 219.15pt;\" width=\"219\">Aigre-doux et r\u00e9silient<\/td>\n<\/tr>\n<tr style=\"height: 17.60pt;\">\n<td class=\"et2\" style=\"height: 17.60pt;\" height=\"17\">Sp\u00e9cifications<\/td>\n<td class=\"et2\">120gX48sacs<\/td>\n<\/tr>\n<tr style=\"height: 17.60pt;\">\n<td class=\"et2\" style=\"height: 17.60pt;\" height=\"17\">Taille du carton<\/td>\n<td class=\"et2\">39*26*24cm<\/td>\n<\/tr>\n<tr style=\"height: 17.60pt;\">\n<td class=\"et2\" style=\"height: 17.60pt;\" height=\"17\">N.W.\/Carton<\/td>\n<td class=\"et2\">7,5 kg<\/td>\n<\/tr>\n<tr style=\"height: 17.60pt;\">\n<td class=\"et2\" style=\"height: 17.60pt;\" height=\"17\">Prix<\/td>\n<td class=\"et2\">0.55-0.57USD\/par sac<\/td>\n<\/tr>\n<tr style=\"height: 17.60pt;\">\n<td class=\"et2\" style=\"height: 17.60pt;\" height=\"17\">MOQ<\/td>\n<td class=\"et2\">500CTNS<\/td>\n<\/tr>\n<tr style=\"height: 17.60pt;\">\n<td class=\"et2\" style=\"height: 17.60pt;\" height=\"17\">\u00c9chantillon<\/td>\n<td class=\"et2\">Disponible<\/td>\n<\/tr>\n<\/tbody>\n<\/table>\n<p>&nbsp;<\/p>","protected":false},"featured_media":1336,"comment_status":"open","ping_status":"closed","template":"","meta":{"_acf_changed":false},"product_brand":[],"product_cat":[19,28],"product_tag":[],"class_list":{"0":"post-1330","1":"product","2":"type-product","3":"status-publish","4":"has-post-thumbnail","6":"product_cat-wholesale-gummy-manufacturer","7":"product_cat-bulk-sour-gummies","9":"first","10":"instock","11":"shipping-taxable","12":"product-type-simple"},"acf":[],"_links":{"self":[{"href":"https:\/\/www.lechaocandy.com\/fr\/wp-json\/wp\/v2\/product\/1330","targetHints":{"allow":["GET"]}}],"collection":[{"href":"https:\/\/www.lechaocandy.com\/fr\/wp-json\/wp\/v2\/product"}],"about":[{"href":"https:\/\/www.lechaocandy.com\/fr\/wp-json\/wp\/v2\/types\/product"}],"replies":[{"embeddable":true,"href":"https:\/\/www.lechaocandy.com\/fr\/wp-json\/wp\/v2\/comments?post=1330"}],"wp:featuredmedia":[{"embeddable":true,"href":"https:\/\/www.lechaocandy.com\/fr\/wp-json\/wp\/v2\/media\/1336"}],"wp:attachment":[{"href":"https:\/\/www.lechaocandy.com\/fr\/wp-json\/wp\/v2\/media?parent=1330"}],"wp:term":[{"taxonomy":"product_brand","embeddable":true,"href":"https:\/\/www.lechaocandy.com\/fr\/wp-json\/wp\/v2\/product_brand?post=1330"},{"taxonomy":"product_cat","embeddable":true,"href":"https:\/\/www.lechaocandy.com\/fr\/wp-json\/wp\/v2\/product_cat?post=1330"},{"taxonomy":"product_tag","embeddable":true,"href":"https:\/\/www.lechaocandy.com\/fr\/wp-json\/wp\/v2\/product_tag?post=1330"}],"curies":[{"name":"wp","href":"https:\/\/api.w.org\/{rel}","templated":true}]}}