{"id":1347,"date":"2025-07-01T09:36:55","date_gmt":"2025-07-01T09:36:55","guid":{"rendered":"https:\/\/www.lechaocandy.com\/?post_type=product&#038;p=1347"},"modified":"2025-07-01T09:45:21","modified_gmt":"2025-07-01T09:45:21","slug":"bulk-bags-of-gummy-candy","status":"publish","type":"product","link":"https:\/\/www.lechaocandy.com\/fr\/produit\/bulk-bags-of-gummy-candy\/","title":{"rendered":"LeChao Bulk Bags of Gummy Candy, 4D Gummy Blocks Wholesale"},"content":{"rendered":"<div class=\"wp-block-columns is-layout-flex wp-container-core-columns-is-layout-9d6595d7 wp-block-columns-is-layout-flex\"><div class=\"wp-block-column is-layout-flow wp-block-column-is-layout-flow\"><h2 class=\"wp-block-heading\">Produits phares des sacs de bonbons g\u00e9lifi\u00e9s en vrac<\/h2>\n\n<ul class=\"wp-block-list\"><li><strong>Le design des blocs de construction est tr\u00e8s amusant :<\/strong> Ces sacs de bonbons g\u00e9lifi\u00e9s en vrac peuvent \u00eatre assembl\u00e9s et combin\u00e9s comme des blocs de construction, ce qui est amusant et \u00e9ducatif, stimule l'imagination et l'habilet\u00e9 manuelle des enfants, et diff\u00e8re des bonbons g\u00e9lifi\u00e9s traditionnels, qui sont plus interactifs et attrayants.<\/li>\n\n<li><strong>Saveur fruit\u00e9e riche, go\u00fbt moelleux : <\/strong>Nous fournissons en gros des blocs de gomme 4D avec une vari\u00e9t\u00e9 de saveurs fruit\u00e9es classiques, avec des couleurs vives, douces et sucr\u00e9es dans la bouche, convenant aux consommateurs de tous \u00e2ges.<\/li>\n\n<li><strong>Normes de s\u00e9curit\u00e9 alimentaire, sans danger pour la sant\u00e9 : <\/strong>Nos sacs de bonbons g\u00e9lifi\u00e9s en vrac utilisent des mati\u00e8res premi\u00e8res de haute qualit\u00e9, sans conservateurs artificiels, sont conformes aux normes HACCP, ISO, Halal et autres normes internationales de s\u00e9curit\u00e9 alimentaire, et sont export\u00e9s vers de nombreux pays et r\u00e9gions du monde.<\/li>\n\n<li><strong>Convient aux ventes en gros et aux sous-emballages : <\/strong>Nos blocs de gomme 4D en gros sont disponibles en vrac dans diff\u00e9rentes sp\u00e9cifications, et conviennent aux zones de pesage en vrac des supermarch\u00e9s, aux activit\u00e9s des enfants, \u00e0 l'emballage des bo\u00eetes-cadeaux, aux paquets-cadeaux promotionnels et \u00e0 d'autres sc\u00e9narios de vente et d'utilisation.<\/li>\n\n<li><strong>Saveurs, formes et emballages personnalisables : <\/strong>LeChao propose des services de personnalisation OEM\/ODM flexibles pour les sacs de bonbons g\u00e9lifi\u00e9s en vrac, qui permettent d'adapter la taille des bonbons, la couleur, la saveur et la conception de l'emballage en fonction des besoins du march\u00e9 et du positionnement de la marque.<\/li><\/ul><\/div>\n\n<div class=\"wp-block-column is-layout-flow wp-block-column-is-layout-flow\"><figure class=\"wp-block-image size-full\"><img decoding=\"async\" width=\"800\" height=\"800\" src=\"https:\/\/www.lechaocandy.com\/wp-content\/uploads\/2025\/07\/LeChao-Bulk-Bags-of-Gummy-Candy-4D-Gummy-Blocks-Wholesale-1.webp\" alt=\"LeChao Bulk Bags of Gummy Candy, 4D Gummy Blocks Wholesale-1 (Sachets de bonbons g\u00e9lifi\u00e9s en vrac)\" class=\"wp-image-1348\" srcset=\"https:\/\/www.lechaocandy.com\/wp-content\/uploads\/2025\/07\/LeChao-Bulk-Bags-of-Gummy-Candy-4D-Gummy-Blocks-Wholesale-1.webp 800w, https:\/\/www.lechaocandy.com\/wp-content\/uploads\/2025\/07\/LeChao-Bulk-Bags-of-Gummy-Candy-4D-Gummy-Blocks-Wholesale-1-300x300.webp 300w, https:\/\/www.lechaocandy.com\/wp-content\/uploads\/2025\/07\/LeChao-Bulk-Bags-of-Gummy-Candy-4D-Gummy-Blocks-Wholesale-1-150x150.webp 150w, https:\/\/www.lechaocandy.com\/wp-content\/uploads\/2025\/07\/LeChao-Bulk-Bags-of-Gummy-Candy-4D-Gummy-Blocks-Wholesale-1-768x768.webp 768w, https:\/\/www.lechaocandy.com\/wp-content\/uploads\/2025\/07\/LeChao-Bulk-Bags-of-Gummy-Candy-4D-Gummy-Blocks-Wholesale-1-12x12.webp 12w, https:\/\/www.lechaocandy.com\/wp-content\/uploads\/2025\/07\/LeChao-Bulk-Bags-of-Gummy-Candy-4D-Gummy-Blocks-Wholesale-1-600x600.webp 600w, https:\/\/www.lechaocandy.com\/wp-content\/uploads\/2025\/07\/LeChao-Bulk-Bags-of-Gummy-Candy-4D-Gummy-Blocks-Wholesale-1-100x100.webp 100w\" sizes=\"(max-width: 800px) 100vw, 800px\" \/><\/figure><\/div><\/div>","protected":false},"excerpt":{"rendered":"<p>Nous vous invitons \u00e0 acheter en gros des blocs de gomme 4D. Nos sacs de bonbons g\u00e9lifi\u00e9s en vrac adoptent la conception de blocs de construction, permettent l'assemblage et la combinaison, et peuvent \u00eatre jou\u00e9s et mang\u00e9s. Le produit a un go\u00fbt moelleux, une riche saveur fruit\u00e9e et une apparence color\u00e9e.<\/p>\n<table style=\"border-collapse: collapse; width: 329.02pt;\" border=\"0\" width=\"329\" cellspacing=\"0\" cellpadding=\"0\">\n<tbody>\n<tr style=\"height: 17.60pt;\">\n<td class=\"et2\" style=\"height: 17.60pt; width: 110.80pt;\" width=\"110\" height=\"17\">Fabricant<\/td>\n<td class=\"et2\" style=\"width: 219.15pt;\" width=\"219\">LeChao Candy<\/td>\n<\/tr>\n<tr style=\"height: 18.00pt;\">\n<td class=\"et2\" style=\"height: 18.00pt;\" height=\"18\">Type de produit<\/td>\n<td class=\"et3\" style=\"width: 219.15pt;\" width=\"219\">Blocs de gomme 4D<\/td>\n<\/tr>\n<tr style=\"height: 18.00pt;\">\n<td class=\"et2\" style=\"height: 18.00pt;\" height=\"18\">Le go\u00fbt<\/td>\n<td class=\"et3\" style=\"width: 219.15pt;\" width=\"219\">Aigre-doux et r\u00e9silient<\/td>\n<\/tr>\n<tr style=\"height: 17.60pt;\">\n<td class=\"et2\" style=\"height: 17.60pt;\" height=\"17\">Sp\u00e9cifications<\/td>\n<td class=\"et2\">26gX20sacsX12bo\u00eetes<\/td>\n<\/tr>\n<tr style=\"height: 17.60pt;\">\n<td class=\"et2\" style=\"height: 17.60pt;\" height=\"17\">Taille du carton<\/td>\n<td class=\"et2\">39.5X31.5X31cm<\/td>\n<\/tr>\n<tr style=\"height: 17.60pt;\">\n<td class=\"et2\" style=\"height: 17.60pt;\" height=\"17\">N.W.\/Carton<\/td>\n<td class=\"et2\">8,2 kg<\/td>\n<\/tr>\n<tr style=\"height: 17.60pt;\">\n<td class=\"et2\" style=\"height: 17.60pt;\" height=\"17\">Prix<\/td>\n<td class=\"et2\">0,1-0,12USD\/par sac<\/td>\n<\/tr>\n<tr style=\"height: 17.60pt;\">\n<td class=\"et2\" style=\"height: 17.60pt;\" height=\"17\">MOQ<\/td>\n<td class=\"et2\">800CTNS<\/td>\n<\/tr>\n<tr style=\"height: 17.60pt;\">\n<td class=\"et2\" style=\"height: 17.60pt;\" height=\"17\">\u00c9chantillon<\/td>\n<td class=\"et2\">Disponible<\/td>\n<\/tr>\n<\/tbody>\n<\/table>","protected":false},"featured_media":1349,"comment_status":"open","ping_status":"closed","template":"","meta":{"_acf_changed":false},"product_brand":[],"product_cat":[19,24],"product_tag":[],"class_list":{"0":"post-1347","1":"product","2":"type-product","3":"status-publish","4":"has-post-thumbnail","6":"product_cat-wholesale-gummy-manufacturer","7":"product_cat-3d-gummy-candy-manufacturer","9":"first","10":"instock","11":"shipping-taxable","12":"product-type-simple"},"acf":[],"_links":{"self":[{"href":"https:\/\/www.lechaocandy.com\/fr\/wp-json\/wp\/v2\/product\/1347","targetHints":{"allow":["GET"]}}],"collection":[{"href":"https:\/\/www.lechaocandy.com\/fr\/wp-json\/wp\/v2\/product"}],"about":[{"href":"https:\/\/www.lechaocandy.com\/fr\/wp-json\/wp\/v2\/types\/product"}],"replies":[{"embeddable":true,"href":"https:\/\/www.lechaocandy.com\/fr\/wp-json\/wp\/v2\/comments?post=1347"}],"wp:featuredmedia":[{"embeddable":true,"href":"https:\/\/www.lechaocandy.com\/fr\/wp-json\/wp\/v2\/media\/1349"}],"wp:attachment":[{"href":"https:\/\/www.lechaocandy.com\/fr\/wp-json\/wp\/v2\/media?parent=1347"}],"wp:term":[{"taxonomy":"product_brand","embeddable":true,"href":"https:\/\/www.lechaocandy.com\/fr\/wp-json\/wp\/v2\/product_brand?post=1347"},{"taxonomy":"product_cat","embeddable":true,"href":"https:\/\/www.lechaocandy.com\/fr\/wp-json\/wp\/v2\/product_cat?post=1347"},{"taxonomy":"product_tag","embeddable":true,"href":"https:\/\/www.lechaocandy.com\/fr\/wp-json\/wp\/v2\/product_tag?post=1347"}],"curies":[{"name":"wp","href":"https:\/\/api.w.org\/{rel}","templated":true}]}}