{"id":1363,"date":"2025-07-01T10:03:27","date_gmt":"2025-07-01T10:03:27","guid":{"rendered":"https:\/\/www.lechaocandy.com\/?post_type=product&#038;p=1363"},"modified":"2025-10-08T09:20:34","modified_gmt":"2025-10-08T09:20:34","slug":"bulk-chewy-candies","status":"publish","type":"product","link":"https:\/\/www.lechaocandy.com\/fr\/produit\/bulk-chewy-candies\/","title":{"rendered":"Playful Bulk Chewy Candies, LeChao Tetris Gummies Wholesale"},"content":{"rendered":"<div class=\"wp-block-columns is-layout-flex wp-container-core-columns-is-layout-9d6595d7 wp-block-columns-is-layout-flex\"><div class=\"wp-block-column is-layout-flow wp-block-column-is-layout-flow\"><h2 class=\"wp-block-heading\">Produits phares des bonbons \u00e0 m\u00e2cher en vrac<\/h2>\n\n<ul class=\"wp-block-list\"><li><strong>Forme de bloc Tetris, pleine de cr\u00e9ativit\u00e9 :<\/strong> Ces bonbons \u00e0 m\u00e2cher en vrac s'inspirent du jeu Tetris et sont con\u00e7us avec une vari\u00e9t\u00e9 de formes de blocs classiques, qui peuvent \u00eatre assembl\u00e9s librement. Ils sont \u00e0 la fois jouables et int\u00e9ressants, ce qui attire les enfants et les amateurs de culture du jeu.<\/li>\n\n<li><strong>Corps de sucre transparent cristallin, apparence en ligne : <\/strong>Nos gommes Tetris en gros utilisent une formule de gomme transparente, le corps du sucre est aussi clair que du cristal, et avec des couleurs de fruits vives, il est tr\u00e8s accrocheur sur les \u00e9tag\u00e8res et les m\u00e9dias sociaux.<\/li>\n\n<li><strong>Ar\u00f4me fruit\u00e9, go\u00fbt riche : <\/strong>Nos bonbons \u00e0 m\u00e2cher en vrac utilisent des mati\u00e8res premi\u00e8res de g\u00e9latine de haute qualit\u00e9 pour donner au bonbon souplesse et \u00e9lasticit\u00e9, ainsi qu'une riche exp\u00e9rience de mastication. Une vari\u00e9t\u00e9 d'ar\u00f4mes de fruits (tels que myrtille, mangue, orange, pomme) apporte un plaisir gustatif vari\u00e9.<\/li>\n\n<li><strong>Vente en gros de gros paquets, adapt\u00e9e aux ventes multi-sc\u00e9narios : <\/strong>Nous fournissons des gommes Tetris en gros dans des sacs en vrac de grande capacit\u00e9 et de sp\u00e9cifications diverses, adapt\u00e9s au pesage en vrac dans les supermarch\u00e9s, aux sacs-cadeaux pour les f\u00eates d'enfants, aux paquets combin\u00e9s de snacks pour le commerce \u00e9lectronique ou aux coffrets-cadeaux pour les f\u00eates de fin d'ann\u00e9e.<\/li>\n\n<li><strong>Soutien aux services personnalis\u00e9s pour cr\u00e9er des bonbons cr\u00e9atifs exclusifs : <\/strong>LeChao propose des services OEM\/ODM flexibles pour les bonbons \u00e0 m\u00e2cher en vrac afin d'aider les clients \u00e0 se diff\u00e9rencier de leurs concurrents et \u00e0 d\u00e9velopper leurs marques.<\/li><\/ul><\/div>\n\n<div class=\"wp-block-column is-layout-flow wp-block-column-is-layout-flow\"><figure class=\"wp-block-image size-full\"><img decoding=\"async\" width=\"800\" height=\"800\" src=\"https:\/\/www.lechaocandy.com\/wp-content\/uploads\/2025\/07\/Playful-Bulk-Chewy-Candies-LeChao-Tetris-Gummies-Wholesale-4.webp\" alt=\"Bonbons \u00e0 m\u00e2cher en vrac, LeChao Tetris Gummies Wholesale-4\" class=\"wp-image-1364\" srcset=\"https:\/\/www.lechaocandy.com\/wp-content\/uploads\/2025\/07\/Playful-Bulk-Chewy-Candies-LeChao-Tetris-Gummies-Wholesale-4.webp 800w, https:\/\/www.lechaocandy.com\/wp-content\/uploads\/2025\/07\/Playful-Bulk-Chewy-Candies-LeChao-Tetris-Gummies-Wholesale-4-300x300.webp 300w, https:\/\/www.lechaocandy.com\/wp-content\/uploads\/2025\/07\/Playful-Bulk-Chewy-Candies-LeChao-Tetris-Gummies-Wholesale-4-150x150.webp 150w, https:\/\/www.lechaocandy.com\/wp-content\/uploads\/2025\/07\/Playful-Bulk-Chewy-Candies-LeChao-Tetris-Gummies-Wholesale-4-768x768.webp 768w, https:\/\/www.lechaocandy.com\/wp-content\/uploads\/2025\/07\/Playful-Bulk-Chewy-Candies-LeChao-Tetris-Gummies-Wholesale-4-12x12.webp 12w, https:\/\/www.lechaocandy.com\/wp-content\/uploads\/2025\/07\/Playful-Bulk-Chewy-Candies-LeChao-Tetris-Gummies-Wholesale-4-600x600.webp 600w, https:\/\/www.lechaocandy.com\/wp-content\/uploads\/2025\/07\/Playful-Bulk-Chewy-Candies-LeChao-Tetris-Gummies-Wholesale-4-100x100.webp 100w\" sizes=\"(max-width: 800px) 100vw, 800px\" \/><\/figure><\/div><\/div>","protected":false},"excerpt":{"rendered":"<p>Bienvenue sur le march\u00e9 des bonbons \u00e0 m\u00e2cher en vrac. Les gommes Tetris de LeChao sont color\u00e9es et fruit\u00e9es, avec des corps en sucre transparent, qui sont visuellement attrayants et de bon go\u00fbt. Ils conviennent aux ventes en vrac, aux emballages combin\u00e9s pour le commerce \u00e9lectronique, aux sacs-cadeaux pour les f\u00eates, etc.<\/p>\n<table style=\"border-collapse: collapse; width: 329.02pt;\" border=\"0\" width=\"329\" cellspacing=\"0\" cellpadding=\"0\">\n<tbody>\n<tr style=\"height: 17.60pt;\">\n<td class=\"et2\" style=\"height: 17.60pt; width: 110.80pt;\" width=\"110\" height=\"17\">Fabricant<\/td>\n<td class=\"et2\" style=\"width: 219.15pt;\" width=\"219\">LeChao Candy<\/td>\n<\/tr>\n<tr style=\"height: 18.00pt;\">\n<td class=\"et2\" style=\"height: 18.00pt;\" height=\"18\">Type de produit<\/td>\n<td class=\"et3\" style=\"width: 219.15pt;\" width=\"219\">Bonbons gommeux Tetris<\/td>\n<\/tr>\n<tr style=\"height: 18.00pt;\">\n<td class=\"et2\" style=\"height: 18.00pt;\" height=\"18\">Le go\u00fbt<\/td>\n<td class=\"et3\" style=\"width: 219.15pt;\" width=\"219\">Aigre-doux et r\u00e9silient<\/td>\n<\/tr>\n<tr style=\"height: 17.60pt;\">\n<td class=\"et2\" style=\"height: 17.60pt;\" height=\"17\">Sp\u00e9cifications<\/td>\n<td class=\"et2\">26gx20sacsx12bo\u00eetes<\/td>\n<\/tr>\n<tr style=\"height: 17.60pt;\">\n<td class=\"et2\" style=\"height: 17.60pt;\" height=\"17\">Taille du carton<\/td>\n<td class=\"et2\">39.5*31.5*31cm<\/td>\n<\/tr>\n<tr style=\"height: 17.60pt;\">\n<td class=\"et2\" style=\"height: 17.60pt;\" height=\"17\">N.W.\/Carton<\/td>\n<td class=\"et2\">9,0 kg<\/td>\n<\/tr>\n<tr style=\"height: 17.60pt;\">\n<td class=\"et2\" style=\"height: 17.60pt;\" height=\"17\">Prix<\/td>\n<td class=\"et2\">31.2USD<\/td>\n<\/tr>\n<tr style=\"height: 17.60pt;\">\n<td class=\"et2\" style=\"height: 17.60pt;\" height=\"17\">MOQ<\/td>\n<td class=\"et2\">500CTNS<\/td>\n<\/tr>\n<tr style=\"height: 17.60pt;\">\n<td class=\"et2\" style=\"height: 17.60pt;\" height=\"17\">\u00c9chantillon<\/td>\n<td class=\"et2\">Disponible<\/td>\n<\/tr>\n<\/tbody>\n<\/table>","protected":false},"featured_media":1366,"comment_status":"open","ping_status":"closed","template":"","meta":{"_acf_changed":false},"product_brand":[],"product_cat":[19],"product_tag":[],"class_list":{"0":"post-1363","1":"product","2":"type-product","3":"status-publish","4":"has-post-thumbnail","6":"product_cat-wholesale-gummy-manufacturer","8":"first","9":"instock","10":"shipping-taxable","11":"product-type-simple"},"acf":[],"_links":{"self":[{"href":"https:\/\/www.lechaocandy.com\/fr\/wp-json\/wp\/v2\/product\/1363","targetHints":{"allow":["GET"]}}],"collection":[{"href":"https:\/\/www.lechaocandy.com\/fr\/wp-json\/wp\/v2\/product"}],"about":[{"href":"https:\/\/www.lechaocandy.com\/fr\/wp-json\/wp\/v2\/types\/product"}],"replies":[{"embeddable":true,"href":"https:\/\/www.lechaocandy.com\/fr\/wp-json\/wp\/v2\/comments?post=1363"}],"wp:featuredmedia":[{"embeddable":true,"href":"https:\/\/www.lechaocandy.com\/fr\/wp-json\/wp\/v2\/media\/1366"}],"wp:attachment":[{"href":"https:\/\/www.lechaocandy.com\/fr\/wp-json\/wp\/v2\/media?parent=1363"}],"wp:term":[{"taxonomy":"product_brand","embeddable":true,"href":"https:\/\/www.lechaocandy.com\/fr\/wp-json\/wp\/v2\/product_brand?post=1363"},{"taxonomy":"product_cat","embeddable":true,"href":"https:\/\/www.lechaocandy.com\/fr\/wp-json\/wp\/v2\/product_cat?post=1363"},{"taxonomy":"product_tag","embeddable":true,"href":"https:\/\/www.lechaocandy.com\/fr\/wp-json\/wp\/v2\/product_tag?post=1363"}],"curies":[{"name":"wp","href":"https:\/\/api.w.org\/{rel}","templated":true}]}}