{"id":1368,"date":"2025-07-01T10:15:07","date_gmt":"2025-07-01T10:15:07","guid":{"rendered":"https:\/\/www.lechaocandy.com\/?post_type=product&#038;p=1368"},"modified":"2025-10-09T06:26:20","modified_gmt":"2025-10-09T06:26:20","slug":"jelly-rings-bulk","status":"publish","type":"product","link":"https:\/\/www.lechaocandy.com\/fr\/produit\/jelly-rings-bulk\/","title":{"rendered":"Lechao Jelly Rings Bulk, Fruity Sour Gummy Candy Wholesale"},"content":{"rendered":"<div class=\"wp-block-columns is-layout-flex wp-container-core-columns-is-layout-9d6595d7 wp-block-columns-is-layout-flex\"><div class=\"wp-block-column is-layout-flow wp-block-column-is-layout-flow\"><h2 class=\"wp-block-heading\">Produits phares des anneaux de gel\u00e9e en vrac<\/h2>\n\n<ul class=\"wp-block-list\"><li><strong>Forme classique d'anneau de sucre, populaire : <\/strong>Nos anneaux de gel\u00e9e en vrac adoptent le design traditionnel des anneaux de bonbons mous fruit\u00e9s, ronds et creux, enrob\u00e9s de sucre, d'apparence simple et conviviale, et sont les mod\u00e8les \u00e0 feuilles persistantes les plus vendus dans divers canaux.<\/li>\n\n<li><strong>Envelopp\u00e9 de poudre de sucre, aigre et sucr\u00e9 en plusieurs couches : <\/strong>Ces bonbons g\u00e9lifi\u00e9s en gros sont enrob\u00e9s de sucre fin ou de poudre de sucre acidul\u00e9 \u00e0 la surface, ce qui leur conf\u00e8re une l\u00e9g\u00e8re sensation de sable, avec un noyau fruit\u00e9 \u00e0 l'int\u00e9rieur, formant une exp\u00e9rience gustative multiple \"aigre et croustillante \u00e0 l'ext\u00e9rieur, souple \u00e0 l'int\u00e9rieur\".<\/li>\n\n<li><strong>Ar\u00f4me fruit\u00e9 riche : <\/strong>Nos anneaux de gel\u00e9e en vrac utilisent des mati\u00e8res premi\u00e8res de haute qualit\u00e9 \u00e0 base de gomme et des ar\u00f4mes naturels pour donner au corps en sucre une riche saveur fruit\u00e9e et un go\u00fbt \u00e9lastique, convenant aux enfants et aux adultes.<\/li>\n\n<li><strong>Adapt\u00e9 \u00e0 la vente multicanal, le grand emballage est plus flexible : <\/strong>Nos bonbons g\u00e9lifi\u00e9s en gros peuvent \u00eatre vendus selon diff\u00e9rents mod\u00e8les, tels que la vente en gros, l'emballage mixte quantitatif, l'emballage combin\u00e9 pour le commerce \u00e9lectronique, les paquets-cadeaux et les bonbons pour les f\u00eates, afin de r\u00e9pondre aux diff\u00e9rents besoins du march\u00e9.<\/li>\n\n<li><strong>Services de personnalisation OEM\/ODM : <\/strong>LeChao propose des services de personnalisation de la couleur, de l'ar\u00f4me, de la forme et de l'emballage pour les anneaux de gel\u00e9e en vrac, ce qui permet de cr\u00e9er une s\u00e9rie de bonbons exclusifs \u00e0 la marque et d'am\u00e9liorer la comp\u00e9titivit\u00e9 de la diff\u00e9renciation des produits.<\/li><\/ul><\/div>\n\n<div class=\"wp-block-column is-layout-flow wp-block-column-is-layout-flow\"><figure class=\"wp-block-image size-full\"><img decoding=\"async\" width=\"800\" height=\"800\" src=\"https:\/\/www.lechaocandy.com\/wp-content\/uploads\/2025\/07\/LeChao-Jelly-Rings-Bulk-Sugar-Coated-Gummy-Candy-Wholesale-6.webp\" alt=\"LeChao Jelly Rings Bulk, Bonbons g\u00e9lifi\u00e9s enrob\u00e9s de sucre Wholesale-6\" class=\"wp-image-1374\" srcset=\"https:\/\/www.lechaocandy.com\/wp-content\/uploads\/2025\/07\/LeChao-Jelly-Rings-Bulk-Sugar-Coated-Gummy-Candy-Wholesale-6.webp 800w, https:\/\/www.lechaocandy.com\/wp-content\/uploads\/2025\/07\/LeChao-Jelly-Rings-Bulk-Sugar-Coated-Gummy-Candy-Wholesale-6-300x300.webp 300w, https:\/\/www.lechaocandy.com\/wp-content\/uploads\/2025\/07\/LeChao-Jelly-Rings-Bulk-Sugar-Coated-Gummy-Candy-Wholesale-6-150x150.webp 150w, https:\/\/www.lechaocandy.com\/wp-content\/uploads\/2025\/07\/LeChao-Jelly-Rings-Bulk-Sugar-Coated-Gummy-Candy-Wholesale-6-768x768.webp 768w, https:\/\/www.lechaocandy.com\/wp-content\/uploads\/2025\/07\/LeChao-Jelly-Rings-Bulk-Sugar-Coated-Gummy-Candy-Wholesale-6-12x12.webp 12w, https:\/\/www.lechaocandy.com\/wp-content\/uploads\/2025\/07\/LeChao-Jelly-Rings-Bulk-Sugar-Coated-Gummy-Candy-Wholesale-6-600x600.webp 600w, https:\/\/www.lechaocandy.com\/wp-content\/uploads\/2025\/07\/LeChao-Jelly-Rings-Bulk-Sugar-Coated-Gummy-Candy-Wholesale-6-100x100.webp 100w\" sizes=\"(max-width: 800px) 100vw, 800px\" \/><\/figure><\/div><\/div>","protected":false},"excerpt":{"rendered":"<p>Nous vous invitons \u00e0 acheter des bonbons g\u00e9lifi\u00e9s en gros. Les anneaux g\u00e9lifi\u00e9s fruit\u00e9s en vrac de LeChao sont color\u00e9s, enrob\u00e9s de sucre fin en poudre et ont un go\u00fbt tr\u00e8s vari\u00e9. Il existe une grande vari\u00e9t\u00e9 de couleurs et de combinaisons fruit\u00e9es, et des services de personnalisation OEM sont propos\u00e9s.<\/p>\n<table style=\"border-collapse: collapse; width: 329.02pt;\" border=\"0\" width=\"329\" cellspacing=\"0\" cellpadding=\"0\">\n<tbody>\n<tr style=\"height: 17.60pt;\">\n<td class=\"et2\" style=\"height: 17.60pt; width: 110.80pt;\" width=\"110\" height=\"17\">Fabricant<\/td>\n<td class=\"et2\" style=\"width: 219.15pt;\" width=\"219\">LeChao Candy<\/td>\n<\/tr>\n<tr style=\"height: 18.00pt;\">\n<td class=\"et2\" style=\"height: 18.00pt;\" height=\"18\">Type de produit<\/td>\n<td class=\"et3\" style=\"width: 219.15pt;\" width=\"219\">Anneau de gomme<\/td>\n<\/tr>\n<tr style=\"height: 18.00pt;\">\n<td class=\"et2\" style=\"height: 18.00pt;\" height=\"18\">Le go\u00fbt<\/td>\n<td class=\"et3\" style=\"width: 219.15pt;\" width=\"219\">Aigre-doux et r\u00e9silient<\/td>\n<\/tr>\n<tr style=\"height: 17.60pt;\">\n<td class=\"et2\" style=\"height: 17.60pt;\" height=\"17\">Sp\u00e9cifications<\/td>\n<td class=\"et2\">120gX48sacs<\/td>\n<\/tr>\n<tr style=\"height: 17.60pt;\">\n<td class=\"et2\" style=\"height: 17.60pt;\" height=\"17\">Taille du carton<\/td>\n<td class=\"et2\">39*26*23cm<\/td>\n<\/tr>\n<tr style=\"height: 17.60pt;\">\n<td class=\"et2\" style=\"height: 17.60pt;\" height=\"17\">N.W.\/Carton<\/td>\n<td class=\"et2\">7,5 kg<\/td>\n<\/tr>\n<tr style=\"height: 17.60pt;\">\n<td class=\"et2\" style=\"height: 17.60pt;\" height=\"17\">Prix<\/td>\n<td class=\"et2\">24USD<\/td>\n<\/tr>\n<tr style=\"height: 17.60pt;\">\n<td class=\"et2\" style=\"height: 17.60pt;\" height=\"17\">MOQ<\/td>\n<td class=\"et2\">500CTNS<\/td>\n<\/tr>\n<tr style=\"height: 17.60pt;\">\n<td class=\"et2\" style=\"height: 17.60pt;\" height=\"17\">\u00c9chantillon<\/td>\n<td class=\"et2\">Disponible<\/td>\n<\/tr>\n<\/tbody>\n<\/table>","protected":false},"featured_media":1371,"comment_status":"open","ping_status":"closed","template":"","meta":{"_acf_changed":false},"product_brand":[],"product_cat":[19,28],"product_tag":[],"class_list":{"0":"post-1368","1":"product","2":"type-product","3":"status-publish","4":"has-post-thumbnail","6":"product_cat-wholesale-gummy-manufacturer","7":"product_cat-bulk-sour-gummies","9":"first","10":"instock","11":"shipping-taxable","12":"product-type-simple"},"acf":[],"_links":{"self":[{"href":"https:\/\/www.lechaocandy.com\/fr\/wp-json\/wp\/v2\/product\/1368","targetHints":{"allow":["GET"]}}],"collection":[{"href":"https:\/\/www.lechaocandy.com\/fr\/wp-json\/wp\/v2\/product"}],"about":[{"href":"https:\/\/www.lechaocandy.com\/fr\/wp-json\/wp\/v2\/types\/product"}],"replies":[{"embeddable":true,"href":"https:\/\/www.lechaocandy.com\/fr\/wp-json\/wp\/v2\/comments?post=1368"}],"wp:featuredmedia":[{"embeddable":true,"href":"https:\/\/www.lechaocandy.com\/fr\/wp-json\/wp\/v2\/media\/1371"}],"wp:attachment":[{"href":"https:\/\/www.lechaocandy.com\/fr\/wp-json\/wp\/v2\/media?parent=1368"}],"wp:term":[{"taxonomy":"product_brand","embeddable":true,"href":"https:\/\/www.lechaocandy.com\/fr\/wp-json\/wp\/v2\/product_brand?post=1368"},{"taxonomy":"product_cat","embeddable":true,"href":"https:\/\/www.lechaocandy.com\/fr\/wp-json\/wp\/v2\/product_cat?post=1368"},{"taxonomy":"product_tag","embeddable":true,"href":"https:\/\/www.lechaocandy.com\/fr\/wp-json\/wp\/v2\/product_tag?post=1368"}],"curies":[{"name":"wp","href":"https:\/\/api.w.org\/{rel}","templated":true}]}}