{"id":1376,"date":"2025-07-01T10:24:51","date_gmt":"2025-07-01T10:24:51","guid":{"rendered":"https:\/\/www.lechaocandy.com\/?post_type=product&#038;p=1376"},"modified":"2026-03-30T09:04:16","modified_gmt":"2026-03-30T09:04:16","slug":"bulk-jelly-rings","status":"publish","type":"product","link":"https:\/\/www.lechaocandy.com\/fr\/produit\/bulk-jelly-rings\/","title":{"rendered":"LeChao Fruity Bulk Jelly Rings, grossiste en bonbons g\u00e9lifi\u00e9s"},"content":{"rendered":"<div class=\"wp-block-columns is-layout-flex wp-container-core-columns-is-layout-9d6595d7 wp-block-columns-is-layout-flex\"><div class=\"wp-block-column is-layout-flow wp-block-column-is-layout-flow\"><h2 class=\"wp-block-heading\">Produits phares des anneaux de gel\u00e9e en vrac<\/h2>\n\n<ul class=\"wp-block-list\"><li><strong>La conception du corps en sucre lisse est plus rafra\u00eechissante et moins contraignante : <\/strong>Nos anneaux de gel\u00e9e en vrac sont doux \u00e0 la bouche et conviennent aux consommateurs qui recherchent des saveurs simples.<\/li>\n\n<li><strong>Doux et moelleux, riche en saveurs fruit\u00e9es : <\/strong>Ces bonbons g\u00e9lifi\u00e9s en gros utilisent une base de gomme de haute qualit\u00e9 et des ingr\u00e9dients fruit\u00e9s naturels pour apporter un go\u00fbt doux et moelleux, riche d'une vari\u00e9t\u00e9 de saveurs fruit\u00e9es, convenant aux personnes de tous \u00e2ges.<\/li>\n\n<li><strong>Forme classique d'anneau de sucre, couleurs attrayantes : <\/strong>La forme circulaire de ces anneaux de gel\u00e9e en vrac est facile \u00e0 saisir et \u00e0 manger, et la combinaison de couleurs est brillante et pleine, ce qui a un excellent effet de pr\u00e9sentation dans les rayons en vrac, les pages de commerce \u00e9lectronique ou les emballages de bo\u00eetes cadeaux.<\/li>\n\n<li><strong>La vente en gros d'un grand nombre d'emballages convient \u00e0 une grande vari\u00e9t\u00e9 de sc\u00e9narios de vente : <\/strong>Nous proposons une vari\u00e9t\u00e9 d'options de capacit\u00e9 pour les bonbons g\u00e9lifi\u00e9s en gros, adapt\u00e9s \u00e0 une vari\u00e9t\u00e9 de canaux commerciaux tels que le vrac, l'emballage de d\u00e9tail, les paquets combin\u00e9s de commerce \u00e9lectronique, les paquets de snacks pour enfants, les bo\u00eetes-cadeaux de bonbons pour les f\u00eates, etc.<\/li>\n\n<li><strong>La prise en charge de couleurs et d'ar\u00f4mes personnalis\u00e9s permet de cr\u00e9er des marques de bonbons exclusives : <\/strong>LeChao propose des services OEM\/ODM pour les anneaux de gel\u00e9e en vrac, permettant de personnaliser les couleurs des anneaux de sucre, les ar\u00f4mes de fruits, les mod\u00e8les de sacs d'emballage et les \u00e9tiquettes afin de r\u00e9pondre aux diff\u00e9rents besoins du march\u00e9 et au positionnement de la marque.<\/li><\/ul><\/div>\n\n<div class=\"wp-block-column is-layout-flow wp-block-column-is-layout-flow\"><figure class=\"wp-block-image size-full\"><img decoding=\"async\" width=\"800\" height=\"800\" src=\"https:\/\/www.lechaocandy.com\/wp-content\/uploads\/2025\/07\/LeChao-Bulk-Jelly-Rings-Wholesale-Gummy-Ring-Candies-3.webp\" alt=\"LeChao Bulk Jelly Rings, grossiste en bonbons g\u00e9lifi\u00e9s - 3\" class=\"wp-image-1379\" srcset=\"https:\/\/www.lechaocandy.com\/wp-content\/uploads\/2025\/07\/LeChao-Bulk-Jelly-Rings-Wholesale-Gummy-Ring-Candies-3.webp 800w, https:\/\/www.lechaocandy.com\/wp-content\/uploads\/2025\/07\/LeChao-Bulk-Jelly-Rings-Wholesale-Gummy-Ring-Candies-3-300x300.webp 300w, https:\/\/www.lechaocandy.com\/wp-content\/uploads\/2025\/07\/LeChao-Bulk-Jelly-Rings-Wholesale-Gummy-Ring-Candies-3-150x150.webp 150w, https:\/\/www.lechaocandy.com\/wp-content\/uploads\/2025\/07\/LeChao-Bulk-Jelly-Rings-Wholesale-Gummy-Ring-Candies-3-768x768.webp 768w, https:\/\/www.lechaocandy.com\/wp-content\/uploads\/2025\/07\/LeChao-Bulk-Jelly-Rings-Wholesale-Gummy-Ring-Candies-3-12x12.webp 12w, https:\/\/www.lechaocandy.com\/wp-content\/uploads\/2025\/07\/LeChao-Bulk-Jelly-Rings-Wholesale-Gummy-Ring-Candies-3-600x600.webp 600w, https:\/\/www.lechaocandy.com\/wp-content\/uploads\/2025\/07\/LeChao-Bulk-Jelly-Rings-Wholesale-Gummy-Ring-Candies-3-100x100.webp 100w\" sizes=\"(max-width: 800px) 100vw, 800px\" \/><\/figure><\/div><\/div><figure class=\"wp-block-embed is-type-video is-provider-youtube wp-block-embed-youtube wp-embed-aspect-16-9 wp-has-aspect-ratio\"><div class=\"wp-block-embed__wrapper\">\n<iframe title=\"Candy Ring Gummies \ud83d\udc8d Perfect for Weddings, Gifts &amp; Party Favors\" width=\"500\" height=\"281\" src=\"https:\/\/www.youtube.com\/embed\/caiIGJFmYFY?feature=oembed\" frameborder=\"0\" allow=\"accelerometer; autoplay; clipboard-write; encrypted-media; gyroscope; picture-in-picture; web-share\" referrerpolicy=\"strict-origin-when-cross-origin\" allowfullscreen><\/iframe>\n<\/div><\/figure>","protected":false},"excerpt":{"rendered":"<p>Bienvenue sur le site de LeChao pour acheter des bonbons g\u00e9lifi\u00e9s en gros. Les bonbons g\u00e9lifi\u00e9s en vrac de LeChao ont des couleurs vives et une vari\u00e9t\u00e9 de saveurs fruit\u00e9es. Ils ont la forme d'anneaux de sucre ronds et creux et ont un go\u00fbt doux et \u00e9lastique.<\/p>\n<table style=\"border-collapse: collapse; width: 329.02pt;\" border=\"0\" width=\"329\" cellspacing=\"0\" cellpadding=\"0\">\n<tbody>\n<tr style=\"height: 17.60pt;\">\n<td class=\"et2\" style=\"height: 17.60pt; width: 110.80pt;\" width=\"110\" height=\"17\">Fabricant<\/td>\n<td class=\"et2\" style=\"width: 219.15pt;\" width=\"219\">LeChao Candy<\/td>\n<\/tr>\n<tr style=\"height: 18.00pt;\">\n<td class=\"et2\" style=\"height: 18.00pt;\" height=\"18\">Type de produit<\/td>\n<td class=\"et3\" style=\"width: 219.15pt;\" width=\"219\">Anneau de gomme<\/td>\n<\/tr>\n<tr style=\"height: 18.00pt;\">\n<td class=\"et2\" style=\"height: 18.00pt;\" height=\"18\">Le go\u00fbt<\/td>\n<td class=\"et3\" style=\"width: 219.15pt;\" width=\"219\">Aigre-doux et r\u00e9silient<\/td>\n<\/tr>\n<tr style=\"height: 17.60pt;\">\n<td class=\"et2\" style=\"height: 17.60pt;\" height=\"17\">Sp\u00e9cifications<\/td>\n<td class=\"et2\">25gx24pcsx12boxes<\/td>\n<\/tr>\n<tr style=\"height: 17.60pt;\">\n<td class=\"et2\" style=\"height: 17.60pt;\" height=\"17\">Taille du carton<\/td>\n<td class=\"et2\">42.5x31x20cm<\/td>\n<\/tr>\n<tr style=\"height: 17.60pt;\">\n<td class=\"et2\" style=\"height: 17.60pt;\" height=\"17\">N.W.\/Carton<\/td>\n<td class=\"et2\">9,0 kg<\/td>\n<\/tr>\n<tr style=\"height: 17.60pt;\">\n<td class=\"et2\" style=\"height: 17.60pt;\" height=\"17\">Prix<\/td>\n<td class=\"et2\">19.6USD<\/td>\n<\/tr>\n<tr style=\"height: 17.60pt;\">\n<td class=\"et2\" style=\"height: 17.60pt;\" height=\"17\">MOQ<\/td>\n<td class=\"et2\">500CTNS<\/td>\n<\/tr>\n<tr style=\"height: 17.60pt;\">\n<td class=\"et2\" style=\"height: 17.60pt;\" height=\"17\">\u00c9chantillon<\/td>\n<td class=\"et2\">Disponible<\/td>\n<\/tr>\n<\/tbody>\n<\/table>","protected":false},"featured_media":1380,"comment_status":"open","ping_status":"closed","template":"","meta":{"_acf_changed":false},"product_brand":[],"product_cat":[19],"product_tag":[],"class_list":{"0":"post-1376","1":"product","2":"type-product","3":"status-publish","4":"has-post-thumbnail","6":"product_cat-wholesale-gummy-manufacturer","8":"first","9":"instock","10":"shipping-taxable","11":"product-type-simple"},"acf":[],"_links":{"self":[{"href":"https:\/\/www.lechaocandy.com\/fr\/wp-json\/wp\/v2\/product\/1376","targetHints":{"allow":["GET"]}}],"collection":[{"href":"https:\/\/www.lechaocandy.com\/fr\/wp-json\/wp\/v2\/product"}],"about":[{"href":"https:\/\/www.lechaocandy.com\/fr\/wp-json\/wp\/v2\/types\/product"}],"replies":[{"embeddable":true,"href":"https:\/\/www.lechaocandy.com\/fr\/wp-json\/wp\/v2\/comments?post=1376"}],"wp:featuredmedia":[{"embeddable":true,"href":"https:\/\/www.lechaocandy.com\/fr\/wp-json\/wp\/v2\/media\/1380"}],"wp:attachment":[{"href":"https:\/\/www.lechaocandy.com\/fr\/wp-json\/wp\/v2\/media?parent=1376"}],"wp:term":[{"taxonomy":"product_brand","embeddable":true,"href":"https:\/\/www.lechaocandy.com\/fr\/wp-json\/wp\/v2\/product_brand?post=1376"},{"taxonomy":"product_cat","embeddable":true,"href":"https:\/\/www.lechaocandy.com\/fr\/wp-json\/wp\/v2\/product_cat?post=1376"},{"taxonomy":"product_tag","embeddable":true,"href":"https:\/\/www.lechaocandy.com\/fr\/wp-json\/wp\/v2\/product_tag?post=1376"}],"curies":[{"name":"wp","href":"https:\/\/api.w.org\/{rel}","templated":true}]}}