{"id":1391,"date":"2025-07-11T09:38:42","date_gmt":"2025-07-11T09:38:42","guid":{"rendered":"https:\/\/www.lechaocandy.com\/?post_type=product&#038;p=1391"},"modified":"2025-07-12T01:20:40","modified_gmt":"2025-07-12T01:20:40","slug":"gummy-hearts-bulk","status":"publish","type":"product","link":"https:\/\/www.lechaocandy.com\/fr\/produit\/gummy-hearts-bulk\/","title":{"rendered":"LeChao Gummy Hearts Bulk, Chewy Gummy Candies Wholesale (Bonbons g\u00e9lifi\u00e9s \u00e0 m\u00e2cher)"},"content":{"rendered":"<div class=\"wp-block-columns is-layout-flex wp-container-core-columns-is-layout-9d6595d7 wp-block-columns-is-layout-flex\"><div class=\"wp-block-column is-layout-flow wp-block-column-is-layout-flow\"><h2 class=\"wp-block-heading\">Points forts du produit Gummy Hearts Bulk<\/h2>\n\n<ul class=\"wp-block-list\"><li><strong>Forme cr\u00e9ative, pizza en forme de c\u0153ur : <\/strong>Ces c\u0153urs en gomme en vrac peuvent \u00eatre assembl\u00e9s en une forme de pizza compl\u00e8te, avec un design unique, qui attire l'attention, et am\u00e9liorent l'amusement et l'exp\u00e9rience de partage.<\/li>\n\n<li><strong>Emballage ind\u00e9pendant, propre et hygi\u00e9nique : <\/strong>Ces bonbons g\u00e9lifi\u00e9s en gros sont emball\u00e9s individuellement, faciles \u00e0 transporter et \u00e0 distribuer, ce qui permet de conserver la fra\u00eecheur et l'hygi\u00e8ne du produit.<\/li>\n\n<li><strong>Go\u00fbt moelleux, couches riches : <\/strong>Nos c\u0153urs gommeux en vrac sont doux et moelleux, et le go\u00fbt sucr\u00e9 est lib\u00e9r\u00e9 imm\u00e9diatement, ce qui procure une exp\u00e9rience gustative riche, tr\u00e8s appr\u00e9ci\u00e9e des enfants et des jeunes.<\/li>\n\n<li><strong>Couleurs vives et attrait visuel : <\/strong>Nos bonbons g\u00e9lifi\u00e9s en gros sont color\u00e9s et en forme de c\u0153ur, ce qui est tr\u00e8s d\u00e9coratif et constitue un choix de bonbons populaire sur le march\u00e9 des f\u00eates et des cadeaux.<\/li>\n\n<li><strong>Fourniture en gros, meilleure vente sur le march\u00e9 : <\/strong>Nos c\u0153urs en gomme en vrac conviennent \u00e0 la vente au d\u00e9tail, \u00e0 l'assortiment de coffrets-cadeaux et \u00e0 la vente en vrac lors de f\u00eates, avec un volume d'emballage important et une marge b\u00e9n\u00e9ficiaire consid\u00e9rable.<\/li><\/ul><\/div>\n\n<div class=\"wp-block-column is-layout-flow wp-block-column-is-layout-flow\"><figure class=\"wp-block-image size-full\"><img decoding=\"async\" width=\"750\" height=\"800\" src=\"https:\/\/www.lechaocandy.com\/wp-content\/uploads\/2025\/07\/LeChao-Gummy-Hearts-Bulk-Chewy-Gummy-Candies-Wholesale-2.webp\" alt=\"LeChao Gummy Hearts Bulk, Chewy Gummy Candies Wholesale-2\" class=\"wp-image-1393\" srcset=\"https:\/\/www.lechaocandy.com\/wp-content\/uploads\/2025\/07\/LeChao-Gummy-Hearts-Bulk-Chewy-Gummy-Candies-Wholesale-2.webp 750w, https:\/\/www.lechaocandy.com\/wp-content\/uploads\/2025\/07\/LeChao-Gummy-Hearts-Bulk-Chewy-Gummy-Candies-Wholesale-2-281x300.webp 281w, https:\/\/www.lechaocandy.com\/wp-content\/uploads\/2025\/07\/LeChao-Gummy-Hearts-Bulk-Chewy-Gummy-Candies-Wholesale-2-11x12.webp 11w, https:\/\/www.lechaocandy.com\/wp-content\/uploads\/2025\/07\/LeChao-Gummy-Hearts-Bulk-Chewy-Gummy-Candies-Wholesale-2-600x640.webp 600w\" sizes=\"(max-width: 750px) 100vw, 750px\" \/><\/figure><\/div><\/div>","protected":false},"excerpt":{"rendered":"<p>Bienvenue sur le site de LeChao pour acheter des bonbons g\u00e9lifi\u00e9s en gros. Les c\u0153urs en gomme de LeChao en vrac sont des bonbons mous cr\u00e9atifs en forme de c\u0153ur. 5 c\u0153urs sont combin\u00e9s pour former une \"pizza sucr\u00e9e\". La forme est unique et int\u00e9ressante, et convient aux bo\u00eetes de cadeaux de vacances, aux activit\u00e9s de f\u00eate et aux ventes en gros.<\/p>\n<table style=\"border-collapse: collapse; width: 329.02pt;\" border=\"0\" width=\"329\" cellspacing=\"0\" cellpadding=\"0\">\n<tbody>\n<tr style=\"height: 17.60pt;\">\n<td class=\"et2\" style=\"height: 17.60pt; width: 110.80pt;\" width=\"110\" height=\"17\">Fabricant<\/td>\n<td class=\"et2\" style=\"width: 219.15pt;\" width=\"219\">LeChao Candy<\/td>\n<\/tr>\n<tr style=\"height: 18.00pt;\">\n<td class=\"et2\" style=\"height: 18.00pt;\" height=\"18\">Type de produit<\/td>\n<td class=\"et3\" style=\"width: 219.15pt;\" width=\"219\">C\u0153urs en gomme<\/td>\n<\/tr>\n<tr style=\"height: 18.00pt;\">\n<td class=\"et2\" style=\"height: 18.00pt;\" height=\"18\">Le go\u00fbt<\/td>\n<td class=\"et3\" style=\"width: 219.15pt;\" width=\"219\">Aigre-doux et r\u00e9silient<\/td>\n<\/tr>\n<tr style=\"height: 17.60pt;\">\n<td class=\"et2\" style=\"height: 17.60pt;\" height=\"17\">Sp\u00e9cifications<\/td>\n<td class=\"et2\">15gx24pcsx12boxes<\/td>\n<\/tr>\n<tr style=\"height: 17.60pt;\">\n<td class=\"et2\" style=\"height: 17.60pt;\" height=\"17\">Taille du carton<\/td>\n<td class=\"et2\">42\u00d732.5\u00d725.5cm<\/td>\n<\/tr>\n<tr style=\"height: 17.60pt;\">\n<td class=\"et2\" style=\"height: 17.60pt;\" height=\"17\">N.W.\/Carton<\/td>\n<td class=\"et2\">7,0 kg<\/td>\n<\/tr>\n<tr style=\"height: 17.60pt;\">\n<td class=\"et2\" style=\"height: 17.60pt;\" height=\"17\">Prix<\/td>\n<td class=\"et2\">19.6USD<\/td>\n<\/tr>\n<tr style=\"height: 17.60pt;\">\n<td class=\"et2\" style=\"height: 17.60pt;\" height=\"17\">MOQ<\/td>\n<td class=\"et2\">500CTNS<\/td>\n<\/tr>\n<tr style=\"height: 17.60pt;\">\n<td class=\"et2\" style=\"height: 17.60pt;\" height=\"17\">\u00c9chantillon<\/td>\n<td class=\"et2\">Disponible<\/td>\n<\/tr>\n<\/tbody>\n<\/table>\n<p>&nbsp;<\/p>","protected":false},"featured_media":1392,"comment_status":"open","ping_status":"closed","template":"","meta":{"_acf_changed":false},"product_brand":[],"product_cat":[19],"product_tag":[],"class_list":{"0":"post-1391","1":"product","2":"type-product","3":"status-publish","4":"has-post-thumbnail","6":"product_cat-wholesale-gummy-manufacturer","8":"first","9":"instock","10":"shipping-taxable","11":"product-type-simple"},"acf":[],"_links":{"self":[{"href":"https:\/\/www.lechaocandy.com\/fr\/wp-json\/wp\/v2\/product\/1391","targetHints":{"allow":["GET"]}}],"collection":[{"href":"https:\/\/www.lechaocandy.com\/fr\/wp-json\/wp\/v2\/product"}],"about":[{"href":"https:\/\/www.lechaocandy.com\/fr\/wp-json\/wp\/v2\/types\/product"}],"replies":[{"embeddable":true,"href":"https:\/\/www.lechaocandy.com\/fr\/wp-json\/wp\/v2\/comments?post=1391"}],"wp:featuredmedia":[{"embeddable":true,"href":"https:\/\/www.lechaocandy.com\/fr\/wp-json\/wp\/v2\/media\/1392"}],"wp:attachment":[{"href":"https:\/\/www.lechaocandy.com\/fr\/wp-json\/wp\/v2\/media?parent=1391"}],"wp:term":[{"taxonomy":"product_brand","embeddable":true,"href":"https:\/\/www.lechaocandy.com\/fr\/wp-json\/wp\/v2\/product_brand?post=1391"},{"taxonomy":"product_cat","embeddable":true,"href":"https:\/\/www.lechaocandy.com\/fr\/wp-json\/wp\/v2\/product_cat?post=1391"},{"taxonomy":"product_tag","embeddable":true,"href":"https:\/\/www.lechaocandy.com\/fr\/wp-json\/wp\/v2\/product_tag?post=1391"}],"curies":[{"name":"wp","href":"https:\/\/api.w.org\/{rel}","templated":true}]}}