{"id":1401,"date":"2025-07-12T01:28:41","date_gmt":"2025-07-12T01:28:41","guid":{"rendered":"https:\/\/www.lechaocandy.com\/?post_type=product&#038;p=1401"},"modified":"2026-03-30T08:55:35","modified_gmt":"2026-03-30T08:55:35","slug":"pizza-gummies-bulk","status":"publish","type":"product","link":"https:\/\/www.lechaocandy.com\/fr\/produit\/pizza-gummies-bulk\/","title":{"rendered":"LeChao Pizza Gummies Bulk, Playful Gummy Candy Wholesale"},"content":{"rendered":"<div class=\"wp-block-columns is-layout-flex wp-container-core-columns-is-layout-9d6595d7 wp-block-columns-is-layout-flex\"><div class=\"wp-block-column is-layout-flow wp-block-column-is-layout-flow\"><h2 class=\"wp-block-heading\">Points forts du produit Pizza Gummies Bulk<\/h2>\n\n<ul class=\"wp-block-list\"><li><strong>Une forme de pizza cr\u00e9ative et amusante : <\/strong>Ces gommes \u00e0 pizza en vrac peuvent \u00eatre combin\u00e9es pour former une pizza compl\u00e8te avec 5 tranches de gomme, attirant ainsi les enfants et les jeunes consommateurs et renfor\u00e7ant le plaisir d'acheter.<\/li>\n\n<li><strong>L'emballage individuel, avec une petite fourchette, est plus intime :<\/strong> Nos bonbons g\u00e9lifi\u00e9s sont emball\u00e9s individuellement et accompagn\u00e9s d'une petite fourchette, qui est pratique et pr\u00eate \u00e0 \u00eatre consomm\u00e9e, propre et c\u00e9r\u00e9monielle.<\/li>\n\n<li><strong>Couleurs vives, fort attrait visuel : <\/strong>Nos gommes \u00e0 pizza en vrac ont une vari\u00e9t\u00e9 de combinaisons de couleurs, simulent les ingr\u00e9dients de la pizza, sont brillantes et accrocheuses, et am\u00e9liorent les effets d'affichage et la conversion des ventes.<\/li>\n\n<li><strong>Doux et moelleux, sucr\u00e9 mais pas gras : <\/strong>Nos bonbons g\u00e9lifi\u00e9s whoelsale sont s\u00e9lectionn\u00e9s \u00e0 l'aide d'une formule, leur go\u00fbt se situe entre la gel\u00e9e et la gomme, ils sont moelleux et riches en couches.<\/li>\n\n<li><strong>Convient aux march\u00e9s de gros et de cadeaux : <\/strong>Nos gommes \u00e0 pizza en vrac conviennent \u00e0 la vente au d\u00e9tail, aux cadeaux de f\u00eate, aux bo\u00eetes-cadeaux festives et \u00e0 d'autres sc\u00e9narios de vente, avec de larges marges b\u00e9n\u00e9ficiaires.<\/li><\/ul><\/div>\n\n<div class=\"wp-block-column is-layout-flow wp-block-column-is-layout-flow\"><figure class=\"wp-block-image size-full\"><img decoding=\"async\" width=\"800\" height=\"800\" src=\"https:\/\/www.lechaocandy.com\/wp-content\/uploads\/2025\/07\/LeChao-Pizza-Gummies-Bulk-Playful-Gummy-Candy-Wholesale-1.webp\" alt=\"LeChao Pizza Gummies Bulk, Bonbons gommeux ludiques Wholesale-1\" class=\"wp-image-1402\" srcset=\"https:\/\/www.lechaocandy.com\/wp-content\/uploads\/2025\/07\/LeChao-Pizza-Gummies-Bulk-Playful-Gummy-Candy-Wholesale-1.webp 800w, https:\/\/www.lechaocandy.com\/wp-content\/uploads\/2025\/07\/LeChao-Pizza-Gummies-Bulk-Playful-Gummy-Candy-Wholesale-1-300x300.webp 300w, https:\/\/www.lechaocandy.com\/wp-content\/uploads\/2025\/07\/LeChao-Pizza-Gummies-Bulk-Playful-Gummy-Candy-Wholesale-1-150x150.webp 150w, https:\/\/www.lechaocandy.com\/wp-content\/uploads\/2025\/07\/LeChao-Pizza-Gummies-Bulk-Playful-Gummy-Candy-Wholesale-1-768x768.webp 768w, https:\/\/www.lechaocandy.com\/wp-content\/uploads\/2025\/07\/LeChao-Pizza-Gummies-Bulk-Playful-Gummy-Candy-Wholesale-1-12x12.webp 12w, https:\/\/www.lechaocandy.com\/wp-content\/uploads\/2025\/07\/LeChao-Pizza-Gummies-Bulk-Playful-Gummy-Candy-Wholesale-1-600x600.webp 600w, https:\/\/www.lechaocandy.com\/wp-content\/uploads\/2025\/07\/LeChao-Pizza-Gummies-Bulk-Playful-Gummy-Candy-Wholesale-1-100x100.webp 100w\" sizes=\"(max-width: 800px) 100vw, 800px\" \/><\/figure><\/div><\/div><figure class=\"wp-block-embed is-type-video is-provider-youtube wp-block-embed-youtube wp-embed-aspect-16-9 wp-has-aspect-ratio\"><div class=\"wp-block-embed__wrapper\">\n<iframe title=\"Bonbons g\u00e9lifi\u00e9s \u00e0 la pizza\" width=\"500\" height=\"281\" src=\"https:\/\/www.youtube.com\/embed\/3JPfWgArVes?feature=oembed\" frameborder=\"0\" allow=\"accelerometer; autoplay; clipboard-write; encrypted-media; gyroscope; picture-in-picture; web-share\" referrerpolicy=\"strict-origin-when-cross-origin\" allowfullscreen><\/iframe>\n<\/div><\/figure>","protected":false},"excerpt":{"rendered":"<p>Bienvenue sur le site d'achat de bonbons g\u00e9lifi\u00e9s de whoelsale. Nos gommes pizza en vrac combinent astucieusement la gourmandise et l'amusement. 5 mini gommes \u00e0 pizza sont assembl\u00e9es pour former une mignonne \"pizza dessert\". Chaque morceau est emball\u00e9 individuellement et muni d'une petite fourchette, ce qui est pratique pour le d\u00e9guster et le nettoyer.<\/p>\n<table style=\"border-collapse: collapse; width: 329.02pt;\" border=\"0\" width=\"329\" cellspacing=\"0\" cellpadding=\"0\">\n<tbody>\n<tr style=\"height: 17.60pt;\">\n<td class=\"et2\" style=\"height: 17.60pt; width: 110.80pt;\" width=\"110\" height=\"17\">Fabricant<\/td>\n<td class=\"et2\" style=\"width: 219.15pt;\" width=\"219\">LeChao Candy<\/td>\n<\/tr>\n<tr style=\"height: 18.00pt;\">\n<td class=\"et2\" style=\"height: 18.00pt;\" height=\"18\">Type de produit<\/td>\n<td class=\"et3\" style=\"width: 219.15pt;\" width=\"219\">Bonbons g\u00e9lifi\u00e9s \u00e0 la pizza<\/td>\n<\/tr>\n<tr style=\"height: 18.00pt;\">\n<td class=\"et2\" style=\"height: 18.00pt;\" height=\"18\">Le go\u00fbt<\/td>\n<td class=\"et3\" style=\"width: 219.15pt;\" width=\"219\">Aigre-doux et r\u00e9silient<\/td>\n<\/tr>\n<tr style=\"height: 17.60pt;\">\n<td class=\"et2\" style=\"height: 17.60pt;\" height=\"17\">Sp\u00e9cifications<\/td>\n<td class=\"et2\">15gx24pcsx12boxes<\/td>\n<\/tr>\n<tr style=\"height: 17.60pt;\">\n<td class=\"et2\" style=\"height: 17.60pt;\" height=\"17\">Taille du carton<\/td>\n<td class=\"et2\">42\u00d732.5\u00d725.5cm<\/td>\n<\/tr>\n<tr style=\"height: 17.60pt;\">\n<td class=\"et2\" style=\"height: 17.60pt;\" height=\"17\">N.W.\/Carton<\/td>\n<td class=\"et2\">7,0 kg<\/td>\n<\/tr>\n<tr style=\"height: 17.60pt;\">\n<td class=\"et2\" style=\"height: 17.60pt;\" height=\"17\">Prix<\/td>\n<td class=\"et2\">19.6USD<\/td>\n<\/tr>\n<tr style=\"height: 17.60pt;\">\n<td class=\"et2\" style=\"height: 17.60pt;\" height=\"17\">MOQ<\/td>\n<td class=\"et2\">800CTNS<\/td>\n<\/tr>\n<tr style=\"height: 17.60pt;\">\n<td class=\"et2\" style=\"height: 17.60pt;\" height=\"17\">\u00c9chantillon<\/td>\n<td class=\"et2\">Disponible<\/td>\n<\/tr>\n<\/tbody>\n<\/table>\n<p>&nbsp;<\/p>","protected":false},"featured_media":1403,"comment_status":"open","ping_status":"closed","template":"","meta":{"_acf_changed":false},"product_brand":[],"product_cat":[19],"product_tag":[],"class_list":{"0":"post-1401","1":"product","2":"type-product","3":"status-publish","4":"has-post-thumbnail","6":"product_cat-wholesale-gummy-manufacturer","8":"first","9":"instock","10":"shipping-taxable","11":"product-type-simple"},"acf":[],"_links":{"self":[{"href":"https:\/\/www.lechaocandy.com\/fr\/wp-json\/wp\/v2\/product\/1401","targetHints":{"allow":["GET"]}}],"collection":[{"href":"https:\/\/www.lechaocandy.com\/fr\/wp-json\/wp\/v2\/product"}],"about":[{"href":"https:\/\/www.lechaocandy.com\/fr\/wp-json\/wp\/v2\/types\/product"}],"replies":[{"embeddable":true,"href":"https:\/\/www.lechaocandy.com\/fr\/wp-json\/wp\/v2\/comments?post=1401"}],"wp:featuredmedia":[{"embeddable":true,"href":"https:\/\/www.lechaocandy.com\/fr\/wp-json\/wp\/v2\/media\/1403"}],"wp:attachment":[{"href":"https:\/\/www.lechaocandy.com\/fr\/wp-json\/wp\/v2\/media?parent=1401"}],"wp:term":[{"taxonomy":"product_brand","embeddable":true,"href":"https:\/\/www.lechaocandy.com\/fr\/wp-json\/wp\/v2\/product_brand?post=1401"},{"taxonomy":"product_cat","embeddable":true,"href":"https:\/\/www.lechaocandy.com\/fr\/wp-json\/wp\/v2\/product_cat?post=1401"},{"taxonomy":"product_tag","embeddable":true,"href":"https:\/\/www.lechaocandy.com\/fr\/wp-json\/wp\/v2\/product_tag?post=1401"}],"curies":[{"name":"wp","href":"https:\/\/api.w.org\/{rel}","templated":true}]}}