{"id":1406,"date":"2025-07-12T01:49:16","date_gmt":"2025-07-12T01:49:16","guid":{"rendered":"https:\/\/www.lechaocandy.com\/?post_type=product&#038;p=1406"},"modified":"2025-07-12T01:57:32","modified_gmt":"2025-07-12T01:57:32","slug":"halal-gummies-bulk","status":"publish","type":"product","link":"https:\/\/www.lechaocandy.com\/fr\/produit\/halal-gummies-bulk\/","title":{"rendered":"LeChao Halal Gummies Bulk, Bonbons \u00e0 la gomme ludiques pour le tennis de table"},"content":{"rendered":"<div class=\"wp-block-columns is-layout-flex wp-container-core-columns-is-layout-9d6595d7 wp-block-columns-is-layout-flex\"><div class=\"wp-block-column is-layout-flow wp-block-column-is-layout-flow\"><h2 class=\"wp-block-heading\">Points forts du produit Halal Gummies Bulk<\/h2>\n\n<ul class=\"wp-block-list\"><li><strong>Forme cr\u00e9ative, combinaison de balles de ping-pong et de raquettes : <\/strong>Le design de ces gommes halal en vrac s'inspire du tennis de table. La combinaison des raquettes et des balles est int\u00e9ressante et attire l'attention des enfants et des amateurs de sport.<\/li>\n\n<li><strong>Certification halal, commercialisation \u00e0 l'\u00e9chelle mondiale : <\/strong>Ces bonbons g\u00e9lifi\u00e9s r\u00e9pondent aux normes alimentaires halal et conviennent \u00e0 un plus large \u00e9ventail de consommateurs, notamment sur des march\u00e9s tels que le Moyen-Orient et l'Asie du Sud-Est.<\/li>\n\n<li><strong>Couleur et effet d'affichage satisfaisant : <\/strong>Nos gommes halal en vrac utilisent une vari\u00e9t\u00e9 de couleurs vives pour am\u00e9liorer l'attrait du rayon et favoriser des ventes rapides.<\/li>\n\n<li><strong>Emballage individuel, pratique et hygi\u00e9nique : <\/strong>Nos bonbons g\u00e9lifi\u00e9s en vente libre sont emball\u00e9s individuellement pour faciliter la distribution, le transport et le stockage, et conviennent aux f\u00eates et aux sc\u00e9narios de vente au d\u00e9tail.<\/li>\n\n<li><strong>Doux et moelleux, go\u00fbt riche : <\/strong>Nos gommes halal en vrac sont moelleuses et non collantes, avec un ar\u00f4me sucr\u00e9 et fruit\u00e9, et sont appr\u00e9ci\u00e9es par les consommateurs de tous \u00e2ges.<\/li><\/ul><\/div>\n\n<div class=\"wp-block-column is-layout-flow wp-block-column-is-layout-flow\"><figure class=\"wp-block-image size-full\"><img decoding=\"async\" width=\"800\" height=\"800\" src=\"https:\/\/www.lechaocandy.com\/wp-content\/uploads\/2025\/07\/LeChao-Halal-Gummies-Bulk-Playful-Table-Tennis-Gummy-Candy-2.webp\" alt=\"LeChao Halal Gummies Bulk, Playful Table Tennis Gummy Candy-2\" class=\"wp-image-1408\" srcset=\"https:\/\/www.lechaocandy.com\/wp-content\/uploads\/2025\/07\/LeChao-Halal-Gummies-Bulk-Playful-Table-Tennis-Gummy-Candy-2.webp 800w, https:\/\/www.lechaocandy.com\/wp-content\/uploads\/2025\/07\/LeChao-Halal-Gummies-Bulk-Playful-Table-Tennis-Gummy-Candy-2-300x300.webp 300w, https:\/\/www.lechaocandy.com\/wp-content\/uploads\/2025\/07\/LeChao-Halal-Gummies-Bulk-Playful-Table-Tennis-Gummy-Candy-2-150x150.webp 150w, https:\/\/www.lechaocandy.com\/wp-content\/uploads\/2025\/07\/LeChao-Halal-Gummies-Bulk-Playful-Table-Tennis-Gummy-Candy-2-768x768.webp 768w, https:\/\/www.lechaocandy.com\/wp-content\/uploads\/2025\/07\/LeChao-Halal-Gummies-Bulk-Playful-Table-Tennis-Gummy-Candy-2-12x12.webp 12w, https:\/\/www.lechaocandy.com\/wp-content\/uploads\/2025\/07\/LeChao-Halal-Gummies-Bulk-Playful-Table-Tennis-Gummy-Candy-2-600x600.webp 600w, https:\/\/www.lechaocandy.com\/wp-content\/uploads\/2025\/07\/LeChao-Halal-Gummies-Bulk-Playful-Table-Tennis-Gummy-Candy-2-100x100.webp 100w\" sizes=\"(max-width: 800px) 100vw, 800px\" \/><\/figure><\/div><\/div>","protected":false},"excerpt":{"rendered":"<p>Bienvenue sur le site d'achat de bonbons g\u00e9lifi\u00e9s de whoelsale. Ces gommes halal en vrac ont des formes cr\u00e9atives de balles de ping-pong et de raquettes, avec des couleurs vives et des formes \u00e9clatantes, sp\u00e9cialement con\u00e7ues pour les consommateurs qui aiment le sport et les bonbons amusants.<\/p>\n<table style=\"border-collapse: collapse; width: 329.02pt;\" border=\"0\" width=\"329\" cellspacing=\"0\" cellpadding=\"0\">\n<tbody>\n<tr style=\"height: 17.60pt;\">\n<td class=\"et2\" style=\"height: 17.60pt; width: 110.80pt;\" width=\"110\" height=\"17\">Fabricant<\/td>\n<td class=\"et2\" style=\"width: 219.15pt;\" width=\"219\">LeChao Candy<\/td>\n<\/tr>\n<tr style=\"height: 18.00pt;\">\n<td class=\"et2\" style=\"height: 18.00pt;\" height=\"18\">Type de produit<\/td>\n<td class=\"et3\" style=\"width: 219.15pt;\" width=\"219\">Bonbons \u00e0 la gomme pour le tennis de table<\/td>\n<\/tr>\n<tr style=\"height: 18.00pt;\">\n<td class=\"et2\" style=\"height: 18.00pt;\" height=\"18\">Le go\u00fbt<\/td>\n<td class=\"et3\" style=\"width: 219.15pt;\" width=\"219\">Aigre-doux et r\u00e9silient<\/td>\n<\/tr>\n<tr style=\"height: 17.60pt;\">\n<td class=\"et2\" style=\"height: 17.60pt;\" height=\"17\">Sp\u00e9cifications<\/td>\n<td class=\"et2\">15gx24pcsx12boxes<\/td>\n<\/tr>\n<tr style=\"height: 17.60pt;\">\n<td class=\"et2\" style=\"height: 17.60pt;\" height=\"17\">Taille du carton<\/td>\n<td class=\"et2\">39*29*26.5cm<\/td>\n<\/tr>\n<tr style=\"height: 17.60pt;\">\n<td class=\"et2\" style=\"height: 17.60pt;\" height=\"17\">N.W.\/Carton<\/td>\n<td class=\"et2\">7,0 kg<\/td>\n<\/tr>\n<tr style=\"height: 17.60pt;\">\n<td class=\"et2\" style=\"height: 17.60pt;\" height=\"17\">Prix<\/td>\n<td class=\"et2\">19.6USD<\/td>\n<\/tr>\n<tr style=\"height: 17.60pt;\">\n<td class=\"et2\" style=\"height: 17.60pt;\" height=\"17\">MOQ<\/td>\n<td class=\"et2\">500CTNS<\/td>\n<\/tr>\n<tr style=\"height: 17.60pt;\">\n<td class=\"et2\" style=\"height: 17.60pt;\" height=\"17\">\u00c9chantillon<\/td>\n<td class=\"et2\">Disponible<\/td>\n<\/tr>\n<\/tbody>\n<\/table>\n<p>&nbsp;<\/p>","protected":false},"featured_media":1407,"comment_status":"open","ping_status":"closed","template":"","meta":{"_acf_changed":false},"product_brand":[],"product_cat":[19],"product_tag":[],"class_list":{"0":"post-1406","1":"product","2":"type-product","3":"status-publish","4":"has-post-thumbnail","6":"product_cat-wholesale-gummy-manufacturer","8":"first","9":"instock","10":"shipping-taxable","11":"product-type-simple"},"acf":[],"_links":{"self":[{"href":"https:\/\/www.lechaocandy.com\/fr\/wp-json\/wp\/v2\/product\/1406","targetHints":{"allow":["GET"]}}],"collection":[{"href":"https:\/\/www.lechaocandy.com\/fr\/wp-json\/wp\/v2\/product"}],"about":[{"href":"https:\/\/www.lechaocandy.com\/fr\/wp-json\/wp\/v2\/types\/product"}],"replies":[{"embeddable":true,"href":"https:\/\/www.lechaocandy.com\/fr\/wp-json\/wp\/v2\/comments?post=1406"}],"wp:featuredmedia":[{"embeddable":true,"href":"https:\/\/www.lechaocandy.com\/fr\/wp-json\/wp\/v2\/media\/1407"}],"wp:attachment":[{"href":"https:\/\/www.lechaocandy.com\/fr\/wp-json\/wp\/v2\/media?parent=1406"}],"wp:term":[{"taxonomy":"product_brand","embeddable":true,"href":"https:\/\/www.lechaocandy.com\/fr\/wp-json\/wp\/v2\/product_brand?post=1406"},{"taxonomy":"product_cat","embeddable":true,"href":"https:\/\/www.lechaocandy.com\/fr\/wp-json\/wp\/v2\/product_cat?post=1406"},{"taxonomy":"product_tag","embeddable":true,"href":"https:\/\/www.lechaocandy.com\/fr\/wp-json\/wp\/v2\/product_tag?post=1406"}],"curies":[{"name":"wp","href":"https:\/\/api.w.org\/{rel}","templated":true}]}}