{"id":1434,"date":"2025-07-15T08:19:34","date_gmt":"2025-07-15T08:19:34","guid":{"rendered":"https:\/\/www.lechaocandy.com\/?post_type=product&#038;p=1434"},"modified":"2025-07-15T08:27:58","modified_gmt":"2025-07-15T08:27:58","slug":"gummy-candy-mix-bulk","status":"publish","type":"product","link":"https:\/\/www.lechaocandy.com\/fr\/produit\/gummy-candy-mix-bulk\/","title":{"rendered":"LeChao Gummy Candy Mix Bulk, 3D Duck Gummies Wholesale"},"content":{"rendered":"<div class=\"wp-block-columns is-layout-flex wp-container-core-columns-is-layout-9d6595d7 wp-block-columns-is-layout-flex\"><div class=\"wp-block-column is-layout-flow wp-block-column-is-layout-flow\"><h2 class=\"wp-block-heading\">Points forts du produit M\u00e9lange de bonbons g\u00e9lifi\u00e9s en vrac<\/h2>\n\n<ul class=\"wp-block-list\"><li><strong>En forme de canard, mignon et vivant :<\/strong> Ce m\u00e9lange de bonbons g\u00e9lifi\u00e9s en vrac utilise la technologie tridimensionnelle 3D pour cr\u00e9er une forme de canard, qui est vivante et r\u00e9aliste, attrayante et renforce la reconnaissance du produit.<\/li>\n\n<li><strong>Quatre couleurs et quatre couleurs avec de multiples saveurs, une exp\u00e9rience de mastication riche :<\/strong> Ces gommes 3D\/4D en gros contiennent 4 couleurs et ar\u00f4mes de fruits diff\u00e9rents, sucr\u00e9s et acidul\u00e9s, et r\u00e9pondent aux pr\u00e9f\u00e9rences gustatives des diff\u00e9rents consommateurs.<\/li>\n\n<li><strong>Emballage pratique en sac, adapt\u00e9 aux ventes multi-sc\u00e8nes :<\/strong> Notre m\u00e9lange de bonbons g\u00e9lifi\u00e9s en vrac est conditionn\u00e9 dans des sachets de 125 g, faciles \u00e0 transporter et adapt\u00e9s aux supermarch\u00e9s, aux magasins de proximit\u00e9, aux paquets-cadeaux et \u00e0 d'autres canaux de vente.<\/li>\n\n<li><strong>Go\u00fbt doux et \u00e9lastique, formule s\u00e9lectionn\u00e9e de haute qualit\u00e9 : <\/strong>Nos gommes 3D\/4D en gros s\u00e9lectionnent des mati\u00e8res premi\u00e8res de type bonbons mous, ont un go\u00fbt doux et non collant, et une saveur pure, tr\u00e8s appr\u00e9ci\u00e9e par les consommateurs de tous \u00e2ges.<\/li>\n\n<li><strong>Aspect attrayant + go\u00fbt d\u00e9licieux, valeur ajout\u00e9e pour la vente au d\u00e9tail : <\/strong>Ce m\u00e9lange de bonbons g\u00e9lifi\u00e9s en vrac a une forme mignonne et un corps sucr\u00e9 d\u00e9licieux, convenant \u00e0 divers sc\u00e9narios de consommation tels que les festivals, les f\u00eates, les combinaisons de cadeaux, etc.<\/li><\/ul><\/div>\n\n<div class=\"wp-block-column is-layout-flow wp-block-column-is-layout-flow\"><figure class=\"wp-block-image size-full\"><img decoding=\"async\" width=\"800\" height=\"800\" src=\"https:\/\/www.lechaocandy.com\/wp-content\/uploads\/2025\/07\/LeChao-Gummy-Candy-Mix-Bulk-3D-Duck-Gummies-Wholesale-3.webp\" alt=\"LeChao Gummy Candy Mix Bulk, 3D Duck Gummies Wholesale-3\" class=\"wp-image-1437\" srcset=\"https:\/\/www.lechaocandy.com\/wp-content\/uploads\/2025\/07\/LeChao-Gummy-Candy-Mix-Bulk-3D-Duck-Gummies-Wholesale-3.webp 800w, https:\/\/www.lechaocandy.com\/wp-content\/uploads\/2025\/07\/LeChao-Gummy-Candy-Mix-Bulk-3D-Duck-Gummies-Wholesale-3-300x300.webp 300w, https:\/\/www.lechaocandy.com\/wp-content\/uploads\/2025\/07\/LeChao-Gummy-Candy-Mix-Bulk-3D-Duck-Gummies-Wholesale-3-150x150.webp 150w, https:\/\/www.lechaocandy.com\/wp-content\/uploads\/2025\/07\/LeChao-Gummy-Candy-Mix-Bulk-3D-Duck-Gummies-Wholesale-3-768x768.webp 768w, https:\/\/www.lechaocandy.com\/wp-content\/uploads\/2025\/07\/LeChao-Gummy-Candy-Mix-Bulk-3D-Duck-Gummies-Wholesale-3-12x12.webp 12w, https:\/\/www.lechaocandy.com\/wp-content\/uploads\/2025\/07\/LeChao-Gummy-Candy-Mix-Bulk-3D-Duck-Gummies-Wholesale-3-600x600.webp 600w, https:\/\/www.lechaocandy.com\/wp-content\/uploads\/2025\/07\/LeChao-Gummy-Candy-Mix-Bulk-3D-Duck-Gummies-Wholesale-3-100x100.webp 100w\" sizes=\"(max-width: 800px) 100vw, 800px\" \/><\/figure><\/div><\/div>","protected":false},"excerpt":{"rendered":"<p>Bienvenue pour acheter des gommes 3D\/4D en gros. LeChao's duck gummy candy mix bulk contient 4 saveurs et couleurs diff\u00e9rentes, avec des couleurs vives et des saveurs vari\u00e9es, convenant \u00e0 la vente au d\u00e9tail, aux paquets cadeaux pour les f\u00eates et aux cha\u00eenes de restauration rapide.<\/p>\n<table style=\"border-collapse: collapse; width: 329.02pt;\" border=\"0\" width=\"329\" cellspacing=\"0\" cellpadding=\"0\">\n<tbody>\n<tr style=\"height: 17.60pt;\">\n<td class=\"et2\" style=\"height: 17.60pt; width: 110.80pt;\" width=\"110\" height=\"17\">Fabricant<\/td>\n<td class=\"et2\" style=\"width: 219.15pt;\" width=\"219\">LeChao Candy<\/td>\n<\/tr>\n<tr style=\"height: 18.00pt;\">\n<td class=\"et2\" style=\"height: 18.00pt;\" height=\"18\">Type de produit<\/td>\n<td class=\"et3\" style=\"width: 219.15pt;\" width=\"219\">Bonbons g\u00e9lifi\u00e9s 3D Canard<\/td>\n<\/tr>\n<tr style=\"height: 18.00pt;\">\n<td class=\"et2\" style=\"height: 18.00pt;\" height=\"18\">Le go\u00fbt<\/td>\n<td class=\"et3\" style=\"width: 219.15pt;\" width=\"219\">Aigre-doux et r\u00e9silient<\/td>\n<\/tr>\n<tr style=\"height: 17.60pt;\">\n<td class=\"et2\" style=\"height: 17.60pt;\" height=\"17\">Sp\u00e9cifications<\/td>\n<td class=\"et2\">125gX48sacs<\/td>\n<\/tr>\n<tr style=\"height: 17.60pt;\">\n<td class=\"et2\" style=\"height: 17.60pt;\" height=\"17\">Taille du carton<\/td>\n<td class=\"et2\">39X26X23cm<\/td>\n<\/tr>\n<tr style=\"height: 17.60pt;\">\n<td class=\"et2\" style=\"height: 17.60pt;\" height=\"17\">N.W.\/Carton<\/td>\n<td class=\"et2\">7,8 kg<\/td>\n<\/tr>\n<tr style=\"height: 17.60pt;\">\n<td class=\"et2\" style=\"height: 17.60pt;\" height=\"17\">Prix<\/td>\n<td class=\"et2\">0.35-0.38USD<\/td>\n<\/tr>\n<tr style=\"height: 17.60pt;\">\n<td class=\"et2\" style=\"height: 17.60pt;\" height=\"17\">MOQ<\/td>\n<td class=\"et2\">800CTNS<\/td>\n<\/tr>\n<tr style=\"height: 17.60pt;\">\n<td class=\"et2\" style=\"height: 17.60pt;\" height=\"17\">\u00c9chantillon<\/td>\n<td class=\"et2\">Disponible<\/td>\n<\/tr>\n<\/tbody>\n<\/table>\n<p>&nbsp;<\/p>","protected":false},"featured_media":1438,"comment_status":"open","ping_status":"closed","template":"","meta":{"_acf_changed":false},"product_brand":[],"product_cat":[24,19],"product_tag":[],"class_list":{"0":"post-1434","1":"product","2":"type-product","3":"status-publish","4":"has-post-thumbnail","6":"product_cat-3d-gummy-candy-manufacturer","7":"product_cat-wholesale-gummy-manufacturer","9":"first","10":"instock","11":"shipping-taxable","12":"product-type-simple"},"acf":[],"_links":{"self":[{"href":"https:\/\/www.lechaocandy.com\/fr\/wp-json\/wp\/v2\/product\/1434","targetHints":{"allow":["GET"]}}],"collection":[{"href":"https:\/\/www.lechaocandy.com\/fr\/wp-json\/wp\/v2\/product"}],"about":[{"href":"https:\/\/www.lechaocandy.com\/fr\/wp-json\/wp\/v2\/types\/product"}],"replies":[{"embeddable":true,"href":"https:\/\/www.lechaocandy.com\/fr\/wp-json\/wp\/v2\/comments?post=1434"}],"wp:featuredmedia":[{"embeddable":true,"href":"https:\/\/www.lechaocandy.com\/fr\/wp-json\/wp\/v2\/media\/1438"}],"wp:attachment":[{"href":"https:\/\/www.lechaocandy.com\/fr\/wp-json\/wp\/v2\/media?parent=1434"}],"wp:term":[{"taxonomy":"product_brand","embeddable":true,"href":"https:\/\/www.lechaocandy.com\/fr\/wp-json\/wp\/v2\/product_brand?post=1434"},{"taxonomy":"product_cat","embeddable":true,"href":"https:\/\/www.lechaocandy.com\/fr\/wp-json\/wp\/v2\/product_cat?post=1434"},{"taxonomy":"product_tag","embeddable":true,"href":"https:\/\/www.lechaocandy.com\/fr\/wp-json\/wp\/v2\/product_tag?post=1434"}],"curies":[{"name":"wp","href":"https:\/\/api.w.org\/{rel}","templated":true}]}}