{"id":1477,"date":"2025-07-21T07:48:33","date_gmt":"2025-07-21T07:48:33","guid":{"rendered":"https:\/\/www.lechaocandy.com\/?post_type=product&#038;p=1477"},"modified":"2025-07-21T07:55:41","modified_gmt":"2025-07-21T07:55:41","slug":"wholesale-gummy-sweets","status":"publish","type":"product","link":"https:\/\/www.lechaocandy.com\/fr\/produit\/wholesale-gummy-sweets\/","title":{"rendered":"LeChao Wholesale Gummy Sweets, 3D Hamburger Gummy Candy (bonbons g\u00e9lifi\u00e9s au hamburger)"},"content":{"rendered":"<div class=\"wp-block-columns is-layout-flex wp-container-core-columns-is-layout-9d6595d7 wp-block-columns-is-layout-flex\"><div class=\"wp-block-column is-layout-flow wp-block-column-is-layout-flow\"><h2 class=\"wp-block-heading\">Produits phares de la vente en gros de bonbons g\u00e9lifi\u00e9s<\/h2>\n\n<ul class=\"wp-block-list\"><li><strong>Design 3D amusant et r\u00e9aliste du hamburger : <\/strong>Ces bonbons g\u00e9lifi\u00e9s en gros en forme de hamburger ont une forme tridimensionnelle innovante en 3D, avec des couches claires et des d\u00e9tails exquis. Ils sont tr\u00e8s appr\u00e9ci\u00e9s des enfants et des jeunes consommateurs et renforcent l'attrait ludique et visuel du produit.<\/li>\n\n<li><strong>Fourniture directe par l'usine : <\/strong>Nos bonbons g\u00e9lifi\u00e9s en vrac sont vendus directement par l'usine, ce qui r\u00e9duit les co\u00fbts d'approvisionnement, garantit la qualit\u00e9 du produit et une capacit\u00e9 d'approvisionnement stable, et se pr\u00eate \u00e0 une coop\u00e9ration \u00e0 long terme avec les grossistes.<\/li>\n\n<li><strong>Prix de gros comp\u00e9titifs : <\/strong>Nous proposons des prix de gros comp\u00e9titifs pour les bonbons g\u00e9lifi\u00e9s afin d'aider les clients \u00e0 obtenir des marges b\u00e9n\u00e9ficiaires plus \u00e9lev\u00e9es, adapt\u00e9es \u00e0 la vente au d\u00e9tail, \u00e0 la promotion ou \u00e0 la distribution.<\/li>\n\n<li><strong>Solutions d'emballage personnalisables :<\/strong> Nos bonbons g\u00e9lifi\u00e9s en vrac prennent en charge les services de personnalisation OEM\/ODM, et peuvent personnaliser la conception de l'emballage, les \u00e9tiquettes linguistiques, le LOGO, etc. selon les besoins du client pour renforcer l'exclusivit\u00e9 de la marque.<\/li>\n\n<li><strong>Parfait pour les cadeaux, les f\u00eates et les promotions : <\/strong>Ces bonbons g\u00e9lifi\u00e9s 3D en forme de hamburger conviennent aux bo\u00eetes-cadeaux de vacances, aux f\u00eates d'enfants, aux bo\u00eetes de bonbons \u00e0 l'aveugle et \u00e0 d'autres sc\u00e9narios visant \u00e0 accro\u00eetre la valeur ajout\u00e9e et la diversit\u00e9 du march\u00e9.<\/li><\/ul><\/div>\n\n<div class=\"wp-block-column is-layout-flow wp-block-column-is-layout-flow\"><figure class=\"wp-block-image size-full\"><img decoding=\"async\" width=\"800\" height=\"800\" src=\"https:\/\/www.lechaocandy.com\/wp-content\/uploads\/2025\/07\/LeChao-Wholesale-Gummy-Sweets-3D-Hamburger-Gummy-Candy-3.webp\" alt=\"LeChao Grossiste Bonbons \u00e0 la gomme, Bonbons \u00e0 la gomme Hamburger 3D-3\" class=\"wp-image-1480\" srcset=\"https:\/\/www.lechaocandy.com\/wp-content\/uploads\/2025\/07\/LeChao-Wholesale-Gummy-Sweets-3D-Hamburger-Gummy-Candy-3.webp 800w, https:\/\/www.lechaocandy.com\/wp-content\/uploads\/2025\/07\/LeChao-Wholesale-Gummy-Sweets-3D-Hamburger-Gummy-Candy-3-300x300.webp 300w, https:\/\/www.lechaocandy.com\/wp-content\/uploads\/2025\/07\/LeChao-Wholesale-Gummy-Sweets-3D-Hamburger-Gummy-Candy-3-150x150.webp 150w, https:\/\/www.lechaocandy.com\/wp-content\/uploads\/2025\/07\/LeChao-Wholesale-Gummy-Sweets-3D-Hamburger-Gummy-Candy-3-768x768.webp 768w, https:\/\/www.lechaocandy.com\/wp-content\/uploads\/2025\/07\/LeChao-Wholesale-Gummy-Sweets-3D-Hamburger-Gummy-Candy-3-12x12.webp 12w, https:\/\/www.lechaocandy.com\/wp-content\/uploads\/2025\/07\/LeChao-Wholesale-Gummy-Sweets-3D-Hamburger-Gummy-Candy-3-600x600.webp 600w, https:\/\/www.lechaocandy.com\/wp-content\/uploads\/2025\/07\/LeChao-Wholesale-Gummy-Sweets-3D-Hamburger-Gummy-Candy-3-100x100.webp 100w\" sizes=\"(max-width: 800px) 100vw, 800px\" \/><\/figure><\/div><\/div>","protected":false},"excerpt":{"rendered":"<p>Bienvenue sur le site d'achat en gros de bonbons g\u00e9lifi\u00e9s. Les bonbons g\u00e9lifi\u00e9s LeChao 3D en forme de hamburger en vrac ont une structure tridimensionnelle en couches et sont tr\u00e8s amusants. Nos bonbons mous sont vendus directement \u00e0 l'usine \u00e0 un prix comp\u00e9titif.<\/p>\n<table style=\"border-collapse: collapse; width: 329.02pt;\" border=\"0\" width=\"329\" cellspacing=\"0\" cellpadding=\"0\">\n<tbody>\n<tr style=\"height: 17.60pt;\">\n<td class=\"et2\" style=\"height: 17.60pt; width: 110.80pt;\" width=\"110\" height=\"17\">Fabricant<\/td>\n<td class=\"et2\" style=\"width: 219.15pt;\" width=\"219\">LeChao Candy<\/td>\n<\/tr>\n<tr style=\"height: 18.00pt;\">\n<td class=\"et2\" style=\"height: 18.00pt;\" height=\"18\">Type de produit<\/td>\n<td class=\"et3\" style=\"width: 219.15pt;\" width=\"219\">Bonbons g\u00e9lifi\u00e9s 3D Hamburger<\/td>\n<\/tr>\n<tr style=\"height: 18.00pt;\">\n<td class=\"et2\" style=\"height: 18.00pt;\" height=\"18\">Le go\u00fbt<\/td>\n<td class=\"et3\" style=\"width: 219.15pt;\" width=\"219\">Aigre-doux et r\u00e9silient<\/td>\n<\/tr>\n<tr style=\"height: 17.60pt;\">\n<td class=\"et2\" style=\"height: 17.60pt;\" height=\"17\">Sp\u00e9cifications<\/td>\n<td class=\"et2\">22gX20sacsX12bo\u00eetes<\/td>\n<\/tr>\n<tr style=\"height: 17.60pt;\">\n<td class=\"et2\" style=\"height: 17.60pt;\" height=\"17\">Taille du carton<\/td>\n<td class=\"et2\">39.5X31.5X31cm<\/td>\n<\/tr>\n<tr style=\"height: 17.60pt;\">\n<td class=\"et2\" style=\"height: 17.60pt;\" height=\"17\">N.W.\/Carton<\/td>\n<td class=\"et2\">8,3 kg<\/td>\n<\/tr>\n<tr style=\"height: 17.60pt;\">\n<td class=\"et2\" style=\"height: 17.60pt;\" height=\"17\">Prix<\/td>\n<td class=\"et2\">0,1-0,12USD\/par sac<\/td>\n<\/tr>\n<tr style=\"height: 17.60pt;\">\n<td class=\"et2\" style=\"height: 17.60pt;\" height=\"17\">MOQ<\/td>\n<td class=\"et2\">1000CTNS<\/td>\n<\/tr>\n<tr style=\"height: 17.60pt;\">\n<td class=\"et2\" style=\"height: 17.60pt;\" height=\"17\">\u00c9chantillon<\/td>\n<td class=\"et2\">Disponible<\/td>\n<\/tr>\n<\/tbody>\n<\/table>\n<p>&nbsp;<\/p>","protected":false},"featured_media":1479,"comment_status":"open","ping_status":"closed","template":"","meta":{"_acf_changed":false},"product_brand":[],"product_cat":[24,19],"product_tag":[],"class_list":{"0":"post-1477","1":"product","2":"type-product","3":"status-publish","4":"has-post-thumbnail","6":"product_cat-3d-gummy-candy-manufacturer","7":"product_cat-wholesale-gummy-manufacturer","9":"first","10":"instock","11":"shipping-taxable","12":"product-type-simple"},"acf":[],"_links":{"self":[{"href":"https:\/\/www.lechaocandy.com\/fr\/wp-json\/wp\/v2\/product\/1477","targetHints":{"allow":["GET"]}}],"collection":[{"href":"https:\/\/www.lechaocandy.com\/fr\/wp-json\/wp\/v2\/product"}],"about":[{"href":"https:\/\/www.lechaocandy.com\/fr\/wp-json\/wp\/v2\/types\/product"}],"replies":[{"embeddable":true,"href":"https:\/\/www.lechaocandy.com\/fr\/wp-json\/wp\/v2\/comments?post=1477"}],"wp:featuredmedia":[{"embeddable":true,"href":"https:\/\/www.lechaocandy.com\/fr\/wp-json\/wp\/v2\/media\/1479"}],"wp:attachment":[{"href":"https:\/\/www.lechaocandy.com\/fr\/wp-json\/wp\/v2\/media?parent=1477"}],"wp:term":[{"taxonomy":"product_brand","embeddable":true,"href":"https:\/\/www.lechaocandy.com\/fr\/wp-json\/wp\/v2\/product_brand?post=1477"},{"taxonomy":"product_cat","embeddable":true,"href":"https:\/\/www.lechaocandy.com\/fr\/wp-json\/wp\/v2\/product_cat?post=1477"},{"taxonomy":"product_tag","embeddable":true,"href":"https:\/\/www.lechaocandy.com\/fr\/wp-json\/wp\/v2\/product_tag?post=1477"}],"curies":[{"name":"wp","href":"https:\/\/api.w.org\/{rel}","templated":true}]}}