{"id":1482,"date":"2025-07-21T08:02:12","date_gmt":"2025-07-21T08:02:12","guid":{"rendered":"https:\/\/www.lechaocandy.com\/?post_type=product&#038;p=1482"},"modified":"2025-07-21T08:09:31","modified_gmt":"2025-07-21T08:09:31","slug":"gummy-sweets-wholesale","status":"publish","type":"product","link":"https:\/\/www.lechaocandy.com\/fr\/produit\/gummy-sweets-wholesale\/","title":{"rendered":"LeChao 3D\/4D Gummy Sweets Wholesale, Gummy Cupcakes Bulk"},"content":{"rendered":"<div class=\"wp-block-columns is-layout-flex wp-container-core-columns-is-layout-9d6595d7 wp-block-columns-is-layout-flex\"><div class=\"wp-block-column is-layout-flow wp-block-column-is-layout-flow\"><h2 class=\"wp-block-heading\">Points forts du produit Gummy Sweets Wholesale<\/h2>\n\n<ul class=\"wp-block-list\"><li><strong>Adorables formes de cupcakes 3D\/4D : <\/strong>Ces bonbons g\u00e9lifi\u00e9s 3D\/4D en gros ont des formes cr\u00e9atives de cupcakes, des couches claires, des couleurs vives et une simulation \u00e9lev\u00e9e, qui sont tr\u00e8s appr\u00e9ci\u00e9s par les enfants et les jeunes consommateurs.<\/li>\n\n<li><strong>Couleurs vives et pr\u00e9sentation amusante :<\/strong> Nos cupcakes g\u00e9lifi\u00e9s en vrac pr\u00e9sentent une grande vari\u00e9t\u00e9 de combinaisons de couleurs, une apparence attrayante et une meilleure attractivit\u00e9 en rayon, ce qui convient parfaitement \u00e0 la vente au d\u00e9tail, aux bo\u00eetes aveugles et aux lignes de produits sur le th\u00e8me des f\u00eates.<\/li>\n\n<li><strong>Emballage pratique de 60 g : <\/strong>Ces bonbons g\u00e9lifi\u00e9s 3D\/4D sont emball\u00e9s dans des sachets de 60 g. Ils conviennent parfaitement \u00e0 la pr\u00e9paration d'en-cas ou \u00e0 l'offre de cadeaux.<\/li>\n\n<li><strong>Prix concurrentiels directs : <\/strong>Nos g\u00e2teaux g\u00e9lifi\u00e9s en vrac adoptent le mod\u00e8le de vente directe de l'usine, \u00e9liminant ainsi le lien avec les interm\u00e9diaires, fournissant des prix de gros tr\u00e8s comp\u00e9titifs et garantissant un approvisionnement stable.<\/li>\n\n<li><strong>Possibilit\u00e9 de marquage personnalis\u00e9 : <\/strong>Nous pouvons fournir des services d'emballage personnalis\u00e9s pour les bonbons g\u00e9lifi\u00e9s en gros, y compris l'impression de LOGO, la conception de motifs, les \u00e9tiquettes linguistiques, etc. pour r\u00e9pondre aux besoins de marque des diff\u00e9rents march\u00e9s.<\/li><\/ul><\/div>\n\n<div class=\"wp-block-column is-layout-flow wp-block-column-is-layout-flow\"><figure class=\"wp-block-image size-full\"><img decoding=\"async\" width=\"800\" height=\"800\" src=\"https:\/\/www.lechaocandy.com\/wp-content\/uploads\/2025\/07\/LeChao-3D4D-Gummy-Sweets-Wholesale-Gummy-Cupcakes-Bulk-2.webp\" alt=\"LeChao 3D:4D Gummy Sweets Wholesale, Gummy Cupcakes Bulk-2\" class=\"wp-image-1484\" srcset=\"https:\/\/www.lechaocandy.com\/wp-content\/uploads\/2025\/07\/LeChao-3D4D-Gummy-Sweets-Wholesale-Gummy-Cupcakes-Bulk-2.webp 800w, https:\/\/www.lechaocandy.com\/wp-content\/uploads\/2025\/07\/LeChao-3D4D-Gummy-Sweets-Wholesale-Gummy-Cupcakes-Bulk-2-300x300.webp 300w, https:\/\/www.lechaocandy.com\/wp-content\/uploads\/2025\/07\/LeChao-3D4D-Gummy-Sweets-Wholesale-Gummy-Cupcakes-Bulk-2-150x150.webp 150w, https:\/\/www.lechaocandy.com\/wp-content\/uploads\/2025\/07\/LeChao-3D4D-Gummy-Sweets-Wholesale-Gummy-Cupcakes-Bulk-2-768x768.webp 768w, https:\/\/www.lechaocandy.com\/wp-content\/uploads\/2025\/07\/LeChao-3D4D-Gummy-Sweets-Wholesale-Gummy-Cupcakes-Bulk-2-12x12.webp 12w, https:\/\/www.lechaocandy.com\/wp-content\/uploads\/2025\/07\/LeChao-3D4D-Gummy-Sweets-Wholesale-Gummy-Cupcakes-Bulk-2-600x600.webp 600w, https:\/\/www.lechaocandy.com\/wp-content\/uploads\/2025\/07\/LeChao-3D4D-Gummy-Sweets-Wholesale-Gummy-Cupcakes-Bulk-2-100x100.webp 100w\" sizes=\"(max-width: 800px) 100vw, 800px\" \/><\/figure><\/div><\/div>","protected":false},"excerpt":{"rendered":"<p>Bienvenue sur le site d'achat en gros de bonbons g\u00e9lifi\u00e9s 3D\/4D. Les cupcakes g\u00e9lifi\u00e9s en vrac de LeChao sont petits et mignons avec des couleurs riches. Chaque sachet contient 60g emball\u00e9s individuellement, convenant \u00e0 la pr\u00e9sentation au d\u00e9tail, \u00e0 l'assortiment de cadeaux ou aux cha\u00eenes d'en-cas pour enfants. Ventes directes \u00e0 l'usine, prix abordables.<\/p>\n<table style=\"border-collapse: collapse; width: 329.02pt;\" border=\"0\" width=\"329\" cellspacing=\"0\" cellpadding=\"0\">\n<tbody>\n<tr style=\"height: 17.60pt;\">\n<td class=\"et2\" style=\"height: 17.60pt; width: 110.80pt;\" width=\"110\" height=\"17\">Fabricant<\/td>\n<td class=\"et2\" style=\"width: 219.15pt;\" width=\"219\">LeChao Candy<\/td>\n<\/tr>\n<tr style=\"height: 18.00pt;\">\n<td class=\"et2\" style=\"height: 18.00pt;\" height=\"18\">Type de produit<\/td>\n<td class=\"et3\" style=\"width: 219.15pt;\" width=\"219\">Cupcake 3D \u00e0 la gomme<\/td>\n<\/tr>\n<tr style=\"height: 18.00pt;\">\n<td class=\"et2\" style=\"height: 18.00pt;\" height=\"18\">Le go\u00fbt<\/td>\n<td class=\"et3\" style=\"width: 219.15pt;\" width=\"219\">Aigre-doux et r\u00e9silient<\/td>\n<\/tr>\n<tr style=\"height: 17.60pt;\">\n<td class=\"et2\" style=\"height: 17.60pt;\" height=\"17\">Sp\u00e9cifications<\/td>\n<td class=\"et2\">60gX10sacsX6bo\u00eetes<\/td>\n<\/tr>\n<tr style=\"height: 17.60pt;\">\n<td class=\"et2\" style=\"height: 17.60pt;\" height=\"17\">Taille du carton<\/td>\n<td class=\"et2\">36.5X22X33.5cm<\/td>\n<\/tr>\n<tr style=\"height: 17.60pt;\">\n<td class=\"et2\" style=\"height: 17.60pt;\" height=\"17\">N.W.\/Carton<\/td>\n<td class=\"et2\">5,8 kg<\/td>\n<\/tr>\n<tr style=\"height: 17.60pt;\">\n<td class=\"et2\" style=\"height: 17.60pt;\" height=\"17\">Prix<\/td>\n<td class=\"et2\">0,3-0,33USD\/par sac<\/td>\n<\/tr>\n<tr style=\"height: 17.60pt;\">\n<td class=\"et2\" style=\"height: 17.60pt;\" height=\"17\">MOQ<\/td>\n<td class=\"et2\">800CTNS<\/td>\n<\/tr>\n<tr style=\"height: 17.60pt;\">\n<td class=\"et2\" style=\"height: 17.60pt;\" height=\"17\">\u00c9chantillon<\/td>\n<td class=\"et2\">Disponible<\/td>\n<\/tr>\n<\/tbody>\n<\/table>\n<p>&nbsp;<\/p>","protected":false},"featured_media":1485,"comment_status":"open","ping_status":"closed","template":"","meta":{"_acf_changed":false},"product_brand":[],"product_cat":[24,19],"product_tag":[],"class_list":{"0":"post-1482","1":"product","2":"type-product","3":"status-publish","4":"has-post-thumbnail","6":"product_cat-3d-gummy-candy-manufacturer","7":"product_cat-wholesale-gummy-manufacturer","9":"first","10":"instock","11":"shipping-taxable","12":"product-type-simple"},"acf":[],"_links":{"self":[{"href":"https:\/\/www.lechaocandy.com\/fr\/wp-json\/wp\/v2\/product\/1482","targetHints":{"allow":["GET"]}}],"collection":[{"href":"https:\/\/www.lechaocandy.com\/fr\/wp-json\/wp\/v2\/product"}],"about":[{"href":"https:\/\/www.lechaocandy.com\/fr\/wp-json\/wp\/v2\/types\/product"}],"replies":[{"embeddable":true,"href":"https:\/\/www.lechaocandy.com\/fr\/wp-json\/wp\/v2\/comments?post=1482"}],"wp:featuredmedia":[{"embeddable":true,"href":"https:\/\/www.lechaocandy.com\/fr\/wp-json\/wp\/v2\/media\/1485"}],"wp:attachment":[{"href":"https:\/\/www.lechaocandy.com\/fr\/wp-json\/wp\/v2\/media?parent=1482"}],"wp:term":[{"taxonomy":"product_brand","embeddable":true,"href":"https:\/\/www.lechaocandy.com\/fr\/wp-json\/wp\/v2\/product_brand?post=1482"},{"taxonomy":"product_cat","embeddable":true,"href":"https:\/\/www.lechaocandy.com\/fr\/wp-json\/wp\/v2\/product_cat?post=1482"},{"taxonomy":"product_tag","embeddable":true,"href":"https:\/\/www.lechaocandy.com\/fr\/wp-json\/wp\/v2\/product_tag?post=1482"}],"curies":[{"name":"wp","href":"https:\/\/api.w.org\/{rel}","templated":true}]}}