{"id":1505,"date":"2025-07-30T03:59:19","date_gmt":"2025-07-30T03:59:19","guid":{"rendered":"https:\/\/www.lechaocandy.com\/?post_type=product&#038;p=1505"},"modified":"2025-07-30T04:18:30","modified_gmt":"2025-07-30T04:18:30","slug":"wholesale-soft-sweets","status":"publish","type":"product","link":"https:\/\/www.lechaocandy.com\/fr\/produit\/wholesale-soft-sweets\/","title":{"rendered":"Bonbons doux de gros richement aromatis\u00e9s, yeux en gomme fourr\u00e9s \u00e0 la confiture"},"content":{"rendered":"<div class=\"wp-block-columns is-layout-flex wp-container-core-columns-is-layout-9d6595d7 wp-block-columns-is-layout-flex\"><div class=\"wp-block-column is-layout-flow wp-block-column-is-layout-flow\"><h2 class=\"wp-block-heading\">Produits phares de la vente en gros de bonbons mous<\/h2>\n\n<ul class=\"wp-block-list\"><li><strong>Design accrocheur en forme de globe oculaire : <\/strong>Le plaisir et l'int\u00e9r\u00eat visuel que procure la forme distincte du globe oculaire de ces bonbons moelleux de gros fourr\u00e9s \u00e0 la confiture en font un \u00e9l\u00e9ment phare de toute table de desserts.<\/li>\n\n<li><strong>Garniture riche en confiture : <\/strong>Ces bonbons g\u00e9lifi\u00e9s en gros sont fourr\u00e9s d'une riche confiture, offrant une texture stratifi\u00e9e qui satisfait diverses pr\u00e9f\u00e9rences gustatives.<\/li>\n\n<li><strong>Couleurs vives : <\/strong>Nos gros bonbons mous fourr\u00e9s \u00e0 la confiture sont disponibles en nuances de couleurs vives, illuminant l'attrait visuel et ajoutant un plaisir visuel, ce qui les rend id\u00e9aux pour les f\u00eates, les c\u00e9l\u00e9brations et d'autres occasions sociales.<\/li>\n\n<li><strong>Emballage flexible et personnalis\u00e9 : <\/strong>Nous proposons en gros des emballages personnalis\u00e9s pour les bonbons g\u00e9lifi\u00e9s, avec la possibilit\u00e9 de concevoir des emballages sp\u00e9ciaux r\u00e9pondant \u00e0 vos besoins, ce qui permet d'am\u00e9liorer la valeur de la marque.<\/li>\n\n<li><strong>Emballage de gros en vrac : <\/strong>Ces bonbons moelleux fourr\u00e9s \u00e0 la confiture sont emball\u00e9s dans des bo\u00eetes qui conviennent aux d\u00e9taillants et aux grossistes, r\u00e9pondant aux besoins d'achat en gros et facilitant la gestion des stocks.<\/li><\/ul><\/div>\n\n<div class=\"wp-block-column is-layout-flow wp-block-column-is-layout-flow\"><figure class=\"wp-block-image size-full\"><img decoding=\"async\" width=\"800\" height=\"800\" src=\"https:\/\/www.lechaocandy.com\/wp-content\/uploads\/2025\/07\/Rich-flavored-Wholesale-Soft-Sweets-Jam-Filled-Gummy-Eyes-1.webp\" alt=\"Bonbons mous de gros \u00e0 saveur riche, yeux en gomme fourr\u00e9s \u00e0 la confiture-1\" class=\"wp-image-1506\" srcset=\"https:\/\/www.lechaocandy.com\/wp-content\/uploads\/2025\/07\/Rich-flavored-Wholesale-Soft-Sweets-Jam-Filled-Gummy-Eyes-1.webp 800w, https:\/\/www.lechaocandy.com\/wp-content\/uploads\/2025\/07\/Rich-flavored-Wholesale-Soft-Sweets-Jam-Filled-Gummy-Eyes-1-300x300.webp 300w, https:\/\/www.lechaocandy.com\/wp-content\/uploads\/2025\/07\/Rich-flavored-Wholesale-Soft-Sweets-Jam-Filled-Gummy-Eyes-1-150x150.webp 150w, https:\/\/www.lechaocandy.com\/wp-content\/uploads\/2025\/07\/Rich-flavored-Wholesale-Soft-Sweets-Jam-Filled-Gummy-Eyes-1-768x768.webp 768w, https:\/\/www.lechaocandy.com\/wp-content\/uploads\/2025\/07\/Rich-flavored-Wholesale-Soft-Sweets-Jam-Filled-Gummy-Eyes-1-12x12.webp 12w, https:\/\/www.lechaocandy.com\/wp-content\/uploads\/2025\/07\/Rich-flavored-Wholesale-Soft-Sweets-Jam-Filled-Gummy-Eyes-1-600x600.webp 600w, https:\/\/www.lechaocandy.com\/wp-content\/uploads\/2025\/07\/Rich-flavored-Wholesale-Soft-Sweets-Jam-Filled-Gummy-Eyes-1-100x100.webp 100w\" sizes=\"(max-width: 800px) 100vw, 800px\" \/><\/figure><\/div><\/div>","protected":false},"excerpt":{"rendered":"<p>Nous vous invitons \u00e0 acheter des bonbons g\u00e9lifi\u00e9s en gros. Nos bonbons mous remplis de confiture ont une forme qui attire l'attention, des couleurs vives et un centre de confiture savoureuse. Chaque bonbon g\u00e9lifi\u00e9 partage une sensation de go\u00fbt sucr\u00e9 et indulgent.<\/p>\n<table style=\"border-collapse: collapse; width: 329.02pt;\" border=\"0\" width=\"329\" cellspacing=\"0\" cellpadding=\"0\">\n<tbody>\n<tr style=\"height: 17.60pt;\">\n<td class=\"et2\" style=\"height: 17.60pt; width: 110.80pt;\" width=\"110\" height=\"17\">Fabricant<\/td>\n<td class=\"et2\" style=\"width: 219.15pt;\" width=\"219\">LeChao Candy<\/td>\n<\/tr>\n<tr style=\"height: 18.00pt;\">\n<td class=\"et2\" style=\"height: 18.00pt;\" height=\"18\">Type de produit<\/td>\n<td class=\"et3\" style=\"width: 219.15pt;\" width=\"219\">Bonbons g\u00e9lifi\u00e9s \u00e0 la confiture pour les yeux<\/td>\n<\/tr>\n<tr style=\"height: 18.00pt;\">\n<td class=\"et2\" style=\"height: 18.00pt;\" height=\"18\">Le go\u00fbt<\/td>\n<td class=\"et3\" style=\"width: 219.15pt;\" width=\"219\">Aigre-doux et r\u00e9silient<\/td>\n<\/tr>\n<tr style=\"height: 17.60pt;\">\n<td class=\"et2\" style=\"height: 17.60pt;\" height=\"17\">Sp\u00e9cifications<\/td>\n<td class=\"et2\">20gx20sacsx12bo\u00eetes<\/td>\n<\/tr>\n<tr style=\"height: 17.60pt;\">\n<td class=\"et2\" style=\"height: 17.60pt;\" height=\"17\">Taille du carton<\/td>\n<td class=\"et2\">54\u00d732.5x30cm<\/td>\n<\/tr>\n<tr style=\"height: 17.60pt;\">\n<td class=\"et2\" style=\"height: 17.60pt;\" height=\"17\">N.W.\/Carton<\/td>\n<td class=\"et2\">8,0 kg<\/td>\n<\/tr>\n<tr style=\"height: 17.60pt;\">\n<td class=\"et2\" style=\"height: 17.60pt;\" height=\"17\">Prix<\/td>\n<td class=\"et2\">31.2USD<\/td>\n<\/tr>\n<tr style=\"height: 17.60pt;\">\n<td class=\"et2\" style=\"height: 17.60pt;\" height=\"17\">MOQ<\/td>\n<td class=\"et2\">500CTNS<\/td>\n<\/tr>\n<tr style=\"height: 17.60pt;\">\n<td class=\"et2\" style=\"height: 17.60pt;\" height=\"17\">\u00c9chantillon<\/td>\n<td class=\"et2\">Disponible<\/td>\n<\/tr>\n<\/tbody>\n<\/table>\n<p>&nbsp;<\/p>","protected":false},"featured_media":1507,"comment_status":"open","ping_status":"closed","template":"","meta":{"_acf_changed":false},"product_brand":[],"product_cat":[19],"product_tag":[],"class_list":{"0":"post-1505","1":"product","2":"type-product","3":"status-publish","4":"has-post-thumbnail","6":"product_cat-wholesale-gummy-manufacturer","8":"first","9":"instock","10":"shipping-taxable","11":"product-type-simple"},"acf":[],"_links":{"self":[{"href":"https:\/\/www.lechaocandy.com\/fr\/wp-json\/wp\/v2\/product\/1505","targetHints":{"allow":["GET"]}}],"collection":[{"href":"https:\/\/www.lechaocandy.com\/fr\/wp-json\/wp\/v2\/product"}],"about":[{"href":"https:\/\/www.lechaocandy.com\/fr\/wp-json\/wp\/v2\/types\/product"}],"replies":[{"embeddable":true,"href":"https:\/\/www.lechaocandy.com\/fr\/wp-json\/wp\/v2\/comments?post=1505"}],"wp:featuredmedia":[{"embeddable":true,"href":"https:\/\/www.lechaocandy.com\/fr\/wp-json\/wp\/v2\/media\/1507"}],"wp:attachment":[{"href":"https:\/\/www.lechaocandy.com\/fr\/wp-json\/wp\/v2\/media?parent=1505"}],"wp:term":[{"taxonomy":"product_brand","embeddable":true,"href":"https:\/\/www.lechaocandy.com\/fr\/wp-json\/wp\/v2\/product_brand?post=1505"},{"taxonomy":"product_cat","embeddable":true,"href":"https:\/\/www.lechaocandy.com\/fr\/wp-json\/wp\/v2\/product_cat?post=1505"},{"taxonomy":"product_tag","embeddable":true,"href":"https:\/\/www.lechaocandy.com\/fr\/wp-json\/wp\/v2\/product_tag?post=1505"}],"curies":[{"name":"wp","href":"https:\/\/api.w.org\/{rel}","templated":true}]}}