{"id":1510,"date":"2025-07-30T06:07:57","date_gmt":"2025-07-30T06:07:57","guid":{"rendered":"https:\/\/www.lechaocandy.com\/?post_type=product&#038;p=1510"},"modified":"2026-03-30T09:05:58","modified_gmt":"2026-03-30T09:05:58","slug":"gummy-sharks-bulk","status":"publish","type":"product","link":"https:\/\/www.lechaocandy.com\/fr\/produit\/gummy-sharks-bulk\/","title":{"rendered":"LeChao Blue Gummy Sharks Bulk, Wholesale Chewy Soft Candy (bonbons \u00e0 m\u00e2cher)"},"content":{"rendered":"<div class=\"wp-block-columns is-layout-flex wp-container-core-columns-is-layout-9d6595d7 wp-block-columns-is-layout-flex\"><div class=\"wp-block-column is-layout-flow wp-block-column-is-layout-flow\"><h2 class=\"wp-block-heading\">Points forts du produit Gummy Sharks Bulk<\/h2>\n\n<ul class=\"wp-block-list\"><li><strong>Forme unique de requin : <\/strong>Nos requins en gomme bleue en vrac ont des ventres blancs, qui brillent et attirent l'attention, d\u00e9gageant une sensation de plaisir et convenant \u00e0 tout type d'\u00e9v\u00e9nement.<\/li>\n\n<li><strong>Ingr\u00e9dients de premi\u00e8re qualit\u00e9 : <\/strong>Nos bonbons g\u00e9lifi\u00e9s en gros sont fabriqu\u00e9s \u00e0 partir d'ingr\u00e9dients de premi\u00e8re qualit\u00e9, ce qui permet \u00e0 chacun d'entre eux d'avoir une excellente texture et un v\u00e9ritable go\u00fbt de fruit.<\/li>\n\n<li><strong>Aspect cristallin :<\/strong> La finition cristalline et lisse de ces requins g\u00e9lifi\u00e9s les rend visuellement attrayants et irr\u00e9sistiblement d\u00e9licieux.<\/li>\n\n<li><strong>Emballage flexible et personnalis\u00e9 : <\/strong>Nos requins g\u00e9lifi\u00e9s en vrac peuvent \u00eatre personnalis\u00e9s en fonction des besoins des clients, ce qui permet de r\u00e9pondre aux exigences des diff\u00e9rentes marques et des diff\u00e9rents march\u00e9s, et d'am\u00e9liorer la valeur de la marque du produit.<\/li>\n\n<li><strong>Emballage de gros en vrac : <\/strong>Ces bonbons g\u00e9lifi\u00e9s en gros sont pr\u00e9sent\u00e9s en sachets de 20 g, avec 20 sachets par bo\u00eete. Ils conviennent \u00e0 la vente en gros et au d\u00e9tail, sont pratiques pour le stockage et la distribution, et r\u00e9pondent aux besoins d'achat en gros.<\/li><\/ul><\/div>\n\n<div class=\"wp-block-column is-layout-flow wp-block-column-is-layout-flow\"><figure class=\"wp-block-image size-full\"><img decoding=\"async\" width=\"800\" height=\"800\" src=\"https:\/\/www.lechaocandy.com\/wp-content\/uploads\/2025\/07\/LeChao-Chewy-Blue-Gummy-Sharks-Bulk-Wholesale-Soft-Candies-5.webp\" alt=\"LeChao Chewy Blue Gummy Sharks Bulk, Wholesale Soft Candies-5\" class=\"wp-image-1515\" srcset=\"https:\/\/www.lechaocandy.com\/wp-content\/uploads\/2025\/07\/LeChao-Chewy-Blue-Gummy-Sharks-Bulk-Wholesale-Soft-Candies-5.webp 800w, https:\/\/www.lechaocandy.com\/wp-content\/uploads\/2025\/07\/LeChao-Chewy-Blue-Gummy-Sharks-Bulk-Wholesale-Soft-Candies-5-300x300.webp 300w, https:\/\/www.lechaocandy.com\/wp-content\/uploads\/2025\/07\/LeChao-Chewy-Blue-Gummy-Sharks-Bulk-Wholesale-Soft-Candies-5-150x150.webp 150w, https:\/\/www.lechaocandy.com\/wp-content\/uploads\/2025\/07\/LeChao-Chewy-Blue-Gummy-Sharks-Bulk-Wholesale-Soft-Candies-5-768x768.webp 768w, https:\/\/www.lechaocandy.com\/wp-content\/uploads\/2025\/07\/LeChao-Chewy-Blue-Gummy-Sharks-Bulk-Wholesale-Soft-Candies-5-12x12.webp 12w, https:\/\/www.lechaocandy.com\/wp-content\/uploads\/2025\/07\/LeChao-Chewy-Blue-Gummy-Sharks-Bulk-Wholesale-Soft-Candies-5-600x600.webp 600w, https:\/\/www.lechaocandy.com\/wp-content\/uploads\/2025\/07\/LeChao-Chewy-Blue-Gummy-Sharks-Bulk-Wholesale-Soft-Candies-5-100x100.webp 100w\" sizes=\"(max-width: 800px) 100vw, 800px\" \/><\/figure><\/div><\/div><figure class=\"wp-block-embed is-type-video is-provider-youtube wp-block-embed-youtube wp-embed-aspect-16-9 wp-has-aspect-ratio\"><div class=\"wp-block-embed__wrapper\">\n<iframe title=\"Lechao 3D Shark Gummies Wholesale\" width=\"500\" height=\"281\" src=\"https:\/\/www.youtube.com\/embed\/SY3-a2aXZxg?feature=oembed\" frameborder=\"0\" allow=\"accelerometer; autoplay; clipboard-write; encrypted-media; gyroscope; picture-in-picture; web-share\" referrerpolicy=\"strict-origin-when-cross-origin\" allowfullscreen><\/iframe>\n<\/div><\/figure>","protected":false},"excerpt":{"rendered":"<p>Bienvenue sur le site de vente en gros de bonbons g\u00e9lifi\u00e9s. Nos bonbons g\u00e9lifi\u00e9s requins bleus en vrac sont transparents et ont une texture riche et moelleuse. Fabriqu\u00e9s \u00e0 partir d'ingr\u00e9dients de haute qualit\u00e9 soigneusement s\u00e9lectionn\u00e9s, ils peuvent \u00eatre adapt\u00e9s aux sp\u00e9cifications et aux demandes des clients pour divers march\u00e9s.<\/p>\n<table style=\"border-collapse: collapse; width: 329.02pt;\" border=\"0\" width=\"329\" cellspacing=\"0\" cellpadding=\"0\">\n<tbody>\n<tr style=\"height: 17.60pt;\">\n<td class=\"et2\" style=\"height: 17.60pt; width: 110.80pt;\" width=\"110\" height=\"17\">Fabricant<\/td>\n<td class=\"et2\" style=\"width: 219.15pt;\" width=\"219\">LeChao Candy<\/td>\n<\/tr>\n<tr style=\"height: 18.00pt;\">\n<td class=\"et2\" style=\"height: 18.00pt;\" height=\"18\">Type de produit<\/td>\n<td class=\"et3\" style=\"width: 219.15pt;\" width=\"219\">Gummy Sharks en vrac<\/td>\n<\/tr>\n<tr style=\"height: 18.00pt;\">\n<td class=\"et2\" style=\"height: 18.00pt;\" height=\"18\">Le go\u00fbt<\/td>\n<td class=\"et3\" style=\"width: 219.15pt;\" width=\"219\">Aigre-doux et r\u00e9silient<\/td>\n<\/tr>\n<tr style=\"height: 17.60pt;\">\n<td class=\"et2\" style=\"height: 17.60pt;\" height=\"17\">Sp\u00e9cifications<\/td>\n<td class=\"et2\">20gx24pcsx12boxes<\/td>\n<\/tr>\n<tr style=\"height: 17.60pt;\">\n<td class=\"et2\" style=\"height: 17.60pt;\" height=\"17\">Taille du carton<\/td>\n<td class=\"et2\">45*29*25cm<\/td>\n<\/tr>\n<tr style=\"height: 17.60pt;\">\n<td class=\"et2\" style=\"height: 17.60pt;\" height=\"17\">N.W.\/Carton<\/td>\n<td class=\"et2\">8,0 kg<\/td>\n<\/tr>\n<tr style=\"height: 17.60pt;\">\n<td class=\"et2\" style=\"height: 17.60pt;\" height=\"17\">Prix<\/td>\n<td class=\"et2\">23.5USD<\/td>\n<\/tr>\n<tr style=\"height: 17.60pt;\">\n<td class=\"et2\" style=\"height: 17.60pt;\" height=\"17\">MOQ<\/td>\n<td class=\"et2\">500CTNS<\/td>\n<\/tr>\n<tr style=\"height: 17.60pt;\">\n<td class=\"et2\" style=\"height: 17.60pt;\" height=\"17\">\u00c9chantillon<\/td>\n<td class=\"et2\">Disponible<\/td>\n<\/tr>\n<\/tbody>\n<\/table>\n<p>&nbsp;<\/p>","protected":false},"featured_media":1512,"comment_status":"open","ping_status":"closed","template":"","meta":{"_acf_changed":false},"product_brand":[],"product_cat":[19],"product_tag":[],"class_list":{"0":"post-1510","1":"product","2":"type-product","3":"status-publish","4":"has-post-thumbnail","6":"product_cat-wholesale-gummy-manufacturer","8":"first","9":"instock","10":"shipping-taxable","11":"product-type-simple"},"acf":[],"_links":{"self":[{"href":"https:\/\/www.lechaocandy.com\/fr\/wp-json\/wp\/v2\/product\/1510","targetHints":{"allow":["GET"]}}],"collection":[{"href":"https:\/\/www.lechaocandy.com\/fr\/wp-json\/wp\/v2\/product"}],"about":[{"href":"https:\/\/www.lechaocandy.com\/fr\/wp-json\/wp\/v2\/types\/product"}],"replies":[{"embeddable":true,"href":"https:\/\/www.lechaocandy.com\/fr\/wp-json\/wp\/v2\/comments?post=1510"}],"wp:featuredmedia":[{"embeddable":true,"href":"https:\/\/www.lechaocandy.com\/fr\/wp-json\/wp\/v2\/media\/1512"}],"wp:attachment":[{"href":"https:\/\/www.lechaocandy.com\/fr\/wp-json\/wp\/v2\/media?parent=1510"}],"wp:term":[{"taxonomy":"product_brand","embeddable":true,"href":"https:\/\/www.lechaocandy.com\/fr\/wp-json\/wp\/v2\/product_brand?post=1510"},{"taxonomy":"product_cat","embeddable":true,"href":"https:\/\/www.lechaocandy.com\/fr\/wp-json\/wp\/v2\/product_cat?post=1510"},{"taxonomy":"product_tag","embeddable":true,"href":"https:\/\/www.lechaocandy.com\/fr\/wp-json\/wp\/v2\/product_tag?post=1510"}],"curies":[{"name":"wp","href":"https:\/\/api.w.org\/{rel}","templated":true}]}}