{"id":1517,"date":"2025-07-30T06:33:24","date_gmt":"2025-07-30T06:33:24","guid":{"rendered":"https:\/\/www.lechaocandy.com\/?post_type=product&#038;p=1517"},"modified":"2025-07-30T06:45:45","modified_gmt":"2025-07-30T06:45:45","slug":"jelly-sweets-wholesale","status":"publish","type":"product","link":"https:\/\/www.lechaocandy.com\/fr\/produit\/jelly-sweets-wholesale\/","title":{"rendered":"Bonbons \u00e0 la gel\u00e9e printani\u00e8re en gros, Mille-pattes en gomme LeChao en vrac"},"content":{"rendered":"<div class=\"wp-block-columns is-layout-flex wp-container-core-columns-is-layout-9d6595d7 wp-block-columns-is-layout-flex\"><div class=\"wp-block-column is-layout-flow wp-block-column-is-layout-flow\"><h2 class=\"wp-block-heading\">Points forts du produit Centipede Jelly Sweets Wholesale<\/h2>\n\n<ul class=\"wp-block-list\"><li><strong>Forme amusante de mille-pattes : <\/strong>Ces bonbons g\u00e9lifi\u00e9s en gros ont la forme d'un mille-pattes, ce qui les rend amusants et attrayants.<\/li>\n\n<li><strong>Texture moelleuse : <\/strong>Nos bonbons g\u00e9lifi\u00e9s de gros en forme de mille-pattes ont une texture moelleuse, ce qui les rend agr\u00e9ables \u00e0 m\u00e2cher \u00e0 chaque bouch\u00e9e, et conviennent aux personnes de tout \u00e2ge.<\/li>\n\n<li><strong>Couleurs vives : <\/strong>Nos bonbons g\u00e9lifi\u00e9s en gros sont de couleurs vives, ont un excellent effet visuel et un potentiel d'attraction, offrant aux consommateurs plus de vari\u00e9t\u00e9 et de plaisir.<\/li>\n\n<li><strong>Emballage individuel : <\/strong>Ces bonbons g\u00e9lifi\u00e9s de gros en forme de mille-pattes sont pr\u00e9sent\u00e9s dans un emballage individuel, ce qui permet de les d\u00e9guster \u00e0 tout moment. Ils sont parfaits pour la vente au d\u00e9tail, les f\u00eates et les voyages.<\/li>\n\n<li><strong>Emballage de gros en vrac :<\/strong> Nous proposons des services d'achat en gros pour les bonbons \u00e0 la gel\u00e9e, id\u00e9aux pour les achats en gros. Les sp\u00e9cifications d'emballage de 20 g par sac et de 20 sacs par bo\u00eete r\u00e9pondent aux besoins des grossistes et des d\u00e9taillants.<\/li><\/ul><\/div>\n\n<div class=\"wp-block-column is-layout-flow wp-block-column-is-layout-flow\"><figure class=\"wp-block-image size-full\"><img decoding=\"async\" width=\"800\" height=\"800\" src=\"https:\/\/www.lechaocandy.com\/wp-content\/uploads\/2025\/07\/Springy-Jelly-Sweets-Wholesale-LeChao-Gummy-Centipedes-Bulk-3.webp\" alt=\"Bonbons en gel\u00e9e printaniers grossiste, LeChao Mille-pattes en g\u00e9latine en vrac-3\" class=\"wp-image-1520\" srcset=\"https:\/\/www.lechaocandy.com\/wp-content\/uploads\/2025\/07\/Springy-Jelly-Sweets-Wholesale-LeChao-Gummy-Centipedes-Bulk-3.webp 800w, https:\/\/www.lechaocandy.com\/wp-content\/uploads\/2025\/07\/Springy-Jelly-Sweets-Wholesale-LeChao-Gummy-Centipedes-Bulk-3-300x300.webp 300w, https:\/\/www.lechaocandy.com\/wp-content\/uploads\/2025\/07\/Springy-Jelly-Sweets-Wholesale-LeChao-Gummy-Centipedes-Bulk-3-150x150.webp 150w, https:\/\/www.lechaocandy.com\/wp-content\/uploads\/2025\/07\/Springy-Jelly-Sweets-Wholesale-LeChao-Gummy-Centipedes-Bulk-3-768x768.webp 768w, https:\/\/www.lechaocandy.com\/wp-content\/uploads\/2025\/07\/Springy-Jelly-Sweets-Wholesale-LeChao-Gummy-Centipedes-Bulk-3-12x12.webp 12w, https:\/\/www.lechaocandy.com\/wp-content\/uploads\/2025\/07\/Springy-Jelly-Sweets-Wholesale-LeChao-Gummy-Centipedes-Bulk-3-600x600.webp 600w, https:\/\/www.lechaocandy.com\/wp-content\/uploads\/2025\/07\/Springy-Jelly-Sweets-Wholesale-LeChao-Gummy-Centipedes-Bulk-3-100x100.webp 100w\" sizes=\"(max-width: 800px) 100vw, 800px\" \/><\/figure><\/div><\/div>","protected":false},"excerpt":{"rendered":"<p>Bienvenue pour acheter des bonbons g\u00e9lifi\u00e9s en gros. Nos bonbons g\u00e9lifi\u00e9s en forme de mille-pattes sont color\u00e9s, amusants et faciles \u00e0 m\u00e2cher. Ils sont emball\u00e9s individuellement, ce qui les rend faciles \u00e0 transporter et \u00e0 partager.<\/p>\n<table style=\"border-collapse: collapse; width: 329.02pt;\" border=\"0\" width=\"329\" cellspacing=\"0\" cellpadding=\"0\">\n<tbody>\n<tr style=\"height: 17.60pt;\">\n<td class=\"et2\" style=\"height: 17.60pt; width: 110.80pt;\" width=\"110\" height=\"17\">Fabricant<\/td>\n<td class=\"et2\" style=\"width: 219.15pt;\" width=\"219\">LeChao Candy<\/td>\n<\/tr>\n<tr style=\"height: 18.00pt;\">\n<td class=\"et2\" style=\"height: 18.00pt;\" height=\"18\">Type de produit<\/td>\n<td class=\"et3\" style=\"width: 219.15pt;\" width=\"219\">Bonbons \u00e0 la gomme Centipede<\/td>\n<\/tr>\n<tr style=\"height: 18.00pt;\">\n<td class=\"et2\" style=\"height: 18.00pt;\" height=\"18\">Le go\u00fbt<\/td>\n<td class=\"et3\" style=\"width: 219.15pt;\" width=\"219\">Aigre-doux et r\u00e9silient<\/td>\n<\/tr>\n<tr style=\"height: 17.60pt;\">\n<td class=\"et2\" style=\"height: 17.60pt;\" height=\"17\">Sp\u00e9cifications<\/td>\n<td class=\"et2\">28g*30pcs*6box<\/td>\n<\/tr>\n<tr style=\"height: 17.60pt;\">\n<td class=\"et2\" style=\"height: 17.60pt;\" height=\"17\">Taille du carton<\/td>\n<td class=\"et2\">50,5*29*18,5cm<\/td>\n<\/tr>\n<tr style=\"height: 17.60pt;\">\n<td class=\"et2\" style=\"height: 17.60pt;\" height=\"17\">N.W.\/Carton<\/td>\n<td class=\"et2\">6,23 kg<\/td>\n<\/tr>\n<tr style=\"height: 17.60pt;\">\n<td class=\"et2\" style=\"height: 17.60pt;\" height=\"17\">\u00c9chantillon<\/td>\n<td class=\"et2\">Disponible<\/td>\n<\/tr>\n<\/tbody>\n<\/table>\n<p>&nbsp;<\/p>","protected":false},"featured_media":1519,"comment_status":"open","ping_status":"closed","template":"","meta":{"_acf_changed":false},"product_brand":[],"product_cat":[19],"product_tag":[],"class_list":{"0":"post-1517","1":"product","2":"type-product","3":"status-publish","4":"has-post-thumbnail","6":"product_cat-wholesale-gummy-manufacturer","8":"first","9":"instock","10":"shipping-taxable","11":"product-type-simple"},"acf":[],"_links":{"self":[{"href":"https:\/\/www.lechaocandy.com\/fr\/wp-json\/wp\/v2\/product\/1517","targetHints":{"allow":["GET"]}}],"collection":[{"href":"https:\/\/www.lechaocandy.com\/fr\/wp-json\/wp\/v2\/product"}],"about":[{"href":"https:\/\/www.lechaocandy.com\/fr\/wp-json\/wp\/v2\/types\/product"}],"replies":[{"embeddable":true,"href":"https:\/\/www.lechaocandy.com\/fr\/wp-json\/wp\/v2\/comments?post=1517"}],"wp:featuredmedia":[{"embeddable":true,"href":"https:\/\/www.lechaocandy.com\/fr\/wp-json\/wp\/v2\/media\/1519"}],"wp:attachment":[{"href":"https:\/\/www.lechaocandy.com\/fr\/wp-json\/wp\/v2\/media?parent=1517"}],"wp:term":[{"taxonomy":"product_brand","embeddable":true,"href":"https:\/\/www.lechaocandy.com\/fr\/wp-json\/wp\/v2\/product_brand?post=1517"},{"taxonomy":"product_cat","embeddable":true,"href":"https:\/\/www.lechaocandy.com\/fr\/wp-json\/wp\/v2\/product_cat?post=1517"},{"taxonomy":"product_tag","embeddable":true,"href":"https:\/\/www.lechaocandy.com\/fr\/wp-json\/wp\/v2\/product_tag?post=1517"}],"curies":[{"name":"wp","href":"https:\/\/api.w.org\/{rel}","templated":true}]}}