{"id":1523,"date":"2025-07-30T06:47:14","date_gmt":"2025-07-30T06:47:14","guid":{"rendered":"https:\/\/www.lechaocandy.com\/?post_type=product&#038;p=1523"},"modified":"2026-04-09T02:23:44","modified_gmt":"2026-04-09T02:23:44","slug":"jelly-sweets-bulk","status":"publish","type":"product","link":"https:\/\/www.lechaocandy.com\/fr\/produit\/jelly-sweets-bulk\/","title":{"rendered":"Bonbons \u00e0 la gel\u00e9e de chauve-souris en vrac, bonbons d'Halloween en gros"},"content":{"rendered":"<div class=\"wp-block-columns is-layout-flex wp-container-core-columns-is-layout-9d6595d7 wp-block-columns-is-layout-flex\"><div class=\"wp-block-column is-layout-flow wp-block-column-is-layout-flow\"><h2 class=\"wp-block-heading\">Points forts du produit Jelly Sweets en vrac<\/h2>\n\n<ul class=\"wp-block-list\"><li><strong>Des formes de chauve-souris vives et int\u00e9ressantes :<\/strong> Ces bonbons g\u00e9lifi\u00e9s en vrac sont produits sous la forme de chauves-souris color\u00e9es, qui conviennent bien au th\u00e8me d'Halloween et \u00e9voquent une atmosph\u00e8re de f\u00eate.<\/li>\n\n<li><strong>Couleurs vives : <\/strong>Nos bonbons g\u00e9lifi\u00e9s en gros sont disponibles dans une vari\u00e9t\u00e9 de couleurs vives, ce qui leur conf\u00e8re un attrait visuel frappant et leur permet de se d\u00e9marquer sur n'importe quel plateau de bonbons d'Halloween.<\/li>\n\n<li><strong>Conception exclusive pour le festival : <\/strong>Nos bonbons \u00e0 la gel\u00e9e de chauve-souris en vrac sont sp\u00e9cialement con\u00e7us comme des bonbons cr\u00e9atifs pour Halloween, offrant une atmosph\u00e8re festive vraiment unique et compl\u00e9tant parfaitement les f\u00eates \u00e0 th\u00e8me.<\/li>\n\n<li><strong>Texture moelleuse : <\/strong>Nos bonbons g\u00e9lifi\u00e9s en gros ont une texture moelleuse et \u00e9lastique et une saveur sucr\u00e9e \u00e0 chaque bouch\u00e9e.<\/li>\n\n<li><strong>Emballage en vrac : <\/strong>Ces bonbons g\u00e9lifi\u00e9s en forme de chauve-souris sont pr\u00e9sent\u00e9s en vrac dans des sachets de 200 g. Ils sont id\u00e9aux pour les achats en gros, pour r\u00e9pondre aux besoins des f\u00eates, des magasins et des \u00e9v\u00e9nements, et sont pratiques pour le stockage et la distribution.<\/li><\/ul><\/div>\n\n<div class=\"wp-block-column is-layout-flow wp-block-column-is-layout-flow\"><figure class=\"wp-block-image size-full\"><img decoding=\"async\" width=\"800\" height=\"800\" src=\"https:\/\/www.lechaocandy.com\/wp-content\/uploads\/2025\/07\/Creative-Bat-Jelly-Sweets-Bulk-Halloween-Candy-Wholesale-3.webp\" alt=\"Bonbons \u00e0 la gel\u00e9e de chauve-souris en vrac, Bonbons d&#039;Halloween en gros-3\" class=\"wp-image-1526\" srcset=\"https:\/\/www.lechaocandy.com\/wp-content\/uploads\/2025\/07\/Creative-Bat-Jelly-Sweets-Bulk-Halloween-Candy-Wholesale-3.webp 800w, https:\/\/www.lechaocandy.com\/wp-content\/uploads\/2025\/07\/Creative-Bat-Jelly-Sweets-Bulk-Halloween-Candy-Wholesale-3-300x300.webp 300w, https:\/\/www.lechaocandy.com\/wp-content\/uploads\/2025\/07\/Creative-Bat-Jelly-Sweets-Bulk-Halloween-Candy-Wholesale-3-150x150.webp 150w, https:\/\/www.lechaocandy.com\/wp-content\/uploads\/2025\/07\/Creative-Bat-Jelly-Sweets-Bulk-Halloween-Candy-Wholesale-3-768x768.webp 768w, https:\/\/www.lechaocandy.com\/wp-content\/uploads\/2025\/07\/Creative-Bat-Jelly-Sweets-Bulk-Halloween-Candy-Wholesale-3-12x12.webp 12w, https:\/\/www.lechaocandy.com\/wp-content\/uploads\/2025\/07\/Creative-Bat-Jelly-Sweets-Bulk-Halloween-Candy-Wholesale-3-600x600.webp 600w, https:\/\/www.lechaocandy.com\/wp-content\/uploads\/2025\/07\/Creative-Bat-Jelly-Sweets-Bulk-Halloween-Candy-Wholesale-3-100x100.webp 100w\" sizes=\"(max-width: 800px) 100vw, 800px\" \/><\/figure><\/div><\/div>","protected":false},"excerpt":{"rendered":"<p>Nous vous invitons \u00e0 acheter des bonbons g\u00e9lifi\u00e9s en gros. Nos bonbons g\u00e9lifi\u00e9s en forme de chauve-souris en vrac sont sp\u00e9cialement con\u00e7us pour Halloween, avec des formes color\u00e9es et fascinantes, des couleurs vibrantes et une atmosph\u00e8re de f\u00eate.<\/p>\n<table style=\"border-collapse: collapse; width: 329.02pt;\" border=\"0\" width=\"329\" cellspacing=\"0\" cellpadding=\"0\">\n<tbody>\n<tr style=\"height: 17.60pt;\">\n<td class=\"et2\" style=\"height: 17.60pt; width: 110.80pt;\" width=\"110\" height=\"17\">Fabricant<\/td>\n<td class=\"et2\" style=\"width: 219.15pt;\" width=\"219\">LeChao Candy<\/td>\n<\/tr>\n<tr style=\"height: 18.00pt;\">\n<td class=\"et2\" style=\"height: 18.00pt;\" height=\"18\">Type de produit<\/td>\n<td class=\"et3\" style=\"width: 219.15pt;\" width=\"219\">Bonbons gommeux \u00e0 la chauve-souris<\/td>\n<\/tr>\n<tr style=\"height: 18.00pt;\">\n<td class=\"et2\" style=\"height: 18.00pt;\" height=\"18\">Le go\u00fbt<\/td>\n<td class=\"et3\" style=\"width: 219.15pt;\" width=\"219\">Aigre-doux et r\u00e9silient<\/td>\n<\/tr>\n<tr style=\"height: 17.60pt;\">\n<td class=\"et2\" style=\"height: 17.60pt;\" height=\"17\">Sp\u00e9cifications<\/td>\n<td class=\"et2\">200gx48sacs<\/td>\n<\/tr>\n<tr style=\"height: 17.60pt;\">\n<td class=\"et2\" style=\"height: 17.60pt;\" height=\"17\">Taille du carton<\/td>\n<td class=\"et2\">38*33*14cm<\/td>\n<\/tr>\n<tr style=\"height: 17.60pt;\">\n<td class=\"et2\" style=\"height: 17.60pt;\" height=\"17\">N.W.\/Carton<\/td>\n<td class=\"et2\">12,0 kg<\/td>\n<\/tr>\n<tr style=\"height: 17.60pt;\">\n<td class=\"et2\" style=\"height: 17.60pt;\" height=\"17\">MOQ<\/td>\n<td class=\"et2\">500CTNS<\/td>\n<\/tr>\n<tr style=\"height: 17.60pt;\">\n<td class=\"et2\" style=\"height: 17.60pt;\" height=\"17\">\u00c9chantillon<\/td>\n<td class=\"et2\">Disponible<\/td>\n<\/tr>\n<\/tbody>\n<\/table>\n<p>&nbsp;<\/p>","protected":false},"featured_media":1525,"comment_status":"open","ping_status":"closed","template":"","meta":{"_acf_changed":false},"product_brand":[],"product_cat":[19],"product_tag":[41],"class_list":{"0":"post-1523","1":"product","2":"type-product","3":"status-publish","4":"has-post-thumbnail","6":"product_cat-wholesale-gummy-manufacturer","7":"product_tag-wholesale-halloween-gummies","9":"first","10":"instock","11":"shipping-taxable","12":"product-type-simple"},"acf":[],"_links":{"self":[{"href":"https:\/\/www.lechaocandy.com\/fr\/wp-json\/wp\/v2\/product\/1523","targetHints":{"allow":["GET"]}}],"collection":[{"href":"https:\/\/www.lechaocandy.com\/fr\/wp-json\/wp\/v2\/product"}],"about":[{"href":"https:\/\/www.lechaocandy.com\/fr\/wp-json\/wp\/v2\/types\/product"}],"replies":[{"embeddable":true,"href":"https:\/\/www.lechaocandy.com\/fr\/wp-json\/wp\/v2\/comments?post=1523"}],"wp:featuredmedia":[{"embeddable":true,"href":"https:\/\/www.lechaocandy.com\/fr\/wp-json\/wp\/v2\/media\/1525"}],"wp:attachment":[{"href":"https:\/\/www.lechaocandy.com\/fr\/wp-json\/wp\/v2\/media?parent=1523"}],"wp:term":[{"taxonomy":"product_brand","embeddable":true,"href":"https:\/\/www.lechaocandy.com\/fr\/wp-json\/wp\/v2\/product_brand?post=1523"},{"taxonomy":"product_cat","embeddable":true,"href":"https:\/\/www.lechaocandy.com\/fr\/wp-json\/wp\/v2\/product_cat?post=1523"},{"taxonomy":"product_tag","embeddable":true,"href":"https:\/\/www.lechaocandy.com\/fr\/wp-json\/wp\/v2\/product_tag?post=1523"}],"curies":[{"name":"wp","href":"https:\/\/api.w.org\/{rel}","templated":true}]}}