{"id":1528,"date":"2025-07-30T07:13:57","date_gmt":"2025-07-30T07:13:57","guid":{"rendered":"https:\/\/www.lechaocandy.com\/?post_type=product&#038;p=1528"},"modified":"2025-07-30T07:27:04","modified_gmt":"2025-07-30T07:27:04","slug":"wholesale-gummy-bears","status":"publish","type":"product","link":"https:\/\/www.lechaocandy.com\/fr\/produit\/wholesale-gummy-bears\/","title":{"rendered":"LeChao Grossiste Oursons g\u00e9lifi\u00e9s, Bonbons g\u00e9lifi\u00e9s rebondissants en vrac"},"content":{"rendered":"<div class=\"wp-block-columns is-layout-flex wp-container-core-columns-is-layout-9d6595d7 wp-block-columns-is-layout-flex\"><div class=\"wp-block-column is-layout-flow wp-block-column-is-layout-flow\"><h2 class=\"wp-block-heading\">Produits phares de la vente en gros d'oursons en gomme<\/h2>\n\n<ul class=\"wp-block-list\"><li><strong>Design classique en forme d'ours :<\/strong> Ces oursons \u00e0 la gomme en gros ont une forme classique qui est tr\u00e8s recherch\u00e9e et aim\u00e9e par les enfants et les adultes, ce qui rend le produit plus int\u00e9ressant et plus attrayant.<\/li>\n\n<li><strong>Multiples saveurs fruit\u00e9es : <\/strong>Nos oursons en gomme en vrac se d\u00e9clinent en diff\u00e9rents parfums de fruits pour r\u00e9pondre aux diff\u00e9rentes pr\u00e9f\u00e9rences des consommateurs, chaque bouch\u00e9e \u00e9tant remplie d'ar\u00f4mes naturels de fruits.<\/li>\n\n<li><strong>Couleurs vives : <\/strong>Ces ours en gomme en gros sont disponibles dans de nombreuses teintes vibrantes, brillantes et attrayantes, ce qui en fait un excellent choix pour les f\u00eates et les \u00e9v\u00e9nements.<\/li>\n\n<li><strong>Texture moelleuse : <\/strong>Nos oursons g\u00e9lifi\u00e9s en vrac ont une texture moelleuse, offrant une bouch\u00e9e satisfaisante et une exp\u00e9rience sucr\u00e9e de longue dur\u00e9e, ce qui rend chacun d'entre eux irr\u00e9sistible.<\/li>\n\n<li><strong>Emballage de gros : <\/strong>Nous proposons des emballages en gros et en vrac pour nos oursons g\u00e9lifi\u00e9s, ce qui permet aux d\u00e9taillants, aux organisateurs de f\u00eates et aux responsables d'\u00e9v\u00e9nements d'acheter en vrac afin de r\u00e9pondre \u00e0 diff\u00e9rents besoins.<\/li><\/ul><\/div>\n\n<div class=\"wp-block-column is-layout-flow wp-block-column-is-layout-flow\"><figure class=\"wp-block-image size-full\"><img decoding=\"async\" width=\"800\" height=\"800\" src=\"https:\/\/www.lechaocandy.com\/wp-content\/uploads\/2025\/07\/LeChao-Wholesale-Gummy-Bears-Bouncy-Gummy-Candy-Bulk-1.webp\" alt=\"LeChao Grossiste Oursons g\u00e9lifi\u00e9s, Bonbons g\u00e9lifi\u00e9s rebondissants en vrac-1\" class=\"wp-image-1529\" srcset=\"https:\/\/www.lechaocandy.com\/wp-content\/uploads\/2025\/07\/LeChao-Wholesale-Gummy-Bears-Bouncy-Gummy-Candy-Bulk-1.webp 800w, https:\/\/www.lechaocandy.com\/wp-content\/uploads\/2025\/07\/LeChao-Wholesale-Gummy-Bears-Bouncy-Gummy-Candy-Bulk-1-300x300.webp 300w, https:\/\/www.lechaocandy.com\/wp-content\/uploads\/2025\/07\/LeChao-Wholesale-Gummy-Bears-Bouncy-Gummy-Candy-Bulk-1-150x150.webp 150w, https:\/\/www.lechaocandy.com\/wp-content\/uploads\/2025\/07\/LeChao-Wholesale-Gummy-Bears-Bouncy-Gummy-Candy-Bulk-1-768x768.webp 768w, https:\/\/www.lechaocandy.com\/wp-content\/uploads\/2025\/07\/LeChao-Wholesale-Gummy-Bears-Bouncy-Gummy-Candy-Bulk-1-12x12.webp 12w, https:\/\/www.lechaocandy.com\/wp-content\/uploads\/2025\/07\/LeChao-Wholesale-Gummy-Bears-Bouncy-Gummy-Candy-Bulk-1-600x600.webp 600w, https:\/\/www.lechaocandy.com\/wp-content\/uploads\/2025\/07\/LeChao-Wholesale-Gummy-Bears-Bouncy-Gummy-Candy-Bulk-1-100x100.webp 100w\" sizes=\"(max-width: 800px) 100vw, 800px\" \/><\/figure><\/div><\/div>","protected":false},"excerpt":{"rendered":"<p>Bienvenue sur le site d'achat en gros d'oursons en gomme. Ces oursons classiques aromatis\u00e9s aux fruits en vrac sont color\u00e9s, moelleux et ont un ar\u00f4me naturel de fruit. Des options d'emballage personnalis\u00e9es sont disponibles.<\/p>\n<table style=\"border-collapse: collapse; width: 329.02pt;\" border=\"0\" width=\"329\" cellspacing=\"0\" cellpadding=\"0\">\n<tbody>\n<tr style=\"height: 17.60pt;\">\n<td class=\"et2\" style=\"height: 17.60pt; width: 110.80pt;\" width=\"110\" height=\"17\">Fabricant<\/td>\n<td class=\"et2\" style=\"width: 219.15pt;\" width=\"219\">LeChao Candy<\/td>\n<\/tr>\n<tr style=\"height: 18.00pt;\">\n<td class=\"et2\" style=\"height: 18.00pt;\" height=\"18\">Type de produit<\/td>\n<td class=\"et3\" style=\"width: 219.15pt;\" width=\"219\">Bonbons g\u00e9lifi\u00e9s<\/td>\n<\/tr>\n<tr style=\"height: 18.00pt;\">\n<td class=\"et2\" style=\"height: 18.00pt;\" height=\"18\">Le go\u00fbt<\/td>\n<td class=\"et3\" style=\"width: 219.15pt;\" width=\"219\">Aigre-doux et r\u00e9silient<\/td>\n<\/tr>\n<tr style=\"height: 17.60pt;\">\n<td class=\"et2\" style=\"height: 17.60pt;\" height=\"17\">Sp\u00e9cifications<\/td>\n<td class=\"et2\">100gx80sacs<\/td>\n<\/tr>\n<tr style=\"height: 17.60pt;\">\n<td class=\"et2\" style=\"height: 17.60pt;\" height=\"17\">Taille du carton<\/td>\n<td class=\"et2\">38*33*14cm<\/td>\n<\/tr>\n<tr style=\"height: 17.60pt;\">\n<td class=\"et2\" style=\"height: 17.60pt;\" height=\"17\">N.W.\/Carton<\/td>\n<td class=\"et2\">12,0 kg<\/td>\n<\/tr>\n<tr style=\"height: 17.60pt;\">\n<td class=\"et2\" style=\"height: 17.60pt;\" height=\"17\">MOQ<\/td>\n<td class=\"et2\">500CTNS<\/td>\n<\/tr>\n<tr style=\"height: 17.60pt;\">\n<td class=\"et2\" style=\"height: 17.60pt;\" height=\"17\">\u00c9chantillon<\/td>\n<td class=\"et2\">Disponible<\/td>\n<\/tr>\n<\/tbody>\n<\/table>\n<p>&nbsp;<\/p>","protected":false},"featured_media":1530,"comment_status":"open","ping_status":"closed","template":"","meta":{"_acf_changed":false},"product_brand":[],"product_cat":[19],"product_tag":[],"class_list":{"0":"post-1528","1":"product","2":"type-product","3":"status-publish","4":"has-post-thumbnail","6":"product_cat-wholesale-gummy-manufacturer","8":"first","9":"instock","10":"shipping-taxable","11":"product-type-simple"},"acf":[],"_links":{"self":[{"href":"https:\/\/www.lechaocandy.com\/fr\/wp-json\/wp\/v2\/product\/1528","targetHints":{"allow":["GET"]}}],"collection":[{"href":"https:\/\/www.lechaocandy.com\/fr\/wp-json\/wp\/v2\/product"}],"about":[{"href":"https:\/\/www.lechaocandy.com\/fr\/wp-json\/wp\/v2\/types\/product"}],"replies":[{"embeddable":true,"href":"https:\/\/www.lechaocandy.com\/fr\/wp-json\/wp\/v2\/comments?post=1528"}],"wp:featuredmedia":[{"embeddable":true,"href":"https:\/\/www.lechaocandy.com\/fr\/wp-json\/wp\/v2\/media\/1530"}],"wp:attachment":[{"href":"https:\/\/www.lechaocandy.com\/fr\/wp-json\/wp\/v2\/media?parent=1528"}],"wp:term":[{"taxonomy":"product_brand","embeddable":true,"href":"https:\/\/www.lechaocandy.com\/fr\/wp-json\/wp\/v2\/product_brand?post=1528"},{"taxonomy":"product_cat","embeddable":true,"href":"https:\/\/www.lechaocandy.com\/fr\/wp-json\/wp\/v2\/product_cat?post=1528"},{"taxonomy":"product_tag","embeddable":true,"href":"https:\/\/www.lechaocandy.com\/fr\/wp-json\/wp\/v2\/product_tag?post=1528"}],"curies":[{"name":"wp","href":"https:\/\/api.w.org\/{rel}","templated":true}]}}