{"id":1544,"date":"2025-08-05T03:11:15","date_gmt":"2025-08-05T03:11:15","guid":{"rendered":"https:\/\/www.lechaocandy.com\/?post_type=product&#038;p=1544"},"modified":"2025-08-05T03:37:28","modified_gmt":"2025-08-05T03:37:28","slug":"bulk-grape-gummy-candy","status":"publish","type":"product","link":"https:\/\/www.lechaocandy.com\/fr\/produit\/bulk-grape-gummy-candy\/","title":{"rendered":"LeChao Bulk Grape Gummy Candy, Fruity Chewy Candy Wholesale (bonbons \u00e0 m\u00e2cher fruit\u00e9s)"},"content":{"rendered":"<div class=\"wp-block-columns is-layout-flex wp-container-core-columns-is-layout-9d6595d7 wp-block-columns-is-layout-flex\"><div class=\"wp-block-column is-layout-flow wp-block-column-is-layout-flow\"><h2 class=\"wp-block-heading\">Points forts du produit Bonbons g\u00e9lifi\u00e9s au raisin en vrac<\/h2>\n\n<ul class=\"wp-block-list\"><li><strong>Emballage individuel, portable et hygi\u00e9nique : <\/strong>Nos bonbons g\u00e9lifi\u00e9s au raisin en vrac sont pr\u00e9sent\u00e9s dans un emballage compact, ce qui les rend faciles \u00e0 transporter et adapt\u00e9s \u00e0 la vente au d\u00e9tail, aux cadeaux publicitaires ou \u00e0 la vente de paquets multiples, am\u00e9liorant ainsi l'exp\u00e9rience de l'utilisateur final.<\/li>\n\n<li><strong>Conception mignonne, tr\u00e8s attrayante : <\/strong>Ces bonbons \u00e0 m\u00e2cher en gros pr\u00e9sentent des formes r\u00e9alistes de raisin, cr\u00e9ant une exp\u00e9rience vivante et attrayante, parfaite pour les enfants et pendant les festivals.<\/li>\n\n<li><strong>Ar\u00f4me fruit\u00e9 riche, texture moelleuse :<\/strong> Nos bonbons g\u00e9lifi\u00e9s au raisin en vrac utilisent une formule riche en ar\u00f4mes de raisin, ce qui donne une texture douce et moelleuse qui ne colle pas et laisse un arri\u00e8re-go\u00fbt riche.<\/li>\n\n<li><strong>Ingr\u00e9dients de haute qualit\u00e9, s\u00fbrs et fiables : <\/strong>Nos bonbons \u00e0 m\u00e2cher en gros utilisent des ingr\u00e9dients de haute qualit\u00e9 alimentaire et sont soumis \u00e0 des processus de production rigoureux qui r\u00e9pondent aux normes internationales de s\u00e9curit\u00e9 alimentaire, ce qui les rend adapt\u00e9s \u00e0 l'exportation et aux achats en gros.<\/li>\n\n<li><strong>Approvisionnement direct de l'usine, Rentabilit\u00e9 : <\/strong>Nous proposons des services OEM\/ODM pour les bonbons g\u00e9lifi\u00e9s au raisin en vrac afin de r\u00e9pondre aux diverses demandes du march\u00e9. Produite dans notre propre usine, LeChao garantit un approvisionnement stable et des prix comp\u00e9titifs.<\/li><\/ul><\/div>\n\n<div class=\"wp-block-column is-layout-flow wp-block-column-is-layout-flow\"><figure class=\"wp-block-image size-full\"><img decoding=\"async\" width=\"800\" height=\"800\" src=\"https:\/\/www.lechaocandy.com\/wp-content\/uploads\/2025\/08\/LeChao-Bulk-Grape-Gummy-Candy-Fruity-Chewy-Candy-Wholesale-2.webp\" alt=\"LeChao Bulk Grape Gummy Candy, Fruity Chewy Candy Wholesale-2\" class=\"wp-image-1546\" srcset=\"https:\/\/www.lechaocandy.com\/wp-content\/uploads\/2025\/08\/LeChao-Bulk-Grape-Gummy-Candy-Fruity-Chewy-Candy-Wholesale-2.webp 800w, https:\/\/www.lechaocandy.com\/wp-content\/uploads\/2025\/08\/LeChao-Bulk-Grape-Gummy-Candy-Fruity-Chewy-Candy-Wholesale-2-300x300.webp 300w, https:\/\/www.lechaocandy.com\/wp-content\/uploads\/2025\/08\/LeChao-Bulk-Grape-Gummy-Candy-Fruity-Chewy-Candy-Wholesale-2-150x150.webp 150w, https:\/\/www.lechaocandy.com\/wp-content\/uploads\/2025\/08\/LeChao-Bulk-Grape-Gummy-Candy-Fruity-Chewy-Candy-Wholesale-2-768x768.webp 768w, https:\/\/www.lechaocandy.com\/wp-content\/uploads\/2025\/08\/LeChao-Bulk-Grape-Gummy-Candy-Fruity-Chewy-Candy-Wholesale-2-12x12.webp 12w, https:\/\/www.lechaocandy.com\/wp-content\/uploads\/2025\/08\/LeChao-Bulk-Grape-Gummy-Candy-Fruity-Chewy-Candy-Wholesale-2-600x600.webp 600w, https:\/\/www.lechaocandy.com\/wp-content\/uploads\/2025\/08\/LeChao-Bulk-Grape-Gummy-Candy-Fruity-Chewy-Candy-Wholesale-2-100x100.webp 100w\" sizes=\"(max-width: 800px) 100vw, 800px\" \/><\/figure><\/div><\/div>","protected":false},"excerpt":{"rendered":"<p>Bienvenue pour acheter en gros des bonbons \u00e0 m\u00e2cher. Nos bonbons g\u00e9lifi\u00e9s au raisin en vrac sont sucr\u00e9s, d\u00e9licieux et d\u00e9bordent de saveur fruit\u00e9e. Chaque bonbon de 20g emball\u00e9 individuellement est facile \u00e0 transporter et \u00e0 distribuer, ce qui en fait un favori parmi les enfants et les jeunes consommateurs. Prix de gros comp\u00e9titifs en direct de l'usine.<\/p>\n<table style=\"border-collapse: collapse; width: 329.02pt;\" border=\"0\" width=\"329\" cellspacing=\"0\" cellpadding=\"0\">\n<tbody>\n<tr style=\"height: 17.60pt;\">\n<td class=\"et2\" style=\"height: 17.60pt; width: 110.80pt;\" width=\"110\" height=\"17\">Fabricant<\/td>\n<td class=\"et2\" style=\"width: 219.15pt;\" width=\"219\">LeChao Candy<\/td>\n<\/tr>\n<tr style=\"height: 18.00pt;\">\n<td class=\"et2\" style=\"height: 18.00pt;\" height=\"18\">Type de produit<\/td>\n<td class=\"et3\" style=\"width: 219.15pt;\" width=\"219\">Bonbons g\u00e9lifi\u00e9s au raisin<\/td>\n<\/tr>\n<tr style=\"height: 18.00pt;\">\n<td class=\"et2\" style=\"height: 18.00pt;\" height=\"18\">Le go\u00fbt<\/td>\n<td class=\"et3\" style=\"width: 219.15pt;\" width=\"219\">Aigre-doux et r\u00e9silient<\/td>\n<\/tr>\n<tr style=\"height: 17.60pt;\">\n<td class=\"et2\" style=\"height: 17.60pt;\" height=\"17\">Sp\u00e9cifications<\/td>\n<td class=\"et2\">20gx24pcsx12boxes<\/td>\n<\/tr>\n<tr style=\"height: 17.60pt;\">\n<td class=\"et2\" style=\"height: 17.60pt;\" height=\"17\">Taille du carton<\/td>\n<td class=\"et2\">35*33*28cm<\/td>\n<\/tr>\n<tr style=\"height: 17.60pt;\">\n<td class=\"et2\" style=\"height: 17.60pt;\" height=\"17\">N.W.\/Carton<\/td>\n<td class=\"et2\">8,0 kg<\/td>\n<\/tr>\n<tr style=\"height: 17.60pt;\">\n<td class=\"et2\" style=\"height: 17.60pt;\" height=\"17\">Prix<\/td>\n<td class=\"et2\">23.04USD<\/td>\n<\/tr>\n<tr style=\"height: 17.60pt;\">\n<td class=\"et2\" style=\"height: 17.60pt;\" height=\"17\">MOQ<\/td>\n<td class=\"et2\">500CTNS<\/td>\n<\/tr>\n<tr style=\"height: 17.60pt;\">\n<td class=\"et2\" style=\"height: 17.60pt;\" height=\"17\">\u00c9chantillon<\/td>\n<td class=\"et2\">Disponible<\/td>\n<\/tr>\n<\/tbody>\n<\/table>\n<p>&nbsp;<\/p>","protected":false},"featured_media":1545,"comment_status":"open","ping_status":"closed","template":"","meta":{"_acf_changed":false},"product_brand":[],"product_cat":[19],"product_tag":[],"class_list":{"0":"post-1544","1":"product","2":"type-product","3":"status-publish","4":"has-post-thumbnail","6":"product_cat-wholesale-gummy-manufacturer","8":"first","9":"instock","10":"shipping-taxable","11":"product-type-simple"},"acf":[],"_links":{"self":[{"href":"https:\/\/www.lechaocandy.com\/fr\/wp-json\/wp\/v2\/product\/1544","targetHints":{"allow":["GET"]}}],"collection":[{"href":"https:\/\/www.lechaocandy.com\/fr\/wp-json\/wp\/v2\/product"}],"about":[{"href":"https:\/\/www.lechaocandy.com\/fr\/wp-json\/wp\/v2\/types\/product"}],"replies":[{"embeddable":true,"href":"https:\/\/www.lechaocandy.com\/fr\/wp-json\/wp\/v2\/comments?post=1544"}],"wp:featuredmedia":[{"embeddable":true,"href":"https:\/\/www.lechaocandy.com\/fr\/wp-json\/wp\/v2\/media\/1545"}],"wp:attachment":[{"href":"https:\/\/www.lechaocandy.com\/fr\/wp-json\/wp\/v2\/media?parent=1544"}],"wp:term":[{"taxonomy":"product_brand","embeddable":true,"href":"https:\/\/www.lechaocandy.com\/fr\/wp-json\/wp\/v2\/product_brand?post=1544"},{"taxonomy":"product_cat","embeddable":true,"href":"https:\/\/www.lechaocandy.com\/fr\/wp-json\/wp\/v2\/product_cat?post=1544"},{"taxonomy":"product_tag","embeddable":true,"href":"https:\/\/www.lechaocandy.com\/fr\/wp-json\/wp\/v2\/product_tag?post=1544"}],"curies":[{"name":"wp","href":"https:\/\/api.w.org\/{rel}","templated":true}]}}