{"id":1548,"date":"2025-08-05T03:37:47","date_gmt":"2025-08-05T03:37:47","guid":{"rendered":"https:\/\/www.lechaocandy.com\/?post_type=product&#038;p=1548"},"modified":"2025-08-05T03:51:25","modified_gmt":"2025-08-05T03:51:25","slug":"green-apple-gummies-wholesale","status":"publish","type":"product","link":"https:\/\/www.lechaocandy.com\/fr\/produit\/green-apple-gummies-wholesale\/","title":{"rendered":"Gummies \u00e0 la pomme verte Wholesale, Factory Supply Jelly Candy"},"content":{"rendered":"<div class=\"wp-block-columns is-layout-flex wp-container-core-columns-is-layout-9d6595d7 wp-block-columns-is-layout-flex\"><div class=\"wp-block-column is-layout-flow wp-block-column-is-layout-flow\"><h2 class=\"wp-block-heading\">Points forts du produit Green Apple Gummies Wholesale<\/h2>\n\n<ul class=\"wp-block-list\"><li><strong>Emballage individuel pour une portabilit\u00e9 et une hygi\u00e8ne accrues : <\/strong>Nos gommes \u00e0 la pomme verte sont vendues en gros dans un emballage de 20 g. L\u00e9g\u00e8res et portables, elles sont pratiques \u00e0 distribuer et \u00e0 vendre, et conviennent \u00e0 la consommation quotidienne, aux f\u00eates de fin d'ann\u00e9e et aux cadeaux.<\/li>\n\n<li><strong>Mignonne pomme verte : <\/strong>Ces bonbons g\u00e9lifi\u00e9s en vrac se pr\u00e9sentent sous la forme d'une v\u00e9ritable pomme verte, ce qui contribue \u00e0 les rendre plus mignons et \u00e0 en faire les favoris des \u00e9talages.<\/li>\n\n<li><strong>Riche ar\u00f4me fruit\u00e9 et texture moelleuse : <\/strong>Nos gommes en gros \u00e0 la pomme verte utilisent un v\u00e9ritable ar\u00f4me de pomme verte, offrant un go\u00fbt sucr\u00e9 et acide \u00e9quilibr\u00e9 avec une texture moelleuse et rafra\u00eechissante qui satisfait tous les palais.<\/li>\n\n<li><strong>Ingr\u00e9dients de premi\u00e8re qualit\u00e9 s\u00e9lectionn\u00e9s et s\u00e9curit\u00e9 alimentaire garantie : <\/strong>Nos bonbons g\u00e9lifi\u00e9s en vrac ont un vrai go\u00fbt de pomme verte, offrant un bon \u00e9quilibre entre le sucr\u00e9 et l'acide, avec une texture fra\u00eeche et moelleuse qui conviendra \u00e0 toutes les langues.<\/li>\n\n<li><strong>Ventes directes \u00e0 l'usine, prix tr\u00e8s comp\u00e9titifs : <\/strong>Nos gommes aux pommes vertes en gros sont fournies de mani\u00e8re stable par l'usine de Lechao. Nous proposons des services personnalis\u00e9s OEM\/ODM et le prix de gros est tr\u00e8s comp\u00e9titif, ce qui permet aux clients d'occuper rapidement le march\u00e9.<\/li><\/ul><\/div>\n\n<div class=\"wp-block-column is-layout-flow wp-block-column-is-layout-flow\"><figure class=\"wp-block-image size-full\"><img decoding=\"async\" width=\"800\" height=\"800\" src=\"https:\/\/www.lechaocandy.com\/wp-content\/uploads\/2025\/08\/Green-Apple-Gummies-Wholesale-Factory-Supply-Jelly-Candy-1.webp\" alt=\"Gummies \u00e0 la pomme verte Wholesale, Factory Supply Jelly Candy-1\" class=\"wp-image-1549\" srcset=\"https:\/\/www.lechaocandy.com\/wp-content\/uploads\/2025\/08\/Green-Apple-Gummies-Wholesale-Factory-Supply-Jelly-Candy-1.webp 800w, https:\/\/www.lechaocandy.com\/wp-content\/uploads\/2025\/08\/Green-Apple-Gummies-Wholesale-Factory-Supply-Jelly-Candy-1-300x300.webp 300w, https:\/\/www.lechaocandy.com\/wp-content\/uploads\/2025\/08\/Green-Apple-Gummies-Wholesale-Factory-Supply-Jelly-Candy-1-150x150.webp 150w, https:\/\/www.lechaocandy.com\/wp-content\/uploads\/2025\/08\/Green-Apple-Gummies-Wholesale-Factory-Supply-Jelly-Candy-1-768x768.webp 768w, https:\/\/www.lechaocandy.com\/wp-content\/uploads\/2025\/08\/Green-Apple-Gummies-Wholesale-Factory-Supply-Jelly-Candy-1-12x12.webp 12w, https:\/\/www.lechaocandy.com\/wp-content\/uploads\/2025\/08\/Green-Apple-Gummies-Wholesale-Factory-Supply-Jelly-Candy-1-600x600.webp 600w, https:\/\/www.lechaocandy.com\/wp-content\/uploads\/2025\/08\/Green-Apple-Gummies-Wholesale-Factory-Supply-Jelly-Candy-1-100x100.webp 100w\" sizes=\"(max-width: 800px) 100vw, 800px\" \/><\/figure><\/div><\/div>","protected":false},"excerpt":{"rendered":"<p>Bienvenue pour acheter des bonbons g\u00e9lifi\u00e9s en vrac. Nos bonbons \u00e0 la pomme verte en gros sont fabriqu\u00e9s \u00e0 partir d'ingr\u00e9dients de premi\u00e8re qualit\u00e9 et sont disponibles dans des emballages personnalis\u00e9s. Ils sont fabriqu\u00e9s directement par Lechao \u00e0 des prix de gros imbattables.<\/p>\n<table style=\"border-collapse: collapse; width: 329.02pt;\" border=\"0\" width=\"329\" cellspacing=\"0\" cellpadding=\"0\">\n<tbody>\n<tr style=\"height: 17.60pt;\">\n<td class=\"et2\" style=\"height: 17.60pt; width: 110.80pt;\" width=\"110\" height=\"17\">Fabricant<\/td>\n<td class=\"et2\" style=\"width: 219.15pt;\" width=\"219\">LeChao Candy<\/td>\n<\/tr>\n<tr style=\"height: 18.00pt;\">\n<td class=\"et2\" style=\"height: 18.00pt;\" height=\"18\">Type de produit<\/td>\n<td class=\"et3\" style=\"width: 219.15pt;\" width=\"219\">Bonbons g\u00e9lifi\u00e9s \u00e0 la pomme verte<\/td>\n<\/tr>\n<tr style=\"height: 18.00pt;\">\n<td class=\"et2\" style=\"height: 18.00pt;\" height=\"18\">Le go\u00fbt<\/td>\n<td class=\"et3\" style=\"width: 219.15pt;\" width=\"219\">Aigre-doux et r\u00e9silient<\/td>\n<\/tr>\n<tr style=\"height: 17.60pt;\">\n<td class=\"et2\" style=\"height: 17.60pt;\" height=\"17\">Sp\u00e9cifications<\/td>\n<td class=\"et2\">20gx24pcsx12boxes<\/td>\n<\/tr>\n<tr style=\"height: 17.60pt;\">\n<td class=\"et2\" style=\"height: 17.60pt;\" height=\"17\">Taille du carton<\/td>\n<td class=\"et2\">35*33*28cm<\/td>\n<\/tr>\n<tr style=\"height: 17.60pt;\">\n<td class=\"et2\" style=\"height: 17.60pt;\" height=\"17\">N.W.\/Carton<\/td>\n<td class=\"et2\">8,0 kg<\/td>\n<\/tr>\n<tr style=\"height: 17.60pt;\">\n<td class=\"et2\" style=\"height: 17.60pt;\" height=\"17\">Prix<\/td>\n<td class=\"et2\">23.04USD<\/td>\n<\/tr>\n<tr style=\"height: 17.60pt;\">\n<td class=\"et2\" style=\"height: 17.60pt;\" height=\"17\">MOQ<\/td>\n<td class=\"et2\">500CTNS<\/td>\n<\/tr>\n<tr style=\"height: 17.60pt;\">\n<td class=\"et2\" style=\"height: 17.60pt;\" height=\"17\">\u00c9chantillon<\/td>\n<td class=\"et2\">Disponible<\/td>\n<\/tr>\n<\/tbody>\n<\/table>\n<p>&nbsp;<\/p>","protected":false},"featured_media":1551,"comment_status":"open","ping_status":"closed","template":"","meta":{"_acf_changed":false},"product_brand":[],"product_cat":[19],"product_tag":[],"class_list":{"0":"post-1548","1":"product","2":"type-product","3":"status-publish","4":"has-post-thumbnail","6":"product_cat-wholesale-gummy-manufacturer","8":"first","9":"instock","10":"shipping-taxable","11":"product-type-simple"},"acf":[],"_links":{"self":[{"href":"https:\/\/www.lechaocandy.com\/fr\/wp-json\/wp\/v2\/product\/1548","targetHints":{"allow":["GET"]}}],"collection":[{"href":"https:\/\/www.lechaocandy.com\/fr\/wp-json\/wp\/v2\/product"}],"about":[{"href":"https:\/\/www.lechaocandy.com\/fr\/wp-json\/wp\/v2\/types\/product"}],"replies":[{"embeddable":true,"href":"https:\/\/www.lechaocandy.com\/fr\/wp-json\/wp\/v2\/comments?post=1548"}],"wp:featuredmedia":[{"embeddable":true,"href":"https:\/\/www.lechaocandy.com\/fr\/wp-json\/wp\/v2\/media\/1551"}],"wp:attachment":[{"href":"https:\/\/www.lechaocandy.com\/fr\/wp-json\/wp\/v2\/media?parent=1548"}],"wp:term":[{"taxonomy":"product_brand","embeddable":true,"href":"https:\/\/www.lechaocandy.com\/fr\/wp-json\/wp\/v2\/product_brand?post=1548"},{"taxonomy":"product_cat","embeddable":true,"href":"https:\/\/www.lechaocandy.com\/fr\/wp-json\/wp\/v2\/product_cat?post=1548"},{"taxonomy":"product_tag","embeddable":true,"href":"https:\/\/www.lechaocandy.com\/fr\/wp-json\/wp\/v2\/product_tag?post=1548"}],"curies":[{"name":"wp","href":"https:\/\/api.w.org\/{rel}","templated":true}]}}