{"id":1552,"date":"2025-08-05T03:52:14","date_gmt":"2025-08-05T03:52:14","guid":{"rendered":"https:\/\/www.lechaocandy.com\/?post_type=product&#038;p=1552"},"modified":"2025-08-05T03:59:27","modified_gmt":"2025-08-05T03:59:27","slug":"lychee-gummy-candy-wholesale","status":"publish","type":"product","link":"https:\/\/www.lechaocandy.com\/fr\/produit\/lychee-gummy-candy-wholesale\/","title":{"rendered":"Lychee Gummy Candy Wholesale, LeChao Bulk Chewy Candy"},"content":{"rendered":"<div class=\"wp-block-columns is-layout-flex wp-container-core-columns-is-layout-9d6595d7 wp-block-columns-is-layout-flex\"><div class=\"wp-block-column is-layout-flow wp-block-column-is-layout-flow\"><h2 class=\"wp-block-heading\">Produits phares de la vente en gros de bonbons g\u00e9lifi\u00e9s au litchi<\/h2>\n\n<ul class=\"wp-block-list\"><li><strong>Une riche saveur de litchi et un ar\u00f4me naturellement sucr\u00e9 : <\/strong>Nos bonbons g\u00e9lifi\u00e9s au litchi utilisent une formule sp\u00e9ciale pour recr\u00e9er l'ar\u00f4me naturel du fruit, offrant une saveur sucr\u00e9e mais non collante avec une texture riche et stratifi\u00e9e.<\/li>\n\n<li><strong>Convient \u00e0 tous les \u00e2ges : <\/strong>Ces bonbons \u00e0 m\u00e2cher en vrac sont doux, moelleux et d\u00e9licats, ce qui les rend adapt\u00e9s aux consommateurs de tous \u00e2ges et encourage les achats r\u00e9p\u00e9t\u00e9s.<\/li>\n\n<li><strong>Emballage portable pour divers sc\u00e9narios de vente : <\/strong>Nos bonbons g\u00e9lifi\u00e9s au litchi sont pr\u00e9sent\u00e9s en gros dans des emballages l\u00e9gers et individuels de 20 g, ce qui les rend faciles \u00e0 transporter et \u00e0 partager.<\/li>\n\n<li><strong>Possibilit\u00e9 de personnalisation OEM\/ODM : <\/strong>Nos bonbons \u00e0 m\u00e2cher en vrac peuvent \u00eatre personnalis\u00e9s en termes d'emballage, d'ar\u00f4mes et de poids afin de r\u00e9pondre \u00e0 diverses strat\u00e9gies de marketing.<\/li>\n\n<li><strong>Prix comp\u00e9titifs directs de l'usine :<\/strong> Notre grossiste en bonbons g\u00e9lifi\u00e9s au litchi offre une qualit\u00e9 constante, une livraison efficace et des prix de gros avantageux, ce qui en fait un produit adapt\u00e9 aux achats en gros et \u00e0 la distribution.<\/li><\/ul><\/div>\n\n<div class=\"wp-block-column is-layout-flow wp-block-column-is-layout-flow\"><figure class=\"wp-block-image size-full\"><img decoding=\"async\" width=\"800\" height=\"800\" src=\"https:\/\/www.lechaocandy.com\/wp-content\/uploads\/2025\/08\/Lychee-Gummy-Candy-Wholesale-LeChao-Bulk-Chewy-Candy-2.webp\" alt=\"Bonbons \u00e0 la gomme au litchi en gros, LeChao Bulk Chewy Candy-2\" class=\"wp-image-1554\" srcset=\"https:\/\/www.lechaocandy.com\/wp-content\/uploads\/2025\/08\/Lychee-Gummy-Candy-Wholesale-LeChao-Bulk-Chewy-Candy-2.webp 800w, https:\/\/www.lechaocandy.com\/wp-content\/uploads\/2025\/08\/Lychee-Gummy-Candy-Wholesale-LeChao-Bulk-Chewy-Candy-2-300x300.webp 300w, https:\/\/www.lechaocandy.com\/wp-content\/uploads\/2025\/08\/Lychee-Gummy-Candy-Wholesale-LeChao-Bulk-Chewy-Candy-2-150x150.webp 150w, https:\/\/www.lechaocandy.com\/wp-content\/uploads\/2025\/08\/Lychee-Gummy-Candy-Wholesale-LeChao-Bulk-Chewy-Candy-2-768x768.webp 768w, https:\/\/www.lechaocandy.com\/wp-content\/uploads\/2025\/08\/Lychee-Gummy-Candy-Wholesale-LeChao-Bulk-Chewy-Candy-2-12x12.webp 12w, https:\/\/www.lechaocandy.com\/wp-content\/uploads\/2025\/08\/Lychee-Gummy-Candy-Wholesale-LeChao-Bulk-Chewy-Candy-2-600x600.webp 600w, https:\/\/www.lechaocandy.com\/wp-content\/uploads\/2025\/08\/Lychee-Gummy-Candy-Wholesale-LeChao-Bulk-Chewy-Candy-2-100x100.webp 100w\" sizes=\"(max-width: 800px) 100vw, 800px\" \/><\/figure><\/div><\/div>","protected":false},"excerpt":{"rendered":"<p>Bienvenue \u00e0 l'achat de bonbons \u00e0 m\u00e2cher en vrac. Les bonbons g\u00e9lifi\u00e9s au litchi de LeChao ont un riche ar\u00f4me fruit\u00e9 et une texture d\u00e9licate. Fabriqu\u00e9s \u00e0 partir d'ingr\u00e9dients soigneusement s\u00e9lectionn\u00e9s, ils peuvent \u00eatre personnalis\u00e9s en termes d'ar\u00f4mes et d'emballage.<\/p>\n<table style=\"border-collapse: collapse; width: 329.02pt;\" border=\"0\" width=\"329\" cellspacing=\"0\" cellpadding=\"0\">\n<tbody>\n<tr style=\"height: 17.60pt;\">\n<td class=\"et2\" style=\"height: 17.60pt; width: 110.80pt;\" width=\"110\" height=\"17\">Fabricant<\/td>\n<td class=\"et2\" style=\"width: 219.15pt;\" width=\"219\">LeChao Candy<\/td>\n<\/tr>\n<tr style=\"height: 18.00pt;\">\n<td class=\"et2\" style=\"height: 18.00pt;\" height=\"18\">Type de produit<\/td>\n<td class=\"et3\" style=\"width: 219.15pt;\" width=\"219\">Bonbons \u00e0 la gomme au litchi<\/td>\n<\/tr>\n<tr style=\"height: 18.00pt;\">\n<td class=\"et2\" style=\"height: 18.00pt;\" height=\"18\">Le go\u00fbt<\/td>\n<td class=\"et3\" style=\"width: 219.15pt;\" width=\"219\">Aigre-doux et r\u00e9silient<\/td>\n<\/tr>\n<tr style=\"height: 17.60pt;\">\n<td class=\"et2\" style=\"height: 17.60pt;\" height=\"17\">Sp\u00e9cifications<\/td>\n<td class=\"et2\">20gx24pcsx12boxes<\/td>\n<\/tr>\n<tr style=\"height: 17.60pt;\">\n<td class=\"et2\" style=\"height: 17.60pt;\" height=\"17\">Taille du carton<\/td>\n<td class=\"et2\">35*33*28cm<\/td>\n<\/tr>\n<tr style=\"height: 17.60pt;\">\n<td class=\"et2\" style=\"height: 17.60pt;\" height=\"17\">N.W.\/Carton<\/td>\n<td class=\"et2\">8,0 kg<\/td>\n<\/tr>\n<tr style=\"height: 17.60pt;\">\n<td class=\"et2\" style=\"height: 17.60pt;\" height=\"17\">Prix<\/td>\n<td class=\"et2\">23.04USD<\/td>\n<\/tr>\n<tr style=\"height: 17.60pt;\">\n<td class=\"et2\" style=\"height: 17.60pt;\" height=\"17\">MOQ<\/td>\n<td class=\"et2\">500CTNS<\/td>\n<\/tr>\n<tr style=\"height: 17.60pt;\">\n<td class=\"et2\" style=\"height: 17.60pt;\" height=\"17\">\u00c9chantillon<\/td>\n<td class=\"et2\">Disponible<\/td>\n<\/tr>\n<\/tbody>\n<\/table>\n<p>&nbsp;<\/p>","protected":false},"featured_media":1553,"comment_status":"open","ping_status":"closed","template":"","meta":{"_acf_changed":false},"product_brand":[],"product_cat":[19],"product_tag":[],"class_list":{"0":"post-1552","1":"product","2":"type-product","3":"status-publish","4":"has-post-thumbnail","6":"product_cat-wholesale-gummy-manufacturer","8":"first","9":"instock","10":"shipping-taxable","11":"product-type-simple"},"acf":[],"_links":{"self":[{"href":"https:\/\/www.lechaocandy.com\/fr\/wp-json\/wp\/v2\/product\/1552","targetHints":{"allow":["GET"]}}],"collection":[{"href":"https:\/\/www.lechaocandy.com\/fr\/wp-json\/wp\/v2\/product"}],"about":[{"href":"https:\/\/www.lechaocandy.com\/fr\/wp-json\/wp\/v2\/types\/product"}],"replies":[{"embeddable":true,"href":"https:\/\/www.lechaocandy.com\/fr\/wp-json\/wp\/v2\/comments?post=1552"}],"wp:featuredmedia":[{"embeddable":true,"href":"https:\/\/www.lechaocandy.com\/fr\/wp-json\/wp\/v2\/media\/1553"}],"wp:attachment":[{"href":"https:\/\/www.lechaocandy.com\/fr\/wp-json\/wp\/v2\/media?parent=1552"}],"wp:term":[{"taxonomy":"product_brand","embeddable":true,"href":"https:\/\/www.lechaocandy.com\/fr\/wp-json\/wp\/v2\/product_brand?post=1552"},{"taxonomy":"product_cat","embeddable":true,"href":"https:\/\/www.lechaocandy.com\/fr\/wp-json\/wp\/v2\/product_cat?post=1552"},{"taxonomy":"product_tag","embeddable":true,"href":"https:\/\/www.lechaocandy.com\/fr\/wp-json\/wp\/v2\/product_tag?post=1552"}],"curies":[{"name":"wp","href":"https:\/\/api.w.org\/{rel}","templated":true}]}}