{"id":1555,"date":"2025-08-05T06:07:18","date_gmt":"2025-08-05T06:07:18","guid":{"rendered":"https:\/\/www.lechaocandy.com\/?post_type=product&#038;p=1555"},"modified":"2025-08-05T06:33:24","modified_gmt":"2025-08-05T06:33:24","slug":"strawberry-gummies-wholesale","status":"publish","type":"product","link":"https:\/\/www.lechaocandy.com\/fr\/produit\/strawberry-gummies-wholesale\/","title":{"rendered":"Strawberry Gummies Wholesale, LeChao Chewy Soft Candy Bulk (bonbons \u00e0 la fraise en vrac)"},"content":{"rendered":"<div class=\"wp-block-columns is-layout-flex wp-container-core-columns-is-layout-9d6595d7 wp-block-columns-is-layout-flex\"><div class=\"wp-block-column is-layout-flow wp-block-column-is-layout-flow\"><h2 class=\"wp-block-heading\">Points forts du produit Strawberry Gummies Wholesale (gommes \u00e0 la fraise)<\/h2>\n\n<ul class=\"wp-block-list\"><li><strong>Petit sachet individuel de 20g : <\/strong>Ces gommes \u00e0 la fraise en gros sont emball\u00e9es dans des sachets l\u00e9gers pour une distribution et une portabilit\u00e9 faciles, parfaites pour les supermarch\u00e9s, les magasins de proximit\u00e9, les \u00e9coles et les cadeaux promotionnels.<\/li>\n\n<li><strong>De jolis motifs de fraises pour l'attrait visuel : <\/strong>Nos bonbons mous en vrac ont des formes vives de fraises et des couleurs vives, ce qui augmente leur caract\u00e8re ludique et leur impact en rayon.<\/li>\n\n<li><strong>Un riche ar\u00f4me fruit\u00e9 et une texture douce et moelleuse :<\/strong> Ces gommes \u00e0 la fraise en gros offrent un authentique ar\u00f4me naturel de fraise et une texture moelleuse et non collante, ce qui les rend adapt\u00e9es aux consommateurs de tous \u00e2ges.<\/li>\n\n<li><strong>Ingr\u00e9dients de haute qualit\u00e9 s\u00e9lectionn\u00e9s pour garantir la s\u00e9curit\u00e9 alimentaire : <\/strong>Nos bonbons mous en vrac sont soigneusement s\u00e9lectionn\u00e9s et fabriqu\u00e9s selon des normes de production rigoureuses, r\u00e9pondant aux exigences de plusieurs certifications nationales en mati\u00e8re de s\u00e9curit\u00e9 alimentaire.<\/li>\n\n<li><strong>Directement en usine, personnalisable et \u00e0 un prix comp\u00e9titif : <\/strong>Nos gommes \u00e0 la fraise en gros peuvent r\u00e9pondre aux exigences OEM\/ODM, garantissant ainsi des livraisons stables et r\u00e9pondant aux demandes des grossistes.<\/li><\/ul><\/div>\n\n<div class=\"wp-block-column is-layout-flow wp-block-column-is-layout-flow\"><figure class=\"wp-block-image size-full\"><img decoding=\"async\" width=\"800\" height=\"800\" src=\"https:\/\/www.lechaocandy.com\/wp-content\/uploads\/2025\/08\/Strawberry-Gummies-Wholesale-LeChao-Chewy-Soft-Candy-Bulk-2.webp\" alt=\"Strawberry Gummies Wholesale, LeChao Chewy Soft Candy Bulk-2 (bonbons \u00e0 la fraise en vrac)\" class=\"wp-image-1557\" srcset=\"https:\/\/www.lechaocandy.com\/wp-content\/uploads\/2025\/08\/Strawberry-Gummies-Wholesale-LeChao-Chewy-Soft-Candy-Bulk-2.webp 800w, https:\/\/www.lechaocandy.com\/wp-content\/uploads\/2025\/08\/Strawberry-Gummies-Wholesale-LeChao-Chewy-Soft-Candy-Bulk-2-300x300.webp 300w, https:\/\/www.lechaocandy.com\/wp-content\/uploads\/2025\/08\/Strawberry-Gummies-Wholesale-LeChao-Chewy-Soft-Candy-Bulk-2-150x150.webp 150w, https:\/\/www.lechaocandy.com\/wp-content\/uploads\/2025\/08\/Strawberry-Gummies-Wholesale-LeChao-Chewy-Soft-Candy-Bulk-2-768x768.webp 768w, https:\/\/www.lechaocandy.com\/wp-content\/uploads\/2025\/08\/Strawberry-Gummies-Wholesale-LeChao-Chewy-Soft-Candy-Bulk-2-12x12.webp 12w, https:\/\/www.lechaocandy.com\/wp-content\/uploads\/2025\/08\/Strawberry-Gummies-Wholesale-LeChao-Chewy-Soft-Candy-Bulk-2-600x600.webp 600w, https:\/\/www.lechaocandy.com\/wp-content\/uploads\/2025\/08\/Strawberry-Gummies-Wholesale-LeChao-Chewy-Soft-Candy-Bulk-2-100x100.webp 100w\" sizes=\"(max-width: 800px) 100vw, 800px\" \/><\/figure><\/div><\/div>","protected":false},"excerpt":{"rendered":"<p>Bienvenue pour acheter des bonbons mous en vrac. Nos gommes \u00e0 la fraise en gros sont riches en saveur fruit\u00e9e et fabriqu\u00e9es directement en usine. Nous utilisons des ingr\u00e9dients de premi\u00e8re qualit\u00e9 et proposons des saveurs et des emballages personnalis\u00e9s, parfaits pour la vente au d\u00e9tail, les cadeaux et les cadeaux promotionnels.<\/p>\n<table style=\"border-collapse: collapse; width: 329.02pt;\" border=\"0\" width=\"329\" cellspacing=\"0\" cellpadding=\"0\">\n<tbody>\n<tr style=\"height: 17.60pt;\">\n<td class=\"et2\" style=\"height: 17.60pt; width: 110.80pt;\" width=\"110\" height=\"17\">Fabricant<\/td>\n<td class=\"et2\" style=\"width: 219.15pt;\" width=\"219\">LeChao Candy<\/td>\n<\/tr>\n<tr style=\"height: 18.00pt;\">\n<td class=\"et2\" style=\"height: 18.00pt;\" height=\"18\">Type de produit<\/td>\n<td class=\"et3\" style=\"width: 219.15pt;\" width=\"219\">Bonbons g\u00e9lifi\u00e9s \u00e0 la fraise<\/td>\n<\/tr>\n<tr style=\"height: 18.00pt;\">\n<td class=\"et2\" style=\"height: 18.00pt;\" height=\"18\">Le go\u00fbt<\/td>\n<td class=\"et3\" style=\"width: 219.15pt;\" width=\"219\">Aigre-doux et r\u00e9silient<\/td>\n<\/tr>\n<tr style=\"height: 17.60pt;\">\n<td class=\"et2\" style=\"height: 17.60pt;\" height=\"17\">Sp\u00e9cifications<\/td>\n<td class=\"et2\">20gx24pcsx12boxes<\/td>\n<\/tr>\n<tr style=\"height: 17.60pt;\">\n<td class=\"et2\" style=\"height: 17.60pt;\" height=\"17\">Taille du carton<\/td>\n<td class=\"et2\">35*33*28cm<\/td>\n<\/tr>\n<tr style=\"height: 17.60pt;\">\n<td class=\"et2\" style=\"height: 17.60pt;\" height=\"17\">N.W.\/Carton<\/td>\n<td class=\"et2\">8,0 kg<\/td>\n<\/tr>\n<tr style=\"height: 17.60pt;\">\n<td class=\"et2\" style=\"height: 17.60pt;\" height=\"17\">Prix<\/td>\n<td class=\"et2\">23.04USD<\/td>\n<\/tr>\n<tr style=\"height: 17.60pt;\">\n<td class=\"et2\" style=\"height: 17.60pt;\" height=\"17\">MOQ<\/td>\n<td class=\"et2\">500CTNS<\/td>\n<\/tr>\n<tr style=\"height: 17.60pt;\">\n<td class=\"et2\" style=\"height: 17.60pt;\" height=\"17\">\u00c9chantillon<\/td>\n<td class=\"et2\">Disponible<\/td>\n<\/tr>\n<\/tbody>\n<\/table>\n<p>&nbsp;<\/p>","protected":false},"featured_media":1556,"comment_status":"open","ping_status":"closed","template":"","meta":{"_acf_changed":false},"product_brand":[],"product_cat":[19],"product_tag":[],"class_list":{"0":"post-1555","1":"product","2":"type-product","3":"status-publish","4":"has-post-thumbnail","6":"product_cat-wholesale-gummy-manufacturer","8":"first","9":"instock","10":"shipping-taxable","11":"product-type-simple"},"acf":[],"_links":{"self":[{"href":"https:\/\/www.lechaocandy.com\/fr\/wp-json\/wp\/v2\/product\/1555","targetHints":{"allow":["GET"]}}],"collection":[{"href":"https:\/\/www.lechaocandy.com\/fr\/wp-json\/wp\/v2\/product"}],"about":[{"href":"https:\/\/www.lechaocandy.com\/fr\/wp-json\/wp\/v2\/types\/product"}],"replies":[{"embeddable":true,"href":"https:\/\/www.lechaocandy.com\/fr\/wp-json\/wp\/v2\/comments?post=1555"}],"wp:featuredmedia":[{"embeddable":true,"href":"https:\/\/www.lechaocandy.com\/fr\/wp-json\/wp\/v2\/media\/1556"}],"wp:attachment":[{"href":"https:\/\/www.lechaocandy.com\/fr\/wp-json\/wp\/v2\/media?parent=1555"}],"wp:term":[{"taxonomy":"product_brand","embeddable":true,"href":"https:\/\/www.lechaocandy.com\/fr\/wp-json\/wp\/v2\/product_brand?post=1555"},{"taxonomy":"product_cat","embeddable":true,"href":"https:\/\/www.lechaocandy.com\/fr\/wp-json\/wp\/v2\/product_cat?post=1555"},{"taxonomy":"product_tag","embeddable":true,"href":"https:\/\/www.lechaocandy.com\/fr\/wp-json\/wp\/v2\/product_tag?post=1555"}],"curies":[{"name":"wp","href":"https:\/\/api.w.org\/{rel}","templated":true}]}}