{"id":1560,"date":"2025-08-05T06:35:31","date_gmt":"2025-08-05T06:35:31","guid":{"rendered":"https:\/\/www.lechaocandy.com\/?post_type=product&#038;p=1560"},"modified":"2025-08-05T06:54:13","modified_gmt":"2025-08-05T06:54:13","slug":"pineapple-gummies-bulk","status":"publish","type":"product","link":"https:\/\/www.lechaocandy.com\/fr\/produit\/pineapple-gummies-bulk\/","title":{"rendered":"Chewy Pineapple Gummies Bulk, LeChao Wholesale Soft Candy (bonbons mous)"},"content":{"rendered":"<div class=\"wp-block-columns is-layout-flex wp-container-core-columns-is-layout-9d6595d7 wp-block-columns-is-layout-flex\"><div class=\"wp-block-column is-layout-flow wp-block-column-is-layout-flow\"><h2 class=\"wp-block-heading\">Points forts du produit Chewy Pineapple Gummies en vrac<\/h2>\n\n<ul class=\"wp-block-list\"><li><strong>Un design cr\u00e9atif renforce la reconnaissance de la marque :<\/strong> Ces gommes compactes \u00e0 l'ananas en vrac ajoutent non seulement une touche d'amusement, mais aident \u00e9galement le produit \u00e0 se d\u00e9marquer dans les rayons et \u00e0 fid\u00e9liser les consommateurs.<\/li>\n\n<li><strong>Convient \u00e0 plusieurs canaux de vente : <\/strong>Qu'ils soient utilis\u00e9s dans les supermarch\u00e9s, les magasins de proximit\u00e9, les d\u00e9taillants en ligne ou comme cadeaux promotionnels, nos bonbons mous en gros peuvent r\u00e9pondre \u00e0 divers besoins de vente.<\/li>\n\n<li><strong>La saveur naturelle des fruits r\u00e9pond aux tendances en mati\u00e8re de sant\u00e9 : <\/strong>Ces gommes \u00e0 l'ananas en vrac offrent une saveur fruit\u00e9e rafra\u00eechissante avec un go\u00fbt aigre-doux \u00e9quilibr\u00e9, r\u00e9pondant ainsi \u00e0 la pr\u00e9f\u00e9rence des consommateurs modernes pour des bonbons abordables.<\/li>\n\n<li><strong>Souple et r\u00e9sistant, il offre un go\u00fbt plus prononc\u00e9 : <\/strong>Nos bonbons mous en gros utilisent une technologie de pointe en mati\u00e8re de bonbons g\u00e9lifi\u00e9s pour cr\u00e9er une texture molle, non collante et riche en go\u00fbt, et une plus grande satisfaction gustative.<\/li>\n\n<li><strong>Capacit\u00e9 de production stable et livraison rapide : <\/strong>Nos gommes \u00e0 l'ananas en vrac sont produites efficacement par la propre usine de LeChao. Nous avons la capacit\u00e9 de fournir de grandes quantit\u00e9s et des d\u00e9lais de livraison stables, ce qui permet aux clients d'\u00e9tendre facilement leur march\u00e9.<\/li><\/ul><\/div>\n\n<div class=\"wp-block-column is-layout-flow wp-block-column-is-layout-flow\"><figure class=\"wp-block-image size-full\"><img decoding=\"async\" width=\"800\" height=\"800\" src=\"https:\/\/www.lechaocandy.com\/wp-content\/uploads\/2025\/08\/Chewy-Pineapple-Gummies-Bulk-LeChao-Wholesale-Soft-Candy-1.webp\" alt=\"Chewy Pineapple Gummies Bulk, LeChao Wholesale Soft Candy-1\" class=\"wp-image-1561\" srcset=\"https:\/\/www.lechaocandy.com\/wp-content\/uploads\/2025\/08\/Chewy-Pineapple-Gummies-Bulk-LeChao-Wholesale-Soft-Candy-1.webp 800w, https:\/\/www.lechaocandy.com\/wp-content\/uploads\/2025\/08\/Chewy-Pineapple-Gummies-Bulk-LeChao-Wholesale-Soft-Candy-1-300x300.webp 300w, https:\/\/www.lechaocandy.com\/wp-content\/uploads\/2025\/08\/Chewy-Pineapple-Gummies-Bulk-LeChao-Wholesale-Soft-Candy-1-150x150.webp 150w, https:\/\/www.lechaocandy.com\/wp-content\/uploads\/2025\/08\/Chewy-Pineapple-Gummies-Bulk-LeChao-Wholesale-Soft-Candy-1-768x768.webp 768w, https:\/\/www.lechaocandy.com\/wp-content\/uploads\/2025\/08\/Chewy-Pineapple-Gummies-Bulk-LeChao-Wholesale-Soft-Candy-1-12x12.webp 12w, https:\/\/www.lechaocandy.com\/wp-content\/uploads\/2025\/08\/Chewy-Pineapple-Gummies-Bulk-LeChao-Wholesale-Soft-Candy-1-600x600.webp 600w, https:\/\/www.lechaocandy.com\/wp-content\/uploads\/2025\/08\/Chewy-Pineapple-Gummies-Bulk-LeChao-Wholesale-Soft-Candy-1-100x100.webp 100w\" sizes=\"(max-width: 800px) 100vw, 800px\" \/><\/figure><\/div><\/div>","protected":false},"excerpt":{"rendered":"<p>Bienvenue sur le site de LeChao pour acheter en gros des bonbons mous. Les gommes \u00e0 l'ananas en vrac de LeChao sont adorables, fruit\u00e9es et douces. Chaque paquet de 20g est emball\u00e9 individuellement pour faciliter la distribution, la vente et la portabilit\u00e9. Il est possible de personnaliser l'ar\u00f4me, le poids et l'emballage.<\/p>\n<table style=\"border-collapse: collapse; width: 329.02pt;\" border=\"0\" width=\"329\" cellspacing=\"0\" cellpadding=\"0\">\n<tbody>\n<tr style=\"height: 17.60pt;\">\n<td class=\"et2\" style=\"height: 17.60pt; width: 110.80pt;\" width=\"110\" height=\"17\">Fabricant<\/td>\n<td class=\"et2\" style=\"width: 219.15pt;\" width=\"219\">LeChao Candy<\/td>\n<\/tr>\n<tr style=\"height: 18.00pt;\">\n<td class=\"et2\" style=\"height: 18.00pt;\" height=\"18\">Type de produit<\/td>\n<td class=\"et3\" style=\"width: 219.15pt;\" width=\"219\">Bonbons gommeux \u00e0 l'ananas<\/td>\n<\/tr>\n<tr style=\"height: 18.00pt;\">\n<td class=\"et2\" style=\"height: 18.00pt;\" height=\"18\">Le go\u00fbt<\/td>\n<td class=\"et3\" style=\"width: 219.15pt;\" width=\"219\">Aigre-doux et r\u00e9silient<\/td>\n<\/tr>\n<tr style=\"height: 17.60pt;\">\n<td class=\"et2\" style=\"height: 17.60pt;\" height=\"17\">Sp\u00e9cifications<\/td>\n<td class=\"et2\">20gx24pcsx12boxes<\/td>\n<\/tr>\n<tr style=\"height: 17.60pt;\">\n<td class=\"et2\" style=\"height: 17.60pt;\" height=\"17\">Taille du carton<\/td>\n<td class=\"et2\">35*33*28cm<\/td>\n<\/tr>\n<tr style=\"height: 17.60pt;\">\n<td class=\"et2\" style=\"height: 17.60pt;\" height=\"17\">N.W.\/Carton<\/td>\n<td class=\"et2\">8,0 kg<\/td>\n<\/tr>\n<tr style=\"height: 17.60pt;\">\n<td class=\"et2\" style=\"height: 17.60pt;\" height=\"17\">Prix<\/td>\n<td class=\"et2\">23.04USD<\/td>\n<\/tr>\n<tr style=\"height: 17.60pt;\">\n<td class=\"et2\" style=\"height: 17.60pt;\" height=\"17\">MOQ<\/td>\n<td class=\"et2\">500CTNS<\/td>\n<\/tr>\n<tr style=\"height: 17.60pt;\">\n<td class=\"et2\" style=\"height: 17.60pt;\" height=\"17\">\u00c9chantillon<\/td>\n<td class=\"et2\">Disponible<\/td>\n<\/tr>\n<\/tbody>\n<\/table>\n<p>&nbsp;<\/p>","protected":false},"featured_media":1562,"comment_status":"open","ping_status":"closed","template":"","meta":{"_acf_changed":false},"product_brand":[],"product_cat":[19],"product_tag":[],"class_list":{"0":"post-1560","1":"product","2":"type-product","3":"status-publish","4":"has-post-thumbnail","6":"product_cat-wholesale-gummy-manufacturer","8":"first","9":"instock","10":"shipping-taxable","11":"product-type-simple"},"acf":[],"_links":{"self":[{"href":"https:\/\/www.lechaocandy.com\/fr\/wp-json\/wp\/v2\/product\/1560","targetHints":{"allow":["GET"]}}],"collection":[{"href":"https:\/\/www.lechaocandy.com\/fr\/wp-json\/wp\/v2\/product"}],"about":[{"href":"https:\/\/www.lechaocandy.com\/fr\/wp-json\/wp\/v2\/types\/product"}],"replies":[{"embeddable":true,"href":"https:\/\/www.lechaocandy.com\/fr\/wp-json\/wp\/v2\/comments?post=1560"}],"wp:featuredmedia":[{"embeddable":true,"href":"https:\/\/www.lechaocandy.com\/fr\/wp-json\/wp\/v2\/media\/1562"}],"wp:attachment":[{"href":"https:\/\/www.lechaocandy.com\/fr\/wp-json\/wp\/v2\/media?parent=1560"}],"wp:term":[{"taxonomy":"product_brand","embeddable":true,"href":"https:\/\/www.lechaocandy.com\/fr\/wp-json\/wp\/v2\/product_brand?post=1560"},{"taxonomy":"product_cat","embeddable":true,"href":"https:\/\/www.lechaocandy.com\/fr\/wp-json\/wp\/v2\/product_cat?post=1560"},{"taxonomy":"product_tag","embeddable":true,"href":"https:\/\/www.lechaocandy.com\/fr\/wp-json\/wp\/v2\/product_tag?post=1560"}],"curies":[{"name":"wp","href":"https:\/\/api.w.org\/{rel}","templated":true}]}}