{"id":1578,"date":"2025-08-09T08:11:47","date_gmt":"2025-08-09T08:11:47","guid":{"rendered":"https:\/\/www.lechaocandy.com\/?post_type=product&#038;p=1578"},"modified":"2025-08-09T08:21:35","modified_gmt":"2025-08-09T08:21:35","slug":"bulk-gummy-sharks","status":"publish","type":"product","link":"https:\/\/www.lechaocandy.com\/fr\/produit\/bulk-gummy-sharks\/","title":{"rendered":"LeChao Bulk Gummy Sharks, Blue Gummy Fish Candy Wholesale"},"content":{"rendered":"<div class=\"wp-block-columns is-layout-flex wp-container-core-columns-is-layout-9d6595d7 wp-block-columns-is-layout-flex\"><div class=\"wp-block-column is-layout-flow wp-block-column-is-layout-flow\"><h2 class=\"wp-block-heading\">Points forts du produit Gummy Sharks en vrac<\/h2>\n\n<ul class=\"wp-block-list\"><li><strong>Texture douce : <\/strong>Nos requins g\u00e9lifi\u00e9s en vrac ont une texture incroyablement douce, offrant un plaisir soyeux. La texture douce fait de chaque bouch\u00e9e une exp\u00e9rience d\u00e9licieuse.<\/li>\n\n<li><strong>Des dessins amusants : <\/strong>Ces poissons g\u00e9lifi\u00e9s bleus en gros sont adorables et leur design cr\u00e9atif les rend tr\u00e8s attrayants. Ils sont parfaits pour les rassemblements d'enfants ou les f\u00eates \u00e0 th\u00e8me, ajoutant une touche d'\u00e9nergie et d'amusement aux occasions festives.<\/li>\n\n<li><strong>Bleu doux Saveur :<\/strong> Ces requins g\u00e9lifi\u00e9s en vrac ont une saveur bleue rafra\u00eechissante, sucr\u00e9e mais pas trop, ce qui en fait un d\u00e9lice pour les consommateurs de tous \u00e2ges.<\/li>\n\n<li><strong>Avantages de l'achat en gros :<\/strong> Nos poissons gommeux bleus en gros sont vendus directement \u00e0 l'usine, offrant des prix de gros comp\u00e9titifs et une livraison garantie pour les achats en gros. <\/li>\n\n<li><strong>Garantie de s\u00e9curit\u00e9 alimentaire : <\/strong>Nos requins gommeux en vrac sont rigoureusement s\u00e9lectionn\u00e9s \u00e0 partir de mati\u00e8res premi\u00e8res de haute qualit\u00e9 qui r\u00e9pondent aux normes de s\u00e9curit\u00e9 alimentaire et ne contiennent aucune substance nocive. Ils constituent un choix id\u00e9al pour les snacks, les supermarch\u00e9s et les r\u00e9unions de famille.<\/li><\/ul><\/div>\n\n<div class=\"wp-block-column is-layout-flow wp-block-column-is-layout-flow\"><figure class=\"wp-block-image size-full\"><img decoding=\"async\" width=\"750\" height=\"598\" src=\"https:\/\/www.lechaocandy.com\/wp-content\/uploads\/2025\/08\/LeChao-Bulk-Gummy-Sharks-Blue-Gummy-Fish-Candy-Wholesale-5.webp\" alt=\"LeChao Bulk Gummy Sharks, Blue Gummy Fish Candy Wholesale-5\" class=\"wp-image-1583\" srcset=\"https:\/\/www.lechaocandy.com\/wp-content\/uploads\/2025\/08\/LeChao-Bulk-Gummy-Sharks-Blue-Gummy-Fish-Candy-Wholesale-5.webp 750w, https:\/\/www.lechaocandy.com\/wp-content\/uploads\/2025\/08\/LeChao-Bulk-Gummy-Sharks-Blue-Gummy-Fish-Candy-Wholesale-5-300x239.webp 300w, https:\/\/www.lechaocandy.com\/wp-content\/uploads\/2025\/08\/LeChao-Bulk-Gummy-Sharks-Blue-Gummy-Fish-Candy-Wholesale-5-15x12.webp 15w, https:\/\/www.lechaocandy.com\/wp-content\/uploads\/2025\/08\/LeChao-Bulk-Gummy-Sharks-Blue-Gummy-Fish-Candy-Wholesale-5-600x478.webp 600w\" sizes=\"(max-width: 750px) 100vw, 750px\" \/><\/figure><\/div><\/div>","protected":false},"excerpt":{"rendered":"<p>Bienvenue \u00e0 l'achat de requins en gomme en vrac. Nos poissons g\u00e9lifi\u00e9s bleus en gros sont fabriqu\u00e9s en usine et sont doux. Ils conviennent aux supermarch\u00e9s, aux magasins de d\u00e9tail, aux magasins de proximit\u00e9 et aux achats en ligne. Nous offrons des prix de gros comp\u00e9titifs pour r\u00e9pondre \u00e0 vos besoins d'achat en gros.<\/p>\n<table style=\"border-collapse: collapse; width: 329.02pt;\" border=\"0\" width=\"329\" cellspacing=\"0\" cellpadding=\"0\">\n<tbody>\n<tr style=\"height: 17.60pt;\">\n<td class=\"et2\" style=\"height: 17.60pt; width: 110.80pt;\" width=\"110\" height=\"17\">Fabricant<\/td>\n<td class=\"et2\" style=\"width: 219.15pt;\" width=\"219\">LeChao Candy<\/td>\n<\/tr>\n<tr style=\"height: 18.00pt;\">\n<td class=\"et2\" style=\"height: 18.00pt;\" height=\"18\">Type de produit<\/td>\n<td class=\"et3\" style=\"width: 219.15pt;\" width=\"219\">Requins gommeux<\/td>\n<\/tr>\n<tr style=\"height: 18.00pt;\">\n<td class=\"et2\" style=\"height: 18.00pt;\" height=\"18\">Le go\u00fbt<\/td>\n<td class=\"et3\" style=\"width: 219.15pt;\" width=\"219\">Aigre-doux et r\u00e9silient<\/td>\n<\/tr>\n<tr style=\"height: 17.60pt;\">\n<td class=\"et2\" style=\"height: 17.60pt;\" height=\"17\">Sp\u00e9cifications<\/td>\n<td class=\"et2\">20gx24pcsx12boxes<\/td>\n<\/tr>\n<tr style=\"height: 17.60pt;\">\n<td class=\"et2\" style=\"height: 17.60pt;\" height=\"17\">Taille du carton<\/td>\n<td class=\"et2\">35*33*28cm<\/td>\n<\/tr>\n<tr style=\"height: 17.60pt;\">\n<td class=\"et2\" style=\"height: 17.60pt;\" height=\"17\">N.W.\/Carton<\/td>\n<td class=\"et2\">8,0 kg<\/td>\n<\/tr>\n<tr style=\"height: 17.60pt;\">\n<td class=\"et2\" style=\"height: 17.60pt;\" height=\"17\">Prix<\/td>\n<td class=\"et2\">23.04USD<\/td>\n<\/tr>\n<tr style=\"height: 17.60pt;\">\n<td class=\"et2\" style=\"height: 17.60pt;\" height=\"17\">MOQ<\/td>\n<td class=\"et2\">500CTNS<\/td>\n<\/tr>\n<tr style=\"height: 17.60pt;\">\n<td class=\"et2\" style=\"height: 17.60pt;\" height=\"17\">\u00c9chantillon<\/td>\n<td class=\"et2\">Disponible<\/td>\n<\/tr>\n<\/tbody>\n<\/table>\n<p>&nbsp;<\/p>","protected":false},"featured_media":1582,"comment_status":"open","ping_status":"closed","template":"","meta":{"_acf_changed":false},"product_brand":[],"product_cat":[19],"product_tag":[],"class_list":{"0":"post-1578","1":"product","2":"type-product","3":"status-publish","4":"has-post-thumbnail","6":"product_cat-wholesale-gummy-manufacturer","8":"first","9":"instock","10":"shipping-taxable","11":"product-type-simple"},"acf":[],"_links":{"self":[{"href":"https:\/\/www.lechaocandy.com\/fr\/wp-json\/wp\/v2\/product\/1578","targetHints":{"allow":["GET"]}}],"collection":[{"href":"https:\/\/www.lechaocandy.com\/fr\/wp-json\/wp\/v2\/product"}],"about":[{"href":"https:\/\/www.lechaocandy.com\/fr\/wp-json\/wp\/v2\/types\/product"}],"replies":[{"embeddable":true,"href":"https:\/\/www.lechaocandy.com\/fr\/wp-json\/wp\/v2\/comments?post=1578"}],"wp:featuredmedia":[{"embeddable":true,"href":"https:\/\/www.lechaocandy.com\/fr\/wp-json\/wp\/v2\/media\/1582"}],"wp:attachment":[{"href":"https:\/\/www.lechaocandy.com\/fr\/wp-json\/wp\/v2\/media?parent=1578"}],"wp:term":[{"taxonomy":"product_brand","embeddable":true,"href":"https:\/\/www.lechaocandy.com\/fr\/wp-json\/wp\/v2\/product_brand?post=1578"},{"taxonomy":"product_cat","embeddable":true,"href":"https:\/\/www.lechaocandy.com\/fr\/wp-json\/wp\/v2\/product_cat?post=1578"},{"taxonomy":"product_tag","embeddable":true,"href":"https:\/\/www.lechaocandy.com\/fr\/wp-json\/wp\/v2\/product_tag?post=1578"}],"curies":[{"name":"wp","href":"https:\/\/api.w.org\/{rel}","templated":true}]}}