{"id":1584,"date":"2025-08-09T08:22:51","date_gmt":"2025-08-09T08:22:51","guid":{"rendered":"https:\/\/www.lechaocandy.com\/?post_type=product&#038;p=1584"},"modified":"2025-08-09T08:35:25","modified_gmt":"2025-08-09T08:35:25","slug":"gummy-bears-in-bulk","status":"publish","type":"product","link":"https:\/\/www.lechaocandy.com\/fr\/produit\/gummy-bears-in-bulk\/","title":{"rendered":"Acheter des oursons en gomme en vrac, bonbons color\u00e9s en gomme en gros"},"content":{"rendered":"<div class=\"wp-block-columns is-layout-flex wp-container-core-columns-is-layout-9d6595d7 wp-block-columns-is-layout-flex\"><div class=\"wp-block-column is-layout-flow wp-block-column-is-layout-flow\"><h2 class=\"wp-block-heading\">Points forts du produit Oursons en gomme en vrac<\/h2>\n\n<ul class=\"wp-block-list\"><li><strong>Une vari\u00e9t\u00e9 de saveurs et de couleurs : <\/strong>Nos oursons en gomme en vrac sont disponibles dans une vari\u00e9t\u00e9 de saveurs et de couleurs vibrantes, chacune d'entre elles \u00e9tant vibrante et tentante, satisfaisant tous les go\u00fbts.<\/li>\n\n<li><strong>Douceur et \u00e9lasticit\u00e9 : <\/strong>Ces oursons g\u00e9lifi\u00e9s en gros ont une texture douce et une mastication \u00e9lastique, offrant une exp\u00e9rience sucr\u00e9e unique. Leur go\u00fbt d\u00e9licat convient parfaitement aux amateurs de bonbons de tous \u00e2ges.<\/li>\n\n<li><strong>Parfait pour toutes les occasions : <\/strong>Qu'il s'agisse de f\u00eates d'enfants, de festivals ou d'en-cas quotidiens, ces oursons g\u00e9lifi\u00e9s en vrac font fureur. Leurs couleurs et leurs formes accrocheuses les rendent id\u00e9aux pour les stands de snacks, les supermarch\u00e9s, les f\u00eates et les cadeaux.<\/li>\n\n<li><strong>Avantages de l'achat en gros :<\/strong> Nous proposons des prix de gros tr\u00e8s comp\u00e9titifs pour les oursons en g\u00e9latine, ce qui rend vos achats en gros plus \u00e9conomiques. Notre cha\u00eene d'approvisionnement stable garantit une livraison dans les d\u00e9lais, vous aidant ainsi \u00e0 g\u00e9rer votre entreprise de mani\u00e8re efficace. <\/li>\n\n<li><strong>Garantie de s\u00e9curit\u00e9 alimentaire : <\/strong>Nos oursons g\u00e9lifi\u00e9s en vrac sont fabriqu\u00e9s \u00e0 partir de mati\u00e8res premi\u00e8res de haute qualit\u00e9 afin de garantir l'absence d'additifs nocifs, ce qui vous permet de savourer chaque bouch\u00e9e de ce d\u00e9licieux aliment en toute confiance.<\/li><\/ul><\/div>\n\n<div class=\"wp-block-column is-layout-flow wp-block-column-is-layout-flow\"><figure class=\"wp-block-image size-full\"><img decoding=\"async\" width=\"750\" height=\"618\" src=\"https:\/\/www.lechaocandy.com\/wp-content\/uploads\/2025\/08\/Purchase-Gummy-Bears-In-Bulk-Colorful-Gummy-Candies-Wholesale-4.webp\" alt=\"Achat d&#039;oursons en gomme en vrac, bonbons color\u00e9s en gomme en gros-4\" class=\"wp-image-1588\" srcset=\"https:\/\/www.lechaocandy.com\/wp-content\/uploads\/2025\/08\/Purchase-Gummy-Bears-In-Bulk-Colorful-Gummy-Candies-Wholesale-4.webp 750w, https:\/\/www.lechaocandy.com\/wp-content\/uploads\/2025\/08\/Purchase-Gummy-Bears-In-Bulk-Colorful-Gummy-Candies-Wholesale-4-300x247.webp 300w, https:\/\/www.lechaocandy.com\/wp-content\/uploads\/2025\/08\/Purchase-Gummy-Bears-In-Bulk-Colorful-Gummy-Candies-Wholesale-4-15x12.webp 15w, https:\/\/www.lechaocandy.com\/wp-content\/uploads\/2025\/08\/Purchase-Gummy-Bears-In-Bulk-Colorful-Gummy-Candies-Wholesale-4-600x494.webp 600w\" sizes=\"(max-width: 750px) 100vw, 750px\" \/><\/figure><\/div><\/div>","protected":false},"excerpt":{"rendered":"<p>Lechao Candy vend en gros des oursons en gomme aux couleurs vibrantes et \u00e0 la texture douce, chacun d\u00e9bordant de joie et de douceur. Nous proposons des prix de gros pr\u00e9f\u00e9rentiels pour r\u00e9pondre \u00e0 vos besoins d'achat en gros.<\/p>\n<table style=\"border-collapse: collapse; width: 329.02pt;\" border=\"0\" width=\"329\" cellspacing=\"0\" cellpadding=\"0\">\n<tbody>\n<tr style=\"height: 17.60pt;\">\n<td class=\"et2\" style=\"height: 17.60pt; width: 110.80pt;\" width=\"110\" height=\"17\">Fabricant<\/td>\n<td class=\"et2\" style=\"width: 219.15pt;\" width=\"219\">LeChao Candy<\/td>\n<\/tr>\n<tr style=\"height: 18.00pt;\">\n<td class=\"et2\" style=\"height: 18.00pt;\" height=\"18\">Type de produit<\/td>\n<td class=\"et3\" style=\"width: 219.15pt;\" width=\"219\">Oursons en gomme<\/td>\n<\/tr>\n<tr style=\"height: 18.00pt;\">\n<td class=\"et2\" style=\"height: 18.00pt;\" height=\"18\">Le go\u00fbt<\/td>\n<td class=\"et3\" style=\"width: 219.15pt;\" width=\"219\">Aigre-doux et r\u00e9silient<\/td>\n<\/tr>\n<tr style=\"height: 17.60pt;\">\n<td class=\"et2\" style=\"height: 17.60pt;\" height=\"17\">Sp\u00e9cifications<\/td>\n<td class=\"et2\">20gx24pcsx12boxes<\/td>\n<\/tr>\n<tr style=\"height: 17.60pt;\">\n<td class=\"et2\" style=\"height: 17.60pt;\" height=\"17\">Taille du carton<\/td>\n<td class=\"et2\">35*33*28cm<\/td>\n<\/tr>\n<tr style=\"height: 17.60pt;\">\n<td class=\"et2\" style=\"height: 17.60pt;\" height=\"17\">N.W.\/Carton<\/td>\n<td class=\"et2\">8,0 kg<\/td>\n<\/tr>\n<tr style=\"height: 17.60pt;\">\n<td class=\"et2\" style=\"height: 17.60pt;\" height=\"17\">Prix<\/td>\n<td class=\"et2\">23.04USD<\/td>\n<\/tr>\n<tr style=\"height: 17.60pt;\">\n<td class=\"et2\" style=\"height: 17.60pt;\" height=\"17\">MOQ<\/td>\n<td class=\"et2\">500CTNS<\/td>\n<\/tr>\n<tr style=\"height: 17.60pt;\">\n<td class=\"et2\" style=\"height: 17.60pt;\" height=\"17\">\u00c9chantillon<\/td>\n<td class=\"et2\">Disponible<\/td>\n<\/tr>\n<\/tbody>\n<\/table>\n<p>&nbsp;<\/p>","protected":false},"featured_media":1585,"comment_status":"open","ping_status":"closed","template":"","meta":{"_acf_changed":false},"product_brand":[],"product_cat":[19],"product_tag":[],"class_list":{"0":"post-1584","1":"product","2":"type-product","3":"status-publish","4":"has-post-thumbnail","6":"product_cat-wholesale-gummy-manufacturer","8":"first","9":"instock","10":"shipping-taxable","11":"product-type-simple"},"acf":[],"_links":{"self":[{"href":"https:\/\/www.lechaocandy.com\/fr\/wp-json\/wp\/v2\/product\/1584","targetHints":{"allow":["GET"]}}],"collection":[{"href":"https:\/\/www.lechaocandy.com\/fr\/wp-json\/wp\/v2\/product"}],"about":[{"href":"https:\/\/www.lechaocandy.com\/fr\/wp-json\/wp\/v2\/types\/product"}],"replies":[{"embeddable":true,"href":"https:\/\/www.lechaocandy.com\/fr\/wp-json\/wp\/v2\/comments?post=1584"}],"wp:featuredmedia":[{"embeddable":true,"href":"https:\/\/www.lechaocandy.com\/fr\/wp-json\/wp\/v2\/media\/1585"}],"wp:attachment":[{"href":"https:\/\/www.lechaocandy.com\/fr\/wp-json\/wp\/v2\/media?parent=1584"}],"wp:term":[{"taxonomy":"product_brand","embeddable":true,"href":"https:\/\/www.lechaocandy.com\/fr\/wp-json\/wp\/v2\/product_brand?post=1584"},{"taxonomy":"product_cat","embeddable":true,"href":"https:\/\/www.lechaocandy.com\/fr\/wp-json\/wp\/v2\/product_cat?post=1584"},{"taxonomy":"product_tag","embeddable":true,"href":"https:\/\/www.lechaocandy.com\/fr\/wp-json\/wp\/v2\/product_tag?post=1584"}],"curies":[{"name":"wp","href":"https:\/\/api.w.org\/{rel}","templated":true}]}}