{"id":1591,"date":"2025-08-09T08:39:13","date_gmt":"2025-08-09T08:39:13","guid":{"rendered":"https:\/\/www.lechaocandy.com\/?post_type=product&#038;p=1591"},"modified":"2025-08-09T08:55:51","modified_gmt":"2025-08-09T08:55:51","slug":"gummy-bears-wholesale","status":"publish","type":"product","link":"https:\/\/www.lechaocandy.com\/fr\/produit\/gummy-bears-wholesale\/","title":{"rendered":"LeChao 3D Gummy Bears Wholesale, Bonbons g\u00e9lifi\u00e9s fruit\u00e9s en vrac"},"content":{"rendered":"<div class=\"wp-block-columns is-layout-flex wp-container-core-columns-is-layout-9d6595d7 wp-block-columns-is-layout-flex\"><div class=\"wp-block-column is-layout-flow wp-block-column-is-layout-flow\"><h2 class=\"wp-block-heading\">Points forts du produit 3D Gummy Bears Wholesale<\/h2>\n\n<ul class=\"wp-block-list\"><li><strong>Forme mignonne d'ours ondulant en 3D : <\/strong>Ces oursons g\u00e9lifi\u00e9s 3D en gros se pr\u00e9sentent sous la forme d'oursons ondulants, cr\u00e9ant un design mignon et accrocheur qui les rend id\u00e9aux pour les f\u00eates, les boutiques de cadeaux et les stands de snacks.<\/li>\n\n<li><strong>Diverses couleurs et ar\u00f4mes de fruits : <\/strong>Nos oursons en gomme en vrac ont des couleurs vives et de merveilleux ar\u00f4mes de fruits tels que la fraise, l'orange et le raisin, cr\u00e9ant une exp\u00e9rience gustative agr\u00e9able et satisfaisante pour tous les palais.<\/li>\n\n<li><strong>Emballage personnalis\u00e9 : <\/strong>Pour mieux r\u00e9pondre aux besoins de votre entreprise, nous proposons des emballages personnalis\u00e9s pour les oursons en gomme 3D en gros, ce qui les rend plus attrayants et personnalis\u00e9s.<\/li>\n\n<li><strong>Avantages pour l'ensemble des d\u00e9chets :<\/strong> Nos bonbons g\u00e9lifi\u00e9s en vrac ont des prix de gros comp\u00e9titifs. Que vous achetiez en gros ou que vous ayez besoin d'un r\u00e9assort rapide, nous assurons une cha\u00eene d'approvisionnement stable et une livraison dans les d\u00e9lais.<\/li>\n\n<li><strong>S\u00fbr et sain :<\/strong> Nos oursons g\u00e9lifi\u00e9s 3D en gros sont produits \u00e0 partir de mati\u00e8res premi\u00e8res de haute qualit\u00e9 et r\u00e9pondent aux normes de s\u00e9curit\u00e9 alimentaire. Ils constituent un choix id\u00e9al pour les snacks, les supermarch\u00e9s et diverses activit\u00e9s.<\/li><\/ul><\/div>\n\n<div class=\"wp-block-column is-layout-flow wp-block-column-is-layout-flow\"><figure class=\"wp-block-image size-full\"><img decoding=\"async\" width=\"800\" height=\"800\" src=\"https:\/\/www.lechaocandy.com\/wp-content\/uploads\/2025\/08\/LeChao-3D-Gummy-Bears-Wholesale-Fruity-Gummy-Candies-Bulk-1.webp\" alt=\"LeChao 3D Gummy Bears Wholesale, Bonbons g\u00e9lifi\u00e9s fruit\u00e9s en vrac-1\" class=\"wp-image-1592\" srcset=\"https:\/\/www.lechaocandy.com\/wp-content\/uploads\/2025\/08\/LeChao-3D-Gummy-Bears-Wholesale-Fruity-Gummy-Candies-Bulk-1.webp 800w, https:\/\/www.lechaocandy.com\/wp-content\/uploads\/2025\/08\/LeChao-3D-Gummy-Bears-Wholesale-Fruity-Gummy-Candies-Bulk-1-300x300.webp 300w, https:\/\/www.lechaocandy.com\/wp-content\/uploads\/2025\/08\/LeChao-3D-Gummy-Bears-Wholesale-Fruity-Gummy-Candies-Bulk-1-150x150.webp 150w, https:\/\/www.lechaocandy.com\/wp-content\/uploads\/2025\/08\/LeChao-3D-Gummy-Bears-Wholesale-Fruity-Gummy-Candies-Bulk-1-768x768.webp 768w, https:\/\/www.lechaocandy.com\/wp-content\/uploads\/2025\/08\/LeChao-3D-Gummy-Bears-Wholesale-Fruity-Gummy-Candies-Bulk-1-12x12.webp 12w, https:\/\/www.lechaocandy.com\/wp-content\/uploads\/2025\/08\/LeChao-3D-Gummy-Bears-Wholesale-Fruity-Gummy-Candies-Bulk-1-600x600.webp 600w, https:\/\/www.lechaocandy.com\/wp-content\/uploads\/2025\/08\/LeChao-3D-Gummy-Bears-Wholesale-Fruity-Gummy-Candies-Bulk-1-100x100.webp 100w\" sizes=\"(max-width: 800px) 100vw, 800px\" \/><\/figure><\/div><\/div>","protected":false},"excerpt":{"rendered":"<p>Bienvenue pour acheter des bonbons g\u00e9lifi\u00e9s en vrac. Nos bonbons g\u00e9lifi\u00e9s 3D en gros ont des formes adorables, des couleurs vives et une vari\u00e9t\u00e9 d'ar\u00f4mes de fruits. Nous proposons des prix de gros et des emballages personnalis\u00e9s.<\/p>\n<table width=\"329\">\n<tbody>\n<tr>\n<td width=\"110\">Fabricant<\/td>\n<td width=\"219\">LeChao Candy<\/td>\n<\/tr>\n<tr>\n<td>Type de produit<\/td>\n<td width=\"219\">Ours gommeux 3D\u00a0<\/td>\n<\/tr>\n<tr>\n<td>Le go\u00fbt<\/td>\n<td width=\"219\">Aigre-doux et r\u00e9silient<\/td>\n<\/tr>\n<tr>\n<td>Sp\u00e9cifications<\/td>\n<td>72gX10bagsX6boxes<\/td>\n<\/tr>\n<tr>\n<td>Taille du carton<\/td>\n<td>39X22X34.5cm<\/td>\n<\/tr>\n<tr>\n<td>N.W.\/Carton<\/td>\n<td>6,4 kg<\/td>\n<\/tr>\n<tr>\n<td>Prix<\/td>\n<td>0.35-0.38USD<\/td>\n<\/tr>\n<tr>\n<td>MOQ<\/td>\n<td>800CTNS<\/td>\n<\/tr>\n<tr>\n<td>\u00c9chantillon<\/td>\n<td>Disponible<\/td>\n<\/tr>\n<\/tbody>\n<\/table>\n<p>&nbsp;<\/p>","protected":false},"featured_media":1594,"comment_status":"open","ping_status":"closed","template":"","meta":{"_acf_changed":false},"product_brand":[],"product_cat":[24,19],"product_tag":[],"class_list":{"0":"post-1591","1":"product","2":"type-product","3":"status-publish","4":"has-post-thumbnail","6":"product_cat-3d-gummy-candy-manufacturer","7":"product_cat-wholesale-gummy-manufacturer","9":"first","10":"instock","11":"shipping-taxable","12":"product-type-simple"},"acf":[],"_links":{"self":[{"href":"https:\/\/www.lechaocandy.com\/fr\/wp-json\/wp\/v2\/product\/1591","targetHints":{"allow":["GET"]}}],"collection":[{"href":"https:\/\/www.lechaocandy.com\/fr\/wp-json\/wp\/v2\/product"}],"about":[{"href":"https:\/\/www.lechaocandy.com\/fr\/wp-json\/wp\/v2\/types\/product"}],"replies":[{"embeddable":true,"href":"https:\/\/www.lechaocandy.com\/fr\/wp-json\/wp\/v2\/comments?post=1591"}],"wp:featuredmedia":[{"embeddable":true,"href":"https:\/\/www.lechaocandy.com\/fr\/wp-json\/wp\/v2\/media\/1594"}],"wp:attachment":[{"href":"https:\/\/www.lechaocandy.com\/fr\/wp-json\/wp\/v2\/media?parent=1591"}],"wp:term":[{"taxonomy":"product_brand","embeddable":true,"href":"https:\/\/www.lechaocandy.com\/fr\/wp-json\/wp\/v2\/product_brand?post=1591"},{"taxonomy":"product_cat","embeddable":true,"href":"https:\/\/www.lechaocandy.com\/fr\/wp-json\/wp\/v2\/product_cat?post=1591"},{"taxonomy":"product_tag","embeddable":true,"href":"https:\/\/www.lechaocandy.com\/fr\/wp-json\/wp\/v2\/product_tag?post=1591"}],"curies":[{"name":"wp","href":"https:\/\/api.w.org\/{rel}","templated":true}]}}