{"id":1629,"date":"2025-08-19T06:13:39","date_gmt":"2025-08-19T06:13:39","guid":{"rendered":"https:\/\/www.lechaocandy.com\/?post_type=product&#038;p=1629"},"modified":"2025-08-19T07:01:30","modified_gmt":"2025-08-19T07:01:30","slug":"wholesale-soft-candies","status":"publish","type":"product","link":"https:\/\/www.lechaocandy.com\/fr\/produit\/wholesale-soft-candies\/","title":{"rendered":"Wholesale Soft Candies, LeChao Chili Gummy Candy Bulk Supply"},"content":{"rendered":"<div class=\"wp-block-columns is-layout-flex wp-container-core-columns-is-layout-9d6595d7 wp-block-columns-is-layout-flex\"><div class=\"wp-block-column is-layout-flow wp-block-column-is-layout-flow\"><h2 class=\"wp-block-heading\">Produits phares de la vente en gros de bonbons mous<\/h2>\n\n<ul class=\"wp-block-list\"><li><strong>Des saveurs uniques pour se diff\u00e9rencier et \u00e9largir le potentiel du march\u00e9 : <\/strong>Ces bonbons mous en gros pr\u00e9sentent des textures innovantes qui r\u00e9pondent aux besoins des consommateurs \u00e0 la recherche de nouvelles exp\u00e9riences, am\u00e9liorant ainsi l'attrait en rayon.<\/li>\n\n<li><strong>Texture douce et moelleuse pour favoriser les achats r\u00e9p\u00e9t\u00e9s : <\/strong>Nos bonbons g\u00e9lifi\u00e9s au chili en vrac offrent une exp\u00e9rience de mastication agr\u00e9able et une sensation gustative unique, ce qui leur permet de gagner facilement la faveur des consommateurs et d'encourager les achats r\u00e9p\u00e9t\u00e9s.<\/li>\n\n<li><strong>Approvisionnement en vrac pour assurer la livraison de commandes importantes :<\/strong> Nos grossistes en bonbons mous sont des usines directes, capables de r\u00e9pondre aux demandes de commandes de gros volumes et d'assurer un approvisionnement stable pendant les saisons de pointe ou les p\u00e9riodes promotionnelles.<\/li>\n\n<li><strong>Emballage flexible et options de personnalisation : <\/strong>Nos bonbons g\u00e9lifi\u00e9s au piment en vrac permettent un conditionnement personnalis\u00e9, des ajustements d'ar\u00f4mes et des collaborations OEM, ce qui aide les clients \u00e0 cr\u00e9er des produits exclusifs et \u00e0 am\u00e9liorer leur comp\u00e9titivit\u00e9 sur le march\u00e9.<\/li>\n\n<li><strong>Une grande adaptabilit\u00e9 au march\u00e9 et une couverture diversifi\u00e9e des canaux de distribution :<\/strong> Nos bonbons mous en gros conviennent aux supermarch\u00e9s de d\u00e9tail, aux magasins de proximit\u00e9, aux plateformes de commerce \u00e9lectronique et aux cha\u00eenes de restauration rapide, ce qui leur permet d'entrer rapidement dans divers canaux de vente afin d'accro\u00eetre leur part de march\u00e9 et la visibilit\u00e9 de leur marque.<\/li><\/ul><\/div>\n\n<div class=\"wp-block-column is-layout-flow wp-block-column-is-layout-flow\"><figure class=\"wp-block-image size-full\"><img decoding=\"async\" width=\"800\" height=\"800\" src=\"https:\/\/www.lechaocandy.com\/wp-content\/uploads\/2025\/08\/Wholesale-Soft-Candies-LeChao-Chili-Gummy-Candy-Bulk-Supply-2.webp\" alt=\"Bonbons mous en gros, LeChao Chili Gummy Candy Bulk Supply-2\" class=\"wp-image-1630\" srcset=\"https:\/\/www.lechaocandy.com\/wp-content\/uploads\/2025\/08\/Wholesale-Soft-Candies-LeChao-Chili-Gummy-Candy-Bulk-Supply-2.webp 800w, https:\/\/www.lechaocandy.com\/wp-content\/uploads\/2025\/08\/Wholesale-Soft-Candies-LeChao-Chili-Gummy-Candy-Bulk-Supply-2-300x300.webp 300w, https:\/\/www.lechaocandy.com\/wp-content\/uploads\/2025\/08\/Wholesale-Soft-Candies-LeChao-Chili-Gummy-Candy-Bulk-Supply-2-150x150.webp 150w, https:\/\/www.lechaocandy.com\/wp-content\/uploads\/2025\/08\/Wholesale-Soft-Candies-LeChao-Chili-Gummy-Candy-Bulk-Supply-2-768x768.webp 768w, https:\/\/www.lechaocandy.com\/wp-content\/uploads\/2025\/08\/Wholesale-Soft-Candies-LeChao-Chili-Gummy-Candy-Bulk-Supply-2-12x12.webp 12w, https:\/\/www.lechaocandy.com\/wp-content\/uploads\/2025\/08\/Wholesale-Soft-Candies-LeChao-Chili-Gummy-Candy-Bulk-Supply-2-600x600.webp 600w, https:\/\/www.lechaocandy.com\/wp-content\/uploads\/2025\/08\/Wholesale-Soft-Candies-LeChao-Chili-Gummy-Candy-Bulk-Supply-2-100x100.webp 100w\" sizes=\"(max-width: 800px) 100vw, 800px\" \/><\/figure><\/div><\/div>","protected":false},"excerpt":{"rendered":"<p>Bienvenue sur le site d'achat en gros de bonbons mous. Les bonbons g\u00e9lifi\u00e9s au chili en vrac de LeChao combinent des saveurs uniques avec une texture douce et moelleuse, et offrent des options d'achat en gros et d'emballage personnalis\u00e9 pour permettre aux acheteurs de b\u00e9n\u00e9ficier d'un rapport co\u00fbt-efficacit\u00e9 \u00e9lev\u00e9.<\/p>\n<table style=\"border-collapse: collapse; width: 268.02pt;\" border=\"0\" width=\"268\" cellspacing=\"0\" cellpadding=\"0\">\n<tbody>\n<tr style=\"height: 17.60pt;\">\n<td class=\"et2\" style=\"height: 17.60pt; width: 110.80pt;\" width=\"110\" height=\"17\">Fabricant<\/td>\n<td class=\"et2\" style=\"width: 157.50pt;\" width=\"157\">LeChao Candy<\/td>\n<\/tr>\n<tr style=\"height: 18.00pt;\">\n<td class=\"et2\" style=\"height: 18.00pt;\" height=\"18\">Type de produit<\/td>\n<td class=\"et3\" style=\"width: 157.50pt;\" width=\"157\">Bonbons gommeux au chili<\/td>\n<\/tr>\n<tr style=\"height: 18.00pt;\">\n<td class=\"et2\" style=\"height: 18.00pt;\" height=\"18\">Le go\u00fbt<\/td>\n<td class=\"et3\" style=\"width: 157.50pt;\" width=\"157\">Aigre-doux et r\u00e9silient<\/td>\n<\/tr>\n<tr style=\"height: 17.60pt;\">\n<td class=\"et2\" style=\"height: 17.60pt;\" height=\"17\">Sp\u00e9cifications<\/td>\n<td class=\"et2\">20gx24pcsx12boxes<\/td>\n<\/tr>\n<tr style=\"height: 17.60pt;\">\n<td class=\"et2\" style=\"height: 17.60pt;\" height=\"17\">Taille du carton<\/td>\n<td class=\"et2\">35*33*28cm<\/td>\n<\/tr>\n<tr style=\"height: 17.60pt;\">\n<td class=\"et2\" style=\"height: 17.60pt;\" height=\"17\">N.W.\/Carton<\/td>\n<td class=\"et2\">8,0 kg<\/td>\n<\/tr>\n<tr style=\"height: 17.60pt;\">\n<td class=\"et2\" style=\"height: 17.60pt;\" height=\"17\">Prix<\/td>\n<td class=\"et2\">23.04USD<\/td>\n<\/tr>\n<tr style=\"height: 17.60pt;\">\n<td class=\"et2\" style=\"height: 17.60pt;\" height=\"17\">MOQ<\/td>\n<td class=\"et2\">500CTNS<\/td>\n<\/tr>\n<tr style=\"height: 17.60pt;\">\n<td class=\"et2\" style=\"height: 17.60pt;\" height=\"17\">\u00c9chantillon<\/td>\n<td class=\"et2\">Disponible<\/td>\n<\/tr>\n<\/tbody>\n<\/table>\n<p>&nbsp;<\/p>","protected":false},"featured_media":1631,"comment_status":"open","ping_status":"closed","template":"","meta":{"_acf_changed":false},"product_brand":[],"product_cat":[19],"product_tag":[],"class_list":{"0":"post-1629","1":"product","2":"type-product","3":"status-publish","4":"has-post-thumbnail","6":"product_cat-wholesale-gummy-manufacturer","8":"first","9":"instock","10":"shipping-taxable","11":"product-type-simple"},"acf":[],"_links":{"self":[{"href":"https:\/\/www.lechaocandy.com\/fr\/wp-json\/wp\/v2\/product\/1629","targetHints":{"allow":["GET"]}}],"collection":[{"href":"https:\/\/www.lechaocandy.com\/fr\/wp-json\/wp\/v2\/product"}],"about":[{"href":"https:\/\/www.lechaocandy.com\/fr\/wp-json\/wp\/v2\/types\/product"}],"replies":[{"embeddable":true,"href":"https:\/\/www.lechaocandy.com\/fr\/wp-json\/wp\/v2\/comments?post=1629"}],"wp:featuredmedia":[{"embeddable":true,"href":"https:\/\/www.lechaocandy.com\/fr\/wp-json\/wp\/v2\/media\/1631"}],"wp:attachment":[{"href":"https:\/\/www.lechaocandy.com\/fr\/wp-json\/wp\/v2\/media?parent=1629"}],"wp:term":[{"taxonomy":"product_brand","embeddable":true,"href":"https:\/\/www.lechaocandy.com\/fr\/wp-json\/wp\/v2\/product_brand?post=1629"},{"taxonomy":"product_cat","embeddable":true,"href":"https:\/\/www.lechaocandy.com\/fr\/wp-json\/wp\/v2\/product_cat?post=1629"},{"taxonomy":"product_tag","embeddable":true,"href":"https:\/\/www.lechaocandy.com\/fr\/wp-json\/wp\/v2\/product_tag?post=1629"}],"curies":[{"name":"wp","href":"https:\/\/api.w.org\/{rel}","templated":true}]}}