{"id":1643,"date":"2025-08-19T06:43:09","date_gmt":"2025-08-19T06:43:09","guid":{"rendered":"https:\/\/www.lechaocandy.com\/?post_type=product&#038;p=1643"},"modified":"2025-08-19T07:00:54","modified_gmt":"2025-08-19T07:00:54","slug":"horse-gummies-bulk","status":"publish","type":"product","link":"https:\/\/www.lechaocandy.com\/fr\/produit\/horse-gummies-bulk\/","title":{"rendered":"Gummies color\u00e9s pour chevaux en vrac et en gros avec emballage personnalis\u00e9"},"content":{"rendered":"<div class=\"wp-block-columns is-layout-flex wp-container-core-columns-is-layout-9d6595d7 wp-block-columns-is-layout-flex\"><div class=\"wp-block-column is-layout-flow wp-block-column-is-layout-flow\"><h2 class=\"wp-block-heading\">Points forts du produit Horse Gummies Bulk<\/h2>\n\n<ul class=\"wp-block-list\"><li><strong>Design amusant en forme de cheval, attrayant pour les enfants et les jeunes adultes : <\/strong>Nos gommes de cheval en vrac ont des formes vivantes et adorables, ce qui renforce l'attrait visuel et aide les d\u00e9taillants \u00e0 attirer l'attention des consommateurs cibles dans les rayons.<\/li>\n\n<li><strong>Les couleurs vives renforcent l'attrait de la pr\u00e9sentation :<\/strong> Ces bonbons g\u00e9lifi\u00e9s de couleur vive se distinguent dans les rayons, augmentant ainsi l'attrait et le d\u00e9sir d'achat.<\/li>\n\n<li><strong>Texture douce et moelleuse avec de riches saveurs fruit\u00e9es :<\/strong> Nos bonbons de cheval en vrac ont une texture douce et moelleuse, offrant une exp\u00e9rience de consommation confortable, combin\u00e9e \u00e0 une vari\u00e9t\u00e9 d'ar\u00f4mes de fruits pour am\u00e9liorer la satisfaction des consommateurs et les taux d'achat r\u00e9p\u00e9t\u00e9s.<\/li>\n\n<li><strong>Approvisionnement direct de l'usine, garantissant un approvisionnement stable pour les commandes importantes : <\/strong>Nos grossistes en bonbons g\u00e9lifi\u00e9s peuvent r\u00e9pondre aux besoins d'approvisionnement \u00e0 grande \u00e9chelle, garantissant un approvisionnement stable aux d\u00e9taillants, distributeurs et supermarch\u00e9s pendant les p\u00e9riodes de pointe ou les activit\u00e9s promotionnelles.<\/li>\n\n<li><strong>Soutien \u00e0 l'emballage personnalis\u00e9 et \u00e0 la collaboration avec les OEM : <\/strong>Nous proposons des services de personnalisation pour l'emballage, les ar\u00f4mes et l'\u00e9tiquetage de la marque pour les chewing-gums en vrac, afin d'aider les clients \u00e0 cr\u00e9er des produits uniques.<\/li><\/ul><\/div>\n\n<div class=\"wp-block-column is-layout-flow wp-block-column-is-layout-flow\"><figure class=\"wp-block-image size-full\"><img decoding=\"async\" width=\"800\" height=\"800\" src=\"https:\/\/www.lechaocandy.com\/wp-content\/uploads\/2025\/08\/Colorful-Horse-Gummies-Bulk-Wholesale-with-Custom-Package-8.webp\" alt=\"Gummies color\u00e9s en forme de cheval Vente en gros avec emballage personnalis\u00e9-8\" class=\"wp-image-1650\" srcset=\"https:\/\/www.lechaocandy.com\/wp-content\/uploads\/2025\/08\/Colorful-Horse-Gummies-Bulk-Wholesale-with-Custom-Package-8.webp 800w, https:\/\/www.lechaocandy.com\/wp-content\/uploads\/2025\/08\/Colorful-Horse-Gummies-Bulk-Wholesale-with-Custom-Package-8-300x300.webp 300w, https:\/\/www.lechaocandy.com\/wp-content\/uploads\/2025\/08\/Colorful-Horse-Gummies-Bulk-Wholesale-with-Custom-Package-8-150x150.webp 150w, https:\/\/www.lechaocandy.com\/wp-content\/uploads\/2025\/08\/Colorful-Horse-Gummies-Bulk-Wholesale-with-Custom-Package-8-768x768.webp 768w, https:\/\/www.lechaocandy.com\/wp-content\/uploads\/2025\/08\/Colorful-Horse-Gummies-Bulk-Wholesale-with-Custom-Package-8-12x12.webp 12w, https:\/\/www.lechaocandy.com\/wp-content\/uploads\/2025\/08\/Colorful-Horse-Gummies-Bulk-Wholesale-with-Custom-Package-8-600x600.webp 600w, https:\/\/www.lechaocandy.com\/wp-content\/uploads\/2025\/08\/Colorful-Horse-Gummies-Bulk-Wholesale-with-Custom-Package-8-100x100.webp 100w\" sizes=\"(max-width: 800px) 100vw, 800px\" \/><\/figure><\/div><\/div>","protected":false},"excerpt":{"rendered":"<p>Bienvenue sur le site d'achat en gros de bonbons g\u00e9lifi\u00e9s. Les bonbons g\u00e9lifi\u00e9s LeChao horse en vrac se caract\u00e9risent par des couleurs vives, une texture douce et moelleuse, et une grande vari\u00e9t\u00e9 de saveurs. Nous proposons des achats en gros et des options d'emballage personnalis\u00e9es, adapt\u00e9es au commerce de d\u00e9tail, aux supermarch\u00e9s et \u00e0 la distribution de snacks de marque.<\/p>\n<table style=\"border-collapse: collapse; width: 268.02pt;\" border=\"0\" width=\"268\" cellspacing=\"0\" cellpadding=\"0\">\n<tbody>\n<tr style=\"height: 17.60pt;\">\n<td class=\"et2\" style=\"height: 17.60pt; width: 110.80pt;\" width=\"110\" height=\"17\">Fabricant<\/td>\n<td class=\"et2\" style=\"width: 157.50pt;\" width=\"157\">LeChao Candy<\/td>\n<\/tr>\n<tr style=\"height: 18.00pt;\">\n<td class=\"et2\" style=\"height: 18.00pt;\" height=\"18\">Type de produit<\/td>\n<td class=\"et3\" style=\"width: 157.50pt;\" width=\"157\">Bonbons g\u00e9lifi\u00e9s au cheval<\/td>\n<\/tr>\n<tr style=\"height: 18.00pt;\">\n<td class=\"et2\" style=\"height: 18.00pt;\" height=\"18\">Le go\u00fbt<\/td>\n<td class=\"et3\" style=\"width: 157.50pt;\" width=\"157\">Aigre-doux et r\u00e9silient<\/td>\n<\/tr>\n<tr style=\"height: 17.60pt;\">\n<td class=\"et2\" style=\"height: 17.60pt;\" height=\"17\">Sp\u00e9cifications<\/td>\n<td class=\"et2\">20gx24pcsx12boxes<\/td>\n<\/tr>\n<tr style=\"height: 17.60pt;\">\n<td class=\"et2\" style=\"height: 17.60pt;\" height=\"17\">Taille du carton<\/td>\n<td class=\"et2\">45*29*25cm<\/td>\n<\/tr>\n<tr style=\"height: 17.60pt;\">\n<td class=\"et2\" style=\"height: 17.60pt;\" height=\"17\">N.W.\/Carton<\/td>\n<td class=\"et2\">8,0 kg<\/td>\n<\/tr>\n<tr style=\"height: 17.60pt;\">\n<td class=\"et2\" style=\"height: 17.60pt;\" height=\"17\">Prix<\/td>\n<td class=\"et2\">23.5USD<\/td>\n<\/tr>\n<tr style=\"height: 17.60pt;\">\n<td class=\"et2\" style=\"height: 17.60pt;\" height=\"17\">MOQ<\/td>\n<td class=\"et2\">500CTNS<\/td>\n<\/tr>\n<tr style=\"height: 17.60pt;\">\n<td class=\"et2\" style=\"height: 17.60pt;\" height=\"17\">\u00c9chantillon<\/td>\n<td class=\"et2\">Disponible<\/td>\n<\/tr>\n<\/tbody>\n<\/table>\n<p>&nbsp;<\/p>","protected":false},"featured_media":1648,"comment_status":"open","ping_status":"closed","template":"","meta":{"_acf_changed":false},"product_brand":[],"product_cat":[19],"product_tag":[],"class_list":{"0":"post-1643","1":"product","2":"type-product","3":"status-publish","4":"has-post-thumbnail","6":"product_cat-wholesale-gummy-manufacturer","8":"first","9":"instock","10":"shipping-taxable","11":"product-type-simple"},"acf":[],"_links":{"self":[{"href":"https:\/\/www.lechaocandy.com\/fr\/wp-json\/wp\/v2\/product\/1643","targetHints":{"allow":["GET"]}}],"collection":[{"href":"https:\/\/www.lechaocandy.com\/fr\/wp-json\/wp\/v2\/product"}],"about":[{"href":"https:\/\/www.lechaocandy.com\/fr\/wp-json\/wp\/v2\/types\/product"}],"replies":[{"embeddable":true,"href":"https:\/\/www.lechaocandy.com\/fr\/wp-json\/wp\/v2\/comments?post=1643"}],"wp:featuredmedia":[{"embeddable":true,"href":"https:\/\/www.lechaocandy.com\/fr\/wp-json\/wp\/v2\/media\/1648"}],"wp:attachment":[{"href":"https:\/\/www.lechaocandy.com\/fr\/wp-json\/wp\/v2\/media?parent=1643"}],"wp:term":[{"taxonomy":"product_brand","embeddable":true,"href":"https:\/\/www.lechaocandy.com\/fr\/wp-json\/wp\/v2\/product_brand?post=1643"},{"taxonomy":"product_cat","embeddable":true,"href":"https:\/\/www.lechaocandy.com\/fr\/wp-json\/wp\/v2\/product_cat?post=1643"},{"taxonomy":"product_tag","embeddable":true,"href":"https:\/\/www.lechaocandy.com\/fr\/wp-json\/wp\/v2\/product_tag?post=1643"}],"curies":[{"name":"wp","href":"https:\/\/api.w.org\/{rel}","templated":true}]}}