{"id":1651,"date":"2025-08-19T07:01:40","date_gmt":"2025-08-19T07:01:40","guid":{"rendered":"https:\/\/www.lechaocandy.com\/?post_type=product&#038;p=1651"},"modified":"2025-08-19T07:18:41","modified_gmt":"2025-08-19T07:18:41","slug":"bulk-jam-filled-candy","status":"publish","type":"product","link":"https:\/\/www.lechaocandy.com\/fr\/produit\/bulk-jam-filled-candy\/","title":{"rendered":"LeChao Bulk Jam Filled Candy, Fruity Gummy Candy Wholesale (bonbons \u00e0 la confiture en vrac)"},"content":{"rendered":"<div class=\"wp-block-columns is-layout-flex wp-container-core-columns-is-layout-9d6595d7 wp-block-columns-is-layout-flex\"><div class=\"wp-block-column is-layout-flow wp-block-column-is-layout-flow\"><h2 class=\"wp-block-heading\">Produits phares des bonbons fourr\u00e9s \u00e0 la confiture en vrac<\/h2>\n\n<ul class=\"wp-block-list\"><li><strong>Confiture riche en couches distinctes : <\/strong>Nos bonbons fourr\u00e9s \u00e0 la confiture en vrac se caract\u00e9risent par une couche ext\u00e9rieure douce et moelleuse enveloppant une riche confiture, offrant une double exp\u00e9rience sensorielle de douceur et d'ar\u00f4me fruit\u00e9.<\/li>\n\n<li><strong>Diverses saveurs de fruits pour r\u00e9pondre aux diff\u00e9rentes pr\u00e9f\u00e9rences : <\/strong>Ces bonbons g\u00e9lifi\u00e9s en gros sont con\u00e7us avec une vari\u00e9t\u00e9 d'ar\u00f4mes de fruits pour r\u00e9pondre \u00e0 un large \u00e9ventail de pr\u00e9f\u00e9rences des consommateurs, ce qui am\u00e9liore l'acceptation du produit sur le march\u00e9 et les taux d'achat r\u00e9p\u00e9t\u00e9s.<\/li>\n\n<li><strong>Approvisionnement en vrac pour garantir une livraison stable : <\/strong>Nos bonbons fourr\u00e9s \u00e0 la confiture en vrac sont directement fournis par l'usine et peuvent r\u00e9pondre aux commandes de gros volumes des d\u00e9taillants, des distributeurs et des supermarch\u00e9s, ce qui garantit un approvisionnement stable pendant les p\u00e9riodes de pointe ou les p\u00e9riodes promotionnelles.<\/li>\n\n<li><strong>Une grande attractivit\u00e9 en rayon pour stimuler les ventes au d\u00e9tail : <\/strong>L'aspect vibrant et le design rempli de confiture de ces bonbons g\u00e9lifi\u00e9s en gros n'ajoutent pas seulement un attrait visuel, mais aident \u00e9galement les d\u00e9taillants \u00e0 am\u00e9liorer l'efficacit\u00e9 de la pr\u00e9sentation et les taux de conversion des ventes.<\/li>\n\n<li><strong>Emballage sur mesure et soutien \u00e0 la collaboration OEM :<\/strong> Nous proposons des services de conception d'emballages personnalis\u00e9s, de personnalisation des ar\u00f4mes et d'\u00e9tiquetage priv\u00e9 pour les bonbons fourr\u00e9s \u00e0 la confiture en vrac, afin d'aider nos clients \u00e0 am\u00e9liorer leur comp\u00e9titivit\u00e9 sur le march\u00e9 et la valeur de leur marque.<\/li><\/ul><\/div>\n\n<div class=\"wp-block-column is-layout-flow wp-block-column-is-layout-flow\"><figure class=\"wp-block-image size-full\"><img decoding=\"async\" width=\"800\" height=\"800\" src=\"https:\/\/www.lechaocandy.com\/wp-content\/uploads\/2025\/08\/LeChao-Bulk-Jam-Filled-Candy-Fruity-Gummy-Candy-Wholesale-5.webp\" alt=\"LeChao Bulk Jam Filled Candy, Fruity Gummy Candy Wholesale-5 (bonbons fourr\u00e9s \u00e0 la confiture en vrac, bonbons g\u00e9lifi\u00e9s fruit\u00e9s)\" class=\"wp-image-1656\" srcset=\"https:\/\/www.lechaocandy.com\/wp-content\/uploads\/2025\/08\/LeChao-Bulk-Jam-Filled-Candy-Fruity-Gummy-Candy-Wholesale-5.webp 800w, https:\/\/www.lechaocandy.com\/wp-content\/uploads\/2025\/08\/LeChao-Bulk-Jam-Filled-Candy-Fruity-Gummy-Candy-Wholesale-5-300x300.webp 300w, https:\/\/www.lechaocandy.com\/wp-content\/uploads\/2025\/08\/LeChao-Bulk-Jam-Filled-Candy-Fruity-Gummy-Candy-Wholesale-5-150x150.webp 150w, https:\/\/www.lechaocandy.com\/wp-content\/uploads\/2025\/08\/LeChao-Bulk-Jam-Filled-Candy-Fruity-Gummy-Candy-Wholesale-5-768x768.webp 768w, https:\/\/www.lechaocandy.com\/wp-content\/uploads\/2025\/08\/LeChao-Bulk-Jam-Filled-Candy-Fruity-Gummy-Candy-Wholesale-5-12x12.webp 12w, https:\/\/www.lechaocandy.com\/wp-content\/uploads\/2025\/08\/LeChao-Bulk-Jam-Filled-Candy-Fruity-Gummy-Candy-Wholesale-5-600x600.webp 600w, https:\/\/www.lechaocandy.com\/wp-content\/uploads\/2025\/08\/LeChao-Bulk-Jam-Filled-Candy-Fruity-Gummy-Candy-Wholesale-5-100x100.webp 100w\" sizes=\"(max-width: 800px) 100vw, 800px\" \/><\/figure><\/div><\/div>","protected":false},"excerpt":{"rendered":"<p>Bienvenue pour acheter des bonbons g\u00e9lifi\u00e9s en gros. Nos bonbons fourr\u00e9s \u00e0 la confiture en vrac se d\u00e9clinent en quatre riches saveurs de confiture de fruits, offrant une exp\u00e9rience gustative complexe. Id\u00e9al pour les d\u00e9taillants, les supermarch\u00e9s et les marques de snacks qui souhaitent acheter en gros.<\/p>\n<table style=\"border-collapse: collapse; width: 268.02pt;\" border=\"0\" width=\"268\" cellspacing=\"0\" cellpadding=\"0\">\n<tbody>\n<tr style=\"height: 17.60pt;\">\n<td class=\"et2\" style=\"height: 17.60pt; width: 110.80pt;\" width=\"110\" height=\"17\">Fabricant<\/td>\n<td class=\"et2\" style=\"width: 157.50pt;\" width=\"157\">LeChao Candy<\/td>\n<\/tr>\n<tr style=\"height: 18.00pt;\">\n<td class=\"et2\" style=\"height: 18.00pt;\" height=\"18\">Type de produit<\/td>\n<td class=\"et3\" style=\"width: 157.50pt;\" width=\"157\">Bonbons g\u00e9lifi\u00e9s \u00e0 la confiture<\/td>\n<\/tr>\n<tr style=\"height: 18.00pt;\">\n<td class=\"et2\" style=\"height: 18.00pt;\" height=\"18\">Le go\u00fbt<\/td>\n<td class=\"et3\" style=\"width: 157.50pt;\" width=\"157\">Riche, doux et r\u00e9sistant<\/td>\n<\/tr>\n<tr style=\"height: 17.60pt;\">\n<td class=\"et2\" style=\"height: 17.60pt;\" height=\"17\">Sp\u00e9cifications<\/td>\n<td class=\"et2\">25gx20sacsx12bo\u00eetes<\/td>\n<\/tr>\n<tr style=\"height: 17.60pt;\">\n<td class=\"et2\" style=\"height: 17.60pt;\" height=\"17\">Taille du carton<\/td>\n<td class=\"et2\">51.5*34*36.5cm<\/td>\n<\/tr>\n<tr style=\"height: 17.60pt;\">\n<td class=\"et2\" style=\"height: 17.60pt;\" height=\"17\">N.W.\/Carton<\/td>\n<td class=\"et2\">8,0 kg<\/td>\n<\/tr>\n<tr style=\"height: 17.60pt;\">\n<td class=\"et2\" style=\"height: 17.60pt;\" height=\"17\">Prix<\/td>\n<td class=\"et2\">28.8USD<\/td>\n<\/tr>\n<tr style=\"height: 17.60pt;\">\n<td class=\"et2\" style=\"height: 17.60pt;\" height=\"17\">MOQ<\/td>\n<td class=\"et2\">500CTNS<\/td>\n<\/tr>\n<tr style=\"height: 17.60pt;\">\n<td class=\"et2\" style=\"height: 17.60pt;\" height=\"17\">\u00c9chantillon<\/td>\n<td class=\"et2\">Disponible<\/td>\n<\/tr>\n<\/tbody>\n<\/table>\n<p>&nbsp;<\/p>","protected":false},"featured_media":1653,"comment_status":"open","ping_status":"closed","template":"","meta":{"_acf_changed":false},"product_brand":[],"product_cat":[19,27],"product_tag":[],"class_list":{"0":"post-1651","1":"product","2":"type-product","3":"status-publish","4":"has-post-thumbnail","6":"product_cat-wholesale-gummy-manufacturer","7":"product_cat-filled-gummy-candies-supplier","9":"first","10":"instock","11":"shipping-taxable","12":"product-type-simple"},"acf":[],"_links":{"self":[{"href":"https:\/\/www.lechaocandy.com\/fr\/wp-json\/wp\/v2\/product\/1651","targetHints":{"allow":["GET"]}}],"collection":[{"href":"https:\/\/www.lechaocandy.com\/fr\/wp-json\/wp\/v2\/product"}],"about":[{"href":"https:\/\/www.lechaocandy.com\/fr\/wp-json\/wp\/v2\/types\/product"}],"replies":[{"embeddable":true,"href":"https:\/\/www.lechaocandy.com\/fr\/wp-json\/wp\/v2\/comments?post=1651"}],"wp:featuredmedia":[{"embeddable":true,"href":"https:\/\/www.lechaocandy.com\/fr\/wp-json\/wp\/v2\/media\/1653"}],"wp:attachment":[{"href":"https:\/\/www.lechaocandy.com\/fr\/wp-json\/wp\/v2\/media?parent=1651"}],"wp:term":[{"taxonomy":"product_brand","embeddable":true,"href":"https:\/\/www.lechaocandy.com\/fr\/wp-json\/wp\/v2\/product_brand?post=1651"},{"taxonomy":"product_cat","embeddable":true,"href":"https:\/\/www.lechaocandy.com\/fr\/wp-json\/wp\/v2\/product_cat?post=1651"},{"taxonomy":"product_tag","embeddable":true,"href":"https:\/\/www.lechaocandy.com\/fr\/wp-json\/wp\/v2\/product_tag?post=1651"}],"curies":[{"name":"wp","href":"https:\/\/api.w.org\/{rel}","templated":true}]}}