{"id":1671,"date":"2025-08-27T08:33:50","date_gmt":"2025-08-27T08:33:50","guid":{"rendered":"https:\/\/www.lechaocandy.com\/?post_type=product&#038;p=1671"},"modified":"2026-03-30T09:11:02","modified_gmt":"2026-03-30T09:11:02","slug":"gummy-dinosaurs-bulk","status":"publish","type":"product","link":"https:\/\/www.lechaocandy.com\/fr\/produit\/gummy-dinosaurs-bulk\/","title":{"rendered":"3D\/4D Dinosaures en gomme en vrac, 50% Bonbons g\u00e9lifi\u00e9s avec jus de fruit"},"content":{"rendered":"<div class=\"wp-block-columns is-layout-flex wp-container-core-columns-is-layout-9d6595d7 wp-block-columns-is-layout-flex\"><div class=\"wp-block-column is-layout-flow wp-block-column-is-layout-flow\"><h2 class=\"wp-block-heading\">Points forts du produit Dinosaures en gomme en vrac<\/h2>\n\n<ul class=\"wp-block-list\"><li><strong>Teneur \u00e9lev\u00e9e en jus pour une saveur accrue :<\/strong> Nos dinosaures en gomme en vrac sont fabriqu\u00e9s avec du vrai jus de fruit 50%, ce qui leur donne un go\u00fbt frais et juteux. Contrairement aux bonbons typiques aromatis\u00e9s aux fruits, ils r\u00e9pondent aux besoins des consommateurs en mati\u00e8re de sant\u00e9 et de saveur.<\/li>\n\n<li><strong>Plusieurs combinaisons d'ar\u00f4mes de fruits : <\/strong>Ces bonbons g\u00e9lifi\u00e9s 3D\/4D en gros offrent une vari\u00e9t\u00e9 de saveurs de fruits classiques, dont la fraise, la pomme, le citron et le raisin, qui s'adressent \u00e0 diff\u00e9rents groupes d'\u00e2ge et sc\u00e9narios de consommation, augmentant ainsi les achats r\u00e9p\u00e9t\u00e9s.<\/li>\n\n<li><strong>Design de dinosaure amusant :<\/strong> Ces dinosaures en gomme en vrac pr\u00e9sentent un motif unique, vivant et adorable de dinosaure brisant une coquille, cr\u00e9ant ainsi une exp\u00e9rience captivante et engageante. Ils sont parfaits pour les go\u00fbters d'enfants, les cadeaux de f\u00eate ou les \u00e9v\u00e9nements \u00e0 th\u00e8me. <\/li>\n\n<li><strong>Sain et amusant : <\/strong>Nos bonbons g\u00e9lifi\u00e9s 3D\/4D en gros conservent un go\u00fbt sucr\u00e9 tout en utilisant une formule de jus pour am\u00e9liorer la valeur nutritionnelle, ce qui donne aux parents et aux jeunes consommateurs une plus grande confiance.<\/li>\n\n<li><strong>Personnalisation et soutien au commerce de gros : <\/strong>Nous offrons une vari\u00e9t\u00e9 d'options de personnalisation de l'emballage pour les dinosaures en gomme en vrac, qui conviennent aux supermarch\u00e9s, aux magasins de snacks, aux plateformes de commerce \u00e9lectronique et aux partenariats de marque, aidant ainsi les clients \u00e0 \u00e9tendre leur part de march\u00e9.<\/li><\/ul><\/div>\n\n<div class=\"wp-block-column is-layout-flow wp-block-column-is-layout-flow\"><figure class=\"wp-block-image size-full\"><img decoding=\"async\" width=\"800\" height=\"800\" src=\"https:\/\/www.lechaocandy.com\/wp-content\/uploads\/2025\/08\/3D4D-Gummy-Dinosaurs-Bulk-50-Juice-Added-Jelly-Candies-5.webp\" alt=\"3D:4D Dinosaures \u00e0 la gomme en vrac, 50% Bonbons \u00e0 la g\u00e9latine au jus de fruit-5\" class=\"wp-image-1676\" srcset=\"https:\/\/www.lechaocandy.com\/wp-content\/uploads\/2025\/08\/3D4D-Gummy-Dinosaurs-Bulk-50-Juice-Added-Jelly-Candies-5.webp 800w, https:\/\/www.lechaocandy.com\/wp-content\/uploads\/2025\/08\/3D4D-Gummy-Dinosaurs-Bulk-50-Juice-Added-Jelly-Candies-5-300x300.webp 300w, https:\/\/www.lechaocandy.com\/wp-content\/uploads\/2025\/08\/3D4D-Gummy-Dinosaurs-Bulk-50-Juice-Added-Jelly-Candies-5-150x150.webp 150w, https:\/\/www.lechaocandy.com\/wp-content\/uploads\/2025\/08\/3D4D-Gummy-Dinosaurs-Bulk-50-Juice-Added-Jelly-Candies-5-768x768.webp 768w, https:\/\/www.lechaocandy.com\/wp-content\/uploads\/2025\/08\/3D4D-Gummy-Dinosaurs-Bulk-50-Juice-Added-Jelly-Candies-5-12x12.webp 12w, https:\/\/www.lechaocandy.com\/wp-content\/uploads\/2025\/08\/3D4D-Gummy-Dinosaurs-Bulk-50-Juice-Added-Jelly-Candies-5-600x600.webp 600w, https:\/\/www.lechaocandy.com\/wp-content\/uploads\/2025\/08\/3D4D-Gummy-Dinosaurs-Bulk-50-Juice-Added-Jelly-Candies-5-100x100.webp 100w\" sizes=\"(max-width: 800px) 100vw, 800px\" \/><\/figure><\/div><\/div><figure class=\"wp-block-embed is-type-video is-provider-youtube wp-block-embed-youtube wp-embed-aspect-16-9 wp-has-aspect-ratio\"><div class=\"wp-block-embed__wrapper\">\n<iframe title=\"Bonbons g\u00e9lifi\u00e9s halal\" width=\"500\" height=\"281\" src=\"https:\/\/www.youtube.com\/embed\/U0xZK9uKBRA?feature=oembed\" frameborder=\"0\" allow=\"accelerometer; autoplay; clipboard-write; encrypted-media; gyroscope; picture-in-picture; web-share\" referrerpolicy=\"strict-origin-when-cross-origin\" allowfullscreen><\/iframe>\n<\/div><\/figure>","protected":false},"excerpt":{"rendered":"<p>Bienvenue pour commander en gros des bonbons g\u00e9lifi\u00e9s 3D\/4D. Nos dinosaures en gomme en vrac sont fabriqu\u00e9s avec du jus de fruit 50% pour un go\u00fbt de fruit plus authentique et plus riche. Le design pr\u00e9sente une coquille de dinosaure amusante, cr\u00e9ant une exp\u00e9rience amusante et engageante. Des options d'emballage personnalis\u00e9es sont disponibles.<\/p>\n<table style=\"border-collapse: collapse; width: 300.02pt;\" border=\"0\" width=\"300\" cellspacing=\"0\" cellpadding=\"0\">\n<tbody>\n<tr style=\"height: 17.60pt;\">\n<td class=\"et2\" style=\"height: 17.60pt; width: 110.80pt;\" width=\"110\" height=\"17\">Fabricant<\/td>\n<td class=\"et2\" style=\"width: 189.95pt;\" width=\"189\">LeChao Candy<\/td>\n<\/tr>\n<tr style=\"height: 18.00pt;\">\n<td class=\"et2\" style=\"height: 18.00pt;\" height=\"18\">Type de produit<\/td>\n<td class=\"et3\" style=\"width: 189.95pt;\" width=\"189\">Bonbons g\u00e9lifi\u00e9s au dinosaure de Hatch<\/td>\n<\/tr>\n<tr style=\"height: 18.00pt;\">\n<td class=\"et2\" style=\"height: 18.00pt;\" height=\"18\">Le go\u00fbt<\/td>\n<td class=\"et3\" style=\"width: 189.95pt;\" width=\"189\">Aigre-doux et r\u00e9silient<\/td>\n<\/tr>\n<tr style=\"height: 17.60pt;\">\n<td class=\"et2\" style=\"height: 17.60pt;\" height=\"17\">Sp\u00e9cifications<\/td>\n<td class=\"et2\">100g*48 sachets<\/td>\n<\/tr>\n<tr style=\"height: 17.60pt;\">\n<td class=\"et2\" style=\"height: 17.60pt;\" height=\"17\">Taille du carton<\/td>\n<td class=\"et2\">45*33*24cm<\/td>\n<\/tr>\n<tr style=\"height: 17.60pt;\">\n<td class=\"et2\" style=\"height: 17.60pt;\" height=\"17\">N.W.\/Carton<\/td>\n<td class=\"et2\">6,4 kg<\/td>\n<\/tr>\n<tr style=\"height: 17.60pt;\">\n<td class=\"et2\" style=\"height: 17.60pt;\" height=\"17\">Prix<\/td>\n<td class=\"et2\">24USD<\/td>\n<\/tr>\n<tr style=\"height: 17.60pt;\">\n<td class=\"et2\" style=\"height: 17.60pt;\" height=\"17\">MOQ<\/td>\n<td class=\"et2\">500CTNS<\/td>\n<\/tr>\n<tr style=\"height: 17.60pt;\">\n<td class=\"et2\" style=\"height: 17.60pt;\" height=\"17\">\u00c9chantillon<\/td>\n<td class=\"et2\">Disponible<\/td>\n<\/tr>\n<\/tbody>\n<\/table>\n<p>&nbsp;<\/p>","protected":false},"featured_media":1672,"comment_status":"open","ping_status":"closed","template":"","meta":{"_acf_changed":false},"product_brand":[],"product_cat":[19,24],"product_tag":[],"class_list":{"0":"post-1671","1":"product","2":"type-product","3":"status-publish","4":"has-post-thumbnail","6":"product_cat-wholesale-gummy-manufacturer","7":"product_cat-3d-gummy-candy-manufacturer","9":"first","10":"instock","11":"shipping-taxable","12":"product-type-simple"},"acf":[],"_links":{"self":[{"href":"https:\/\/www.lechaocandy.com\/fr\/wp-json\/wp\/v2\/product\/1671","targetHints":{"allow":["GET"]}}],"collection":[{"href":"https:\/\/www.lechaocandy.com\/fr\/wp-json\/wp\/v2\/product"}],"about":[{"href":"https:\/\/www.lechaocandy.com\/fr\/wp-json\/wp\/v2\/types\/product"}],"replies":[{"embeddable":true,"href":"https:\/\/www.lechaocandy.com\/fr\/wp-json\/wp\/v2\/comments?post=1671"}],"wp:featuredmedia":[{"embeddable":true,"href":"https:\/\/www.lechaocandy.com\/fr\/wp-json\/wp\/v2\/media\/1672"}],"wp:attachment":[{"href":"https:\/\/www.lechaocandy.com\/fr\/wp-json\/wp\/v2\/media?parent=1671"}],"wp:term":[{"taxonomy":"product_brand","embeddable":true,"href":"https:\/\/www.lechaocandy.com\/fr\/wp-json\/wp\/v2\/product_brand?post=1671"},{"taxonomy":"product_cat","embeddable":true,"href":"https:\/\/www.lechaocandy.com\/fr\/wp-json\/wp\/v2\/product_cat?post=1671"},{"taxonomy":"product_tag","embeddable":true,"href":"https:\/\/www.lechaocandy.com\/fr\/wp-json\/wp\/v2\/product_tag?post=1671"}],"curies":[{"name":"wp","href":"https:\/\/api.w.org\/{rel}","templated":true}]}}