{"id":1685,"date":"2025-08-27T09:14:59","date_gmt":"2025-08-27T09:14:59","guid":{"rendered":"https:\/\/www.lechaocandy.com\/?post_type=product&#038;p=1685"},"modified":"2025-08-27T09:24:24","modified_gmt":"2025-08-27T09:24:24","slug":"gummy-mix-bulk","status":"publish","type":"product","link":"https:\/\/www.lechaocandy.com\/fr\/produit\/gummy-mix-bulk\/","title":{"rendered":"LeChao Sea Animal Gummy Mix Vrac, Support Emballage personnalis\u00e9"},"content":{"rendered":"<div class=\"wp-block-columns is-layout-flex wp-container-core-columns-is-layout-9d6595d7 wp-block-columns-is-layout-flex\"><div class=\"wp-block-column is-layout-flow wp-block-column-is-layout-flow\"><h2 class=\"wp-block-heading\">Points forts du produit Gummy Mix Bulk<\/h2>\n\n<ul class=\"wp-block-list\"><li><strong>Th\u00e8mes oc\u00e9aniques amusants : <\/strong>Ces m\u00e9langes de gommes en vrac se pr\u00e9sentent sous diverses formes d'animaux marins, notamment des dauphins, des \u00e9toiles de mer, des pieuvres et des hippocampes. Ces dessins vivants et adorables rendent les en-cas plus divertissants et plus faciles \u00e0 collectionner, ce qui accro\u00eet la demande des consommateurs.<\/li>\n\n<li><strong>Plusieurs ar\u00f4mes de fruits : <\/strong>Nos bonbons g\u00e9lifi\u00e9s en gros offrent une vari\u00e9t\u00e9 d'ar\u00f4mes de fruits classiques, \u00e0 la fois sucr\u00e9s et acidul\u00e9s, qui r\u00e9pondent \u00e0 diverses pr\u00e9f\u00e9rences gustatives et am\u00e9liorent la commercialisation des produits.<\/li>\n\n<li><strong>Texture moelleuse et couleurs vives : <\/strong>Nos gummy mix en vrac ont une texture douce et moelleuse et un go\u00fbt sucr\u00e9, compl\u00e9t\u00e9s par un design color\u00e9 qui attire \u00e0 la fois l'\u0153il et le palais.<\/li>\n\n<li><strong>Convient \u00e0 une vari\u00e9t\u00e9 de sc\u00e9narios de consommation : <\/strong>Qu'il s'agisse d'un go\u00fbter pour enfants, d'une f\u00eate de fin d'ann\u00e9e, d'un \u00e9v\u00e9nement \u00e0 th\u00e8me, ou m\u00eame dans les supermarch\u00e9s de d\u00e9tail et les canaux de commerce \u00e9lectronique, nos bonbons g\u00e9lifi\u00e9s en gros sont s\u00fbrs d'\u00eatre un best-seller.<\/li>\n\n<li><strong>Prise en charge de la personnalisation de l'emballage et de la vente en gros : <\/strong>Nous fournissons une vari\u00e9t\u00e9 de sp\u00e9cifications et de solutions d'emballage personnalis\u00e9es pour les m\u00e9langes g\u00e9lifi\u00e9s en vrac, afin d'aider les clients \u00e0 construire leur propre image de marque et \u00e0 r\u00e9pondre aux diff\u00e9rents besoins du march\u00e9.<\/li><\/ul><\/div>\n\n<div class=\"wp-block-column is-layout-flow wp-block-column-is-layout-flow\"><figure class=\"wp-block-image size-full\"><img decoding=\"async\" width=\"800\" height=\"800\" src=\"https:\/\/www.lechaocandy.com\/wp-content\/uploads\/2025\/08\/LeChao-Sea-Animal-Gummy-Mix-Bulk-Support-Custom-Package-2.webp\" alt=\"LeChao Sea Animal Gummy Mix Bulk, Support Custom Package-2\" class=\"wp-image-1687\" srcset=\"https:\/\/www.lechaocandy.com\/wp-content\/uploads\/2025\/08\/LeChao-Sea-Animal-Gummy-Mix-Bulk-Support-Custom-Package-2.webp 800w, https:\/\/www.lechaocandy.com\/wp-content\/uploads\/2025\/08\/LeChao-Sea-Animal-Gummy-Mix-Bulk-Support-Custom-Package-2-300x300.webp 300w, https:\/\/www.lechaocandy.com\/wp-content\/uploads\/2025\/08\/LeChao-Sea-Animal-Gummy-Mix-Bulk-Support-Custom-Package-2-150x150.webp 150w, https:\/\/www.lechaocandy.com\/wp-content\/uploads\/2025\/08\/LeChao-Sea-Animal-Gummy-Mix-Bulk-Support-Custom-Package-2-768x768.webp 768w, https:\/\/www.lechaocandy.com\/wp-content\/uploads\/2025\/08\/LeChao-Sea-Animal-Gummy-Mix-Bulk-Support-Custom-Package-2-12x12.webp 12w, https:\/\/www.lechaocandy.com\/wp-content\/uploads\/2025\/08\/LeChao-Sea-Animal-Gummy-Mix-Bulk-Support-Custom-Package-2-600x600.webp 600w, https:\/\/www.lechaocandy.com\/wp-content\/uploads\/2025\/08\/LeChao-Sea-Animal-Gummy-Mix-Bulk-Support-Custom-Package-2-100x100.webp 100w\" sizes=\"(max-width: 800px) 100vw, 800px\" \/><\/figure><\/div><\/div>","protected":false},"excerpt":{"rendered":"<p>Bienvenue sur le site de Lechao pour commander des bonbons g\u00e9lifi\u00e9s en gros. Notre m\u00e9lange de bonbons g\u00e9lifi\u00e9s en vrac sur le th\u00e8me de l'oc\u00e9an pr\u00e9sente des saveurs de fruits color\u00e9s et une vari\u00e9t\u00e9 de dessins de cr\u00e9atures marines, offrant une exp\u00e9rience amusante et d\u00e9licieuse. Convient pour la vente au d\u00e9tail, la vente en gros et les partenariats de marque.<\/p>\n<table style=\"border-collapse: collapse; width: 300.02pt;\" border=\"0\" width=\"300\" cellspacing=\"0\" cellpadding=\"0\">\n<tbody>\n<tr style=\"height: 17.60pt;\">\n<td class=\"et2\" style=\"height: 17.60pt; width: 110.80pt;\" width=\"110\" height=\"17\">Fabricant<\/td>\n<td class=\"et2\" style=\"width: 189.95pt;\" width=\"189\">LeChao Candy<\/td>\n<\/tr>\n<tr style=\"height: 18.00pt;\">\n<td class=\"et2\" style=\"height: 18.00pt;\" height=\"18\">Type de produit<\/td>\n<td class=\"et3\" style=\"width: 189.95pt;\" width=\"189\">Bonbons g\u00e9lifi\u00e9s aux animaux marins<\/td>\n<\/tr>\n<tr style=\"height: 18.00pt;\">\n<td class=\"et2\" style=\"height: 18.00pt;\" height=\"18\">Le go\u00fbt<\/td>\n<td class=\"et3\" style=\"width: 189.95pt;\" width=\"189\">Aigre-doux et r\u00e9silient<\/td>\n<\/tr>\n<tr style=\"height: 17.60pt;\">\n<td class=\"et2\" style=\"height: 17.60pt;\" height=\"17\">Sp\u00e9cifications<\/td>\n<td class=\"et2\">100gx80sacs<\/td>\n<\/tr>\n<tr style=\"height: 17.60pt;\">\n<td class=\"et2\" style=\"height: 17.60pt;\" height=\"17\">Taille du carton<\/td>\n<td class=\"et2\">50*33*30cm<\/td>\n<\/tr>\n<tr style=\"height: 17.60pt;\">\n<td class=\"et2\" style=\"height: 17.60pt;\" height=\"17\">N.W.\/Carton<\/td>\n<td class=\"et2\">10,0 kg<\/td>\n<\/tr>\n<tr style=\"height: 17.60pt;\">\n<td class=\"et2\" style=\"height: 17.60pt;\" height=\"17\">Prix<\/td>\n<td class=\"et2\">30USD<\/td>\n<\/tr>\n<tr style=\"height: 17.60pt;\">\n<td class=\"et2\" style=\"height: 17.60pt;\" height=\"17\">MOQ<\/td>\n<td class=\"et2\">500CTNS<\/td>\n<\/tr>\n<tr style=\"height: 17.60pt;\">\n<td class=\"et2\" style=\"height: 17.60pt;\" height=\"17\">\u00c9chantillon<\/td>\n<td class=\"et2\">Disponible<\/td>\n<\/tr>\n<\/tbody>\n<\/table>\n<p>&nbsp;<\/p>\n<p>&nbsp;<\/p>","protected":false},"featured_media":1686,"comment_status":"open","ping_status":"closed","template":"","meta":{"_acf_changed":false},"product_brand":[],"product_cat":[19],"product_tag":[],"class_list":{"0":"post-1685","1":"product","2":"type-product","3":"status-publish","4":"has-post-thumbnail","6":"product_cat-wholesale-gummy-manufacturer","8":"first","9":"instock","10":"shipping-taxable","11":"product-type-simple"},"acf":[],"_links":{"self":[{"href":"https:\/\/www.lechaocandy.com\/fr\/wp-json\/wp\/v2\/product\/1685","targetHints":{"allow":["GET"]}}],"collection":[{"href":"https:\/\/www.lechaocandy.com\/fr\/wp-json\/wp\/v2\/product"}],"about":[{"href":"https:\/\/www.lechaocandy.com\/fr\/wp-json\/wp\/v2\/types\/product"}],"replies":[{"embeddable":true,"href":"https:\/\/www.lechaocandy.com\/fr\/wp-json\/wp\/v2\/comments?post=1685"}],"wp:featuredmedia":[{"embeddable":true,"href":"https:\/\/www.lechaocandy.com\/fr\/wp-json\/wp\/v2\/media\/1686"}],"wp:attachment":[{"href":"https:\/\/www.lechaocandy.com\/fr\/wp-json\/wp\/v2\/media?parent=1685"}],"wp:term":[{"taxonomy":"product_brand","embeddable":true,"href":"https:\/\/www.lechaocandy.com\/fr\/wp-json\/wp\/v2\/product_brand?post=1685"},{"taxonomy":"product_cat","embeddable":true,"href":"https:\/\/www.lechaocandy.com\/fr\/wp-json\/wp\/v2\/product_cat?post=1685"},{"taxonomy":"product_tag","embeddable":true,"href":"https:\/\/www.lechaocandy.com\/fr\/wp-json\/wp\/v2\/product_tag?post=1685"}],"curies":[{"name":"wp","href":"https:\/\/api.w.org\/{rel}","templated":true}]}}