{"id":1689,"date":"2025-08-27T09:29:29","date_gmt":"2025-08-27T09:29:29","guid":{"rendered":"https:\/\/www.lechaocandy.com\/?post_type=product&#038;p=1689"},"modified":"2025-08-27T09:41:36","modified_gmt":"2025-08-27T09:41:36","slug":"bulk-gummy-hamburgers","status":"publish","type":"product","link":"https:\/\/www.lechaocandy.com\/fr\/produit\/bulk-gummy-hamburgers\/","title":{"rendered":"Hambourgs gommeux en vrac \u00e0 construire, bonbons gommeux ludiques"},"content":{"rendered":"<div class=\"wp-block-columns is-layout-flex wp-container-core-columns-is-layout-9d6595d7 wp-block-columns-is-layout-flex\"><div class=\"wp-block-column is-layout-flow wp-block-column-is-layout-flow\"><h2 class=\"wp-block-heading\">Points forts du produit Hamburgers gommeux en vrac<\/h2>\n\n<ul class=\"wp-block-list\"><li><strong>Design amusant et amovible :<\/strong> Nos hamburgers en gomme en vrac peuvent \u00eatre librement d\u00e9sassembl\u00e9s et r\u00e9assembl\u00e9s, ce qui permet aux enfants et aux jeunes consommateurs de savourer un d\u00e9licieux en-cas tout en s'amusant \u00e0 faire du bricolage interactif.<\/li>\n\n<li><strong>Conception d'un burger en couches :<\/strong> Ces gommes pour hamburgers en gros pr\u00e9sentent plusieurs couches (petit pain, l\u00e9gumes, galette, etc.) avec des formes r\u00e9alistes et un attrait visuel, ce qui en fait un en-cas amusant.<\/li>\n\n<li><strong>Diff\u00e9rents ar\u00f4mes de fruits :<\/strong> Ces hamburgers en gomme en vrac sont disponibles dans une vari\u00e9t\u00e9 de saveurs de fruits classiques, offrant un \u00e9quilibre parfait entre le sucr\u00e9 et l'acide avec une texture moelleuse, faisant de chaque bouch\u00e9e une exp\u00e9rience amusante et d\u00e9licieuse.<\/li>\n\n<li><strong>Couleurs vives et design vif :<\/strong> Ces gommes \u00e0 burger en gros pr\u00e9sentent des couleurs vives et des motifs de burger r\u00e9alistes, ce qui attire l'attention des enfants et les rend parfaits pour les f\u00eates, les cadeaux et les promotions. <\/li>\n\n<li><strong>Prise en charge de la personnalisation et de l'emballage en vrac : <\/strong>Nous fournissons des services d'emballage personnalis\u00e9s pour les hamburgers gommeux en vrac afin de r\u00e9pondre aux divers besoins des d\u00e9taillants, des supermarch\u00e9s, des soci\u00e9t\u00e9s de commerce \u00e9lectronique et des propri\u00e9taires de marques, et d'am\u00e9liorer la comp\u00e9titivit\u00e9 du march\u00e9.<\/li><\/ul><\/div>\n\n<div class=\"wp-block-column is-layout-flow wp-block-column-is-layout-flow\"><figure class=\"wp-block-image size-full\"><img decoding=\"async\" width=\"800\" height=\"800\" src=\"https:\/\/www.lechaocandy.com\/wp-content\/uploads\/2025\/08\/Buildable-Bulk-Gummy-Hamburgers-Playful-Gummy-Candies-2.webp\" alt=\"Hambourgs gommeux en vrac \u00e0 construire, bonbons gommeux ludiques-2\" class=\"wp-image-1691\" srcset=\"https:\/\/www.lechaocandy.com\/wp-content\/uploads\/2025\/08\/Buildable-Bulk-Gummy-Hamburgers-Playful-Gummy-Candies-2.webp 800w, https:\/\/www.lechaocandy.com\/wp-content\/uploads\/2025\/08\/Buildable-Bulk-Gummy-Hamburgers-Playful-Gummy-Candies-2-300x300.webp 300w, https:\/\/www.lechaocandy.com\/wp-content\/uploads\/2025\/08\/Buildable-Bulk-Gummy-Hamburgers-Playful-Gummy-Candies-2-150x150.webp 150w, https:\/\/www.lechaocandy.com\/wp-content\/uploads\/2025\/08\/Buildable-Bulk-Gummy-Hamburgers-Playful-Gummy-Candies-2-768x768.webp 768w, https:\/\/www.lechaocandy.com\/wp-content\/uploads\/2025\/08\/Buildable-Bulk-Gummy-Hamburgers-Playful-Gummy-Candies-2-12x12.webp 12w, https:\/\/www.lechaocandy.com\/wp-content\/uploads\/2025\/08\/Buildable-Bulk-Gummy-Hamburgers-Playful-Gummy-Candies-2-600x600.webp 600w, https:\/\/www.lechaocandy.com\/wp-content\/uploads\/2025\/08\/Buildable-Bulk-Gummy-Hamburgers-Playful-Gummy-Candies-2-100x100.webp 100w\" sizes=\"(max-width: 800px) 100vw, 800px\" \/><\/figure><\/div><\/div>","protected":false},"excerpt":{"rendered":"<p>Bienvenue pour commander des hamburgers en gomme en vrac. Nos hamburgers en gomme amovibles et r\u00e9assembl\u00e9s en gros sont amusants et faciles \u00e0 bricoler pour les enfants. Ils se caract\u00e9risent par une texture moelleuse, de riches ar\u00f4mes de fruits, des couleurs vives et un emballage personnalisable.<\/p>\n<table style=\"border-collapse: collapse; width: 300.02pt;\" border=\"0\" width=\"300\" cellspacing=\"0\" cellpadding=\"0\">\n<tbody>\n<tr style=\"height: 17.60pt;\">\n<td class=\"et2\" style=\"height: 17.60pt; width: 110.80pt;\" width=\"110\" height=\"17\">Fabricant<\/td>\n<td class=\"et2\" style=\"width: 189.95pt;\" width=\"189\">LeChao Candy<\/td>\n<\/tr>\n<tr style=\"height: 18.00pt;\">\n<td class=\"et2\" style=\"height: 18.00pt;\" height=\"18\">Type de produit<\/td>\n<td class=\"et3\" style=\"width: 189.95pt;\" width=\"189\">Bonbons g\u00e9lifi\u00e9s au burger XXL<\/td>\n<\/tr>\n<tr style=\"height: 18.00pt;\">\n<td class=\"et2\" style=\"height: 18.00pt;\" height=\"18\">Le go\u00fbt<\/td>\n<td class=\"et3\" style=\"width: 189.95pt;\" width=\"189\">Aigre-doux et r\u00e9silient<\/td>\n<\/tr>\n<tr style=\"height: 17.60pt;\">\n<td class=\"et2\" style=\"height: 17.60pt;\" height=\"17\">Sp\u00e9cifications<\/td>\n<td class=\"et2\">50gX12pcsX6bo\u00eetes<\/td>\n<\/tr>\n<tr style=\"height: 17.60pt;\">\n<td class=\"et2\" style=\"height: 17.60pt;\" height=\"17\">Taille du carton<\/td>\n<td class=\"et2\">50*22*25cm<\/td>\n<\/tr>\n<tr style=\"height: 17.60pt;\">\n<td class=\"et2\" style=\"height: 17.60pt;\" height=\"17\">N.W.\/Carton<\/td>\n<td class=\"et2\">8,0 kg<\/td>\n<\/tr>\n<tr style=\"height: 17.60pt;\">\n<td class=\"et2\" style=\"height: 17.60pt;\" height=\"17\">Prix<\/td>\n<td class=\"et2\">\/<\/td>\n<\/tr>\n<tr style=\"height: 17.60pt;\">\n<td class=\"et2\" style=\"height: 17.60pt;\" height=\"17\">MOQ<\/td>\n<td class=\"et2\">500CTNS<\/td>\n<\/tr>\n<tr style=\"height: 17.60pt;\">\n<td class=\"et2\" style=\"height: 17.60pt;\" height=\"17\">\u00c9chantillon<\/td>\n<td class=\"et2\">Disponible<\/td>\n<\/tr>\n<\/tbody>\n<\/table>\n<p>&nbsp;<\/p>\n<p>&nbsp;<\/p>","protected":false},"featured_media":1692,"comment_status":"open","ping_status":"closed","template":"","meta":{"_acf_changed":false},"product_brand":[],"product_cat":[19],"product_tag":[],"class_list":{"0":"post-1689","1":"product","2":"type-product","3":"status-publish","4":"has-post-thumbnail","6":"product_cat-wholesale-gummy-manufacturer","8":"first","9":"instock","10":"shipping-taxable","11":"product-type-simple"},"acf":[],"_links":{"self":[{"href":"https:\/\/www.lechaocandy.com\/fr\/wp-json\/wp\/v2\/product\/1689","targetHints":{"allow":["GET"]}}],"collection":[{"href":"https:\/\/www.lechaocandy.com\/fr\/wp-json\/wp\/v2\/product"}],"about":[{"href":"https:\/\/www.lechaocandy.com\/fr\/wp-json\/wp\/v2\/types\/product"}],"replies":[{"embeddable":true,"href":"https:\/\/www.lechaocandy.com\/fr\/wp-json\/wp\/v2\/comments?post=1689"}],"wp:featuredmedia":[{"embeddable":true,"href":"https:\/\/www.lechaocandy.com\/fr\/wp-json\/wp\/v2\/media\/1692"}],"wp:attachment":[{"href":"https:\/\/www.lechaocandy.com\/fr\/wp-json\/wp\/v2\/media?parent=1689"}],"wp:term":[{"taxonomy":"product_brand","embeddable":true,"href":"https:\/\/www.lechaocandy.com\/fr\/wp-json\/wp\/v2\/product_brand?post=1689"},{"taxonomy":"product_cat","embeddable":true,"href":"https:\/\/www.lechaocandy.com\/fr\/wp-json\/wp\/v2\/product_cat?post=1689"},{"taxonomy":"product_tag","embeddable":true,"href":"https:\/\/www.lechaocandy.com\/fr\/wp-json\/wp\/v2\/product_tag?post=1689"}],"curies":[{"name":"wp","href":"https:\/\/api.w.org\/{rel}","templated":true}]}}