{"id":1695,"date":"2025-08-27T09:44:52","date_gmt":"2025-08-27T09:44:52","guid":{"rendered":"https:\/\/www.lechaocandy.com\/?post_type=product&#038;p=1695"},"modified":"2025-08-27T09:53:04","modified_gmt":"2025-08-27T09:53:04","slug":"diamond-gummies-wholesale","status":"publish","type":"product","link":"https:\/\/www.lechaocandy.com\/fr\/produit\/diamond-gummies-wholesale\/","title":{"rendered":"Diamond Gummies Wholesale, Bonbons g\u00e9lifi\u00e9s 3D en vrac"},"content":{"rendered":"<div class=\"wp-block-columns is-layout-flex wp-container-core-columns-is-layout-9d6595d7 wp-block-columns-is-layout-flex\"><div class=\"wp-block-column is-layout-flow wp-block-column-is-layout-flow\"><h2 class=\"wp-block-heading\">Points forts du produit Diamond Gummies Wholesale<\/h2>\n\n<ul class=\"wp-block-list\"><li><strong>Taille de diamant unique : <\/strong>Nos gommes diamant\u00e9es 3D en gros pr\u00e9sentent un design exquis avec des facettes nettes, cr\u00e9ant une apparence \u00e9blouissante et accrocheuse, renfor\u00e7ant le plaisir et l'attrait visuel de l'en-cas.<\/li>\n\n<li><strong>Des couleurs riches :<\/strong> Ces bonbons mous en vrac sont disponibles dans une vari\u00e9t\u00e9 de combinaisons de couleurs vives qui attirent les enfants et les jeunes consommateurs, am\u00e9liorent la pr\u00e9sentation du produit et augmentent le d\u00e9sir d'achat.<\/li>\n\n<li><strong>Diff\u00e9rents ar\u00f4mes de fruits :<\/strong> Nos 3D diamond gummies wholesale offrent une vari\u00e9t\u00e9 d'ar\u00f4mes de fruits classiques avec une texture moelleuse et rafra\u00eechissante pour r\u00e9pondre aux pr\u00e9f\u00e9rences gustatives de diff\u00e9rents groupes d'\u00e2ge.<\/li>\n\n<li><strong>Des collations amusantes et des options de cadeaux :<\/strong> Nos bonbons mous en vrac sont parfaits pour les go\u00fbters d'enfants, les f\u00eates d'anniversaire, les cadeaux de vacances ou les \u00e9v\u00e9nements \u00e0 th\u00e8me. Ils sont \u00e0 la fois d\u00e9licieux et amusants, ce qui augmente la valeur de partage social.<\/li>\n\n<li><strong>Approvisionnement en vrac et personnalisation : <\/strong>Nos gommes de diamant 3D en gros peuvent \u00eatre achet\u00e9es en gros et emball\u00e9es de mani\u00e8re personnalis\u00e9e, ce qui permet aux d\u00e9taillants, aux plateformes de commerce \u00e9lectronique et aux propri\u00e9taires de marques de diff\u00e9rencier leurs produits et d'am\u00e9liorer leur comp\u00e9titivit\u00e9 sur le march\u00e9.<\/li><\/ul><\/div>\n\n<div class=\"wp-block-column is-layout-flow wp-block-column-is-layout-flow\"><figure class=\"wp-block-image size-full\"><img decoding=\"async\" width=\"800\" height=\"800\" src=\"https:\/\/www.lechaocandy.com\/wp-content\/uploads\/2025\/08\/Diamond-Gummies-Wholesale-Chewy-3D-Gummy-Candy-In-Bulk-5.webp\" alt=\"Diamond Gummies Wholesale, Bonbons g\u00e9lifi\u00e9s 3D en vrac-5\" class=\"wp-image-1700\" srcset=\"https:\/\/www.lechaocandy.com\/wp-content\/uploads\/2025\/08\/Diamond-Gummies-Wholesale-Chewy-3D-Gummy-Candy-In-Bulk-5.webp 800w, https:\/\/www.lechaocandy.com\/wp-content\/uploads\/2025\/08\/Diamond-Gummies-Wholesale-Chewy-3D-Gummy-Candy-In-Bulk-5-300x300.webp 300w, https:\/\/www.lechaocandy.com\/wp-content\/uploads\/2025\/08\/Diamond-Gummies-Wholesale-Chewy-3D-Gummy-Candy-In-Bulk-5-150x150.webp 150w, https:\/\/www.lechaocandy.com\/wp-content\/uploads\/2025\/08\/Diamond-Gummies-Wholesale-Chewy-3D-Gummy-Candy-In-Bulk-5-768x768.webp 768w, https:\/\/www.lechaocandy.com\/wp-content\/uploads\/2025\/08\/Diamond-Gummies-Wholesale-Chewy-3D-Gummy-Candy-In-Bulk-5-12x12.webp 12w, https:\/\/www.lechaocandy.com\/wp-content\/uploads\/2025\/08\/Diamond-Gummies-Wholesale-Chewy-3D-Gummy-Candy-In-Bulk-5-600x600.webp 600w, https:\/\/www.lechaocandy.com\/wp-content\/uploads\/2025\/08\/Diamond-Gummies-Wholesale-Chewy-3D-Gummy-Candy-In-Bulk-5-100x100.webp 100w\" sizes=\"(max-width: 800px) 100vw, 800px\" \/><\/figure><\/div><\/div>","protected":false},"excerpt":{"rendered":"<p>Bienvenue pour commander des bonbons mous en vrac. Nos gommes diamant\u00e9es 3D en gros pr\u00e9sentent des motifs \u00e0 facettes vibrants et color\u00e9s, une texture moelleuse et une vari\u00e9t\u00e9 d'ar\u00f4mes de fruits. Des emballages personnalis\u00e9s sont disponibles.<\/p>\n<table style=\"border-collapse: collapse; width: 300.02pt;\" border=\"0\" width=\"300\" cellspacing=\"0\" cellpadding=\"0\">\n<tbody>\n<tr style=\"height: 17.60pt;\">\n<td class=\"et2\" style=\"height: 17.60pt; width: 110.80pt;\" width=\"110\" height=\"17\">Fabricant<\/td>\n<td class=\"et2\" style=\"width: 189.95pt;\" width=\"189\">LeChao Candy<\/td>\n<\/tr>\n<tr style=\"height: 18.00pt;\">\n<td class=\"et2\" style=\"height: 18.00pt;\" height=\"18\">Type de produit<\/td>\n<td class=\"et3\" style=\"width: 189.95pt;\" width=\"189\">Bonbons g\u00e9lifi\u00e9s 3D au diamant<\/td>\n<\/tr>\n<tr style=\"height: 18.00pt;\">\n<td class=\"et2\" style=\"height: 18.00pt;\" height=\"18\">Le go\u00fbt<\/td>\n<td class=\"et3\" style=\"width: 189.95pt;\" width=\"189\">Aigre-doux et r\u00e9silient<\/td>\n<\/tr>\n<tr style=\"height: 17.60pt;\">\n<td class=\"et2\" style=\"height: 17.60pt;\" height=\"17\">Sp\u00e9cifications<\/td>\n<td class=\"et2\">60gX10sacsX6bo\u00eetes<\/td>\n<\/tr>\n<tr style=\"height: 17.60pt;\">\n<td class=\"et2\" style=\"height: 17.60pt;\" height=\"17\">Taille du carton<\/td>\n<td class=\"et2\">36.5X22X33.5<\/td>\n<\/tr>\n<tr style=\"height: 17.60pt;\">\n<td class=\"et2\" style=\"height: 17.60pt;\" height=\"17\">N.W.\/Carton<\/td>\n<td class=\"et2\">5,8 kg<\/td>\n<\/tr>\n<tr style=\"height: 17.60pt;\">\n<td class=\"et2\" style=\"height: 17.60pt;\" height=\"17\">Prix<\/td>\n<td class=\"et2\">0,3-0,33USD<\/td>\n<\/tr>\n<tr style=\"height: 17.60pt;\">\n<td class=\"et2\" style=\"height: 17.60pt;\" height=\"17\">MOQ<\/td>\n<td class=\"et2\">800CTNS<\/td>\n<\/tr>\n<tr style=\"height: 17.60pt;\">\n<td class=\"et2\" style=\"height: 17.60pt;\" height=\"17\">\u00c9chantillon<\/td>\n<td class=\"et2\">Disponible<\/td>\n<\/tr>\n<\/tbody>\n<\/table>\n<p>&nbsp;<\/p>","protected":false},"featured_media":1697,"comment_status":"open","ping_status":"closed","template":"","meta":{"_acf_changed":false},"product_brand":[],"product_cat":[19,24],"product_tag":[],"class_list":{"0":"post-1695","1":"product","2":"type-product","3":"status-publish","4":"has-post-thumbnail","6":"product_cat-wholesale-gummy-manufacturer","7":"product_cat-3d-gummy-candy-manufacturer","9":"first","10":"instock","11":"shipping-taxable","12":"product-type-simple"},"acf":[],"_links":{"self":[{"href":"https:\/\/www.lechaocandy.com\/fr\/wp-json\/wp\/v2\/product\/1695","targetHints":{"allow":["GET"]}}],"collection":[{"href":"https:\/\/www.lechaocandy.com\/fr\/wp-json\/wp\/v2\/product"}],"about":[{"href":"https:\/\/www.lechaocandy.com\/fr\/wp-json\/wp\/v2\/types\/product"}],"replies":[{"embeddable":true,"href":"https:\/\/www.lechaocandy.com\/fr\/wp-json\/wp\/v2\/comments?post=1695"}],"wp:featuredmedia":[{"embeddable":true,"href":"https:\/\/www.lechaocandy.com\/fr\/wp-json\/wp\/v2\/media\/1697"}],"wp:attachment":[{"href":"https:\/\/www.lechaocandy.com\/fr\/wp-json\/wp\/v2\/media?parent=1695"}],"wp:term":[{"taxonomy":"product_brand","embeddable":true,"href":"https:\/\/www.lechaocandy.com\/fr\/wp-json\/wp\/v2\/product_brand?post=1695"},{"taxonomy":"product_cat","embeddable":true,"href":"https:\/\/www.lechaocandy.com\/fr\/wp-json\/wp\/v2\/product_cat?post=1695"},{"taxonomy":"product_tag","embeddable":true,"href":"https:\/\/www.lechaocandy.com\/fr\/wp-json\/wp\/v2\/product_tag?post=1695"}],"curies":[{"name":"wp","href":"https:\/\/api.w.org\/{rel}","templated":true}]}}