{"id":1718,"date":"2025-09-02T08:32:36","date_gmt":"2025-09-02T08:32:36","guid":{"rendered":"https:\/\/www.lechaocandy.com\/?post_type=product&#038;p=1718"},"modified":"2025-09-02T08:45:57","modified_gmt":"2025-09-02T08:45:57","slug":"custom-shaped-gummy-candy","status":"publish","type":"product","link":"https:\/\/www.lechaocandy.com\/fr\/produit\/custom-shaped-gummy-candy\/","title":{"rendered":"Bonbons g\u00e9lifi\u00e9s en forme de voiture Wholesale, Bonbons mous en forme de voiture"},"content":{"rendered":"<div class=\"wp-block-columns is-layout-flex wp-container-core-columns-is-layout-9d6595d7 wp-block-columns-is-layout-flex\"><div class=\"wp-block-column is-layout-flow wp-block-column-is-layout-flow\"><h2 class=\"wp-block-heading\">Points forts du produit Bonbons g\u00e9lifi\u00e9s de forme personnalis\u00e9e<\/h2>\n\n<ul class=\"wp-block-list\"><li><strong>Conception unique de la voiture : <\/strong>Ces bonbons g\u00e9lifi\u00e9s aux formes personnalis\u00e9es sont non seulement nouveaux et adorables, mais aussi tr\u00e8s reconnaissables, ce qui leur permet de capter rapidement l'attention des consommateurs.<\/li>\n\n<li><strong>Plusieurs combinaisons de couleurs :<\/strong> Nous proposons une vari\u00e9t\u00e9 de combinaisons de couleurs vives pour nos bonbons g\u00e9lifi\u00e9s en vrac. Ces couleurs et formes vives ne rendent pas seulement les bonbons plus attrayants visuellement, mais offrent \u00e9galement une exp\u00e9rience gustative riche, ce qui stimule les achats des consommateurs.<\/li>\n\n<li><strong>Enti\u00e8rement personnalisable pour r\u00e9pondre \u00e0 des besoins diff\u00e9renci\u00e9s : <\/strong>Nos bonbons g\u00e9lifi\u00e9s sur mesure peuvent \u00eatre personnalis\u00e9s en termes d'ar\u00f4mes, de couleurs et d'emballages pour r\u00e9pondre aux besoins des clients, ce qui permet aux marques d'\u00e9tablir un positionnement unique sur le march\u00e9 et d'am\u00e9liorer la comp\u00e9titivit\u00e9 de leurs produits.<\/li>\n\n<li><strong>Prix direct d'usine :<\/strong> Nos bonbons g\u00e9lifi\u00e9s en vrac tirent parti des avantages de la production et de la cha\u00eene d'approvisionnement de l'usine source de Lechao pour garantir une qualit\u00e9 \u00e9lev\u00e9e tout en maintenant des prix comp\u00e9titifs, ce qui permet aux clients du commerce de gros d'\u00eatre plus comp\u00e9titifs sur le march\u00e9.<\/li>\n\n<li><strong>Large \u00e9ventail d'applications : <\/strong>Nos bonbons g\u00e9lifi\u00e9s aux formes personnalis\u00e9es conviennent non seulement aux circuits de vente au d\u00e9tail quotidiens et aux supermarch\u00e9s, mais peuvent \u00e9galement \u00eatre utilis\u00e9s dans les f\u00eates d'enfants, les coffrets-cadeaux festifs, les cadeaux promotionnels et d'autres sc\u00e9narios, ce qui permet aux clients d'\u00e9largir rapidement leurs canaux de vente.<\/li><\/ul><\/div>\n\n<div class=\"wp-block-column is-layout-flow wp-block-column-is-layout-flow\"><figure class=\"wp-block-image size-full\"><img decoding=\"async\" width=\"800\" height=\"800\" src=\"https:\/\/www.lechaocandy.com\/wp-content\/uploads\/2025\/09\/Custom-Shaped-Gummy-Candy-Wholesale-Car-Shape-Soft-Candy-2.webp\" alt=\"Bonbons g\u00e9lifi\u00e9s en forme de voiture - vente en gros, Bonbons g\u00e9lifi\u00e9s en forme de voiture - 2\" class=\"wp-image-1720\" srcset=\"https:\/\/www.lechaocandy.com\/wp-content\/uploads\/2025\/09\/Custom-Shaped-Gummy-Candy-Wholesale-Car-Shape-Soft-Candy-2.webp 800w, https:\/\/www.lechaocandy.com\/wp-content\/uploads\/2025\/09\/Custom-Shaped-Gummy-Candy-Wholesale-Car-Shape-Soft-Candy-2-300x300.webp 300w, https:\/\/www.lechaocandy.com\/wp-content\/uploads\/2025\/09\/Custom-Shaped-Gummy-Candy-Wholesale-Car-Shape-Soft-Candy-2-150x150.webp 150w, https:\/\/www.lechaocandy.com\/wp-content\/uploads\/2025\/09\/Custom-Shaped-Gummy-Candy-Wholesale-Car-Shape-Soft-Candy-2-768x768.webp 768w, https:\/\/www.lechaocandy.com\/wp-content\/uploads\/2025\/09\/Custom-Shaped-Gummy-Candy-Wholesale-Car-Shape-Soft-Candy-2-12x12.webp 12w, https:\/\/www.lechaocandy.com\/wp-content\/uploads\/2025\/09\/Custom-Shaped-Gummy-Candy-Wholesale-Car-Shape-Soft-Candy-2-600x600.webp 600w, https:\/\/www.lechaocandy.com\/wp-content\/uploads\/2025\/09\/Custom-Shaped-Gummy-Candy-Wholesale-Car-Shape-Soft-Candy-2-100x100.webp 100w\" sizes=\"(max-width: 800px) 100vw, 800px\" \/><\/figure><\/div><\/div>","protected":false},"excerpt":{"rendered":"<p>Nous vous invitons \u00e0 commander des bonbons g\u00e9lifi\u00e9s de forme personnalis\u00e9e. Ces bonbons g\u00e9lifi\u00e9s en vrac en forme de voiture sont color\u00e9s et moelleux, disponibles dans une vari\u00e9t\u00e9 de combinaisons de couleurs. Nous pouvons personnaliser les formes, les saveurs et l'emballage pour r\u00e9pondre aux divers besoins du march\u00e9, en faisant preuve de souplesse pour r\u00e9pondre aux diverses demandes du march\u00e9.<\/p>\n<table style=\"border-collapse: collapse; width: 300.02pt;\" border=\"0\" width=\"300\" cellspacing=\"0\" cellpadding=\"0\">\n<tbody>\n<tr style=\"height: 17.60pt;\">\n<td class=\"et2\" style=\"height: 17.60pt; width: 110.80pt;\" width=\"110\" height=\"17\">Fabricant<\/td>\n<td class=\"et2\" style=\"width: 189.95pt;\" width=\"189\">LeChao Candy<\/td>\n<\/tr>\n<tr style=\"height: 18.00pt;\">\n<td class=\"et2\" style=\"height: 18.00pt;\" height=\"18\">Type de produit<\/td>\n<td class=\"et3\" style=\"width: 189.95pt;\" width=\"189\">Bonbons g\u00e9lifi\u00e9s \u00e0 la voiture<\/td>\n<\/tr>\n<tr style=\"height: 18.00pt;\">\n<td class=\"et2\" style=\"height: 18.00pt;\" height=\"18\">Le go\u00fbt<\/td>\n<td class=\"et3\" style=\"width: 189.95pt;\" width=\"189\">Aigre-doux et r\u00e9silient<\/td>\n<\/tr>\n<tr style=\"height: 17.60pt;\">\n<td class=\"et2\" style=\"height: 17.60pt;\" height=\"17\">Sp\u00e9cifications<\/td>\n<td class=\"et2\">20gx24pcsx12boxes<\/td>\n<\/tr>\n<tr style=\"height: 17.60pt;\">\n<td class=\"et2\" style=\"height: 17.60pt;\" height=\"17\">Taille du carton<\/td>\n<td class=\"et2\">45*29*25cm<\/td>\n<\/tr>\n<tr style=\"height: 17.60pt;\">\n<td class=\"et2\" style=\"height: 17.60pt;\" height=\"17\">N.W.\/Carton<\/td>\n<td class=\"et2\">8,0 kg<\/td>\n<\/tr>\n<tr style=\"height: 17.60pt;\">\n<td class=\"et2\" style=\"height: 17.60pt;\" height=\"17\">Prix<\/td>\n<td class=\"et2\">23.5USD<\/td>\n<\/tr>\n<tr style=\"height: 17.60pt;\">\n<td class=\"et2\" style=\"height: 17.60pt;\" height=\"17\">MOQ<\/td>\n<td class=\"et2\">500CTNS<\/td>\n<\/tr>\n<tr style=\"height: 17.60pt;\">\n<td class=\"et2\" style=\"height: 17.60pt;\" height=\"17\">\u00c9chantillon<\/td>\n<td class=\"et2\">Disponible<\/td>\n<\/tr>\n<\/tbody>\n<\/table>\n<p>&nbsp;<\/p>","protected":false},"featured_media":1723,"comment_status":"open","ping_status":"closed","template":"","meta":{"_acf_changed":false},"product_brand":[],"product_cat":[19],"product_tag":[],"class_list":{"0":"post-1718","1":"product","2":"type-product","3":"status-publish","4":"has-post-thumbnail","6":"product_cat-wholesale-gummy-manufacturer","8":"first","9":"instock","10":"shipping-taxable","11":"product-type-simple"},"acf":[],"_links":{"self":[{"href":"https:\/\/www.lechaocandy.com\/fr\/wp-json\/wp\/v2\/product\/1718","targetHints":{"allow":["GET"]}}],"collection":[{"href":"https:\/\/www.lechaocandy.com\/fr\/wp-json\/wp\/v2\/product"}],"about":[{"href":"https:\/\/www.lechaocandy.com\/fr\/wp-json\/wp\/v2\/types\/product"}],"replies":[{"embeddable":true,"href":"https:\/\/www.lechaocandy.com\/fr\/wp-json\/wp\/v2\/comments?post=1718"}],"wp:featuredmedia":[{"embeddable":true,"href":"https:\/\/www.lechaocandy.com\/fr\/wp-json\/wp\/v2\/media\/1723"}],"wp:attachment":[{"href":"https:\/\/www.lechaocandy.com\/fr\/wp-json\/wp\/v2\/media?parent=1718"}],"wp:term":[{"taxonomy":"product_brand","embeddable":true,"href":"https:\/\/www.lechaocandy.com\/fr\/wp-json\/wp\/v2\/product_brand?post=1718"},{"taxonomy":"product_cat","embeddable":true,"href":"https:\/\/www.lechaocandy.com\/fr\/wp-json\/wp\/v2\/product_cat?post=1718"},{"taxonomy":"product_tag","embeddable":true,"href":"https:\/\/www.lechaocandy.com\/fr\/wp-json\/wp\/v2\/product_tag?post=1718"}],"curies":[{"name":"wp","href":"https:\/\/api.w.org\/{rel}","templated":true}]}}