{"id":1731,"date":"2025-09-02T09:02:23","date_gmt":"2025-09-02T09:02:23","guid":{"rendered":"https:\/\/www.lechaocandy.com\/?post_type=product&#038;p=1731"},"modified":"2025-09-02T09:18:00","modified_gmt":"2025-09-02T09:18:00","slug":"bulk-gummy-mice","status":"publish","type":"product","link":"https:\/\/www.lechaocandy.com\/fr\/produit\/bulk-gummy-mice\/","title":{"rendered":"LeChao Bulk Gummy Mice, Fun Shape Gummy Sweets Wholesale"},"content":{"rendered":"<div class=\"wp-block-columns is-layout-flex wp-container-core-columns-is-layout-9d6595d7 wp-block-columns-is-layout-flex\"><div class=\"wp-block-column is-layout-flow wp-block-column-is-layout-flow\"><h2 class=\"wp-block-heading\">Points forts du produit Souris gommeuse en vrac<\/h2>\n\n<ul class=\"wp-block-list\"><li><strong>Un design cr\u00e9atif permet de mieux diff\u00e9rencier les produits :<\/strong> Nos souris gommeuses en vrac pr\u00e9sentent un aspect novateur et ludique qui les distingue des produits similaires et attire les consommateurs.<\/li>\n\n<li><strong>Color\u00e9e et attrayante :<\/strong> Le design multicolore de ces bonbons g\u00e9lifi\u00e9s en gros leur permet de se d\u00e9marquer dans les rayons et d'attirer l'attention des enfants.<\/li>\n\n<li><strong>Doux et moelleux, avec une riche saveur sucr\u00e9e : <\/strong>Ces souris gommeuses en vrac ont une texture d\u00e9licate et moelleuse et une texture lisse et douce, offrant une exp\u00e9rience de mastication agr\u00e9able. Leur saveur fruit\u00e9e convient aux consommateurs de tous \u00e2ges.<\/li>\n\n<li><strong>Prix de gros comp\u00e9titifs en direct de l'usine :<\/strong> Nos bonbons g\u00e9lifi\u00e9s en gros sont produits dans la propre usine de LeChao, ce qui garantit la qualit\u00e9 et la stabilit\u00e9 de l'approvisionnement. Les achats en gros offrent des prix abordables, ce qui permet aux clients d'augmenter leurs marges b\u00e9n\u00e9ficiaires.<\/li>\n\n<li><strong>Aide \u00e0 l'expansion des canaux de distribution : <\/strong>Nos souris gommeuses en vrac sont non seulement adapt\u00e9es \u00e0 la vente dans les magasins de d\u00e9tail et les supermarch\u00e9s, mais elles conviennent \u00e9galement aux bo\u00eetes-cadeaux de vacances, aux bonbons de f\u00eate, aux combinaisons mixtes et aux cadeaux promotionnels, avec un \u00e9norme potentiel de vente multicanal.<\/li><\/ul><\/div>\n\n<div class=\"wp-block-column is-layout-flow wp-block-column-is-layout-flow\"><figure class=\"wp-block-image size-full\"><img decoding=\"async\" width=\"800\" height=\"800\" src=\"https:\/\/www.lechaocandy.com\/wp-content\/uploads\/2025\/09\/LeChao-Bulk-Gummy-Mice-Fun-Shape-Gummy-Sweets-Wholesale-3.webp\" alt=\"LeChao Bulk Gummy Mice, Fun Shape Gummy Sweets Wholesale-3\" class=\"wp-image-1734\" srcset=\"https:\/\/www.lechaocandy.com\/wp-content\/uploads\/2025\/09\/LeChao-Bulk-Gummy-Mice-Fun-Shape-Gummy-Sweets-Wholesale-3.webp 800w, https:\/\/www.lechaocandy.com\/wp-content\/uploads\/2025\/09\/LeChao-Bulk-Gummy-Mice-Fun-Shape-Gummy-Sweets-Wholesale-3-300x300.webp 300w, https:\/\/www.lechaocandy.com\/wp-content\/uploads\/2025\/09\/LeChao-Bulk-Gummy-Mice-Fun-Shape-Gummy-Sweets-Wholesale-3-150x150.webp 150w, https:\/\/www.lechaocandy.com\/wp-content\/uploads\/2025\/09\/LeChao-Bulk-Gummy-Mice-Fun-Shape-Gummy-Sweets-Wholesale-3-768x768.webp 768w, https:\/\/www.lechaocandy.com\/wp-content\/uploads\/2025\/09\/LeChao-Bulk-Gummy-Mice-Fun-Shape-Gummy-Sweets-Wholesale-3-12x12.webp 12w, https:\/\/www.lechaocandy.com\/wp-content\/uploads\/2025\/09\/LeChao-Bulk-Gummy-Mice-Fun-Shape-Gummy-Sweets-Wholesale-3-600x600.webp 600w, https:\/\/www.lechaocandy.com\/wp-content\/uploads\/2025\/09\/LeChao-Bulk-Gummy-Mice-Fun-Shape-Gummy-Sweets-Wholesale-3-100x100.webp 100w\" sizes=\"(max-width: 800px) 100vw, 800px\" \/><\/figure><\/div><\/div>","protected":false},"excerpt":{"rendered":"<p>Bienvenue pour commander des bonbons g\u00e9lifi\u00e9s en gros. Les souris gommeuses en vrac de LeChao sont pleines d'humour et de cr\u00e9ativit\u00e9, avec des dessins r\u00e9alistes. La texture douce et moelleuse et l'ar\u00f4me sucr\u00e9 et fruit\u00e9 cr\u00e9ent une exp\u00e9rience de grignotage d\u00e9licieuse.<\/p>\n<table style=\"border-collapse: collapse; width: 300.02pt;\" border=\"0\" width=\"300\" cellspacing=\"0\" cellpadding=\"0\">\n<tbody>\n<tr style=\"height: 17.60pt;\">\n<td class=\"et2\" style=\"height: 17.60pt; width: 110.80pt;\" width=\"110\" height=\"17\">Fabricant<\/td>\n<td class=\"et2\" style=\"width: 189.95pt;\" width=\"189\">LeChao Candy<\/td>\n<\/tr>\n<tr style=\"height: 18.00pt;\">\n<td class=\"et2\" style=\"height: 18.00pt;\" height=\"18\">Type de produit<\/td>\n<td class=\"et3\" style=\"width: 189.95pt;\" width=\"189\">Souris en bonbons g\u00e9lifi\u00e9s<\/td>\n<\/tr>\n<tr style=\"height: 18.00pt;\">\n<td class=\"et2\" style=\"height: 18.00pt;\" height=\"18\">Le go\u00fbt<\/td>\n<td class=\"et3\" style=\"width: 189.95pt;\" width=\"189\">Aigre-doux et r\u00e9silient<\/td>\n<\/tr>\n<tr style=\"height: 17.60pt;\">\n<td class=\"et2\" style=\"height: 17.60pt;\" height=\"17\">Sp\u00e9cifications<\/td>\n<td class=\"et2\">120gx48sacs<\/td>\n<\/tr>\n<tr style=\"height: 17.60pt;\">\n<td class=\"et2\" style=\"height: 17.60pt;\" height=\"17\">Taille du carton<\/td>\n<td class=\"et2\">39*26*24cm<\/td>\n<\/tr>\n<tr style=\"height: 17.60pt;\">\n<td class=\"et2\" style=\"height: 17.60pt;\" height=\"17\">N.W.\/Carton<\/td>\n<td class=\"et2\">7,5 kg<\/td>\n<\/tr>\n<tr style=\"height: 17.60pt;\">\n<td class=\"et2\" style=\"height: 17.60pt;\" height=\"17\">Prix<\/td>\n<td class=\"et2\">24USD<\/td>\n<\/tr>\n<tr style=\"height: 17.60pt;\">\n<td class=\"et2\" style=\"height: 17.60pt;\" height=\"17\">MOQ<\/td>\n<td class=\"et2\">500CTNS<\/td>\n<\/tr>\n<tr style=\"height: 17.60pt;\">\n<td class=\"et2\" style=\"height: 17.60pt;\" height=\"17\">\u00c9chantillon<\/td>\n<td class=\"et2\">Disponible<\/td>\n<\/tr>\n<\/tbody>\n<\/table>\n<p>&nbsp;<\/p>","protected":false},"featured_media":1732,"comment_status":"open","ping_status":"closed","template":"","meta":{"_acf_changed":false},"product_brand":[],"product_cat":[19],"product_tag":[],"class_list":{"0":"post-1731","1":"product","2":"type-product","3":"status-publish","4":"has-post-thumbnail","6":"product_cat-wholesale-gummy-manufacturer","8":"first","9":"instock","10":"shipping-taxable","11":"product-type-simple"},"acf":[],"_links":{"self":[{"href":"https:\/\/www.lechaocandy.com\/fr\/wp-json\/wp\/v2\/product\/1731","targetHints":{"allow":["GET"]}}],"collection":[{"href":"https:\/\/www.lechaocandy.com\/fr\/wp-json\/wp\/v2\/product"}],"about":[{"href":"https:\/\/www.lechaocandy.com\/fr\/wp-json\/wp\/v2\/types\/product"}],"replies":[{"embeddable":true,"href":"https:\/\/www.lechaocandy.com\/fr\/wp-json\/wp\/v2\/comments?post=1731"}],"wp:featuredmedia":[{"embeddable":true,"href":"https:\/\/www.lechaocandy.com\/fr\/wp-json\/wp\/v2\/media\/1732"}],"wp:attachment":[{"href":"https:\/\/www.lechaocandy.com\/fr\/wp-json\/wp\/v2\/media?parent=1731"}],"wp:term":[{"taxonomy":"product_brand","embeddable":true,"href":"https:\/\/www.lechaocandy.com\/fr\/wp-json\/wp\/v2\/product_brand?post=1731"},{"taxonomy":"product_cat","embeddable":true,"href":"https:\/\/www.lechaocandy.com\/fr\/wp-json\/wp\/v2\/product_cat?post=1731"},{"taxonomy":"product_tag","embeddable":true,"href":"https:\/\/www.lechaocandy.com\/fr\/wp-json\/wp\/v2\/product_tag?post=1731"}],"curies":[{"name":"wp","href":"https:\/\/api.w.org\/{rel}","templated":true}]}}