{"id":1736,"date":"2025-09-02T09:16:21","date_gmt":"2025-09-02T09:16:21","guid":{"rendered":"https:\/\/www.lechaocandy.com\/?post_type=product&#038;p=1736"},"modified":"2026-03-30T08:51:59","modified_gmt":"2026-03-30T08:51:59","slug":"soccer-gummies-wholesale","status":"publish","type":"product","link":"https:\/\/www.lechaocandy.com\/fr\/produit\/soccer-gummies-wholesale\/","title":{"rendered":"LeChao Soccer Gummies Wholesale, Bulk Boxes Gummy Candy (bonbons \u00e0 la gomme)"},"content":{"rendered":"<div class=\"wp-block-columns is-layout-flex wp-container-core-columns-is-layout-9d6595d7 wp-block-columns-is-layout-flex\"><div class=\"wp-block-column is-layout-flow wp-block-column-is-layout-flow\"><h2 class=\"wp-block-heading\">Points forts du produit Soccer Gummies Wholesale<\/h2>\n\n<ul class=\"wp-block-list\"><li><strong>Design cr\u00e9atif sur le th\u00e8me du football : <\/strong>Ces gommes de football en gros pr\u00e9sentent des motifs de football et de maillots, cr\u00e9ant ainsi une exp\u00e9rience vivante et attrayante pour les amateurs de sport et les enfants.<\/li>\n\n<li><strong>Emballage individuel pour faciliter la distribution et la vente : <\/strong>Ces bonbons g\u00e9lifi\u00e9s en vrac sont emball\u00e9s individuellement et conditionn\u00e9s dans une bo\u00eete pour la vente au d\u00e9tail, la distribution lors de f\u00eates ou les cadeaux promotionnels, ce qui renforce la commodit\u00e9 et la s\u00e9curit\u00e9 du produit.<\/li>\n\n<li><strong>Des couleurs vives pour un attrait visuel :<\/strong> Nos soccer gummies wholesale pr\u00e9sentent une palette de couleurs riches pour un impact visuel fort, attirant rapidement l'attention des consommateurs dans les rayons ou lors d'une f\u00eate.<\/li>\n\n<li><strong>Ingr\u00e9dients de haute qualit\u00e9 :<\/strong> Fabriqu\u00e9s \u00e0 partir d'ingr\u00e9dients de qualit\u00e9 alimentaire soigneusement s\u00e9lectionn\u00e9s, nos bonbons g\u00e9lifi\u00e9s en vrac sont moelleux et souples, avec une saveur mod\u00e9r\u00e9ment sucr\u00e9e, ce qui les rend attrayants pour les enfants et en fait un en-cas populaire pour tous les \u00e2ges.<\/li>\n\n<li><strong>Fourniture directe par l'usine, rentable : <\/strong>LeChao s'approvisionne aupr\u00e8s de l'usine source, ce qui garantit la qualit\u00e9 stable et le prix abordable des soccer gummies wholesale. LeChao prend en charge les commandes en gros et aide les d\u00e9taillants, les distributeurs et les organisateurs d'\u00e9v\u00e9nements \u00e0 \u00e9tendre rapidement le march\u00e9.<\/li><\/ul><\/div>\n\n<div class=\"wp-block-column is-layout-flow wp-block-column-is-layout-flow\"><figure class=\"wp-block-image size-full\"><img decoding=\"async\" width=\"800\" height=\"800\" src=\"https:\/\/www.lechaocandy.com\/wp-content\/uploads\/2025\/09\/LeChao-Soccer-Gummies-Wholesale-Bulk-Boxes-Gummy-Candies-1.webp\" alt=\"LeChao Soccer Gummies Wholesale, Bulk Boxes Gummy Candies-1\" class=\"wp-image-1737\" srcset=\"https:\/\/www.lechaocandy.com\/wp-content\/uploads\/2025\/09\/LeChao-Soccer-Gummies-Wholesale-Bulk-Boxes-Gummy-Candies-1.webp 800w, https:\/\/www.lechaocandy.com\/wp-content\/uploads\/2025\/09\/LeChao-Soccer-Gummies-Wholesale-Bulk-Boxes-Gummy-Candies-1-300x300.webp 300w, https:\/\/www.lechaocandy.com\/wp-content\/uploads\/2025\/09\/LeChao-Soccer-Gummies-Wholesale-Bulk-Boxes-Gummy-Candies-1-150x150.webp 150w, https:\/\/www.lechaocandy.com\/wp-content\/uploads\/2025\/09\/LeChao-Soccer-Gummies-Wholesale-Bulk-Boxes-Gummy-Candies-1-768x768.webp 768w, https:\/\/www.lechaocandy.com\/wp-content\/uploads\/2025\/09\/LeChao-Soccer-Gummies-Wholesale-Bulk-Boxes-Gummy-Candies-1-12x12.webp 12w, https:\/\/www.lechaocandy.com\/wp-content\/uploads\/2025\/09\/LeChao-Soccer-Gummies-Wholesale-Bulk-Boxes-Gummy-Candies-1-600x600.webp 600w, https:\/\/www.lechaocandy.com\/wp-content\/uploads\/2025\/09\/LeChao-Soccer-Gummies-Wholesale-Bulk-Boxes-Gummy-Candies-1-100x100.webp 100w\" sizes=\"(max-width: 800px) 100vw, 800px\" \/><\/figure><\/div><\/div><figure class=\"wp-block-embed is-type-video is-provider-youtube wp-block-embed-youtube wp-embed-aspect-16-9 wp-has-aspect-ratio\"><div class=\"wp-block-embed__wrapper\">\n<iframe title=\"Fun Candy with Juicy Flavors &amp; Chewy Texture\" width=\"500\" height=\"281\" src=\"https:\/\/www.youtube.com\/embed\/m3Dde2H7nfA?feature=oembed\" frameborder=\"0\" allow=\"accelerometer; autoplay; clipboard-write; encrypted-media; gyroscope; picture-in-picture; web-share\" referrerpolicy=\"strict-origin-when-cross-origin\" allowfullscreen><\/iframe>\n<\/div><\/figure>","protected":false},"excerpt":{"rendered":"<p>Bienvenue \u00e0 l'achat de bonbons g\u00e9lifi\u00e9s en vrac. Les soccer gummies en gros de LeChao sont emball\u00e9s individuellement et dans une bo\u00eete pour faciliter la distribution et la vente. Leurs formes r\u00e9alistes, leurs couleurs vives et leur texture moelleuse offrent une exp\u00e9rience amusante et d\u00e9licieuse.<\/p>\n<table style=\"border-collapse: collapse; width: 300.02pt;\" border=\"0\" width=\"300\" cellspacing=\"0\" cellpadding=\"0\">\n<tbody>\n<tr style=\"height: 17.60pt;\">\n<td class=\"et2\" style=\"height: 17.60pt; width: 110.80pt;\" width=\"110\" height=\"17\">Fabricant<\/td>\n<td class=\"et2\" style=\"width: 189.95pt;\" width=\"189\">LeChao Candy<\/td>\n<\/tr>\n<tr style=\"height: 18.00pt;\">\n<td class=\"et2\" style=\"height: 18.00pt;\" height=\"18\">Type de produit<\/td>\n<td class=\"et3\" style=\"width: 189.95pt;\" width=\"189\">Bonbons g\u00e9lifi\u00e9s au football<\/td>\n<\/tr>\n<tr style=\"height: 18.00pt;\">\n<td class=\"et2\" style=\"height: 18.00pt;\" height=\"18\">Le go\u00fbt<\/td>\n<td class=\"et3\" style=\"width: 189.95pt;\" width=\"189\">Aigre-doux et r\u00e9silient<\/td>\n<\/tr>\n<tr style=\"height: 17.60pt;\">\n<td class=\"et2\" style=\"height: 17.60pt;\" height=\"17\">Sp\u00e9cifications<\/td>\n<td class=\"et2\">15gx24pcsx12boxes<\/td>\n<\/tr>\n<tr style=\"height: 17.60pt;\">\n<td class=\"et2\" style=\"height: 17.60pt;\" height=\"17\">Taille du carton<\/td>\n<td class=\"et2\">39*29*26.5cm<\/td>\n<\/tr>\n<tr style=\"height: 17.60pt;\">\n<td class=\"et2\" style=\"height: 17.60pt;\" height=\"17\">N.W.\/Carton<\/td>\n<td class=\"et2\">7,0 kg<\/td>\n<\/tr>\n<tr style=\"height: 17.60pt;\">\n<td class=\"et2\" style=\"height: 17.60pt;\" height=\"17\">Prix<\/td>\n<td class=\"et2\">19.6USD<\/td>\n<\/tr>\n<tr style=\"height: 17.60pt;\">\n<td class=\"et2\" style=\"height: 17.60pt;\" height=\"17\">MOQ<\/td>\n<td class=\"et2\">500CTNS<\/td>\n<\/tr>\n<tr style=\"height: 17.60pt;\">\n<td class=\"et2\" style=\"height: 17.60pt;\" height=\"17\">\u00c9chantillon<\/td>\n<td class=\"et2\">Disponible<\/td>\n<\/tr>\n<\/tbody>\n<\/table>\n<p>&nbsp;<\/p>","protected":false},"featured_media":1739,"comment_status":"open","ping_status":"closed","template":"","meta":{"_acf_changed":false},"product_brand":[],"product_cat":[19],"product_tag":[],"class_list":{"0":"post-1736","1":"product","2":"type-product","3":"status-publish","4":"has-post-thumbnail","6":"product_cat-wholesale-gummy-manufacturer","8":"first","9":"instock","10":"shipping-taxable","11":"product-type-simple"},"acf":[],"_links":{"self":[{"href":"https:\/\/www.lechaocandy.com\/fr\/wp-json\/wp\/v2\/product\/1736","targetHints":{"allow":["GET"]}}],"collection":[{"href":"https:\/\/www.lechaocandy.com\/fr\/wp-json\/wp\/v2\/product"}],"about":[{"href":"https:\/\/www.lechaocandy.com\/fr\/wp-json\/wp\/v2\/types\/product"}],"replies":[{"embeddable":true,"href":"https:\/\/www.lechaocandy.com\/fr\/wp-json\/wp\/v2\/comments?post=1736"}],"wp:featuredmedia":[{"embeddable":true,"href":"https:\/\/www.lechaocandy.com\/fr\/wp-json\/wp\/v2\/media\/1739"}],"wp:attachment":[{"href":"https:\/\/www.lechaocandy.com\/fr\/wp-json\/wp\/v2\/media?parent=1736"}],"wp:term":[{"taxonomy":"product_brand","embeddable":true,"href":"https:\/\/www.lechaocandy.com\/fr\/wp-json\/wp\/v2\/product_brand?post=1736"},{"taxonomy":"product_cat","embeddable":true,"href":"https:\/\/www.lechaocandy.com\/fr\/wp-json\/wp\/v2\/product_cat?post=1736"},{"taxonomy":"product_tag","embeddable":true,"href":"https:\/\/www.lechaocandy.com\/fr\/wp-json\/wp\/v2\/product_tag?post=1736"}],"curies":[{"name":"wp","href":"https:\/\/api.w.org\/{rel}","templated":true}]}}