{"id":1769,"date":"2025-09-09T02:13:31","date_gmt":"2025-09-09T02:13:31","guid":{"rendered":"https:\/\/www.lechaocandy.com\/?post_type=product&#038;p=1769"},"modified":"2025-09-09T02:24:05","modified_gmt":"2025-09-09T02:24:05","slug":"bulk-gummy-fish","status":"publish","type":"product","link":"https:\/\/www.lechaocandy.com\/fr\/produit\/bulk-gummy-fish\/","title":{"rendered":"LeChao Bulk Gummy Fish, M\u00e9lange de bonbons g\u00e9lifi\u00e9s color\u00e9s en gros"},"content":{"rendered":"<div class=\"wp-block-columns is-layout-flex wp-container-core-columns-is-layout-9d6595d7 wp-block-columns-is-layout-flex\"><div class=\"wp-block-column is-layout-flow wp-block-column-is-layout-flow\"><h2 class=\"wp-block-heading\">Points forts du produit Poisson gommeux en vrac<\/h2>\n\n<ul class=\"wp-block-list\"><li><strong>Look vibrant : <\/strong>Ces poissons g\u00e9lifi\u00e9s en vrac pr\u00e9sentent un style original de poisson transparent, des couleurs riches et une belle forme, qui s\u00e9duisent les consommateurs.<\/li>\n\n<li><strong>Saveur fruit\u00e9e riche : <\/strong>Nos bonbons g\u00e9lifi\u00e9s en gros sont fabriqu\u00e9s \u00e0 partir de jus de fruits de haute qualit\u00e9, ce qui leur conf\u00e8re une saveur riche qui pla\u00eet \u00e0 toutes les papilles gustatives.<\/li>\n\n<li><strong>Approvisionnement en gros : <\/strong>Nous proposons des options d'achat en vrac pour les poissons g\u00e9lifi\u00e9s en vrac, r\u00e9pondant ainsi aux besoins d'approvisionnement \u00e0 long terme des d\u00e9taillants et des grossistes.<\/li>\n\n<li><strong>Convient \u00e0 diverses occasions :<\/strong> Les bonbons g\u00e9lifi\u00e9s en gros de LeChao sont l'en-cas id\u00e9al pour les f\u00eates, les anniversaires, les vacances et autres c\u00e9l\u00e9brations.<\/li>\n\n<li><strong>La s\u00e9curit\u00e9 :<\/strong> Nos poissons g\u00e9lifi\u00e9s en vrac sont fabriqu\u00e9s \u00e0 partir d'ingr\u00e9dients de qualit\u00e9 alimentaire et sont soumis \u00e0 des processus de production rigoureux, ce qui garantit qu'ils sont s\u00fbrs et sains, et qu'ils conviennent \u00e0 tous les \u00e2ges.<\/li><\/ul><\/div>\n\n<div class=\"wp-block-column is-layout-flow wp-block-column-is-layout-flow\"><figure class=\"wp-block-image size-full\"><img decoding=\"async\" width=\"800\" height=\"800\" src=\"https:\/\/www.lechaocandy.com\/wp-content\/uploads\/2025\/09\/LeChao-Bulk-Gummy-Fish-Colorful-Gummy-Candy-Mix-Wholesale-1.webp\" alt=\"LeChao Bulk Gummy Fish, M\u00e9lange de bonbons g\u00e9lifi\u00e9s color\u00e9s Wholesale-1\" class=\"wp-image-1770\" srcset=\"https:\/\/www.lechaocandy.com\/wp-content\/uploads\/2025\/09\/LeChao-Bulk-Gummy-Fish-Colorful-Gummy-Candy-Mix-Wholesale-1.webp 800w, https:\/\/www.lechaocandy.com\/wp-content\/uploads\/2025\/09\/LeChao-Bulk-Gummy-Fish-Colorful-Gummy-Candy-Mix-Wholesale-1-300x300.webp 300w, https:\/\/www.lechaocandy.com\/wp-content\/uploads\/2025\/09\/LeChao-Bulk-Gummy-Fish-Colorful-Gummy-Candy-Mix-Wholesale-1-150x150.webp 150w, https:\/\/www.lechaocandy.com\/wp-content\/uploads\/2025\/09\/LeChao-Bulk-Gummy-Fish-Colorful-Gummy-Candy-Mix-Wholesale-1-768x768.webp 768w, https:\/\/www.lechaocandy.com\/wp-content\/uploads\/2025\/09\/LeChao-Bulk-Gummy-Fish-Colorful-Gummy-Candy-Mix-Wholesale-1-12x12.webp 12w, https:\/\/www.lechaocandy.com\/wp-content\/uploads\/2025\/09\/LeChao-Bulk-Gummy-Fish-Colorful-Gummy-Candy-Mix-Wholesale-1-600x600.webp 600w, https:\/\/www.lechaocandy.com\/wp-content\/uploads\/2025\/09\/LeChao-Bulk-Gummy-Fish-Colorful-Gummy-Candy-Mix-Wholesale-1-100x100.webp 100w\" sizes=\"(max-width: 800px) 100vw, 800px\" \/><\/figure><\/div><\/div>","protected":false},"excerpt":{"rendered":"<p>Nous vous invitons \u00e0 commander des bonbons g\u00e9lifi\u00e9s en gros aupr\u00e8s de LeChao. Ces poissons g\u00e9lifi\u00e9s color\u00e9s en vrac sont les pr\u00e9f\u00e9r\u00e9s des amateurs d'en-cas gr\u00e2ce \u00e0 leur saveur et leurs couleurs \u00e9clatantes. Chaque bonbon a une saveur fruit\u00e9e d\u00e9lectable et des couleurs vives, ce qui apporte un plaisir \u00e0 la fois visuel et gustatif.<\/p>\n<table style=\"border-collapse: collapse; width: 329.02pt;\" border=\"0\" width=\"329\" cellspacing=\"0\" cellpadding=\"0\">\n<tbody>\n<tr style=\"height: 17.60pt;\">\n<td class=\"et2\" style=\"height: 17.60pt; width: 110.80pt;\" width=\"110\" height=\"17\">Fabricant<\/td>\n<td class=\"et2\" style=\"width: 219.15pt;\" width=\"219\">LeChao Candy<\/td>\n<\/tr>\n<tr style=\"height: 18.00pt;\">\n<td class=\"et2\" style=\"height: 18.00pt;\" height=\"18\">Type de produit<\/td>\n<td class=\"et3\" style=\"width: 219.15pt;\" width=\"219\">Bonbons g\u00e9lifi\u00e9s au poisson<\/td>\n<\/tr>\n<tr style=\"height: 18.00pt;\">\n<td class=\"et2\" style=\"height: 18.00pt;\" height=\"18\">Le go\u00fbt<\/td>\n<td class=\"et3\" style=\"width: 219.15pt;\" width=\"219\">Aigre-doux et r\u00e9silient<\/td>\n<\/tr>\n<tr style=\"height: 17.60pt;\">\n<td class=\"et2\" style=\"height: 17.60pt;\" height=\"17\">Sp\u00e9cifications<\/td>\n<td class=\"et2\">10gx60pcsx12boxes<\/td>\n<\/tr>\n<tr style=\"height: 17.60pt;\">\n<td class=\"et2\" style=\"height: 17.60pt;\" height=\"17\">Taille du carton<\/td>\n<td class=\"et2\">46*33*21cm<\/td>\n<\/tr>\n<tr style=\"height: 17.60pt;\">\n<td class=\"et2\" style=\"height: 17.60pt;\" height=\"17\">N.W.\/Carton<\/td>\n<td class=\"et2\">9,0 kg<\/td>\n<\/tr>\n<tr style=\"height: 17.60pt;\">\n<td class=\"et2\" style=\"height: 17.60pt;\" height=\"17\">Prix<\/td>\n<td class=\"et2\">34.56USD<\/td>\n<\/tr>\n<tr style=\"height: 17.60pt;\">\n<td class=\"et2\" style=\"height: 17.60pt;\" height=\"17\">MOQ<\/td>\n<td class=\"et2\">500CTNS<\/td>\n<\/tr>\n<tr style=\"height: 17.60pt;\">\n<td class=\"et2\" style=\"height: 17.60pt;\" height=\"17\">\u00c9chantillon<\/td>\n<td class=\"et2\">Disponible<\/td>\n<\/tr>\n<\/tbody>\n<\/table>\n<p>&nbsp;<\/p>","protected":false},"featured_media":1773,"comment_status":"open","ping_status":"closed","template":"","meta":{"_acf_changed":false},"product_brand":[],"product_cat":[19],"product_tag":[30],"class_list":{"0":"post-1769","1":"product","2":"type-product","3":"status-publish","4":"has-post-thumbnail","6":"product_cat-wholesale-gummy-manufacturer","7":"product_tag-bulk-candies-collection","9":"first","10":"instock","11":"shipping-taxable","12":"product-type-simple"},"acf":[],"_links":{"self":[{"href":"https:\/\/www.lechaocandy.com\/fr\/wp-json\/wp\/v2\/product\/1769","targetHints":{"allow":["GET"]}}],"collection":[{"href":"https:\/\/www.lechaocandy.com\/fr\/wp-json\/wp\/v2\/product"}],"about":[{"href":"https:\/\/www.lechaocandy.com\/fr\/wp-json\/wp\/v2\/types\/product"}],"replies":[{"embeddable":true,"href":"https:\/\/www.lechaocandy.com\/fr\/wp-json\/wp\/v2\/comments?post=1769"}],"wp:featuredmedia":[{"embeddable":true,"href":"https:\/\/www.lechaocandy.com\/fr\/wp-json\/wp\/v2\/media\/1773"}],"wp:attachment":[{"href":"https:\/\/www.lechaocandy.com\/fr\/wp-json\/wp\/v2\/media?parent=1769"}],"wp:term":[{"taxonomy":"product_brand","embeddable":true,"href":"https:\/\/www.lechaocandy.com\/fr\/wp-json\/wp\/v2\/product_brand?post=1769"},{"taxonomy":"product_cat","embeddable":true,"href":"https:\/\/www.lechaocandy.com\/fr\/wp-json\/wp\/v2\/product_cat?post=1769"},{"taxonomy":"product_tag","embeddable":true,"href":"https:\/\/www.lechaocandy.com\/fr\/wp-json\/wp\/v2\/product_tag?post=1769"}],"curies":[{"name":"wp","href":"https:\/\/api.w.org\/{rel}","templated":true}]}}