{"id":1774,"date":"2025-09-09T02:24:16","date_gmt":"2025-09-09T02:24:16","guid":{"rendered":"https:\/\/www.lechaocandy.com\/?post_type=product&#038;p=1774"},"modified":"2025-09-09T02:38:26","modified_gmt":"2025-09-09T02:38:26","slug":"bulk-buy-jelly-sweets","status":"publish","type":"product","link":"https:\/\/www.lechaocandy.com\/fr\/produit\/bulk-buy-jelly-sweets\/","title":{"rendered":"Bulk Buy Jelly Sweets, LeChao Toothbrush Set Gummy Candy (Bonbons g\u00e9lifi\u00e9s)"},"content":{"rendered":"<div class=\"wp-block-columns is-layout-flex wp-container-core-columns-is-layout-9d6595d7 wp-block-columns-is-layout-flex\"><div class=\"wp-block-column is-layout-flow wp-block-column-is-layout-flow\"><h2 class=\"wp-block-heading\">Produits phares de Bulk Buy Jelly Sweets<\/h2>\n\n<ul class=\"wp-block-list\"><li><strong>Conception cr\u00e9ative de bonbons :<\/strong> Ces bonbons, en forme de brosse \u00e0 dents et de dentifrice, sont uniques et ludiques. Ils r\u00e9pondent aux besoins d'achat en vrac de bonbons g\u00e9lifi\u00e9s et offrent une option d'en-cas innovante qui s\u00e9duit les consommateurs.<\/li>\n\n<li><strong>Amusant : <\/strong>Ces bonbons g\u00e9lifi\u00e9s en gros, combinant des formes de brosse \u00e0 dents et de dentifrice, cr\u00e9ent une exp\u00e9rience ludique, parfaite pour toute occasion, permettant aux consommateurs d'\u00e9prouver le plaisir de manger des bonbons.<\/li>\n\n<li><strong>Un cadeau parfait pour le go\u00fbter : <\/strong>Leur design unique en fait l'en-cas id\u00e9al pour les f\u00eates et les soir\u00e9es. Les bonbons g\u00e9lifi\u00e9s achet\u00e9s en vrac sont id\u00e9aux pour les d\u00e9taillants et les grossistes, car ils offrent une grande vari\u00e9t\u00e9 d'options.<\/li>\n\n<li><strong>Ar\u00f4mes de fruits : <\/strong>Nos bonbons g\u00e9lifi\u00e9s en gros sont fabriqu\u00e9s \u00e0 partir de jus de fruits de haute qualit\u00e9 et d'ar\u00f4mes naturels, offrant une exp\u00e9rience fruit\u00e9e d\u00e9licieuse qui satisfait les papilles gustatives des consommateurs.<\/li>\n\n<li><strong>Emballage pratique :<\/strong> Chaque lot de bonbons est emball\u00e9 individuellement pour faciliter le transport et le stockage, ce qui les rend adapt\u00e9s \u00e0 une vari\u00e9t\u00e9 de besoins de vente au d\u00e9tail et d'achat en vrac, ce qui en fait un achat en vrac id\u00e9al de bonbons g\u00e9lifi\u00e9s.<\/li><\/ul><\/div>\n\n<div class=\"wp-block-column is-layout-flow wp-block-column-is-layout-flow\"><figure class=\"wp-block-image size-full\"><img decoding=\"async\" width=\"800\" height=\"800\" src=\"https:\/\/www.lechaocandy.com\/wp-content\/uploads\/2025\/09\/Bulk-Buy-Jelly-Sweets-LeChao-Toothbrush-Set-Gummy-Candy-3.webp\" alt=\"Bulk Buy Jelly Sweets, LeChao Toothbrush Set Gummy Candy-3\" class=\"wp-image-1777\" srcset=\"https:\/\/www.lechaocandy.com\/wp-content\/uploads\/2025\/09\/Bulk-Buy-Jelly-Sweets-LeChao-Toothbrush-Set-Gummy-Candy-3.webp 800w, https:\/\/www.lechaocandy.com\/wp-content\/uploads\/2025\/09\/Bulk-Buy-Jelly-Sweets-LeChao-Toothbrush-Set-Gummy-Candy-3-300x300.webp 300w, https:\/\/www.lechaocandy.com\/wp-content\/uploads\/2025\/09\/Bulk-Buy-Jelly-Sweets-LeChao-Toothbrush-Set-Gummy-Candy-3-150x150.webp 150w, https:\/\/www.lechaocandy.com\/wp-content\/uploads\/2025\/09\/Bulk-Buy-Jelly-Sweets-LeChao-Toothbrush-Set-Gummy-Candy-3-768x768.webp 768w, https:\/\/www.lechaocandy.com\/wp-content\/uploads\/2025\/09\/Bulk-Buy-Jelly-Sweets-LeChao-Toothbrush-Set-Gummy-Candy-3-12x12.webp 12w, https:\/\/www.lechaocandy.com\/wp-content\/uploads\/2025\/09\/Bulk-Buy-Jelly-Sweets-LeChao-Toothbrush-Set-Gummy-Candy-3-600x600.webp 600w, https:\/\/www.lechaocandy.com\/wp-content\/uploads\/2025\/09\/Bulk-Buy-Jelly-Sweets-LeChao-Toothbrush-Set-Gummy-Candy-3-100x100.webp 100w\" sizes=\"(max-width: 800px) 100vw, 800px\" \/><\/figure><\/div><\/div>","protected":false},"excerpt":{"rendered":"<p>Bienvenue dans l'achat en gros de bonbons g\u00e9lifi\u00e9s. Ces bonbons g\u00e9lifi\u00e9s en gros combinent astucieusement brosse \u00e0 dents et dentifrice, chacun emball\u00e9 individuellement pour un design amusant et innovant.<\/p>\n<table style=\"border-collapse: collapse; width: 300.02pt;\" border=\"0\" width=\"300\" cellspacing=\"0\" cellpadding=\"0\">\n<tbody>\n<tr style=\"height: 17.60pt;\">\n<td class=\"et2\" style=\"height: 17.60pt; width: 110.80pt;\" width=\"110\" height=\"17\">Fabricant<\/td>\n<td class=\"et2\" style=\"width: 189.95pt;\" width=\"189\">LeChao Candy<\/td>\n<\/tr>\n<tr style=\"height: 18.00pt;\">\n<td class=\"et2\" style=\"height: 18.00pt;\" height=\"18\">Type de produit<\/td>\n<td class=\"et3\" style=\"width: 189.95pt;\" width=\"189\">Set de brosses \u00e0 dents Gummy Candy<\/td>\n<\/tr>\n<tr style=\"height: 18.00pt;\">\n<td class=\"et2\" style=\"height: 18.00pt;\" height=\"18\">Le go\u00fbt<\/td>\n<td class=\"et3\" style=\"width: 189.95pt;\" width=\"189\">Aigre-doux et r\u00e9silient<\/td>\n<\/tr>\n<tr style=\"height: 17.60pt;\">\n<td class=\"et2\" style=\"height: 17.60pt;\" height=\"17\">Sp\u00e9cifications<\/td>\n<td class=\"et2\">10gx30pcsx24boxes<\/td>\n<\/tr>\n<tr style=\"height: 17.60pt;\">\n<td class=\"et2\" style=\"height: 17.60pt;\" height=\"17\">Taille du carton<\/td>\n<td class=\"et2\">40.5*31.5*35cm<\/td>\n<\/tr>\n<tr style=\"height: 17.60pt;\">\n<td class=\"et2\" style=\"height: 17.60pt;\" height=\"17\">N.W.\/Carton<\/td>\n<td class=\"et2\">9,0 kg<\/td>\n<\/tr>\n<tr style=\"height: 17.60pt;\">\n<td class=\"et2\" style=\"height: 17.60pt;\" height=\"17\">Prix<\/td>\n<td class=\"et2\">20.16USD<\/td>\n<\/tr>\n<tr style=\"height: 17.60pt;\">\n<td class=\"et2\" style=\"height: 17.60pt;\" height=\"17\">MOQ<\/td>\n<td class=\"et2\">500CTNS<\/td>\n<\/tr>\n<tr style=\"height: 17.60pt;\">\n<td class=\"et2\" style=\"height: 17.60pt;\" height=\"17\">\u00c9chantillon<\/td>\n<td class=\"et2\">Disponible<\/td>\n<\/tr>\n<\/tbody>\n<\/table>","protected":false},"featured_media":1778,"comment_status":"open","ping_status":"closed","template":"","meta":{"_acf_changed":false},"product_brand":[],"product_cat":[19],"product_tag":[],"class_list":{"0":"post-1774","1":"product","2":"type-product","3":"status-publish","4":"has-post-thumbnail","6":"product_cat-wholesale-gummy-manufacturer","8":"first","9":"instock","10":"shipping-taxable","11":"product-type-simple"},"acf":[],"_links":{"self":[{"href":"https:\/\/www.lechaocandy.com\/fr\/wp-json\/wp\/v2\/product\/1774","targetHints":{"allow":["GET"]}}],"collection":[{"href":"https:\/\/www.lechaocandy.com\/fr\/wp-json\/wp\/v2\/product"}],"about":[{"href":"https:\/\/www.lechaocandy.com\/fr\/wp-json\/wp\/v2\/types\/product"}],"replies":[{"embeddable":true,"href":"https:\/\/www.lechaocandy.com\/fr\/wp-json\/wp\/v2\/comments?post=1774"}],"wp:featuredmedia":[{"embeddable":true,"href":"https:\/\/www.lechaocandy.com\/fr\/wp-json\/wp\/v2\/media\/1778"}],"wp:attachment":[{"href":"https:\/\/www.lechaocandy.com\/fr\/wp-json\/wp\/v2\/media?parent=1774"}],"wp:term":[{"taxonomy":"product_brand","embeddable":true,"href":"https:\/\/www.lechaocandy.com\/fr\/wp-json\/wp\/v2\/product_brand?post=1774"},{"taxonomy":"product_cat","embeddable":true,"href":"https:\/\/www.lechaocandy.com\/fr\/wp-json\/wp\/v2\/product_cat?post=1774"},{"taxonomy":"product_tag","embeddable":true,"href":"https:\/\/www.lechaocandy.com\/fr\/wp-json\/wp\/v2\/product_tag?post=1774"}],"curies":[{"name":"wp","href":"https:\/\/api.w.org\/{rel}","templated":true}]}}