{"id":1780,"date":"2025-09-09T02:43:30","date_gmt":"2025-09-09T02:43:30","guid":{"rendered":"https:\/\/www.lechaocandy.com\/?post_type=product&#038;p=1780"},"modified":"2025-09-09T04:01:12","modified_gmt":"2025-09-09T04:01:12","slug":"wholesale-soft-candy","status":"publish","type":"product","link":"https:\/\/www.lechaocandy.com\/fr\/produit\/wholesale-soft-candy\/","title":{"rendered":"Factory Wholesale Soft Candy, LeChao Bulk Gummy Meat (viande g\u00e9lifi\u00e9e en vrac)"},"content":{"rendered":"<div class=\"wp-block-columns is-layout-flex wp-container-core-columns-is-layout-9d6595d7 wp-block-columns-is-layout-flex\"><div class=\"wp-block-column is-layout-flow wp-block-column-is-layout-flow\"><h2 class=\"wp-block-heading\">Produits phares de la vente en gros de bonbons mous<\/h2>\n\n<ul class=\"wp-block-list\"><li><strong>Designs de viande cr\u00e9atifs : <\/strong>Nos bonbons mous en gros pr\u00e9sentent des motifs de viande ludiques, rompant la monotonie des bonbons traditionnels et attirant l'attention des consommateurs, ce qui les rend particuli\u00e8rement adapt\u00e9s aux jeunes et aux enfants.<\/li>\n\n<li><strong>Texture douce : <\/strong>Ces gummy meats en vrac offrent une texture douce et d\u00e9licate avec une mastication satisfaisante, r\u00e9pondant ainsi \u00e0 l'envie des consommateurs de manger des gummy candy et offrant une exp\u00e9rience gustative ultime.<\/li>\n\n<li><strong>Saveur fruit\u00e9e riche : <\/strong>Ces bonbons mous en gros sont enrichis d'ar\u00f4mes naturels de fruits et fabriqu\u00e9s \u00e0 partir d'ingr\u00e9dients de haute qualit\u00e9 pour garantir un go\u00fbt authentique et riche.<\/li>\n\n<li><strong>Vente en gros : <\/strong>Nos viandes gommeuses en vrac s'adressent aux d\u00e9taillants, aux grossistes et aux organisateurs d'\u00e9v\u00e9nements, r\u00e9pondant ainsi aux besoins d'un large \u00e9ventail de march\u00e9s.<\/li>\n\n<li><strong>Convient \u00e0 une vari\u00e9t\u00e9 d'occasions : <\/strong>Qu'il s'agisse d'une r\u00e9union de famille, d'une f\u00eate d'anniversaire ou d'un \u00e9v\u00e9nement festif, ces bonbons mous en gros sont un joyeux compl\u00e9ment \u00e0 toute occasion et constituent l'en-cas id\u00e9al.<\/li><\/ul><\/div>\n\n<div class=\"wp-block-column is-layout-flow wp-block-column-is-layout-flow\"><figure class=\"wp-block-image size-full\"><img decoding=\"async\" width=\"750\" height=\"800\" src=\"https:\/\/www.lechaocandy.com\/wp-content\/uploads\/2025\/09\/Factory-Wholesale-Soft-Candy-LeChao-Bulk-Gummy-Meat-1.webp\" alt=\"Factory Wholesale Soft Candy, LeChao Bulk Gummy Meat-1 (bonbons mous en vrac)\" class=\"wp-image-1787\" srcset=\"https:\/\/www.lechaocandy.com\/wp-content\/uploads\/2025\/09\/Factory-Wholesale-Soft-Candy-LeChao-Bulk-Gummy-Meat-1.webp 750w, https:\/\/www.lechaocandy.com\/wp-content\/uploads\/2025\/09\/Factory-Wholesale-Soft-Candy-LeChao-Bulk-Gummy-Meat-1-281x300.webp 281w, https:\/\/www.lechaocandy.com\/wp-content\/uploads\/2025\/09\/Factory-Wholesale-Soft-Candy-LeChao-Bulk-Gummy-Meat-1-11x12.webp 11w, https:\/\/www.lechaocandy.com\/wp-content\/uploads\/2025\/09\/Factory-Wholesale-Soft-Candy-LeChao-Bulk-Gummy-Meat-1-600x640.webp 600w\" sizes=\"(max-width: 750px) 100vw, 750px\" \/><\/figure><\/div><\/div>","protected":false},"excerpt":{"rendered":"<p>Bienvenue sur le site d'achat en gros de bonbons mous. Les bonbons g\u00e9lifi\u00e9s en vrac de LeChao offrent une texture douce et une saveur fruit\u00e9e vibrante. Chaque bonbon est m\u00e9ticuleusement fabriqu\u00e9 et con\u00e7u de mani\u00e8re cr\u00e9ative pour r\u00e9pondre \u00e0 une vari\u00e9t\u00e9 de besoins de vente au d\u00e9tail et en gros.<\/p>\n<table style=\"border-collapse: collapse; width: 300.02pt;\" border=\"0\" width=\"300\" cellspacing=\"0\" cellpadding=\"0\">\n<tbody>\n<tr style=\"height: 17.60pt;\">\n<td class=\"et2\" style=\"height: 17.60pt; width: 110.80pt;\" width=\"110\" height=\"17\">Fabricant<\/td>\n<td class=\"et2\" style=\"width: 189.95pt;\" width=\"189\">LeChao Candy<\/td>\n<\/tr>\n<tr style=\"height: 18.00pt;\">\n<td class=\"et2\" style=\"height: 18.00pt;\" height=\"18\">Type de produit<\/td>\n<td class=\"et3\" style=\"width: 189.95pt;\" width=\"189\">Bonbons \u00e0 la gomme \u00e0 la panse de porc<\/td>\n<\/tr>\n<tr style=\"height: 18.00pt;\">\n<td class=\"et2\" style=\"height: 18.00pt;\" height=\"18\">Le go\u00fbt<\/td>\n<td class=\"et3\" style=\"width: 189.95pt;\" width=\"189\">Aigre-doux et r\u00e9silient<\/td>\n<\/tr>\n<tr style=\"height: 17.60pt;\">\n<td class=\"et2\" style=\"height: 17.60pt;\" height=\"17\">Sp\u00e9cifications<\/td>\n<td class=\"et2\">20gx20pcsx12boxes<\/td>\n<\/tr>\n<tr style=\"height: 17.60pt;\">\n<td class=\"et2\" style=\"height: 17.60pt;\" height=\"17\">Taille du carton<\/td>\n<td class=\"et2\">46*27*25cm<\/td>\n<\/tr>\n<tr style=\"height: 17.60pt;\">\n<td class=\"et2\" style=\"height: 17.60pt;\" height=\"17\">N.W.\/Carton<\/td>\n<td class=\"et2\">7,0 kg<\/td>\n<\/tr>\n<tr style=\"height: 17.60pt;\">\n<td class=\"et2\" style=\"height: 17.60pt;\" height=\"17\">Prix<\/td>\n<td class=\"et2\">28.8USD<\/td>\n<\/tr>\n<tr style=\"height: 17.60pt;\">\n<td class=\"et2\" style=\"height: 17.60pt;\" height=\"17\">MOQ<\/td>\n<td class=\"et2\">500CTNS<\/td>\n<\/tr>\n<tr style=\"height: 17.60pt;\">\n<td class=\"et2\" style=\"height: 17.60pt;\" height=\"17\">\u00c9chantillon<\/td>\n<td class=\"et2\">Disponible<\/td>\n<\/tr>\n<\/tbody>\n<\/table>","protected":false},"featured_media":1789,"comment_status":"open","ping_status":"closed","template":"","meta":{"_acf_changed":false},"product_brand":[],"product_cat":[19],"product_tag":[],"class_list":{"0":"post-1780","1":"product","2":"type-product","3":"status-publish","4":"has-post-thumbnail","6":"product_cat-wholesale-gummy-manufacturer","8":"first","9":"instock","10":"shipping-taxable","11":"product-type-simple"},"acf":[],"_links":{"self":[{"href":"https:\/\/www.lechaocandy.com\/fr\/wp-json\/wp\/v2\/product\/1780","targetHints":{"allow":["GET"]}}],"collection":[{"href":"https:\/\/www.lechaocandy.com\/fr\/wp-json\/wp\/v2\/product"}],"about":[{"href":"https:\/\/www.lechaocandy.com\/fr\/wp-json\/wp\/v2\/types\/product"}],"replies":[{"embeddable":true,"href":"https:\/\/www.lechaocandy.com\/fr\/wp-json\/wp\/v2\/comments?post=1780"}],"wp:featuredmedia":[{"embeddable":true,"href":"https:\/\/www.lechaocandy.com\/fr\/wp-json\/wp\/v2\/media\/1789"}],"wp:attachment":[{"href":"https:\/\/www.lechaocandy.com\/fr\/wp-json\/wp\/v2\/media?parent=1780"}],"wp:term":[{"taxonomy":"product_brand","embeddable":true,"href":"https:\/\/www.lechaocandy.com\/fr\/wp-json\/wp\/v2\/product_brand?post=1780"},{"taxonomy":"product_cat","embeddable":true,"href":"https:\/\/www.lechaocandy.com\/fr\/wp-json\/wp\/v2\/product_cat?post=1780"},{"taxonomy":"product_tag","embeddable":true,"href":"https:\/\/www.lechaocandy.com\/fr\/wp-json\/wp\/v2\/product_tag?post=1780"}],"curies":[{"name":"wp","href":"https:\/\/api.w.org\/{rel}","templated":true}]}}