{"id":1781,"date":"2025-09-09T02:48:06","date_gmt":"2025-09-09T02:48:06","guid":{"rendered":"https:\/\/www.lechaocandy.com\/?post_type=product&#038;p=1781"},"modified":"2025-09-09T03:00:19","modified_gmt":"2025-09-09T03:00:19","slug":"halal-jelly-sweets-wholesale","status":"publish","type":"product","link":"https:\/\/www.lechaocandy.com\/fr\/produit\/halal-jelly-sweets-wholesale\/","title":{"rendered":"Halal Jelly Sweets Wholesale, LeChao Bulk Gummy Ice Cream (Cr\u00e8me glac\u00e9e g\u00e9lifi\u00e9e en vrac)"},"content":{"rendered":"<div class=\"wp-block-columns is-layout-flex wp-container-core-columns-is-layout-9d6595d7 wp-block-columns-is-layout-flex\"><div class=\"wp-block-column is-layout-flow wp-block-column-is-layout-flow\"><h2 class=\"wp-block-heading\">Points forts du produit Halal Jelly Sweets Wholesale<\/h2>\n\n<ul class=\"wp-block-list\"><li><strong>Certification Halal : <\/strong>Ces bonbons g\u00e9lifi\u00e9s en vrac sont certifi\u00e9s halal, tous les ingr\u00e9dients \u00e9tant strictement produits conform\u00e9ment aux exigences alimentaires musulmanes, ce qui les rend adapt\u00e9s \u00e0 tous les consommateurs.<\/li>\n\n<li><strong>Dessins de cr\u00e8me glac\u00e9e :<\/strong> Ces bonbons g\u00e9lifi\u00e9s Halal en gros pr\u00e9sentent des motifs de cr\u00e8me glac\u00e9e innovants, des couleurs vives et des formes adorables, qui s\u00e9duisent les consommateurs de tous \u00e2ges.<\/li>\n\n<li><strong>Go\u00fbt riche : <\/strong>Nos bonbons en gel\u00e9e halal sont fabriqu\u00e9s \u00e0 partir de jus naturels et d'ingr\u00e9dients de haute qualit\u00e9, ce qui leur conf\u00e8re un go\u00fbt riche et une exp\u00e9rience gustative sup\u00e9rieure.<\/li>\n\n<li><strong>Options d'achat en gros :<\/strong> Nous proposons des services d'achat en gros et en masse pour nos bonbons g\u00e9lifi\u00e9s en vrac, id\u00e9aux pour les d\u00e9taillants et les grossistes, afin de r\u00e9pondre aux divers besoins du march\u00e9.<\/li>\n\n<li><strong>Diverses options d'emballage : <\/strong>Nous proposons une vari\u00e9t\u00e9 d'options d'emballage pour nos bonbons \u00e0 la gel\u00e9e halal en gros afin de r\u00e9pondre \u00e0 diff\u00e9rentes occasions et besoins de vente, facilitant le stockage et la distribution et augmentant la flexibilit\u00e9 des ventes.<\/li><\/ul><\/div>\n\n<div class=\"wp-block-column is-layout-flow wp-block-column-is-layout-flow\"><figure class=\"wp-block-image size-full\"><img decoding=\"async\" width=\"800\" height=\"800\" src=\"https:\/\/www.lechaocandy.com\/wp-content\/uploads\/2025\/09\/Halal-Jelly-Sweets-Wholesale-LeChao-Bulk-Gummy-Ice-Cream-5.webp\" alt=\"Halal Jelly Sweets Wholesale, LeChao Bulk Gummy Ice Cream-5\" class=\"wp-image-1786\" srcset=\"https:\/\/www.lechaocandy.com\/wp-content\/uploads\/2025\/09\/Halal-Jelly-Sweets-Wholesale-LeChao-Bulk-Gummy-Ice-Cream-5.webp 800w, https:\/\/www.lechaocandy.com\/wp-content\/uploads\/2025\/09\/Halal-Jelly-Sweets-Wholesale-LeChao-Bulk-Gummy-Ice-Cream-5-300x300.webp 300w, https:\/\/www.lechaocandy.com\/wp-content\/uploads\/2025\/09\/Halal-Jelly-Sweets-Wholesale-LeChao-Bulk-Gummy-Ice-Cream-5-150x150.webp 150w, https:\/\/www.lechaocandy.com\/wp-content\/uploads\/2025\/09\/Halal-Jelly-Sweets-Wholesale-LeChao-Bulk-Gummy-Ice-Cream-5-768x768.webp 768w, https:\/\/www.lechaocandy.com\/wp-content\/uploads\/2025\/09\/Halal-Jelly-Sweets-Wholesale-LeChao-Bulk-Gummy-Ice-Cream-5-12x12.webp 12w, https:\/\/www.lechaocandy.com\/wp-content\/uploads\/2025\/09\/Halal-Jelly-Sweets-Wholesale-LeChao-Bulk-Gummy-Ice-Cream-5-600x600.webp 600w, https:\/\/www.lechaocandy.com\/wp-content\/uploads\/2025\/09\/Halal-Jelly-Sweets-Wholesale-LeChao-Bulk-Gummy-Ice-Cream-5-100x100.webp 100w\" sizes=\"(max-width: 800px) 100vw, 800px\" \/><\/figure><\/div><\/div>","protected":false},"excerpt":{"rendered":"<p>Bienvenue pour acheter en gros des bonbons g\u00e9lifi\u00e9s halal. Nos bonbons g\u00e9lifi\u00e9s en vrac ont la forme d'une cr\u00e8me glac\u00e9e et pr\u00e9sentent des couleurs vives et des saveurs riches. Tous les produits sont certifi\u00e9s halal, ce qui garantit qu'ils ne contiennent pas d'ingr\u00e9dients dangereux et qu'ils conviennent \u00e0 tous les consommateurs.<\/p>\n<table style=\"border-collapse: collapse; width: 300.02pt;\" border=\"0\" width=\"300\" cellspacing=\"0\" cellpadding=\"0\">\n<tbody>\n<tr style=\"height: 17.60pt;\">\n<td class=\"et2\" style=\"height: 17.60pt; width: 110.80pt;\" width=\"110\" height=\"17\">Fabricant<\/td>\n<td class=\"et2\" style=\"width: 189.95pt;\" width=\"189\">LeChao Candy<\/td>\n<\/tr>\n<tr style=\"height: 18.00pt;\">\n<td class=\"et2\" style=\"height: 18.00pt;\" height=\"18\">Type de produit<\/td>\n<td class=\"et3\" style=\"width: 189.95pt;\" width=\"189\"><span class=\"___SBox_epc1q-kmt_ ___SText_zko9t-kmt_\" data-ui-name=\"Link.Text\">Gomme glac\u00e9e<\/span><\/td>\n<\/tr>\n<tr style=\"height: 18.00pt;\">\n<td class=\"et2\" style=\"height: 18.00pt;\" height=\"18\">Le go\u00fbt<\/td>\n<td class=\"et3\" style=\"width: 189.95pt;\" width=\"189\">Aigre-doux et r\u00e9silient<\/td>\n<\/tr>\n<tr style=\"height: 17.60pt;\">\n<td class=\"et2\" style=\"height: 17.60pt;\" height=\"17\">Sp\u00e9cifications<\/td>\n<td class=\"et2\">25gx24pcsx12boxes<\/td>\n<\/tr>\n<tr style=\"height: 17.60pt;\">\n<td class=\"et2\" style=\"height: 17.60pt;\" height=\"17\">Taille du carton<\/td>\n<td class=\"et2\">42.5x31x20cm<\/td>\n<\/tr>\n<tr style=\"height: 17.60pt;\">\n<td class=\"et2\" style=\"height: 17.60pt;\" height=\"17\">N.W.\/Carton<\/td>\n<td class=\"et2\">9,4 kg<\/td>\n<\/tr>\n<tr style=\"height: 17.60pt;\">\n<td class=\"et2\" style=\"height: 17.60pt;\" height=\"17\">Prix<\/td>\n<td class=\"et2\">19.6USD<\/td>\n<\/tr>\n<tr style=\"height: 17.60pt;\">\n<td class=\"et2\" style=\"height: 17.60pt;\" height=\"17\">MOQ<\/td>\n<td class=\"et2\">500CTNS<\/td>\n<\/tr>\n<tr style=\"height: 17.60pt;\">\n<td class=\"et2\" style=\"height: 17.60pt;\" height=\"17\">\u00c9chantillon<\/td>\n<td class=\"et2\">Disponible<\/td>\n<\/tr>\n<\/tbody>\n<\/table>\n<p>&nbsp;<\/p>","protected":false},"featured_media":1783,"comment_status":"open","ping_status":"closed","template":"","meta":{"_acf_changed":false},"product_brand":[],"product_cat":[19],"product_tag":[],"class_list":{"0":"post-1781","1":"product","2":"type-product","3":"status-publish","4":"has-post-thumbnail","6":"product_cat-wholesale-gummy-manufacturer","8":"first","9":"instock","10":"shipping-taxable","11":"product-type-simple"},"acf":[],"_links":{"self":[{"href":"https:\/\/www.lechaocandy.com\/fr\/wp-json\/wp\/v2\/product\/1781","targetHints":{"allow":["GET"]}}],"collection":[{"href":"https:\/\/www.lechaocandy.com\/fr\/wp-json\/wp\/v2\/product"}],"about":[{"href":"https:\/\/www.lechaocandy.com\/fr\/wp-json\/wp\/v2\/types\/product"}],"replies":[{"embeddable":true,"href":"https:\/\/www.lechaocandy.com\/fr\/wp-json\/wp\/v2\/comments?post=1781"}],"wp:featuredmedia":[{"embeddable":true,"href":"https:\/\/www.lechaocandy.com\/fr\/wp-json\/wp\/v2\/media\/1783"}],"wp:attachment":[{"href":"https:\/\/www.lechaocandy.com\/fr\/wp-json\/wp\/v2\/media?parent=1781"}],"wp:term":[{"taxonomy":"product_brand","embeddable":true,"href":"https:\/\/www.lechaocandy.com\/fr\/wp-json\/wp\/v2\/product_brand?post=1781"},{"taxonomy":"product_cat","embeddable":true,"href":"https:\/\/www.lechaocandy.com\/fr\/wp-json\/wp\/v2\/product_cat?post=1781"},{"taxonomy":"product_tag","embeddable":true,"href":"https:\/\/www.lechaocandy.com\/fr\/wp-json\/wp\/v2\/product_tag?post=1781"}],"curies":[{"name":"wp","href":"https:\/\/api.w.org\/{rel}","templated":true}]}}