{"id":1809,"date":"2025-09-18T08:51:18","date_gmt":"2025-09-18T08:51:18","guid":{"rendered":"https:\/\/www.lechaocandy.com\/?post_type=product&#038;p=1809"},"modified":"2025-09-18T08:58:11","modified_gmt":"2025-09-18T08:58:11","slug":"bulk-gummies-for-sale","status":"publish","type":"product","link":"https:\/\/www.lechaocandy.com\/fr\/produit\/bulk-gummies-for-sale\/","title":{"rendered":"LeChao Bulk Gummies For Sale, bonbons g\u00e9lifi\u00e9s en forme de pantoufles"},"content":{"rendered":"<div class=\"wp-block-columns is-layout-flex wp-container-core-columns-is-layout-9d6595d7 wp-block-columns-is-layout-flex\"><div class=\"wp-block-column is-layout-flow wp-block-column-is-layout-flow\"><h2 class=\"wp-block-heading\">Points forts du produit Bulk Gummies For Sale<\/h2>\n\n<ul class=\"wp-block-list\"><li><strong>Design unique :<\/strong> Le design en forme de chausson de ces gommes \u00e0 m\u00e2cher en vrac est cr\u00e9atif et accrocheur, parfait pour les f\u00eates de fin d'ann\u00e9e ou les occasions sp\u00e9ciales.<\/li>\n\n<li><strong>Go\u00fbt riche : <\/strong>Nos bonbons g\u00e9lifi\u00e9s en gros sont fabriqu\u00e9s \u00e0 partir d'ingr\u00e9dients de haute qualit\u00e9, ce qui leur conf\u00e8re une texture douce et moelleuse, sucr\u00e9e mais pas trop, offrant une exp\u00e9rience gustative ultime.<\/li>\n\n<li><strong>Avantage pour les grossistes : <\/strong>Nos gommes en vrac \u00e0 vendre sont abordables et peuvent r\u00e9pondre aux besoins en gros des commer\u00e7ants et des d\u00e9taillants.<\/li>\n\n<li><strong>Diff\u00e9rents ar\u00f4mes :<\/strong> Ces bonbons g\u00e9lifi\u00e9s en gros sont disponibles dans une vari\u00e9t\u00e9 d'ar\u00f4mes de fruits pour r\u00e9pondre aux diverses pr\u00e9f\u00e9rences des consommateurs.<\/li>\n\n<li><strong>Garantie de haute qualit\u00e9 : <\/strong>Notre processus de production rigoureux garantit un go\u00fbt et une qualit\u00e9 constants, ainsi que le respect des normes de s\u00e9curit\u00e9 alimentaire.<\/li><\/ul><\/div>\n\n<div class=\"wp-block-column is-layout-flow wp-block-column-is-layout-flow\"><figure class=\"wp-block-image size-full\"><img decoding=\"async\" width=\"800\" height=\"800\" src=\"https:\/\/www.lechaocandy.com\/wp-content\/uploads\/2025\/09\/LeChao-Bulk-Gummies-For-Sale-Slipper-Shape-Gummy-Candy-4.webp\" alt=\"LeChao Bulk Gummies For Sale, bonbons g\u00e9lifi\u00e9s en forme de pantoufles-4\" class=\"wp-image-1813\" srcset=\"https:\/\/www.lechaocandy.com\/wp-content\/uploads\/2025\/09\/LeChao-Bulk-Gummies-For-Sale-Slipper-Shape-Gummy-Candy-4.webp 800w, https:\/\/www.lechaocandy.com\/wp-content\/uploads\/2025\/09\/LeChao-Bulk-Gummies-For-Sale-Slipper-Shape-Gummy-Candy-4-300x300.webp 300w, https:\/\/www.lechaocandy.com\/wp-content\/uploads\/2025\/09\/LeChao-Bulk-Gummies-For-Sale-Slipper-Shape-Gummy-Candy-4-150x150.webp 150w, https:\/\/www.lechaocandy.com\/wp-content\/uploads\/2025\/09\/LeChao-Bulk-Gummies-For-Sale-Slipper-Shape-Gummy-Candy-4-768x768.webp 768w, https:\/\/www.lechaocandy.com\/wp-content\/uploads\/2025\/09\/LeChao-Bulk-Gummies-For-Sale-Slipper-Shape-Gummy-Candy-4-12x12.webp 12w, https:\/\/www.lechaocandy.com\/wp-content\/uploads\/2025\/09\/LeChao-Bulk-Gummies-For-Sale-Slipper-Shape-Gummy-Candy-4-600x600.webp 600w, https:\/\/www.lechaocandy.com\/wp-content\/uploads\/2025\/09\/LeChao-Bulk-Gummies-For-Sale-Slipper-Shape-Gummy-Candy-4-100x100.webp 100w\" sizes=\"(max-width: 800px) 100vw, 800px\" \/><\/figure><\/div><\/div>","protected":false},"excerpt":{"rendered":"<p>Bienvenue pour acheter des bonbons g\u00e9lifi\u00e9s en vrac. Nos bonbons g\u00e9lifi\u00e9s en gros, en forme de pantoufles, sont d'une couleur vibrante et d'une saveur riche. Nous proposons des achats en gros pour r\u00e9pondre aux besoins \u00e0 grande \u00e9chelle, en garantissant la qualit\u00e9 et la fra\u00eecheur des produits.<\/p>\n<table style=\"border-collapse: collapse; width: 300.02pt;\" border=\"0\" width=\"300\" cellspacing=\"0\" cellpadding=\"0\">\n<tbody>\n<tr style=\"height: 17.60pt;\">\n<td class=\"et2\" style=\"height: 17.60pt; width: 110.80pt;\" width=\"110\" height=\"17\">Fabricant<\/td>\n<td class=\"et2\" style=\"width: 189.95pt;\" width=\"189\">LeChao Candy<\/td>\n<\/tr>\n<tr style=\"height: 18.00pt;\">\n<td class=\"et2\" style=\"height: 18.00pt;\" height=\"18\">Type de produit<\/td>\n<td class=\"et3\" style=\"width: 189.95pt;\" width=\"189\">Bonbons g\u00e9lifi\u00e9s en forme de pantoufles<\/td>\n<\/tr>\n<tr style=\"height: 18.00pt;\">\n<td class=\"et2\" style=\"height: 18.00pt;\" height=\"18\">Le go\u00fbt<\/td>\n<td class=\"et3\" style=\"width: 189.95pt;\" width=\"189\">Aigre-doux et r\u00e9silient<\/td>\n<\/tr>\n<tr style=\"height: 17.60pt;\">\n<td class=\"et2\" style=\"height: 17.60pt;\" height=\"17\">Sp\u00e9cifications<\/td>\n<td class=\"et2\">10gx30pcsx24boxes<\/td>\n<\/tr>\n<tr style=\"height: 17.60pt;\">\n<td class=\"et2\" style=\"height: 17.60pt;\" height=\"17\">Taille du carton<\/td>\n<td class=\"et2\">40.5*31.5*35cm<\/td>\n<\/tr>\n<tr style=\"height: 17.60pt;\">\n<td class=\"et2\" style=\"height: 17.60pt;\" height=\"17\">N.W.\/Carton<\/td>\n<td class=\"et2\">9,0 kg<\/td>\n<\/tr>\n<tr style=\"height: 17.60pt;\">\n<td class=\"et2\" style=\"height: 17.60pt;\" height=\"17\">Prix<\/td>\n<td class=\"et2\">20.16USD<\/td>\n<\/tr>\n<tr style=\"height: 17.60pt;\">\n<td class=\"et2\" style=\"height: 17.60pt;\" height=\"17\">MOQ<\/td>\n<td class=\"et2\">500CTNS<\/td>\n<\/tr>\n<tr style=\"height: 17.60pt;\">\n<td class=\"et2\" style=\"height: 17.60pt;\" height=\"17\">\u00c9chantillon<\/td>\n<td class=\"et2\">Disponible<\/td>\n<\/tr>\n<\/tbody>\n<\/table>\n<p>&nbsp;<\/p>","protected":false},"featured_media":1811,"comment_status":"open","ping_status":"closed","template":"","meta":{"_acf_changed":false},"product_brand":[],"product_cat":[19],"product_tag":[],"class_list":{"0":"post-1809","1":"product","2":"type-product","3":"status-publish","4":"has-post-thumbnail","6":"product_cat-wholesale-gummy-manufacturer","8":"first","9":"instock","10":"shipping-taxable","11":"product-type-simple"},"acf":[],"_links":{"self":[{"href":"https:\/\/www.lechaocandy.com\/fr\/wp-json\/wp\/v2\/product\/1809","targetHints":{"allow":["GET"]}}],"collection":[{"href":"https:\/\/www.lechaocandy.com\/fr\/wp-json\/wp\/v2\/product"}],"about":[{"href":"https:\/\/www.lechaocandy.com\/fr\/wp-json\/wp\/v2\/types\/product"}],"replies":[{"embeddable":true,"href":"https:\/\/www.lechaocandy.com\/fr\/wp-json\/wp\/v2\/comments?post=1809"}],"wp:featuredmedia":[{"embeddable":true,"href":"https:\/\/www.lechaocandy.com\/fr\/wp-json\/wp\/v2\/media\/1811"}],"wp:attachment":[{"href":"https:\/\/www.lechaocandy.com\/fr\/wp-json\/wp\/v2\/media?parent=1809"}],"wp:term":[{"taxonomy":"product_brand","embeddable":true,"href":"https:\/\/www.lechaocandy.com\/fr\/wp-json\/wp\/v2\/product_brand?post=1809"},{"taxonomy":"product_cat","embeddable":true,"href":"https:\/\/www.lechaocandy.com\/fr\/wp-json\/wp\/v2\/product_cat?post=1809"},{"taxonomy":"product_tag","embeddable":true,"href":"https:\/\/www.lechaocandy.com\/fr\/wp-json\/wp\/v2\/product_tag?post=1809"}],"curies":[{"name":"wp","href":"https:\/\/api.w.org\/{rel}","templated":true}]}}