{"id":1814,"date":"2025-09-18T09:01:07","date_gmt":"2025-09-18T09:01:07","guid":{"rendered":"https:\/\/www.lechaocandy.com\/?post_type=product&#038;p=1814"},"modified":"2025-09-18T09:09:18","modified_gmt":"2025-09-18T09:09:18","slug":"soft-sweets-bulk","status":"publish","type":"product","link":"https:\/\/www.lechaocandy.com\/fr\/produit\/soft-sweets-bulk\/","title":{"rendered":"LeChao Soft Sweets Bulk, Bonbons g\u00e9lifi\u00e9s pour les dents et la langue"},"content":{"rendered":"<div class=\"wp-block-columns is-layout-flex wp-container-core-columns-is-layout-9d6595d7 wp-block-columns-is-layout-flex\"><div class=\"wp-block-column is-layout-flow wp-block-column-is-layout-flow\"><h2 class=\"wp-block-heading\">Points forts du produit Soft Sweets Bulk<\/h2>\n\n<ul class=\"wp-block-list\"><li><strong>Cr\u00e9ations cr\u00e9atives : <\/strong>Ces bonbons mous en forme de dents et de langues en vrac sont amusants et accrocheurs, parfaits pour les f\u00eates et les c\u00e9l\u00e9brations.<\/li>\n\n<li><strong>Go\u00fbt riche : <\/strong>Ces bonbons g\u00e9lifi\u00e9s en gros sont doux et moelleux, avec une saveur riche et sucr\u00e9e, qui ne s'envole pas, et qui laisse un go\u00fbt satisfaisant.<\/li>\n\n<li><strong>Achat en gros : <\/strong>Nos bonbons mous en vrac conviennent aux d\u00e9taillants, aux grands \u00e9v\u00e9nements et \u00e0 la restauration, et r\u00e9pondent aux besoins de gros volumes.<\/li>\n\n<li><strong>Diff\u00e9rents ar\u00f4mes : <\/strong>Nos bonbons g\u00e9lifi\u00e9s en gros sont disponibles dans une vari\u00e9t\u00e9 d'ar\u00f4mes de fruits pour satisfaire tous les go\u00fbts et offrir une grande vari\u00e9t\u00e9 de plaisirs.<\/li>\n\n<li><strong>Assurance qualit\u00e9 :<\/strong> La s\u00e9lection rigoureuse des ingr\u00e9dients et les contr\u00f4les de production garantissent que nos bonbons mous en vrac sont d'une qualit\u00e9 et d'un go\u00fbt constants et qu'ils respectent les normes de s\u00e9curit\u00e9 alimentaire.<\/li><\/ul><\/div>\n\n<div class=\"wp-block-column is-layout-flow wp-block-column-is-layout-flow\"><figure class=\"wp-block-image size-full\"><img decoding=\"async\" width=\"800\" height=\"800\" src=\"https:\/\/www.lechaocandy.com\/wp-content\/uploads\/2025\/09\/LeChao-Soft-Sweets-Bulk-Teeth-Tongue-Gummy-Candies-2.webp\" alt=\"LeChao Soft Sweets Bulk, Bonbons g\u00e9lifi\u00e9s pour les dents et la langue-2\" class=\"wp-image-1816\" srcset=\"https:\/\/www.lechaocandy.com\/wp-content\/uploads\/2025\/09\/LeChao-Soft-Sweets-Bulk-Teeth-Tongue-Gummy-Candies-2.webp 800w, https:\/\/www.lechaocandy.com\/wp-content\/uploads\/2025\/09\/LeChao-Soft-Sweets-Bulk-Teeth-Tongue-Gummy-Candies-2-300x300.webp 300w, https:\/\/www.lechaocandy.com\/wp-content\/uploads\/2025\/09\/LeChao-Soft-Sweets-Bulk-Teeth-Tongue-Gummy-Candies-2-150x150.webp 150w, https:\/\/www.lechaocandy.com\/wp-content\/uploads\/2025\/09\/LeChao-Soft-Sweets-Bulk-Teeth-Tongue-Gummy-Candies-2-768x768.webp 768w, https:\/\/www.lechaocandy.com\/wp-content\/uploads\/2025\/09\/LeChao-Soft-Sweets-Bulk-Teeth-Tongue-Gummy-Candies-2-12x12.webp 12w, https:\/\/www.lechaocandy.com\/wp-content\/uploads\/2025\/09\/LeChao-Soft-Sweets-Bulk-Teeth-Tongue-Gummy-Candies-2-600x600.webp 600w, https:\/\/www.lechaocandy.com\/wp-content\/uploads\/2025\/09\/LeChao-Soft-Sweets-Bulk-Teeth-Tongue-Gummy-Candies-2-100x100.webp 100w\" sizes=\"(max-width: 800px) 100vw, 800px\" \/><\/figure><\/div><\/div>","protected":false},"excerpt":{"rendered":"<p>Bienvenue sur le site d'achat en gros de bonbons g\u00e9lifi\u00e9s. Les bonbons mous en forme de dents et de langues de LeChao sont adorables et riches en saveurs. Ils sont fabriqu\u00e9s \u00e0 partir d'ingr\u00e9dients de haute qualit\u00e9 afin de garantir leur fra\u00eecheur et leur qualit\u00e9.<\/p>\n<table style=\"border-collapse: collapse; width: 300.02pt;\" border=\"0\" width=\"300\" cellspacing=\"0\" cellpadding=\"0\">\n<tbody>\n<tr style=\"height: 17.60pt;\">\n<td class=\"et2\" style=\"height: 17.60pt; width: 110.80pt;\" width=\"110\" height=\"17\">Fabricant<\/td>\n<td class=\"et2\" style=\"width: 189.95pt;\" width=\"189\">LeChao Candy<\/td>\n<\/tr>\n<tr style=\"height: 18.00pt;\">\n<td class=\"et2\" style=\"height: 18.00pt;\" height=\"18\">Type de produit<\/td>\n<td class=\"et3\" style=\"width: 189.95pt;\" width=\"189\">Bonbons g\u00e9lifi\u00e9s pour les dents et la langue<\/td>\n<\/tr>\n<tr style=\"height: 18.00pt;\">\n<td class=\"et2\" style=\"height: 18.00pt;\" height=\"18\">Le go\u00fbt<\/td>\n<td class=\"et3\" style=\"width: 189.95pt;\" width=\"189\">Aigre-doux et r\u00e9silient<\/td>\n<\/tr>\n<tr style=\"height: 17.60pt;\">\n<td class=\"et2\" style=\"height: 17.60pt;\" height=\"17\">Sp\u00e9cifications<\/td>\n<td class=\"et2\">15gx24pcsx12boxes<\/td>\n<\/tr>\n<tr style=\"height: 17.60pt;\">\n<td class=\"et2\" style=\"height: 17.60pt;\" height=\"17\">Taille du carton<\/td>\n<td class=\"et2\">34x25x27cm<\/td>\n<\/tr>\n<tr style=\"height: 17.60pt;\">\n<td class=\"et2\" style=\"height: 17.60pt;\" height=\"17\">N.W.\/Carton<\/td>\n<td class=\"et2\">7,0 kg<\/td>\n<\/tr>\n<tr style=\"height: 17.60pt;\">\n<td class=\"et2\" style=\"height: 17.60pt;\" height=\"17\">Prix<\/td>\n<td class=\"et2\">20.16USD<\/td>\n<\/tr>\n<tr style=\"height: 17.60pt;\">\n<td class=\"et2\" style=\"height: 17.60pt;\" height=\"17\">MOQ<\/td>\n<td class=\"et2\">500CTNS<\/td>\n<\/tr>\n<tr style=\"height: 17.60pt;\">\n<td class=\"et2\" style=\"height: 17.60pt;\" height=\"17\">\u00c9chantillon<\/td>\n<td class=\"et2\">Disponible<\/td>\n<\/tr>\n<\/tbody>\n<\/table>\n<p>&nbsp;<\/p>","protected":false},"featured_media":1817,"comment_status":"open","ping_status":"closed","template":"","meta":{"_acf_changed":false},"product_brand":[],"product_cat":[19],"product_tag":[],"class_list":{"0":"post-1814","1":"product","2":"type-product","3":"status-publish","4":"has-post-thumbnail","6":"product_cat-wholesale-gummy-manufacturer","8":"first","9":"instock","10":"shipping-taxable","11":"product-type-simple"},"acf":[],"_links":{"self":[{"href":"https:\/\/www.lechaocandy.com\/fr\/wp-json\/wp\/v2\/product\/1814","targetHints":{"allow":["GET"]}}],"collection":[{"href":"https:\/\/www.lechaocandy.com\/fr\/wp-json\/wp\/v2\/product"}],"about":[{"href":"https:\/\/www.lechaocandy.com\/fr\/wp-json\/wp\/v2\/types\/product"}],"replies":[{"embeddable":true,"href":"https:\/\/www.lechaocandy.com\/fr\/wp-json\/wp\/v2\/comments?post=1814"}],"wp:featuredmedia":[{"embeddable":true,"href":"https:\/\/www.lechaocandy.com\/fr\/wp-json\/wp\/v2\/media\/1817"}],"wp:attachment":[{"href":"https:\/\/www.lechaocandy.com\/fr\/wp-json\/wp\/v2\/media?parent=1814"}],"wp:term":[{"taxonomy":"product_brand","embeddable":true,"href":"https:\/\/www.lechaocandy.com\/fr\/wp-json\/wp\/v2\/product_brand?post=1814"},{"taxonomy":"product_cat","embeddable":true,"href":"https:\/\/www.lechaocandy.com\/fr\/wp-json\/wp\/v2\/product_cat?post=1814"},{"taxonomy":"product_tag","embeddable":true,"href":"https:\/\/www.lechaocandy.com\/fr\/wp-json\/wp\/v2\/product_tag?post=1814"}],"curies":[{"name":"wp","href":"https:\/\/api.w.org\/{rel}","templated":true}]}}