{"id":1819,"date":"2025-09-18T09:09:33","date_gmt":"2025-09-18T09:09:33","guid":{"rendered":"https:\/\/www.lechaocandy.com\/?post_type=product&#038;p=1819"},"modified":"2025-09-18T09:14:35","modified_gmt":"2025-09-18T09:14:35","slug":"halal-gummy-candy-wholesale","status":"publish","type":"product","link":"https:\/\/www.lechaocandy.com\/fr\/produit\/halal-gummy-candy-wholesale\/","title":{"rendered":"Halal Gummy Candy Wholesale, Gummies en forme de l\u00e8vres et de langue"},"content":{"rendered":"<div class=\"wp-block-columns is-layout-flex wp-container-core-columns-is-layout-9d6595d7 wp-block-columns-is-layout-flex\"><div class=\"wp-block-column is-layout-flow wp-block-column-is-layout-flow\"><h2 class=\"wp-block-heading\">Produits phares de la vente en gros de bonbons g\u00e9lifi\u00e9s halal<\/h2>\n\n<ul class=\"wp-block-list\"><li><strong>Certifi\u00e9 Halal :<\/strong> Ces gommes en vrac sont garanties conformes aux normes alimentaires halal et sont totalement d\u00e9pourvues d'alcool, ce qui les rend sans danger pour les consommateurs musulmans.<\/li>\n\n<li><strong>Cr\u00e9ations cr\u00e9atives : <\/strong>Les motifs en forme de l\u00e8vres et de langue de ces bonbons g\u00e9lifi\u00e9s halal en gros sont amusants et parfaits pour les f\u00eates, les festivals ou les cadeaux.<\/li>\n\n<li><strong>Go\u00fbt riche : <\/strong>Nos bonbons g\u00e9lifi\u00e9s halal sont fabriqu\u00e9s \u00e0 partir d'ingr\u00e9dients fruitiers de haute qualit\u00e9, ce qui leur conf\u00e8re une texture douce et moelleuse, sucr\u00e9e mais pas trop, pour une exp\u00e9rience gustative d\u00e9licieuse.<\/li>\n\n<li><strong>Avantages de la vente en gros : <\/strong>Nous proposons des gommes en vrac, r\u00e9pondant aux besoins des d\u00e9taillants et des acheteurs en gros, \u00e0 des prix abordables et \u00e0 des tarifs pr\u00e9f\u00e9rentiels pour les plus grandes quantit\u00e9s.<\/li>\n\n<li><strong>Contr\u00f4le strict de la qualit\u00e9 : <\/strong>Nos bonbons g\u00e9lifi\u00e9s halal sont soumis \u00e0 un contr\u00f4le de qualit\u00e9 rigoureux afin de garantir la s\u00e9curit\u00e9 alimentaire et la qualit\u00e9, conform\u00e9ment aux normes internationales.<\/li><\/ul><\/div>\n\n<div class=\"wp-block-column is-layout-flow wp-block-column-is-layout-flow\"><figure class=\"wp-block-image size-full\"><img decoding=\"async\" width=\"800\" height=\"800\" src=\"https:\/\/www.lechaocandy.com\/wp-content\/uploads\/2025\/09\/Halal-Gummy-Candy-Wholesale-Lip-Tongue-Shape-Gummies-4.webp\" alt=\"Halal Gummy Candy Wholesale, Gummies en forme de l\u00e8vres et de langue-4\" class=\"wp-image-1823\" srcset=\"https:\/\/www.lechaocandy.com\/wp-content\/uploads\/2025\/09\/Halal-Gummy-Candy-Wholesale-Lip-Tongue-Shape-Gummies-4.webp 800w, https:\/\/www.lechaocandy.com\/wp-content\/uploads\/2025\/09\/Halal-Gummy-Candy-Wholesale-Lip-Tongue-Shape-Gummies-4-300x300.webp 300w, https:\/\/www.lechaocandy.com\/wp-content\/uploads\/2025\/09\/Halal-Gummy-Candy-Wholesale-Lip-Tongue-Shape-Gummies-4-150x150.webp 150w, https:\/\/www.lechaocandy.com\/wp-content\/uploads\/2025\/09\/Halal-Gummy-Candy-Wholesale-Lip-Tongue-Shape-Gummies-4-768x768.webp 768w, https:\/\/www.lechaocandy.com\/wp-content\/uploads\/2025\/09\/Halal-Gummy-Candy-Wholesale-Lip-Tongue-Shape-Gummies-4-12x12.webp 12w, https:\/\/www.lechaocandy.com\/wp-content\/uploads\/2025\/09\/Halal-Gummy-Candy-Wholesale-Lip-Tongue-Shape-Gummies-4-600x600.webp 600w, https:\/\/www.lechaocandy.com\/wp-content\/uploads\/2025\/09\/Halal-Gummy-Candy-Wholesale-Lip-Tongue-Shape-Gummies-4-100x100.webp 100w\" sizes=\"(max-width: 800px) 100vw, 800px\" \/><\/figure><\/div><\/div>","protected":false},"excerpt":{"rendered":"<p>Bienvenue pour acheter en gros des bonbons g\u00e9lifi\u00e9s halal. Ces bonbons en vrac ont un design en forme de l\u00e8vres et de langue, des couleurs vives et des saveurs riches. Sp\u00e9cialement con\u00e7us pour les consommateurs musulmans, ils ne contiennent pas d'alcool et sont conformes aux normes alimentaires halal.<\/p>\n<table style=\"border-collapse: collapse; width: 300.02pt;\" border=\"0\" width=\"300\" cellspacing=\"0\" cellpadding=\"0\">\n<tbody>\n<tr style=\"height: 17.60pt;\">\n<td class=\"et2\" style=\"height: 17.60pt; width: 110.80pt;\" width=\"110\" height=\"17\">Fabricant<\/td>\n<td class=\"et2\" style=\"width: 189.95pt;\" width=\"189\">LeChao Candy<\/td>\n<\/tr>\n<tr style=\"height: 18.00pt;\">\n<td class=\"et2\" style=\"height: 18.00pt;\" height=\"18\">Type de produit<\/td>\n<td class=\"et3\" style=\"width: 189.95pt;\" width=\"189\">Bonbons g\u00e9lifi\u00e9s pour les l\u00e8vres et la langue<\/td>\n<\/tr>\n<tr style=\"height: 18.00pt;\">\n<td class=\"et2\" style=\"height: 18.00pt;\" height=\"18\">Le go\u00fbt<\/td>\n<td class=\"et3\" style=\"width: 189.95pt;\" width=\"189\">Aigre-doux et r\u00e9silient<\/td>\n<\/tr>\n<tr style=\"height: 17.60pt;\">\n<td class=\"et2\" style=\"height: 17.60pt;\" height=\"17\">Sp\u00e9cifications<\/td>\n<td class=\"et2\">15gx24pcsx12boxes<\/td>\n<\/tr>\n<tr style=\"height: 17.60pt;\">\n<td class=\"et2\" style=\"height: 17.60pt;\" height=\"17\">Taille du carton<\/td>\n<td class=\"et2\">34x25x27cm<\/td>\n<\/tr>\n<tr style=\"height: 17.60pt;\">\n<td class=\"et2\" style=\"height: 17.60pt;\" height=\"17\">N.W.\/Carton<\/td>\n<td class=\"et2\">7,0 kg<\/td>\n<\/tr>\n<tr style=\"height: 17.60pt;\">\n<td class=\"et2\" style=\"height: 17.60pt;\" height=\"17\">Prix<\/td>\n<td class=\"et2\">20.16USD<\/td>\n<\/tr>\n<tr style=\"height: 17.60pt;\">\n<td class=\"et2\" style=\"height: 17.60pt;\" height=\"17\">MOQ<\/td>\n<td class=\"et2\">500CTNS<\/td>\n<\/tr>\n<tr style=\"height: 17.60pt;\">\n<td class=\"et2\" style=\"height: 17.60pt;\" height=\"17\">\u00c9chantillon<\/td>\n<td class=\"et2\">Disponible<\/td>\n<\/tr>\n<\/tbody>\n<\/table>\n<p>&nbsp;<\/p>","protected":false},"featured_media":1820,"comment_status":"open","ping_status":"closed","template":"","meta":{"_acf_changed":false},"product_brand":[],"product_cat":[19],"product_tag":[],"class_list":{"0":"post-1819","1":"product","2":"type-product","3":"status-publish","4":"has-post-thumbnail","6":"product_cat-wholesale-gummy-manufacturer","8":"first","9":"instock","10":"shipping-taxable","11":"product-type-simple"},"acf":[],"_links":{"self":[{"href":"https:\/\/www.lechaocandy.com\/fr\/wp-json\/wp\/v2\/product\/1819","targetHints":{"allow":["GET"]}}],"collection":[{"href":"https:\/\/www.lechaocandy.com\/fr\/wp-json\/wp\/v2\/product"}],"about":[{"href":"https:\/\/www.lechaocandy.com\/fr\/wp-json\/wp\/v2\/types\/product"}],"replies":[{"embeddable":true,"href":"https:\/\/www.lechaocandy.com\/fr\/wp-json\/wp\/v2\/comments?post=1819"}],"wp:featuredmedia":[{"embeddable":true,"href":"https:\/\/www.lechaocandy.com\/fr\/wp-json\/wp\/v2\/media\/1820"}],"wp:attachment":[{"href":"https:\/\/www.lechaocandy.com\/fr\/wp-json\/wp\/v2\/media?parent=1819"}],"wp:term":[{"taxonomy":"product_brand","embeddable":true,"href":"https:\/\/www.lechaocandy.com\/fr\/wp-json\/wp\/v2\/product_brand?post=1819"},{"taxonomy":"product_cat","embeddable":true,"href":"https:\/\/www.lechaocandy.com\/fr\/wp-json\/wp\/v2\/product_cat?post=1819"},{"taxonomy":"product_tag","embeddable":true,"href":"https:\/\/www.lechaocandy.com\/fr\/wp-json\/wp\/v2\/product_tag?post=1819"}],"curies":[{"name":"wp","href":"https:\/\/api.w.org\/{rel}","templated":true}]}}