{"id":1837,"date":"2025-09-22T07:55:46","date_gmt":"2025-09-22T07:55:46","guid":{"rendered":"https:\/\/www.lechaocandy.com\/?post_type=product&#038;p=1837"},"modified":"2025-09-22T08:15:43","modified_gmt":"2025-09-22T08:15:43","slug":"bulk-gummy-animals","status":"publish","type":"product","link":"https:\/\/www.lechaocandy.com\/fr\/produit\/bulk-gummy-animals\/","title":{"rendered":"LeChao Bulk Gummy Animals, Centipede Gecko Crocodile Gummy"},"content":{"rendered":"<div class=\"wp-block-columns is-layout-flex wp-container-core-columns-is-layout-9d6595d7 wp-block-columns-is-layout-flex\"><div class=\"wp-block-column is-layout-flow wp-block-column-is-layout-flow\"><h2 class=\"wp-block-heading\">Points forts du produit Bulk Gummy Animals<\/h2>\n\n<ul class=\"wp-block-list\"><li><strong>Les nouveaut\u00e9s attirent les consommateurs : <\/strong>Nos bonbons g\u00e9lifi\u00e9s en vrac s'\u00e9loignent des mod\u00e8les d'animaux traditionnels gr\u00e2ce \u00e0 des mod\u00e8les exclusifs repr\u00e9sentant des centip\u00e8des, des geckos, des crocodiles et d'autres bonbons g\u00e9lifi\u00e9s sur le th\u00e8me des reptiles, qui captivent les enfants et les jeunes consommateurs et les incitent \u00e0 l'achat.<\/li>\n\n<li><strong>Ar\u00f4me naturel de fruit et ingr\u00e9dients purs :<\/strong> Ces bonbons g\u00e9lifi\u00e9s en gros utilisent des ar\u00f4mes naturels de jus de fruits et de la g\u00e9latine comestible, sans aucun gras trans artificiel, pour un go\u00fbt doux, sucr\u00e9 et acidul\u00e9, ce qui rassure les parents.<\/li>\n\n<li><strong>Optimisation des co\u00fbts d'emballage en vrac : <\/strong>Nous proposons des emballages industriels de 500 g\/1 kg et des petits emballages personnalis\u00e9s pour ces animaux en gomme en vrac, ce qui r\u00e9duit consid\u00e9rablement le co\u00fbt par pi\u00e8ce et permet de les utiliser dans les supermarch\u00e9s, les parcs d'attractions et chez les grossistes.<\/li>\n\n<li><strong>Tr\u00e8s r\u00e9sistant et moelleux : <\/strong>Nos bonbons g\u00e9lifi\u00e9s en gros offrent une texture moelleuse, souple et non collante, qui conserve la riche saveur du jus de fruit pour une meilleure d\u00e9gustation.<\/li>\n\n<li><strong>Divers sc\u00e9narios d'application : <\/strong>Nos animaux en gomme en vrac conviennent aux cadeaux des f\u00eates de fin d'ann\u00e9e, aux programmes de r\u00e9compense sur les campus, aux paquets de snacks dans les cin\u00e9mas et aux promotions dans les magasins de proximit\u00e9, ce qui permet d'\u00e9largir facilement les sc\u00e9narios de vente.<\/li><\/ul><\/div>\n\n<div class=\"wp-block-column is-layout-flow wp-block-column-is-layout-flow\"><figure class=\"wp-block-image size-full\"><img decoding=\"async\" width=\"800\" height=\"800\" src=\"https:\/\/www.lechaocandy.com\/wp-content\/uploads\/2025\/09\/LeChao-Bulk-Gummy-Animals-Centipede-Gecko-Crocodile-Gummy-5.webp\" alt=\"LeChao Bulk Gummy Animals, Centipede Gecko Crocodile Gummy-5\" class=\"wp-image-1842\" srcset=\"https:\/\/www.lechaocandy.com\/wp-content\/uploads\/2025\/09\/LeChao-Bulk-Gummy-Animals-Centipede-Gecko-Crocodile-Gummy-5.webp 800w, https:\/\/www.lechaocandy.com\/wp-content\/uploads\/2025\/09\/LeChao-Bulk-Gummy-Animals-Centipede-Gecko-Crocodile-Gummy-5-300x300.webp 300w, https:\/\/www.lechaocandy.com\/wp-content\/uploads\/2025\/09\/LeChao-Bulk-Gummy-Animals-Centipede-Gecko-Crocodile-Gummy-5-150x150.webp 150w, https:\/\/www.lechaocandy.com\/wp-content\/uploads\/2025\/09\/LeChao-Bulk-Gummy-Animals-Centipede-Gecko-Crocodile-Gummy-5-768x768.webp 768w, https:\/\/www.lechaocandy.com\/wp-content\/uploads\/2025\/09\/LeChao-Bulk-Gummy-Animals-Centipede-Gecko-Crocodile-Gummy-5-12x12.webp 12w, https:\/\/www.lechaocandy.com\/wp-content\/uploads\/2025\/09\/LeChao-Bulk-Gummy-Animals-Centipede-Gecko-Crocodile-Gummy-5-600x600.webp 600w, https:\/\/www.lechaocandy.com\/wp-content\/uploads\/2025\/09\/LeChao-Bulk-Gummy-Animals-Centipede-Gecko-Crocodile-Gummy-5-100x100.webp 100w\" sizes=\"(max-width: 800px) 100vw, 800px\" \/><\/figure><\/div><\/div>","protected":false},"excerpt":{"rendered":"<p>Bienvenue pour commander des bonbons g\u00e9lifi\u00e9s en gros. Nos animaux en gomme en vrac pr\u00e9sentent des motifs cr\u00e9atifs d'insectes et de reptiles, en utilisant des ar\u00f4mes de fruits naturels et de la g\u00e9latine, cr\u00e9ant ainsi une exp\u00e9rience amusante et d\u00e9licieuse.<\/p>\n<table style=\"border-collapse: collapse; width: 300.02pt;\" border=\"0\" width=\"300\" cellspacing=\"0\" cellpadding=\"0\">\n<tbody>\n<tr style=\"height: 17.60pt;\">\n<td class=\"et2\" style=\"height: 17.60pt; width: 110.80pt;\" width=\"110\" height=\"17\">Fabricant<\/td>\n<td class=\"et2\" style=\"width: 189.95pt;\" width=\"189\">LeChao Candy<\/td>\n<\/tr>\n<tr style=\"height: 18.00pt;\">\n<td class=\"et2\" style=\"height: 18.00pt;\" height=\"18\">Type de produit<\/td>\n<td class=\"et3\" style=\"width: 189.95pt;\" width=\"189\">Animaux en gomme<\/td>\n<\/tr>\n<tr style=\"height: 18.00pt;\">\n<td class=\"et2\" style=\"height: 18.00pt;\" height=\"18\">Le go\u00fbt<\/td>\n<td class=\"et3\" style=\"width: 189.95pt;\" width=\"189\">Aigre-doux et r\u00e9silient<\/td>\n<\/tr>\n<tr style=\"height: 17.60pt;\">\n<td class=\"et2\" style=\"height: 17.60pt;\" height=\"17\">Sp\u00e9cifications<\/td>\n<td class=\"et2\">20gx24pcsx12boxes<\/td>\n<\/tr>\n<tr style=\"height: 17.60pt;\">\n<td class=\"et2\" style=\"height: 17.60pt;\" height=\"17\">Taille du carton<\/td>\n<td class=\"et2\">42*25*25cm<\/td>\n<\/tr>\n<tr style=\"height: 17.60pt;\">\n<td class=\"et2\" style=\"height: 17.60pt;\" height=\"17\">N.W.\/Carton<\/td>\n<td class=\"et2\">8,0 kg<\/td>\n<\/tr>\n<tr style=\"height: 17.60pt;\">\n<td class=\"et2\" style=\"height: 17.60pt;\" height=\"17\">Prix<\/td>\n<td class=\"et2\">20.16USD<\/td>\n<\/tr>\n<tr style=\"height: 17.60pt;\">\n<td class=\"et2\" style=\"height: 17.60pt;\" height=\"17\">MOQ<\/td>\n<td class=\"et2\">500CTNS<\/td>\n<\/tr>\n<tr style=\"height: 17.60pt;\">\n<td class=\"et2\" style=\"height: 17.60pt;\" height=\"17\">\u00c9chantillon<\/td>\n<td class=\"et2\">Disponible<\/td>\n<\/tr>\n<\/tbody>\n<\/table>\n<p>&nbsp;<\/p>","protected":false},"featured_media":1841,"comment_status":"open","ping_status":"closed","template":"","meta":{"_acf_changed":false},"product_brand":[],"product_cat":[19],"product_tag":[],"class_list":{"0":"post-1837","1":"product","2":"type-product","3":"status-publish","4":"has-post-thumbnail","6":"product_cat-wholesale-gummy-manufacturer","8":"first","9":"instock","10":"shipping-taxable","11":"product-type-simple"},"acf":[],"_links":{"self":[{"href":"https:\/\/www.lechaocandy.com\/fr\/wp-json\/wp\/v2\/product\/1837","targetHints":{"allow":["GET"]}}],"collection":[{"href":"https:\/\/www.lechaocandy.com\/fr\/wp-json\/wp\/v2\/product"}],"about":[{"href":"https:\/\/www.lechaocandy.com\/fr\/wp-json\/wp\/v2\/types\/product"}],"replies":[{"embeddable":true,"href":"https:\/\/www.lechaocandy.com\/fr\/wp-json\/wp\/v2\/comments?post=1837"}],"wp:featuredmedia":[{"embeddable":true,"href":"https:\/\/www.lechaocandy.com\/fr\/wp-json\/wp\/v2\/media\/1841"}],"wp:attachment":[{"href":"https:\/\/www.lechaocandy.com\/fr\/wp-json\/wp\/v2\/media?parent=1837"}],"wp:term":[{"taxonomy":"product_brand","embeddable":true,"href":"https:\/\/www.lechaocandy.com\/fr\/wp-json\/wp\/v2\/product_brand?post=1837"},{"taxonomy":"product_cat","embeddable":true,"href":"https:\/\/www.lechaocandy.com\/fr\/wp-json\/wp\/v2\/product_cat?post=1837"},{"taxonomy":"product_tag","embeddable":true,"href":"https:\/\/www.lechaocandy.com\/fr\/wp-json\/wp\/v2\/product_tag?post=1837"}],"curies":[{"name":"wp","href":"https:\/\/api.w.org\/{rel}","templated":true}]}}